{"id":14115,"date":"2020-11-30T20:07:38","date_gmt":"2020-11-30T20:07:38","guid":{"rendered":"https:\/\/reclaimedantiquewoods.com\/?page_id=14115"},"modified":"2020-12-07T14:22:47","modified_gmt":"2020-12-07T14:22:47","slug":"conditions-dexpedition","status":"publish","type":"page","link":"https:\/\/reclaimedantiquewoods.com\/fr\/conditions-dexpedition\/","title":{"rendered":"Conditions d\u2019exp\u00e9dition"},"content":{"rendered":"<p>[vc_row][vc_column][vc_column_text]Si vous avez des besoins particuliers en mati\u00e8re d&rsquo;exp\u00e9dition ou si vous souhaitez recevoir une commande \u00e0 plusieurs reprises au cours de votre projet, veuillez nous le pr\u00e9ciser et nous serons heureux de prendre les dispositions n\u00e9cessaires. Environ une semaine avant la date d&rsquo;exp\u00e9dition du produit, nous prendrons contact avec vous ou avec le contracteur pour convenir des modalit\u00e9s d&rsquo;exp\u00e9dition finales. Environ un jour avant l&rsquo;arriv\u00e9e de votre commande, la compagnie de transport vous contactera pour confirmer la livraison.<\/p>\n<p><strong>Exp\u00e9dition de votre commande<\/strong><\/p>\n<p>Chaque commande que nous exp\u00e9dions est soigneusement emball\u00e9e en fonction de son contenu.\u00a0 Tout d&rsquo;abord, nous prot\u00e9geons le produit \u00e0 l&rsquo;aide de bords en carton fix\u00e9s par des courroies. Ensuite, nous fabriquons sur mesure chaque palette et chaque bo\u00eete pour nous assurer que votre marchandise arrivera en toute s\u00e9curit\u00e9 \u00e0 sa destination finale.<\/p>\n<p><strong>Les camions et ce \u00e0 quoi il faut s&rsquo;attendre<\/strong><\/p>\n<p>Les camions eux-m\u00eames mesurent g\u00e9n\u00e9ralement entre 36 et 53 pieds de long. Veuillez nous faire savoir si vous avez des besoins particuliers ou si vous ne pouvez pas accepter un gros camion.<strong>\u00a0<\/strong><\/p>\n<p><strong>Venez chercher votre bois \u00e0 notre entrep\u00f4t !<\/strong><\/p>\n<p>Pour les commandes locales, vous pouvez toujours choisir de venir chercher votre bois vous-m\u00eame, ou de faire ramasser votre commande par votre repr\u00e9sentant.<\/p>\n<p><strong>D\u00e9tails importants lors de la livraison<\/strong><\/p>\n<p>Il est important de r\u00e9fl\u00e9chir \u00e0 l&rsquo;endroit o\u00f9 le rev\u00eatement de sol\/plancher sera physiquement livr\u00e9, par exemple :<\/p>\n<ul>\n<li>Assurez-vous qu&rsquo;il y a un endroit dans la maison ou dans la zone de stockage qui convient pour recevoir la marchandise. Nous recommandons que toutes les commandes de climatisation\/chauffage soient pleinement op\u00e9rationnelles et que tout \u00ab\u00a0travail humide\u00a0\u00bb ait \u00e9t\u00e9 effectu\u00e9 dans toute zone de stockage.<\/li>\n<li>Assurez-vous qu&rsquo;il y a des personnes sur place pour d\u00e9charger la marchandise (les transporteurs n&rsquo;ont pas tendance \u00e0 vouloir s&rsquo;occuper du d\u00e9chargement).<\/li>\n<li>Tout obstacle au point de livraison doit \u00eatre enlev\u00e9 ou discut\u00e9 avec le transporteur. Un gros camion doit pouvoir acc\u00e9der au site et faire demi-tour.<\/li>\n<\/ul>\n<p>[\/vc_column_text][\/vc_column][\/vc_row]<\/p>\n","protected":false},"excerpt":{"rendered":"<p>[vc_row][vc_column][vc_column_text]Si vous avez des besoins particuliers en mati\u00e8re d&rsquo;exp\u00e9dition ou si vous souhaitez recevoir une commande \u00e0 plusieurs reprises au cours de votre projet, veuillez nous le pr\u00e9ciser et nous serons heureux de prendre les dispositions n\u00e9cessaires. Environ une semaine avant la date d&rsquo;exp\u00e9dition du&#8230;<\/p>\n","protected":false},"author":1,"featured_media":0,"parent":0,"menu_order":0,"comment_status":"closed","ping_status":"closed","template":"","meta":{"footnotes":""},"class_list":["post-14115","page","type-page","status-publish","hentry"],"yoast_head":"<!-- This site is optimized with the Yoast SEO plugin v26.2 - https:\/\/yoast.com\/wordpress\/plugins\/seo\/ -->\n<title>Conditions d\u2019exp\u00e9dition - Bois Antique Veser<\/title>\n<meta name=\"robots\" content=\"index, follow, max-snippet:-1, max-image-preview:large, max-video-preview:-1\" \/>\n<link rel=\"canonical\" href=\"https:\/\/reclaimedantiquewoods.com\/fr\/conditions-dexpedition\/\" \/>\n<meta property=\"og:locale\" content=\"fr_FR\" \/>\n<meta property=\"og:type\" content=\"article\" \/>\n<meta property=\"og:title\" content=\"Conditions d\u2019exp\u00e9dition - Bois Antique Veser\" \/>\n<meta property=\"og:description\" content=\"[vc_row][vc_column][vc_column_text]Si vous avez des besoins particuliers en mati\u00e8re d&rsquo;exp\u00e9dition ou si vous souhaitez recevoir une commande \u00e0 plusieurs reprises au cours de votre projet, veuillez nous le pr\u00e9ciser et nous serons heureux de prendre les dispositions n\u00e9cessaires. Environ une semaine avant la date d&rsquo;exp\u00e9dition du...\" \/>\n<meta property=\"og:url\" content=\"https:\/\/reclaimedantiquewoods.com\/fr\/conditions-dexpedition\/\" \/>\n<meta property=\"og:site_name\" content=\"Bois Antique Veser\" \/>\n<meta property=\"article:modified_time\" content=\"2020-12-07T14:22:47+00:00\" \/>\n<meta name=\"twitter:card\" content=\"summary_large_image\" \/>\n<meta name=\"twitter:label1\" content=\"Dur\u00e9e de lecture estim\u00e9e\" \/>\n\t<meta name=\"twitter:data1\" content=\"2 minutes\" \/>\n<script type=\"application\/ld+json\" class=\"yoast-schema-graph\">{\"@context\":\"https:\/\/schema.org\",\"@graph\":[{\"@type\":\"WebPage\",\"@id\":\"https:\/\/reclaimedantiquewoods.com\/fr\/conditions-dexpedition\/\",\"url\":\"https:\/\/reclaimedantiquewoods.com\/fr\/conditions-dexpedition\/\",\"name\":\"Conditions d\u2019exp\u00e9dition - Bois Antique Veser\",\"isPartOf\":{\"@id\":\"https:\/\/reclaimedantiquewoods.com\/fr\/#website\"},\"datePublished\":\"2020-11-30T20:07:38+00:00\",\"dateModified\":\"2020-12-07T14:22:47+00:00\",\"breadcrumb\":{\"@id\":\"https:\/\/reclaimedantiquewoods.com\/fr\/conditions-dexpedition\/#breadcrumb\"},\"inLanguage\":\"fr-FR\",\"potentialAction\":[{\"@type\":\"ReadAction\",\"target\":[\"https:\/\/reclaimedantiquewoods.com\/fr\/conditions-dexpedition\/\"]}]},{\"@type\":\"BreadcrumbList\",\"@id\":\"https:\/\/reclaimedantiquewoods.com\/fr\/conditions-dexpedition\/#breadcrumb\",\"itemListElement\":[{\"@type\":\"ListItem\",\"position\":1,\"name\":\"Home\",\"item\":\"https:\/\/reclaimedantiquewoods.com\/fr\/\"},{\"@type\":\"ListItem\",\"position\":2,\"name\":\"Conditions d\u2019exp\u00e9dition\"}]},{\"@type\":\"WebSite\",\"@id\":\"https:\/\/reclaimedantiquewoods.com\/fr\/#website\",\"url\":\"https:\/\/reclaimedantiquewoods.com\/fr\/\",\"name\":\"Bois Antique Veser\",\"description\":\"\",\"potentialAction\":[{\"@type\":\"SearchAction\",\"target\":{\"@type\":\"EntryPoint\",\"urlTemplate\":\"https:\/\/reclaimedantiquewoods.com\/fr\/?s={search_term_string}\"},\"query-input\":{\"@type\":\"PropertyValueSpecification\",\"valueRequired\":true,\"valueName\":\"search_term_string\"}}],\"inLanguage\":\"fr-FR\"}]}<\/script>\n<!-- \/ Yoast SEO plugin. -->","yoast_head_json":{"title":"Conditions d\u2019exp\u00e9dition - Bois Antique Veser","robots":{"index":"index","follow":"follow","max-snippet":"max-snippet:-1","max-image-preview":"max-image-preview:large","max-video-preview":"max-video-preview:-1"},"canonical":"https:\/\/reclaimedantiquewoods.com\/fr\/conditions-dexpedition\/","og_locale":"fr_FR","og_type":"article","og_title":"Conditions d\u2019exp\u00e9dition - Bois Antique Veser","og_description":"[vc_row][vc_column][vc_column_text]Si vous avez des besoins particuliers en mati\u00e8re d&rsquo;exp\u00e9dition ou si vous souhaitez recevoir une commande \u00e0 plusieurs reprises au cours de votre projet, veuillez nous le pr\u00e9ciser et nous serons heureux de prendre les dispositions n\u00e9cessaires. Environ une semaine avant la date d&rsquo;exp\u00e9dition du...","og_url":"https:\/\/reclaimedantiquewoods.com\/fr\/conditions-dexpedition\/","og_site_name":"Bois Antique Veser","article_modified_time":"2020-12-07T14:22:47+00:00","twitter_card":"summary_large_image","twitter_misc":{"Dur\u00e9e de lecture estim\u00e9e":"2 minutes"},"schema":{"@context":"https:\/\/schema.org","@graph":[{"@type":"WebPage","@id":"https:\/\/reclaimedantiquewoods.com\/fr\/conditions-dexpedition\/","url":"https:\/\/reclaimedantiquewoods.com\/fr\/conditions-dexpedition\/","name":"Conditions d\u2019exp\u00e9dition - Bois Antique Veser","isPartOf":{"@id":"https:\/\/reclaimedantiquewoods.com\/fr\/#website"},"datePublished":"2020-11-30T20:07:38+00:00","dateModified":"2020-12-07T14:22:47+00:00","breadcrumb":{"@id":"https:\/\/reclaimedantiquewoods.com\/fr\/conditions-dexpedition\/#breadcrumb"},"inLanguage":"fr-FR","potentialAction":[{"@type":"ReadAction","target":["https:\/\/reclaimedantiquewoods.com\/fr\/conditions-dexpedition\/"]}]},{"@type":"BreadcrumbList","@id":"https:\/\/reclaimedantiquewoods.com\/fr\/conditions-dexpedition\/#breadcrumb","itemListElement":[{"@type":"ListItem","position":1,"name":"Home","item":"https:\/\/reclaimedantiquewoods.com\/fr\/"},{"@type":"ListItem","position":2,"name":"Conditions d\u2019exp\u00e9dition"}]},{"@type":"WebSite","@id":"https:\/\/reclaimedantiquewoods.com\/fr\/#website","url":"https:\/\/reclaimedantiquewoods.com\/fr\/","name":"Bois Antique Veser","description":"","potentialAction":[{"@type":"SearchAction","target":{"@type":"EntryPoint","urlTemplate":"https:\/\/reclaimedantiquewoods.com\/fr\/?s={search_term_string}"},"query-input":{"@type":"PropertyValueSpecification","valueRequired":true,"valueName":"search_term_string"}}],"inLanguage":"fr-FR"}]}},"_links":{"self":[{"href":"https:\/\/reclaimedantiquewoods.com\/fr\/wp-json\/wp\/v2\/pages\/14115","targetHints":{"allow":["GET"]}}],"collection":[{"href":"https:\/\/reclaimedantiquewoods.com\/fr\/wp-json\/wp\/v2\/pages"}],"about":[{"href":"https:\/\/reclaimedantiquewoods.com\/fr\/wp-json\/wp\/v2\/types\/page"}],"author":[{"embeddable":true,"href":"https:\/\/reclaimedantiquewoods.com\/fr\/wp-json\/wp\/v2\/users\/1"}],"replies":[{"embeddable":true,"href":"https:\/\/reclaimedantiquewoods.com\/fr\/wp-json\/wp\/v2\/comments?post=14115"}],"version-history":[{"count":7,"href":"https:\/\/reclaimedantiquewoods.com\/fr\/wp-json\/wp\/v2\/pages\/14115\/revisions"}],"predecessor-version":[{"id":14267,"href":"https:\/\/reclaimedantiquewoods.com\/fr\/wp-json\/wp\/v2\/pages\/14115\/revisions\/14267"}],"wp:attachment":[{"href":"https:\/\/reclaimedantiquewoods.com\/fr\/wp-json\/wp\/v2\/media?parent=14115"}],"curies":[{"name":"wp","href":"https:\/\/api.w.org\/{rel}","templated":true}]}}