{"id":14118,"date":"2020-11-30T20:43:46","date_gmt":"2020-11-30T20:43:46","guid":{"rendered":"https:\/\/reclaimedantiquewoods.com\/?page_id=14118"},"modified":"2020-12-07T14:26:38","modified_gmt":"2020-12-07T14:26:38","slug":"a-propos","status":"publish","type":"page","link":"https:\/\/reclaimedantiquewoods.com\/fr\/a-propos\/","title":{"rendered":"\u00c0 propos"},"content":{"rendered":"<p>[vc_row content_width=\u00a0\u00bbgrid\u00a0\u00bb css=\u00a0\u00bb.vc_custom_1461831755716{padding-top: 118px !important;padding-bottom: 78px !important;}\u00a0\u00bb][vc_column offset=\u00a0\u00bbvc_col-lg-6 vc_col-md-12&Prime;][vc_column_text]<\/p>\n<h2>QUI SOMMES-NOUS?<\/h2>\n<p>[\/vc_column_text]<div class=\"edgtf-separator-holder clearfix  edgtf-separator-left\">\n\t<div class=\"edgtf-separator\" style=\"border-color: #13763c;border-style: solid;width: 50px;border-bottom-width: 1px;margin-top: 26px;margin-bottom: 26px\"><\/div>\n<\/div>\n[vc_column_text css=\u00a0\u00bb.vc_custom_1606767651629{padding-right: 6% !important;}\u00a0\u00bb]En 2005, Ralf Veser roulait sur une route de campagne dans le nord du Canada afin d\u2019aller chercher de vieilles cl\u00f4tures en bois de c\u00e8dre r\u00e9cup\u00e9r\u00e9, lorsqu&rsquo;il a d\u00e9couvert de nombreuses granges magnifiques mais abandonn\u00e9es. Plusieurs granges \u00e9taient en bien mauvais \u00e9tat et leurs propri\u00e9taires \u00e9taient sur le point de les br\u00fbler. Captiv\u00e9 par la beaut\u00e9 des poutres anciennes et du bois de grange ancien, ce trajet fortuit est devenu le d\u00e9but de Bois Antique Veser.<\/p>\n<p>\u00c0 partir de ce moment, Ralf a \u00e9tabli des relations avec des propri\u00e9taires qui lui ont permis de d\u00e9manteler des granges, des usines et d&rsquo;autres b\u00e2timents plus que centenaires afin de r\u00e9cup\u00e9rer leurs bois anciens et rares. Vou\u00e9 \u00e0 la durabilit\u00e9 et au recyclage, Bois Antique Veser se d\u00e9die \u00e0 fournir un peu d&rsquo;histoire, beaucoup de caract\u00e8re, et une patine du bois in\u00e9gale \u00e0 toute autre nouvelle esp\u00e8ce de bois vendue aujourd&rsquo;hui. Nous recyclons m\u00eame les d\u00e9chets en compressant la sciure en briquettes de bois et en les vendant au grand public comme source de chauffage!<\/p>\n<p>D&rsquo;un petit atelier o\u00f9 le bois \u00e9tait transform\u00e9 \u00e0 l&rsquo;usine de plus de 18 000 p.c. situ\u00e9e \u00e0 St-Cyprien-de-Napierville (Canada), Bois Antique Veser est devenu l&rsquo;un des plus grands fabricants de bois r\u00e9cup\u00e9r\u00e9 au Canada. Nous contr\u00f4lons l&rsquo;ensemble du processus : la r\u00e9cup\u00e9ration, l\u2019usinage, le d\u00e9clouage, le sciage et le s\u00e9chage du bois, tout cela dans le but de vous fournir des bois r\u00e9cup\u00e9r\u00e9s de qualit\u00e9 sup\u00e9rieure. Nous poss\u00e9dons un inventaire consid\u00e9rable et avons des capacit\u00e9s de livraison pour des projets tant commerciaux que r\u00e9sidentiels\u00a0: ainsi, nous fournissons des panneaux muraux, lambris, planchers, poutres et de l\u2019\u00e9b\u00e9nisterie sur mesure au Canada, aux \u00c9tats-Unis, en Europe et en Asie.<\/p>\n<p>Ce que nous appr\u00e9cions le plus, c&rsquo;est la relation que nous \u00e9tablissons avec nos clients ann\u00e9e apr\u00e8s ann\u00e9e, projet apr\u00e8s projet, et le fait de voir nos bois de grange prendre une nouvelle vie apr\u00e8s avoir quitt\u00e9 notre usine. Nous recherchons sans cesse la perfection, le d\u00e9veloppement de nouveaux produits en bois recycl\u00e9s, et nous nous effor\u00e7ons de placer la barre toujours plus haut, ann\u00e9e apr\u00e8s ann\u00e9e.[\/vc_column_text][vc_empty_space height=\u00a0\u00bb31px\u00a0\u00bb][vc_empty_space height=\u00a0\u00bb40px\u00a0\u00bb][\/vc_column][vc_column offset=\u00a0\u00bbvc_col-lg-6 vc_col-md-12&Prime; css=\u00a0\u00bb.vc_custom_1460717711999{padding-right: 9% !important;}\u00a0\u00bb][vc_single_image image=\u00a0\u00bb13887&Prime; img_size=\u00a0\u00bbfull\u00a0\u00bb css=\u00a0\u00bb.vc_custom_1595870957505{margin-bottom: 25px !important;}\u00a0\u00bb]<div class=\"edgtf-tabs edgtf-horizontal-tab edgtf-tab-without-icon clearfix\">\n\t<ul class=\"edgtf-tabs-nav\">\n\t\t\t\t\t<li>\n\t\t\t\t<a href=\"#tab-pourquoi-nous\">\n\t\t\t\t\t\n\t\t\t\t\t\t\t\t\t\t\t<span class=\"edgtf-tab-text-after-icon\">\n\t\t\t\t\t\t\tPOURQUOI NOUS\t\t\t\t\t\t<\/span>\n\t\t\t\t\t\t\t\t\t\t\t\n\t\t\t\t\t\t\t\t\t<\/a>\n\t\t\t\t<div class=\"edgtf-tabs-gradient\"><\/div>\n\t\t\t <\/li>\n\t\t\t\t\t<li>\n\t\t\t\t<a href=\"#tab-dans-lactualite\">\n\t\t\t\t\t\n\t\t\t\t\t\t\t\t\t\t\t<span class=\"edgtf-tab-text-after-icon\">\n\t\t\t\t\t\t\tDANS L\u2019ACTUALIT\u00c9\t\t\t\t\t\t<\/span>\n\t\t\t\t\t\t\t\t\t\t\t\n\t\t\t\t\t\t\t\t\t<\/a>\n\t\t\t\t<div class=\"edgtf-tabs-gradient\"><\/div>\n\t\t\t <\/li>\n\t\t\t\t\t<li>\n\t\t\t\t<a href=\"#tab-salons-et-distinctions\">\n\t\t\t\t\t\n\t\t\t\t\t\t\t\t\t\t\t<span class=\"edgtf-tab-text-after-icon\">\n\t\t\t\t\t\t\tSALONS ET DISTINCTIONS\t\t\t\t\t\t<\/span>\n\t\t\t\t\t\t\t\t\t\t\t\n\t\t\t\t\t\t\t\t\t<\/a>\n\t\t\t\t<div class=\"edgtf-tabs-gradient\"><\/div>\n\t\t\t <\/li>\n\t\t\t<\/ul> \n\t<div class=\"edgtf-tab-container\" id=\"tab-pourquoi-nous-60\" data-icon-pack=\"font_elegant\" data-icon-html=\"&lt;span aria-hidden=&quot;true&quot; class=&quot;edgtf-icon-font-elegant  &quot; &gt;&lt;\/span&gt;\"><div class=\"edgtf-icon-list-item\">\n\t<div class=\"edgtf-icon-list-icon-holder\">\n        <div class=\"edgtf-icon-list-icon-holder-inner clearfix\" >\n\t\t\t<span aria-hidden=\"true\" class=\"edgtf-icon-font-elegant icon_box-checked \" style=\"color:#50a23b;font-size:19px\" ><\/span>\t\t<\/div>\n\t<\/div>\n\t<p class=\"edgtf-icon-list-text\"  > Authentiques bois r\u00e9cup\u00e9r\u00e9s de 100 ans et + avec historique<\/p>\n<\/div><div class=\"edgtf-icon-list-item\">\n\t<div class=\"edgtf-icon-list-icon-holder\">\n        <div class=\"edgtf-icon-list-icon-holder-inner clearfix\" >\n\t\t\t<span aria-hidden=\"true\" class=\"edgtf-icon-font-elegant icon_box-checked \" style=\"color:#50a23b;font-size:19px\" ><\/span>\t\t<\/div>\n\t<\/div>\n\t<p class=\"edgtf-icon-list-text\"  > Plus de 15 ans d'exp\u00e9rience et une excellente r\u00e9putation dans l'industrie<\/p>\n<\/div><div class=\"edgtf-icon-list-item\">\n\t<div class=\"edgtf-icon-list-icon-holder\">\n        <div class=\"edgtf-icon-list-icon-holder-inner clearfix\" >\n\t\t\t<span aria-hidden=\"true\" class=\"edgtf-icon-font-elegant icon_box-checked \" style=\"color:#50a23b;font-size:19px\" ><\/span>\t\t<\/div>\n\t<\/div>\n\t<p class=\"edgtf-icon-list-text\"  > La plus haute qualit\u00e9 de bois recycl\u00e9<\/p>\n<\/div><div class=\"edgtf-icon-list-item\">\n\t<div class=\"edgtf-icon-list-icon-holder\">\n        <div class=\"edgtf-icon-list-icon-holder-inner clearfix\" >\n\t\t\t<span aria-hidden=\"true\" class=\"edgtf-icon-font-elegant icon_box-checked \" style=\"color:#50a23b;font-size:19px\" ><\/span>\t\t<\/div>\n\t<\/div>\n\t<p class=\"edgtf-icon-list-text\"  > Une exp\u00e9rience client de premi\u00e8re classe<\/p>\n<\/div><div class=\"edgtf-icon-list-item\">\n\t<div class=\"edgtf-icon-list-icon-holder\">\n        <div class=\"edgtf-icon-list-icon-holder-inner clearfix\" >\n\t\t\t<span aria-hidden=\"true\" class=\"edgtf-icon-font-elegant icon_box-checked \" style=\"color:#50a23b;font-size:19px\" ><\/span>\t\t<\/div>\n\t<\/div>\n\t<p class=\"edgtf-icon-list-text\"  > Un vaste inventaire et de nombreuses options sur mesure<\/p>\n<\/div><div class=\"edgtf-icon-list-item\">\n\t<div class=\"edgtf-icon-list-icon-holder\">\n        <div class=\"edgtf-icon-list-icon-holder-inner clearfix\" >\n\t\t\t<span aria-hidden=\"true\" class=\"edgtf-icon-font-elegant icon_box-checked \" style=\"color:#50a23b;font-size:19px\" ><\/span>\t\t<\/div>\n\t<\/div>\n\t<p class=\"edgtf-icon-list-text\"  > Un usinage de haute qualit\u00e9 facilitant l\u2019installation<\/p>\n<\/div>[vc_single_image image=\u00a0\u00bb13888&Prime; img_size=\u00a0\u00bbfull\u00a0\u00bb css=\u00a0\u00bb.vc_custom_1595871053277{margin-top: 20px !important;}\u00a0\u00bb]<\/div><div class=\"edgtf-tab-container\" id=\"tab-dans-lactualite-705\" data-icon-pack=\"font_elegant\" data-icon-html=\"&lt;span aria-hidden=&quot;true&quot; class=&quot;edgtf-icon-font-elegant  &quot; &gt;&lt;\/span&gt;\">[vc_column_text]Vous avez peut-\u00eatre entendu parler de nous dans les journaux ou vous nous avez remarqu\u00e9 \u00e0 la t\u00e9l\u00e9vision. N&rsquo;h\u00e9sitez pas \u00e0 vous renseigner sur Bois Antique Veser et \u00e0 t\u00e9moigner de notre fiabilit\u00e9 dans l\u2019industrie du bois de grange recycl\u00e9: une entreprise fond\u00e9e sur la confiance, des produits de haute qualit\u00e9 en bois r\u00e9cup\u00e9r\u00e9 et des t\u00e9moignages pour le d\u00e9montrer.<\/p>\n<ul>\n<li>Journal La Presse :\n<ul>\n<li><a href=\"https:\/\/www.lapresse.ca\/maison\/decoration\/design\/201405\/30\/01-4771390-lappel-du-bois.php\">June 1, 2014 : <em>L\u2019appel du bois\u00a0<\/em><\/a><\/li>\n<li><a href=\"https:\/\/www.lapresse.ca\/maison\/renovation\/renovation-verte\/201206\/19\/01-4536297-des-terrasses-a-lempreinte-legere.php\">June 19, 2012 : <em>Des terrasses \u00e0 l\u2019empreinte l\u00e9g\u00e8re<\/em><\/a><\/li>\n<\/ul>\n<\/li>\n<li><a href=\"https:\/\/www.journaldequebec.com\/2020\/02\/08\/un-plancher-centenaire\">Journal de Qu\u00e9bec :\u00a08 f\u00e9vrier 2020\u00a0: <em>Un plancher centenaire<\/em><\/a><\/li>\n<li><a href=\"https:\/\/www.coupdoeil.info\/2015\/03\/04\/bois-antique-veser-achete-la-grange-morgan\/\">Coup d\u2019\u0153il magazine :\u00a04 mars 2015\u00a0: <em>Bois Antique Veser ach\u00e8te la grande Morgan<\/em><\/a><\/li>\n<li><a href=\"https:\/\/books.google.com\/books?id=Z-ZK84-dlkUC&amp;pg=PA70&amp;lpg=PA70&amp;dq=veser+antique+woods&amp;source=bl&amp;ots=pVPsgalAGT&amp;sig=ACfU3U0_wV0LZaa41XMnJv_mCYjU0-gUjA&amp;hl=fr&amp;sa=X&amp;ved=2ahUKEwiCsuOkgfHpAhUBQawKHWB5BqY4ChDoATACegQIChAB#v=onepage&amp;q=veser%20antique%20woods&amp;f=false\">Old House Interior Magazine, October 2010: <em>This Old Floor<\/em>, by Dan Cooper<\/a><\/li>\n<li>Caza TV (\u00c9mission de t\u00e9l\u00e9vision)<\/li>\n<li>La semaine verte (\u00c9mission de t\u00e9l\u00e9vision)<\/li>\n<\/ul>\n<p>[\/vc_column_text]<\/div><div class=\"edgtf-tab-container\" id=\"tab-salons-et-distinctions-8\" data-icon-pack=\"font_elegant\" data-icon-html=\"&lt;span aria-hidden=&quot;true&quot; class=&quot;edgtf-icon-font-elegant  &quot; &gt;&lt;\/span&gt;\">[vc_column_text]Nous aimons pr\u00e9senter nos panneaux muraux et divers planchers lors de diff\u00e9rents salons. Venez nous rencontrer lors de ces prochains salons :<\/p>\n<ul>\n<li><a href=\"https:\/\/www.buildersshow.com\/Home\/default.aspx\">NAHB, International Builders Show, Orlando, <strong>9 au 11 f\u00e9vrier 2021\u00a0<\/strong><\/a><\/li>\n<li><a href=\"https:\/\/salonnationalhabitation.com\/\">Le Salon National de l\u2019Habitation, Montr\u00e9al, <strong>11 au 14 mars 2021<\/strong><\/a><\/li>\n<\/ul>\n<p><u>Salons ant\u00e9rieurs:<\/u><\/p>\n<ul>\n<li><a href=\"https:\/\/expohabitation.ca\/\">Salon Expo-Habitation, Montr\u00e9al, Octobre 2019<\/a><\/li>\n<li><a href=\"https:\/\/www.buildersshow.com\/Home\/default.aspx\">NAHB, International Builders Show, Las Vegas, F\u00e9vrier 2019<\/a><\/li>\n<li><a href=\"https:\/\/www.buildersshow.com\/Home\/default.aspx\">NAHB, International Builders Show, Orlando, Janvier 2018<\/a><\/li>\n<li><a href=\"https:\/\/sidim.com\/\">SIDIM Salon du design, Montr\u00e9al, 2011-2015<\/a><\/li>\n<li><a href=\"https:\/\/toronto.interiordesignshow.com\/en\/home.html\">Interior Design Show, Toronto, Janvier 2010<\/a><\/li>\n<\/ul>\n<p><strong><u>Distinctions:<\/u><\/strong><\/p>\n<p><strong>Septembre 2014<\/strong>:<br \/>\nUN PRIX D&rsquo;EXCELLENCE CECOBOIS POUR LE GROUPE DYNAMITE ATRIUM<\/p>\n<p>\u00ab\u00a0Ce projet d&rsquo;\u00c6difica a \u00e9t\u00e9 honor\u00e9 lors de la quatri\u00e8me \u00e9dition des Prix d&rsquo;excellence Cecobois, qui s&rsquo;est tenue au Cabaret du Capitole de Qu\u00e9bec le 24 septembre dernier. Plus pr\u00e9cis\u00e9ment, l&rsquo;Atrium du Groupe Dynamite a remport\u00e9 un prix dans la cat\u00e9gorie \u00ab\u00a0Projet commercial de moins de 1 000 m2\u00a0\u00bb. Un joyau pour toute l&rsquo;\u00e9quipe du projet : \u00c6difica, SBSA Structural Consultants, Reliance Construction Group, Nordic Structures Bois, ICM Fabrication, Bois Antique Veser Inc. et Groupe Dynamite Inc.<\/p>\n<p><strong>Mai 2013:<\/strong> SIDIM SALON DU DESIGN:<\/p>\n<p>Prix d\u2019excellence 2013 \u2013 Bois Antique Veser \u2013 Coup de c\u0153ur- B\u00e2tir Vert[\/vc_column_text]<\/div><\/div>[\/vc_column][\/vc_row]<\/p>\n","protected":false},"excerpt":{"rendered":"<p>[vc_row content_width=\u00a0\u00bbgrid\u00a0\u00bb css=\u00a0\u00bb.vc_custom_1461831755716{padding-top: 118px !important;padding-bottom: 78px !important;}\u00a0\u00bb][vc_column offset=\u00a0\u00bbvc_col-lg-6 vc_col-md-12&Prime;][vc_column_text] QUI SOMMES-NOUS? [\/vc_column_text][vc_column_text css=\u00a0\u00bb.vc_custom_1606767651629{padding-right: 6% !important;}\u00a0\u00bb]En 2005, Ralf Veser roulait sur une route de campagne dans le nord du Canada afin d\u2019aller chercher de vieilles cl\u00f4tures en bois de c\u00e8dre r\u00e9cup\u00e9r\u00e9, lorsqu&rsquo;il a d\u00e9couvert de nombreuses&#8230;<\/p>\n","protected":false},"author":1,"featured_media":0,"parent":0,"menu_order":0,"comment_status":"closed","ping_status":"closed","template":"full-width.php","meta":{"footnotes":""},"class_list":["post-14118","page","type-page","status-publish","hentry"],"yoast_head":"<!-- This site is optimized with the Yoast SEO plugin v26.2 - https:\/\/yoast.com\/wordpress\/plugins\/seo\/ -->\n<title>\u00c0 propos - Bois Antique Veser<\/title>\n<meta name=\"robots\" content=\"index, follow, max-snippet:-1, max-image-preview:large, max-video-preview:-1\" \/>\n<link rel=\"canonical\" href=\"https:\/\/reclaimedantiquewoods.com\/fr\/a-propos\/\" \/>\n<meta property=\"og:locale\" content=\"fr_FR\" \/>\n<meta property=\"og:type\" content=\"article\" \/>\n<meta property=\"og:title\" content=\"\u00c0 propos - Bois Antique Veser\" \/>\n<meta property=\"og:description\" content=\"[vc_row content_width=\u00a0\u00bbgrid\u00a0\u00bb css=\u00a0\u00bb.vc_custom_1461831755716{padding-top: 118px !important;padding-bottom: 78px !important;}\u00a0\u00bb][vc_column offset=\u00a0\u00bbvc_col-lg-6 vc_col-md-12&Prime;][vc_column_text] QUI SOMMES-NOUS? [\/vc_column_text][vc_column_text css=\u00a0\u00bb.vc_custom_1606767651629{padding-right: 6% !important;}\u00a0\u00bb]En 2005, Ralf Veser roulait sur une route de campagne dans le nord du Canada afin d\u2019aller chercher de vieilles cl\u00f4tures en bois de c\u00e8dre r\u00e9cup\u00e9r\u00e9, lorsqu&rsquo;il a d\u00e9couvert de nombreuses...\" \/>\n<meta property=\"og:url\" content=\"https:\/\/reclaimedantiquewoods.com\/fr\/a-propos\/\" \/>\n<meta property=\"og:site_name\" content=\"Bois Antique Veser\" \/>\n<meta property=\"article:modified_time\" content=\"2020-12-07T14:26:38+00:00\" \/>\n<meta name=\"twitter:card\" content=\"summary_large_image\" \/>\n<meta name=\"twitter:label1\" content=\"Dur\u00e9e de lecture estim\u00e9e\" \/>\n\t<meta name=\"twitter:data1\" content=\"5 minutes\" \/>\n<script type=\"application\/ld+json\" class=\"yoast-schema-graph\">{\"@context\":\"https:\/\/schema.org\",\"@graph\":[{\"@type\":\"WebPage\",\"@id\":\"https:\/\/reclaimedantiquewoods.com\/fr\/a-propos\/\",\"url\":\"https:\/\/reclaimedantiquewoods.com\/fr\/a-propos\/\",\"name\":\"\u00c0 propos - Bois Antique Veser\",\"isPartOf\":{\"@id\":\"https:\/\/reclaimedantiquewoods.com\/fr\/#website\"},\"datePublished\":\"2020-11-30T20:43:46+00:00\",\"dateModified\":\"2020-12-07T14:26:38+00:00\",\"breadcrumb\":{\"@id\":\"https:\/\/reclaimedantiquewoods.com\/fr\/a-propos\/#breadcrumb\"},\"inLanguage\":\"fr-FR\",\"potentialAction\":[{\"@type\":\"ReadAction\",\"target\":[\"https:\/\/reclaimedantiquewoods.com\/fr\/a-propos\/\"]}]},{\"@type\":\"BreadcrumbList\",\"@id\":\"https:\/\/reclaimedantiquewoods.com\/fr\/a-propos\/#breadcrumb\",\"itemListElement\":[{\"@type\":\"ListItem\",\"position\":1,\"name\":\"Home\",\"item\":\"https:\/\/reclaimedantiquewoods.com\/fr\/\"},{\"@type\":\"ListItem\",\"position\":2,\"name\":\"\u00c0 propos\"}]},{\"@type\":\"WebSite\",\"@id\":\"https:\/\/reclaimedantiquewoods.com\/fr\/#website\",\"url\":\"https:\/\/reclaimedantiquewoods.com\/fr\/\",\"name\":\"Bois Antique Veser\",\"description\":\"\",\"potentialAction\":[{\"@type\":\"SearchAction\",\"target\":{\"@type\":\"EntryPoint\",\"urlTemplate\":\"https:\/\/reclaimedantiquewoods.com\/fr\/?s={search_term_string}\"},\"query-input\":{\"@type\":\"PropertyValueSpecification\",\"valueRequired\":true,\"valueName\":\"search_term_string\"}}],\"inLanguage\":\"fr-FR\"}]}<\/script>\n<!-- \/ Yoast SEO plugin. -->","yoast_head_json":{"title":"\u00c0 propos - Bois Antique Veser","robots":{"index":"index","follow":"follow","max-snippet":"max-snippet:-1","max-image-preview":"max-image-preview:large","max-video-preview":"max-video-preview:-1"},"canonical":"https:\/\/reclaimedantiquewoods.com\/fr\/a-propos\/","og_locale":"fr_FR","og_type":"article","og_title":"\u00c0 propos - Bois Antique Veser","og_description":"[vc_row content_width=\u00a0\u00bbgrid\u00a0\u00bb css=\u00a0\u00bb.vc_custom_1461831755716{padding-top: 118px !important;padding-bottom: 78px !important;}\u00a0\u00bb][vc_column offset=\u00a0\u00bbvc_col-lg-6 vc_col-md-12&Prime;][vc_column_text] QUI SOMMES-NOUS? [\/vc_column_text][vc_column_text css=\u00a0\u00bb.vc_custom_1606767651629{padding-right: 6% !important;}\u00a0\u00bb]En 2005, Ralf Veser roulait sur une route de campagne dans le nord du Canada afin d\u2019aller chercher de vieilles cl\u00f4tures en bois de c\u00e8dre r\u00e9cup\u00e9r\u00e9, lorsqu&rsquo;il a d\u00e9couvert de nombreuses...","og_url":"https:\/\/reclaimedantiquewoods.com\/fr\/a-propos\/","og_site_name":"Bois Antique Veser","article_modified_time":"2020-12-07T14:26:38+00:00","twitter_card":"summary_large_image","twitter_misc":{"Dur\u00e9e de lecture estim\u00e9e":"5 minutes"},"schema":{"@context":"https:\/\/schema.org","@graph":[{"@type":"WebPage","@id":"https:\/\/reclaimedantiquewoods.com\/fr\/a-propos\/","url":"https:\/\/reclaimedantiquewoods.com\/fr\/a-propos\/","name":"\u00c0 propos - Bois Antique Veser","isPartOf":{"@id":"https:\/\/reclaimedantiquewoods.com\/fr\/#website"},"datePublished":"2020-11-30T20:43:46+00:00","dateModified":"2020-12-07T14:26:38+00:00","breadcrumb":{"@id":"https:\/\/reclaimedantiquewoods.com\/fr\/a-propos\/#breadcrumb"},"inLanguage":"fr-FR","potentialAction":[{"@type":"ReadAction","target":["https:\/\/reclaimedantiquewoods.com\/fr\/a-propos\/"]}]},{"@type":"BreadcrumbList","@id":"https:\/\/reclaimedantiquewoods.com\/fr\/a-propos\/#breadcrumb","itemListElement":[{"@type":"ListItem","position":1,"name":"Home","item":"https:\/\/reclaimedantiquewoods.com\/fr\/"},{"@type":"ListItem","position":2,"name":"\u00c0 propos"}]},{"@type":"WebSite","@id":"https:\/\/reclaimedantiquewoods.com\/fr\/#website","url":"https:\/\/reclaimedantiquewoods.com\/fr\/","name":"Bois Antique Veser","description":"","potentialAction":[{"@type":"SearchAction","target":{"@type":"EntryPoint","urlTemplate":"https:\/\/reclaimedantiquewoods.com\/fr\/?s={search_term_string}"},"query-input":{"@type":"PropertyValueSpecification","valueRequired":true,"valueName":"search_term_string"}}],"inLanguage":"fr-FR"}]}},"_links":{"self":[{"href":"https:\/\/reclaimedantiquewoods.com\/fr\/wp-json\/wp\/v2\/pages\/14118","targetHints":{"allow":["GET"]}}],"collection":[{"href":"https:\/\/reclaimedantiquewoods.com\/fr\/wp-json\/wp\/v2\/pages"}],"about":[{"href":"https:\/\/reclaimedantiquewoods.com\/fr\/wp-json\/wp\/v2\/types\/page"}],"author":[{"embeddable":true,"href":"https:\/\/reclaimedantiquewoods.com\/fr\/wp-json\/wp\/v2\/users\/1"}],"replies":[{"embeddable":true,"href":"https:\/\/reclaimedantiquewoods.com\/fr\/wp-json\/wp\/v2\/comments?post=14118"}],"version-history":[{"count":9,"href":"https:\/\/reclaimedantiquewoods.com\/fr\/wp-json\/wp\/v2\/pages\/14118\/revisions"}],"predecessor-version":[{"id":14270,"href":"https:\/\/reclaimedantiquewoods.com\/fr\/wp-json\/wp\/v2\/pages\/14118\/revisions\/14270"}],"wp:attachment":[{"href":"https:\/\/reclaimedantiquewoods.com\/fr\/wp-json\/wp\/v2\/media?parent=14118"}],"curies":[{"name":"wp","href":"https:\/\/api.w.org\/{rel}","templated":true}]}}