{"id":14544,"date":"2024-05-06T19:47:01","date_gmt":"2024-05-06T19:47:01","guid":{"rendered":"https:\/\/reclaimedantiquewoods.com\/?page_id=14544"},"modified":"2024-05-06T19:47:03","modified_gmt":"2024-05-06T19:47:03","slug":"politique-de-confidentialite","status":"publish","type":"page","link":"https:\/\/reclaimedantiquewoods.com\/fr\/politique-de-confidentialite\/","title":{"rendered":"POLITIQUE DE CONFIDENTIALIT\u00c9"},"content":{"rendered":"\n<p><strong>Politique sur la protection des renseignements personnels de Bois Antique Veser Inc.<\/strong><br>Chez Bois Antique Veser Inc. (\u00ab\u00a0Bois Antique\u00a0\u00bb), nous croyons fermement \u00e0 l\u2019importance de prot\u00e9ger les informations personnelles de nos clients, employ\u00e9s et fournisseurs (d\u00e9sign\u00e9s ci-apr\u00e8s par \u00ab vous \u00bb, \u00ab votre \u00bb). Nous nous pr\u00e9occupons grandement de la protection des renseignements confidentiels et du respect de votre vie priv\u00e9e. Nous sommes assujettis \u00e0 la Loi sur la protection des renseignements personnels dans le secteur priv\u00e9 (\u00ab\u00a0Loi 25\u00a0\u00bb). \u00c0 ce titre, nous nous engageons de prendre toutes les mesures possibles et raisonnables afin de maintenir la confidentialit\u00e9 des renseignements personnels que nous recueillons dans le cadre de nos activit\u00e9s tout en maintenant un cadre qui facilite les \u00e9changes avec nos clients, employ\u00e9s et fournisseurs.<\/p>\n\n\n\n<p><strong>Objectifs de la politique<\/strong><br>La politique de confidentialit\u00e9 de Bois Antique (la \u00ab Politique \u00bb) vise \u00e0 informer ses clients, employ\u00e9s et fournisseurs de nos pratiques en mati\u00e8re de collecte, d\u2019utilisation, de divulgation et de conservation des informations personnelles. En choisissant de nous fournir des informations personnelles (que ce soit via Internet, par courriel, en personne, par t\u00e9l\u00e9phone, ou tout autre moyen), vous acceptez les termes et les<br>conditions de la Politique et vous nous autorisez \u00e0 traiter vos informations personnelles conform\u00e9ment \u00e0 celle-ci, aux fins expos\u00e9es ci-dessous.<\/p>\n\n\n\n<p><strong>Pourquoi nous recueillons des renseignements personnels?<\/strong><br>Bois Antique recueille des renseignements personnels uniquement dans le cadre de ses diverses activit\u00e9s ainsi que des mandats qui lui sont confi\u00e9s ou pour une utilisation conforme \u00e0 ces fins, toujours en conformit\u00e9 avec les lois en vigueur.<\/p>\n\n\n\n<p><strong>Quels renseignements personnels recueillons-nous?<\/strong><br>La quantit\u00e9 et le type de renseignements recueillis se limitent \u00e0 ce qui est n\u00e9cessaire aux fins d\u00e9termin\u00e9es. Bois Antique recueille uniquement ce dont elle a besoin.<\/p>\n\n\n\n<p>Vu la nature de ses activit\u00e9s, Bois Antique est appel\u00e9e \u00e0 conserver certaines donn\u00e9es personnelles. Cela peut inclure mais sans s\u2019y limiter : nom, pr\u00e9nom, adresse courriel, num\u00e9ro d\u2019assurance sociale, profession, employeur, lieu de travail, \u00e9tablissement d\u2019\u00e9tude, affiliations personnelles, lien \u00e0 des personnes apparent\u00e9es, dossier de sant\u00e9, appartenance \u00e0 des regroupements, situation financi\u00e8re, compte bancaire, donn\u00e9es relatives au paiement, mots de passe, adresse IP, utilisation des sites Internet, t\u00e9moins et pixels informatiques, donn\u00e9es d\u00e9mographiques, donn\u00e9es g\u00e9ographiques, donn\u00e9es  biographiques, pr\u00e9f\u00e9rence en mati\u00e8re de communication, en plus de toute autre information personnelle que vous ou Bois Antique avez jug\u00e9e pertinente et que vous nous avez fournie.<\/p>\n\n\n\n<p>Veuillez noter que si vous nous fournissez des informations personnelles sur d\u2019autres personnes, vous devez vous assurer que vous avez donn\u00e9 \u00e0 ces personnes un avis appropri\u00e9 indiquant que vous nous fournissez leurs informations et que vous avez obtenu leur consentement \u00e0 cette divulgation.<\/p>\n\n\n\n<p><strong>Qui peut consulter vos renseignements personnels?<\/strong><br>Bois Antique ne communiquera jamais vos renseignements personnels \u00e0 moins d\u2019y \u00eatre l\u00e9galement contrainte. Elle prend les mesures raisonnables et n\u00e9cessaires pour garantir que vos donn\u00e9es personnelles sont trait\u00e9es de mani\u00e8re s\u00e9curis\u00e9e et conform\u00e9ment \u00e0 cette politique de confidentialit\u00e9.<\/p>\n\n\n\n<p>Vos donn\u00e9es personnelles sont trait\u00e9es dans nos bureaux op\u00e9rationnels et dans tout autre lieu o\u00f9 sont situ\u00e9es les parties impliqu\u00e9es dans ce traitement (tels que nos prestataires de services). Seul notre personnel et nos fournisseurs autoris\u00e9s peuvent avoir acc\u00e8s \u00e0 vos renseignements, dans la mesure o\u00f9 ceux-ci sont n\u00e9cessaires \u00e0 l\u2019exercice de leurs fonctions.<\/p>\n\n\n\n<p>Cela signifie que ces informations peuvent \u00eatre transf\u00e9r\u00e9es vers des ordinateurs situ\u00e9s en dehors du Qu\u00e9bec, du Canada ou vers autre instance gouvernementale o\u00f9 les lois de protection des donn\u00e9es peuvent diff\u00e9rer de celles de votre juridiction. Par cons\u00e9quent, il en d\u00e9coule que dans certaines circonstances, des gouvernements, tribunaux, organismes d\u2019application de la loi ou organismes de r\u00e9glementation \u00e9trangers peuvent \u00eatre autoris\u00e9s \u00e0 acc\u00e9der aux donn\u00e9es personnelles collect\u00e9es et<br>d\u00e9tenues sous notre contr\u00f4le.<\/p>\n\n\n\n<p><strong>Comment vos renseignements personnels sont prot\u00e9g\u00e9s?<\/strong><br>Bois Antique a adopt\u00e9 des proc\u00e9dures de s\u00e9curit\u00e9 physiques, techniques et administratives appropri\u00e9es afin de prot\u00e9ger au mieux vos renseignements personnels contre tout acc\u00e8s, utilisation ou divulgation non autoris\u00e9s. Ces mesures sont r\u00e9guli\u00e8rement r\u00e9\u00e9valu\u00e9es et am\u00e9lior\u00e9es afin d\u2019assurer la protection optimale de vos donn\u00e9es.<\/p>\n\n\n\n<p>Par exemple, notre plateforme infonuagique est h\u00e9berg\u00e9e sur des serveurs priv\u00e9s et s\u00e9curis\u00e9s situ\u00e9s au Canada, qui font appel \u00e0 des mesures de s\u00e9curit\u00e9 int\u00e9gr\u00e9es.<\/p>\n\n\n\n<p>Notre personnel a \u00e9t\u00e9 form\u00e9 \u00e0 la protection des renseignements personnels et nous \u00e9tablissons des ententes contractuelles en ce sens avec tous nos fournisseurs de services. Ces derniers r\u00e9pondent aux plus hauts niveaux de s\u00e9curit\u00e9 en mati\u00e8re de protection des renseignements personnels.<\/p>\n\n\n\n<p>Nous avons instaur\u00e9 des moyens mat\u00e9riels et des mesures organisationnelles, contractuelles et technologiques de s\u00e9curit\u00e9 pour prot\u00e9ger vos renseignements personnels contre la perte ou le vol, ainsi que contre l\u2019acc\u00e8s, l\u2019utilisation ou la transmission non autoris\u00e9s. Par exemple:<\/p>\n\n\n\n<ul class=\"wp-block-list\">\n<li>Restreindre les acc\u00e8s uniquement aux employ\u00e9s et aux fournisseurs autoris\u00e9s;<\/li>\n\n\n\n<li>Sensibiliser les employ\u00e9s et les fournisseurs \u00e0 l\u2019importance de la protection des renseignements personnels;<\/li>\n\n\n\n<li>Prot\u00e9ger l\u2019acc\u00e8s aux donn\u00e9es par des moyens physiques et technologiques\u00a0:\n<ul class=\"wp-block-list\">\n<li> Acc\u00e8s au bureau r\u00e9serv\u00e9 aux personnes autoris\u00e9es;<\/li>\n\n\n\n<li>Bureaux d\u2019employ\u00e9s avec portes et serrures;<\/li>\n\n\n\n<li>Site web s\u00e9curis\u00e9 lors de commandes et lors d\u2019\u00e9change de donn\u00e9es;<\/li>\n\n\n\n<li>Pare-feu;<\/li>\n\n\n\n<li>Etc.<\/li>\n<\/ul>\n<\/li>\n<\/ul>\n\n\n\n<p>Comme la majorit\u00e9 des organisations, nous ne pouvons pas garantir que les mesures de protection que nous utilisons seront toujours efficaces. Aucun moyen de transmission d\u2019information par Internet, par la poste, ou de stockage d\u2019information n\u2019est parfaitement s\u00fbr; Bois Antique ne peut donc pas garantir leur s\u00e9curit\u00e9 absolue.<\/p>\n\n\n\n<p>Une atteinte aux mesures de s\u00e9curit\u00e9 peut engendrer des risques comme le risque d\u2019hame\u00e7onnage et de vol d\u2019identit\u00e9. Dans ces cas, nous prenons rapidement des mesures visant \u00e0 att\u00e9nuer les risques et \u00e0 vous informer lorsque le risque de pr\u00e9judice grave est r\u00e9el ou lorsque la loi nous y oblige.<\/p>\n\n\n\n<p>Il est \u00e9galement important de noter que nous ne pouvons \u00eatre tenus responsables des donn\u00e9es personnelles que vous partagez avec d\u2019autres utilisateurs, que vous nous transmettez par des programmes de courriel non s\u00e9curis\u00e9s, ou que vous publiez dans des espaces publics tels que nos blogs. Ces espaces publics peuvent \u00eatre consult\u00e9s ou vus par toute personne visitant notre site web et ne sont donc pas couverts par cette politique.<\/p>\n\n\n\n<p>Nous demandons aussi votre participation pour favoriser la protection de vos renseignements personnels. Par exemple, si vous commandez nos produits en ligne, vous ne devriez y acc\u00e9der qu\u2019\u00e0 partir d\u2019un r\u00e9seau s\u00e9curitaire, vous devez cr\u00e9er des mots de passe uniques et complexes, ne pas les communiquer \u00e0 autrui et nous aviser sans tarder si vous croyez qu\u2019un de vos mots de passe a \u00e9t\u00e9 compromis.<\/p>\n\n\n\n<p><strong>Consentement<\/strong><br>Nous nous engageons \u00e0 prot\u00e9ger votre vie priv\u00e9e et nous recueillons et utilisons des informations personnelles qu\u2019avec votre consentement et dans la mesure o\u00f9 la loi l\u2019autorise ou l\u2019exige.<\/p>\n\n\n\n<p>En nous fournissant des informations personnelles, par quelque moyen que ce soit, vous acceptez les termes de notre politique de confidentialit\u00e9 et consentez \u00e0 la collecte et \u00e0 l\u2019utilisation de vos informations personnelles conform\u00e9ment \u00e0 cette politique.<\/p>\n\n\n\n<p>Dans certaines circonstances, nous pouvons \u00eatre amen\u00e9s \u00e0 recueillir, utiliser ou divulguer des renseignements personnels sans votre consentement. Cela se produit lorsque des raisons juridiques, m\u00e9dicales, professionnelles ou de s\u00e9curit\u00e9 rendent impossible ou peu pratique l\u2019obtention de votre consentement, ou lorsque les informations sont recueillies dans le cadre d\u2019une enqu\u00eate, de la pr\u00e9vention ou de la d\u00e9tection d\u2019une fraude, ou \u00e0 des fins d\u2019application de la loi.<\/p>\n\n\n\n<p>Vous pouvez retirer votre consentement \u00e0 tout moment, sauf dans les cas o\u00f9 la loi ou les contrats en vigueur le restreignent. Nous vous informerons des cons\u00e9quences d\u2019un tel retrait, notamment de la possibilit\u00e9 que nous ne soyons pas en mesure de fournir un produit ou de traiter une demande. Votre d\u00e9cision de retirer votre consentement sera enregistr\u00e9e dans nos dossiers.<\/p>\n\n\n\n<p><strong>Conservation et destruction des renseignements personnels<\/strong><br>Nous conservons vos renseignements personnels aussi longtemps que n\u00e9cessaire, selon les fins pour lesquelles ils ont \u00e9t\u00e9 recueillis, ou plus longtemps si les lois applicables l\u2019imposent ou l\u2019autorisent.<\/p>\n\n\n\n<p>Nous conservons les donn\u00e9es relatives \u00e0 votre compte aussi longtemps que la loi l\u2019exige. Vous pouvez demander la suppression de vos renseignements personnels en communiquant avec le responsable de la protection des renseignements personnels dont les coordonn\u00e9es figurent au prochain paragraphe. Nous nous efforcerons d\u2019acc\u00e9der \u00e0 votre demande, toujours sous r\u00e9serve des exigences pr\u00e9vues par la loi.<\/p>\n\n\n\n<p><strong>Acc\u00e8s et correction des renseignements personnels<\/strong><br>Nous mettons tout en \u0153uvre pour que vos informations personnelles soient aussi pr\u00e9cises et compl\u00e8tes que n\u00e9cessaire aux fins de leur collecte, utilisation ou divulgation.<\/p>\n\n\n\n<p>Sous r\u00e9serve des lois applicables, sur r\u00e9ception d\u2019une demande \u00e9crite d\u2019une personne et apr\u00e8s v\u00e9rification de son identit\u00e9, nous informerons la personne si nous d\u00e9tenons des renseignements personnels \u00e0 son sujet et lui communiquerons ces renseignements.<\/p>\n\n\n\n<p>Nous pouvons refuser \u00e0 une personne l\u2019acc\u00e8s \u00e0 ses informations conform\u00e9ment aux lois en vigueur, auquel cas nous motiverons le refus.<\/p>\n\n\n\n<p>Toute demande de v\u00e9rification ou de modification de vos donn\u00e9es personnelles peut \u00eatre effectu\u00e9e de fa\u00e7on informelle en communiquant avec le personnel de Bois Antique et apr\u00e8s vous \u00eatre identifi\u00e9s. Cette m\u00e9thode est la plus rapide et la plus pratique. Notre personnel est form\u00e9 afin de r\u00e9pondre aux demandes usuelles de v\u00e9rification et de modification des donn\u00e9es personnelles tel un changement d\u2019adresse, num\u00e9ro de t\u00e9l\u00e9phone, etc.<\/p>\n\n\n\n<p>Si vous estimez devoir effectuer une demande formelle d\u2019acc\u00e8s aux informations ou demande de modification, celle-ci devra \u00eatre faite par \u00e9crit et envoy\u00e9e \u00e0 la personne responsable de la protection des renseignements personnels, \u00e0 l\u2019adresse suivante :<\/p>\n\n\n\n<p><strong>Bois Antique Veser Inc.<\/strong><br>M. Ralf Veser, Pr\u00e9sident<br>Responsable de la protection des renseignements personnels<br>719 Mont\u00e9e Douglass<br>St-Cyprien-de-Napierville (Qu\u00e9bec) J0J 1L0<\/p>\n\n\n\n<p>(514) 605-6420<br>info@veserantiquewoods.com<\/p>\n\n\n\n<p><strong>R\u00f4le et responsabilit\u00e9s de Bois Antique<\/strong><br>Nous sommes responsables des renseignements personnels recueillis, conserv\u00e9s, utilis\u00e9s, communiqu\u00e9s et d\u00e9truits dans le cadre de l\u2019ex\u00e9cution de notre mandat. Nous continuerons d\u2019\u00e9laborer des politiques et des pratiques pour nous assurer que ces renseignements sont trait\u00e9s en stricte conformit\u00e9 avec la Loi sur la protection des renseignements personnels dans le secteur priv\u00e9.<\/p>\n\n\n\n<p>Nous sommes \u00e9galement responsables de v\u00e9rifier notre conformit\u00e9 \u00e0 la pr\u00e9sente politique et effectuons des v\u00e9rifications p\u00e9riodiques de tous nos programmes et services.<\/p>\n\n\n\n<p><strong>Plaintes et pr\u00e9occupations<\/strong><br>Notre personnel et nos repr\u00e9sentants sont form\u00e9s pour r\u00e9pondre aux questions ou aux pr\u00e9occupations concernant vos informations personnelles. Si vous n\u2019\u00eates pas satisfait de la r\u00e9ponse de notre employ\u00e9 ou de notre repr\u00e9sentant, vous pouvez contacter la personne responsable de la protection de la vie priv\u00e9e \u00e0 l\u2019adresse mentionn\u00e9e ci-dessus.<\/p>\n\n\n\n<p><strong>Modification de la politique de confidentialit\u00e9<\/strong><br>Nous pouvons modifier cette politique de temps \u00e0 autre et nous publierons la version la plus r\u00e9cente en ligne. Nous vous encourageons \u00e0 consulter r\u00e9guli\u00e8rement cette politique de confidentialit\u00e9 pour vous tenir inform\u00e9 de tout changement.<\/p>\n\n\n\n<p>Derni\u00e8re mise \u00e0 jour : 1 er mai 2024<\/p>\n","protected":false},"excerpt":{"rendered":"<p>Politique sur la protection des renseignements personnels de Bois Antique Veser Inc.Chez Bois Antique Veser Inc. (\u00ab\u00a0Bois Antique\u00a0\u00bb), nous croyons fermement \u00e0 l\u2019importance de prot\u00e9ger les informations personnelles de nos clients, employ\u00e9s et fournisseurs (d\u00e9sign\u00e9s ci-apr\u00e8s par \u00ab vous \u00bb, \u00ab votre \u00bb). Nous nous&#8230;<\/p>\n","protected":false},"author":1,"featured_media":0,"parent":0,"menu_order":0,"comment_status":"closed","ping_status":"closed","template":"","meta":{"footnotes":""},"class_list":["post-14544","page","type-page","status-publish","hentry"],"yoast_head":"<!-- This site is optimized with the Yoast SEO plugin v26.2 - https:\/\/yoast.com\/wordpress\/plugins\/seo\/ -->\n<title>POLITIQUE DE CONFIDENTIALIT\u00c9 - Bois Antique Veser<\/title>\n<meta name=\"robots\" content=\"index, follow, max-snippet:-1, max-image-preview:large, max-video-preview:-1\" \/>\n<link rel=\"canonical\" href=\"https:\/\/reclaimedantiquewoods.com\/fr\/politique-de-confidentialite\/\" \/>\n<meta property=\"og:locale\" content=\"fr_FR\" \/>\n<meta property=\"og:type\" content=\"article\" \/>\n<meta property=\"og:title\" content=\"POLITIQUE DE CONFIDENTIALIT\u00c9 - Bois Antique Veser\" \/>\n<meta property=\"og:description\" content=\"Politique sur la protection des renseignements personnels de Bois Antique Veser Inc.Chez Bois Antique Veser Inc. (\u00ab\u00a0Bois Antique\u00a0\u00bb), nous croyons fermement \u00e0 l\u2019importance de prot\u00e9ger les informations personnelles de nos clients, employ\u00e9s et fournisseurs (d\u00e9sign\u00e9s ci-apr\u00e8s par \u00ab vous \u00bb, \u00ab votre \u00bb). Nous nous...\" \/>\n<meta property=\"og:url\" content=\"https:\/\/reclaimedantiquewoods.com\/fr\/politique-de-confidentialite\/\" \/>\n<meta property=\"og:site_name\" content=\"Bois Antique Veser\" \/>\n<meta property=\"article:modified_time\" content=\"2024-05-06T19:47:03+00:00\" \/>\n<meta name=\"twitter:card\" content=\"summary_large_image\" \/>\n<meta name=\"twitter:label1\" content=\"Dur\u00e9e de lecture estim\u00e9e\" \/>\n\t<meta name=\"twitter:data1\" content=\"8 minutes\" \/>\n<script type=\"application\/ld+json\" class=\"yoast-schema-graph\">{\"@context\":\"https:\/\/schema.org\",\"@graph\":[{\"@type\":\"WebPage\",\"@id\":\"https:\/\/reclaimedantiquewoods.com\/fr\/politique-de-confidentialite\/\",\"url\":\"https:\/\/reclaimedantiquewoods.com\/fr\/politique-de-confidentialite\/\",\"name\":\"POLITIQUE DE CONFIDENTIALIT\u00c9 - Bois Antique Veser\",\"isPartOf\":{\"@id\":\"https:\/\/reclaimedantiquewoods.com\/fr\/#website\"},\"datePublished\":\"2024-05-06T19:47:01+00:00\",\"dateModified\":\"2024-05-06T19:47:03+00:00\",\"breadcrumb\":{\"@id\":\"https:\/\/reclaimedantiquewoods.com\/fr\/politique-de-confidentialite\/#breadcrumb\"},\"inLanguage\":\"fr-FR\",\"potentialAction\":[{\"@type\":\"ReadAction\",\"target\":[\"https:\/\/reclaimedantiquewoods.com\/fr\/politique-de-confidentialite\/\"]}]},{\"@type\":\"BreadcrumbList\",\"@id\":\"https:\/\/reclaimedantiquewoods.com\/fr\/politique-de-confidentialite\/#breadcrumb\",\"itemListElement\":[{\"@type\":\"ListItem\",\"position\":1,\"name\":\"Home\",\"item\":\"https:\/\/reclaimedantiquewoods.com\/fr\/\"},{\"@type\":\"ListItem\",\"position\":2,\"name\":\"POLITIQUE DE CONFIDENTIALIT\u00c9\"}]},{\"@type\":\"WebSite\",\"@id\":\"https:\/\/reclaimedantiquewoods.com\/fr\/#website\",\"url\":\"https:\/\/reclaimedantiquewoods.com\/fr\/\",\"name\":\"Bois Antique Veser\",\"description\":\"\",\"potentialAction\":[{\"@type\":\"SearchAction\",\"target\":{\"@type\":\"EntryPoint\",\"urlTemplate\":\"https:\/\/reclaimedantiquewoods.com\/fr\/?s={search_term_string}\"},\"query-input\":{\"@type\":\"PropertyValueSpecification\",\"valueRequired\":true,\"valueName\":\"search_term_string\"}}],\"inLanguage\":\"fr-FR\"}]}<\/script>\n<!-- \/ Yoast SEO plugin. -->","yoast_head_json":{"title":"POLITIQUE DE CONFIDENTIALIT\u00c9 - Bois Antique Veser","robots":{"index":"index","follow":"follow","max-snippet":"max-snippet:-1","max-image-preview":"max-image-preview:large","max-video-preview":"max-video-preview:-1"},"canonical":"https:\/\/reclaimedantiquewoods.com\/fr\/politique-de-confidentialite\/","og_locale":"fr_FR","og_type":"article","og_title":"POLITIQUE DE CONFIDENTIALIT\u00c9 - Bois Antique Veser","og_description":"Politique sur la protection des renseignements personnels de Bois Antique Veser Inc.Chez Bois Antique Veser Inc. (\u00ab\u00a0Bois Antique\u00a0\u00bb), nous croyons fermement \u00e0 l\u2019importance de prot\u00e9ger les informations personnelles de nos clients, employ\u00e9s et fournisseurs (d\u00e9sign\u00e9s ci-apr\u00e8s par \u00ab vous \u00bb, \u00ab votre \u00bb). Nous nous...","og_url":"https:\/\/reclaimedantiquewoods.com\/fr\/politique-de-confidentialite\/","og_site_name":"Bois Antique Veser","article_modified_time":"2024-05-06T19:47:03+00:00","twitter_card":"summary_large_image","twitter_misc":{"Dur\u00e9e de lecture estim\u00e9e":"8 minutes"},"schema":{"@context":"https:\/\/schema.org","@graph":[{"@type":"WebPage","@id":"https:\/\/reclaimedantiquewoods.com\/fr\/politique-de-confidentialite\/","url":"https:\/\/reclaimedantiquewoods.com\/fr\/politique-de-confidentialite\/","name":"POLITIQUE DE CONFIDENTIALIT\u00c9 - Bois Antique Veser","isPartOf":{"@id":"https:\/\/reclaimedantiquewoods.com\/fr\/#website"},"datePublished":"2024-05-06T19:47:01+00:00","dateModified":"2024-05-06T19:47:03+00:00","breadcrumb":{"@id":"https:\/\/reclaimedantiquewoods.com\/fr\/politique-de-confidentialite\/#breadcrumb"},"inLanguage":"fr-FR","potentialAction":[{"@type":"ReadAction","target":["https:\/\/reclaimedantiquewoods.com\/fr\/politique-de-confidentialite\/"]}]},{"@type":"BreadcrumbList","@id":"https:\/\/reclaimedantiquewoods.com\/fr\/politique-de-confidentialite\/#breadcrumb","itemListElement":[{"@type":"ListItem","position":1,"name":"Home","item":"https:\/\/reclaimedantiquewoods.com\/fr\/"},{"@type":"ListItem","position":2,"name":"POLITIQUE DE CONFIDENTIALIT\u00c9"}]},{"@type":"WebSite","@id":"https:\/\/reclaimedantiquewoods.com\/fr\/#website","url":"https:\/\/reclaimedantiquewoods.com\/fr\/","name":"Bois Antique Veser","description":"","potentialAction":[{"@type":"SearchAction","target":{"@type":"EntryPoint","urlTemplate":"https:\/\/reclaimedantiquewoods.com\/fr\/?s={search_term_string}"},"query-input":{"@type":"PropertyValueSpecification","valueRequired":true,"valueName":"search_term_string"}}],"inLanguage":"fr-FR"}]}},"_links":{"self":[{"href":"https:\/\/reclaimedantiquewoods.com\/fr\/wp-json\/wp\/v2\/pages\/14544","targetHints":{"allow":["GET"]}}],"collection":[{"href":"https:\/\/reclaimedantiquewoods.com\/fr\/wp-json\/wp\/v2\/pages"}],"about":[{"href":"https:\/\/reclaimedantiquewoods.com\/fr\/wp-json\/wp\/v2\/types\/page"}],"author":[{"embeddable":true,"href":"https:\/\/reclaimedantiquewoods.com\/fr\/wp-json\/wp\/v2\/users\/1"}],"replies":[{"embeddable":true,"href":"https:\/\/reclaimedantiquewoods.com\/fr\/wp-json\/wp\/v2\/comments?post=14544"}],"version-history":[{"count":1,"href":"https:\/\/reclaimedantiquewoods.com\/fr\/wp-json\/wp\/v2\/pages\/14544\/revisions"}],"predecessor-version":[{"id":14545,"href":"https:\/\/reclaimedantiquewoods.com\/fr\/wp-json\/wp\/v2\/pages\/14544\/revisions\/14545"}],"wp:attachment":[{"href":"https:\/\/reclaimedantiquewoods.com\/fr\/wp-json\/wp\/v2\/media?parent=14544"}],"curies":[{"name":"wp","href":"https:\/\/api.w.org\/{rel}","templated":true}]}}