{"id":14180,"date":"2020-11-04T13:22:56","date_gmt":"2020-11-04T13:22:56","guid":{"rendered":"https:\/\/reclaimedantiquewoods.com\/product\/black-knight-paneling-2\/"},"modified":"2020-12-14T15:55:58","modified_gmt":"2020-12-14T15:55:58","slug":"black-knight-paneling-2","status":"publish","type":"product","link":"https:\/\/reclaimedantiquewoods.com\/fr\/produit\/black-knight-paneling-2\/","title":{"rendered":"Panneau mural Chevalier Noir"},"content":{"rendered":"<p>Nos lambris et rev\u00eatements de bois Chevalier Noir sont cr\u00e9\u00e9s \u00e0 partir des meilleurs bois d&rsquo;\u0153uvre authentiques et r\u00e9cup\u00e9r\u00e9s de diverses structures anciennes en Am\u00e9rique du Nord. Ces panneaux recycl\u00e9s sont le r\u00e9sultat de plus de 100 ans de vieillissement naturel. Le caract\u00e8re, la couleur et la texture en font des \u00e9l\u00e9ments uniques dans chaque projet design. Ce nouveau produit, qui se veut une version moderne et une variante unique du bois antique, ne manquera pas d&rsquo;impressionner.<\/p>\n<ul>\n<li>Livraison gratuite partout au Canada pour toute commande de \u00ab\u00a0Bois de grange en bo\u00eete\u00a0\u00bb lorsque vous commandez 2 bo\u00eetes ou plus!<\/li>\n<li>Pour l&rsquo;exp\u00e9dition internationale, veuillez nous appeler! Nous exp\u00e9dions partout dans le monde.<\/li>\n<\/ul>\n","protected":false},"excerpt":{"rendered":"<p>Nos panneaux muraux en bois Chevalier Noir sont fabriqu\u00e9s \u00e0 partir d&rsquo;authentiques planches de grange r\u00e9cup\u00e9r\u00e9es. Ce bois pr\u00e9sente une texture agr\u00e9ablement patin\u00e9e, des trous de clous et des variations de tons de couleurs. Ce produit est bross\u00e9 en surface et peint avec notre peinture noire personnalis\u00e9e <em>\u00e0 l&rsquo;ancienne<\/em>, ce qui rend nos panneaux de grange Chevalier Noir sup\u00e9rieurs car il n&rsquo;y a pas de peinture \u00e0 base de plomb ni d&rsquo;\u00e9caillage. Ce panneau mural en bois, unique en son genre, vous permettra d\u2019appr\u00e9cier la beaut\u00e9 d\u2019un mur de bois d\u00e9coratif exceptionnel, ou d\u2019\u00e9tag\u00e8res en bois de grange qui sauront attirer l&rsquo;attention.<\/p>\n<ul>\n<li>Nous vendons <strong>20 pieds carr\u00e9s de panneaux muraux par bo\u00eete<\/strong>. L&rsquo;unit\u00e9 de quantit\u00e9 ci-dessous, par exemple 1, repr\u00e9sente 20 p.c.<\/li>\n<li>Nous vous sugg\u00e9rons de commander <strong>entre 5 \u00e0 10 % de plus<\/strong> pour les pertes.<\/li>\n<\/ul>\n<p><b style=\"color: #13763c;\"><strong>Si vous ne trouvez pas les sp\u00e9cifications dont vous avez besoin dans notre section \u00ab\u00a0Magasinez en ligne\u00a0\u00bb, veuillez nous appeler pour discuter des options et voir notre onglet \u00ab\u00a0sp\u00e9cifications\u00a0\u00bb ci-dessous pour les options standard<\/strong>.<\/b><\/p>\n<p><strong>Longueur (en pieds) :<\/strong> 1&prime;- 4&prime;<br \/>\n<strong>\u00c9paisseur :<\/strong> 3\/8&Prime;<br \/>\n<strong>Usinage :<\/strong> Profil carr\u00e9<\/p>\n","protected":false},"featured_media":13922,"comment_status":"open","ping_status":"closed","template":"","meta":[],"product_brand":[],"product_cat":[201],"product_tag":[358,315,313,357,308,310,314,309,316],"class_list":{"0":"post-14180","1":"product","2":"type-product","3":"status-publish","4":"has-post-thumbnail","6":"product_cat-bois-de-grange-en-boite","7":"product_tag-bois-de-grange-en-boite","8":"product_tag-bois-rustique","9":"product_tag-interieur","10":"product_tag-lambris-en-boite","11":"product_tag-mur-daccent-en-bois","12":"product_tag-mur-design-en-bois-de-grange","13":"product_tag-mur-en-bois-recycle","14":"product_tag-planche-de-grange","15":"product_tag-revetement-mural-lambris-de-bois-panneau-mural","17":"first","18":"instock","19":"taxable","20":"shipping-taxable","21":"purchasable","22":"product-type-variable"},"yoast_head":"<!-- This site is optimized with the Yoast SEO plugin v26.2 - https:\/\/yoast.com\/wordpress\/plugins\/seo\/ -->\n<title>Panneau mural Chevalier Noir - Bois Antique Veser<\/title>\n<meta name=\"robots\" content=\"index, follow, max-snippet:-1, max-image-preview:large, max-video-preview:-1\" \/>\n<link rel=\"canonical\" href=\"https:\/\/reclaimedantiquewoods.com\/fr\/produit\/black-knight-paneling-2\/\" \/>\n<meta property=\"og:locale\" content=\"fr_FR\" \/>\n<meta property=\"og:type\" content=\"article\" \/>\n<meta property=\"og:title\" content=\"Panneau mural Chevalier Noir - Bois Antique Veser\" \/>\n<meta property=\"og:description\" content=\"Nos panneaux muraux en bois Chevalier Noir sont fabriqu\u00e9s \u00e0 partir d&#039;authentiques planches de grange r\u00e9cup\u00e9r\u00e9es. Ce bois pr\u00e9sente une texture agr\u00e9ablement patin\u00e9e, des trous de clous et des variations de tons de couleurs. Ce produit est bross\u00e9 en surface et peint avec notre peinture noire personnalis\u00e9e \u00e0 l&#039;ancienne, ce qui rend nos panneaux de grange Chevalier Noir sup\u00e9rieurs car il n&#039;y a pas de peinture \u00e0 base de plomb ni d&#039;\u00e9caillage. Ce panneau mural en bois, unique en son genre, vous permettra d\u2019appr\u00e9cier la beaut\u00e9 d\u2019un mur de bois d\u00e9coratif exceptionnel, ou d\u2019\u00e9tag\u00e8res en bois de grange qui sauront attirer l&#039;attention.   Nous vendons 20 pieds carr\u00e9s de panneaux muraux par bo\u00eete. L&#039;unit\u00e9 de quantit\u00e9 ci-dessous, par exemple 1, repr\u00e9sente 20 p.c.  Nous vous sugg\u00e9rons de commander entre 5 \u00e0 10 % de plus pour les pertes.  Si vous ne trouvez pas les sp\u00e9cifications dont vous avez besoin dans notre section &quot;Magasinez en ligne&quot;, veuillez nous appeler pour discuter des options et voir notre onglet &quot;sp\u00e9cifications&quot; ci-dessous pour les options standard.  Longueur (en pieds) : 1&#039;- 4&#039; \u00c9paisseur : 3\/8&quot; Usinage : Profil carr\u00e9\" \/>\n<meta property=\"og:url\" content=\"https:\/\/reclaimedantiquewoods.com\/fr\/produit\/black-knight-paneling-2\/\" \/>\n<meta property=\"og:site_name\" content=\"Bois Antique Veser\" \/>\n<meta property=\"article:modified_time\" content=\"2020-12-14T15:55:58+00:00\" \/>\n<meta property=\"og:image\" content=\"https:\/\/reclaimedantiquewoods.com\/wp-content\/uploads\/2020\/10\/black-knight-paneling-1.jpg\" \/>\n\t<meta property=\"og:image:width\" content=\"600\" \/>\n\t<meta property=\"og:image:height\" content=\"600\" \/>\n\t<meta property=\"og:image:type\" content=\"image\/jpeg\" \/>\n<meta name=\"twitter:card\" content=\"summary_large_image\" \/>\n<meta name=\"twitter:label1\" content=\"Dur\u00e9e de lecture estim\u00e9e\" \/>\n\t<meta name=\"twitter:data1\" content=\"1 minute\" \/>\n<script type=\"application\/ld+json\" class=\"yoast-schema-graph\">{\"@context\":\"https:\/\/schema.org\",\"@graph\":[{\"@type\":\"WebPage\",\"@id\":\"https:\/\/reclaimedantiquewoods.com\/fr\/produit\/black-knight-paneling-2\/\",\"url\":\"https:\/\/reclaimedantiquewoods.com\/fr\/produit\/black-knight-paneling-2\/\",\"name\":\"Panneau mural Chevalier Noir - Bois Antique Veser\",\"isPartOf\":{\"@id\":\"https:\/\/reclaimedantiquewoods.com\/fr\/#website\"},\"primaryImageOfPage\":{\"@id\":\"https:\/\/reclaimedantiquewoods.com\/fr\/produit\/black-knight-paneling-2\/#primaryimage\"},\"image\":{\"@id\":\"https:\/\/reclaimedantiquewoods.com\/fr\/produit\/black-knight-paneling-2\/#primaryimage\"},\"thumbnailUrl\":\"https:\/\/reclaimedantiquewoods.com\/wp-content\/uploads\/2020\/10\/black-knight-paneling-1.jpg\",\"datePublished\":\"2020-11-04T13:22:56+00:00\",\"dateModified\":\"2020-12-14T15:55:58+00:00\",\"breadcrumb\":{\"@id\":\"https:\/\/reclaimedantiquewoods.com\/fr\/produit\/black-knight-paneling-2\/#breadcrumb\"},\"inLanguage\":\"fr-FR\",\"potentialAction\":[{\"@type\":\"ReadAction\",\"target\":[\"https:\/\/reclaimedantiquewoods.com\/fr\/produit\/black-knight-paneling-2\/\"]}]},{\"@type\":\"ImageObject\",\"inLanguage\":\"fr-FR\",\"@id\":\"https:\/\/reclaimedantiquewoods.com\/fr\/produit\/black-knight-paneling-2\/#primaryimage\",\"url\":\"https:\/\/reclaimedantiquewoods.com\/wp-content\/uploads\/2020\/10\/black-knight-paneling-1.jpg\",\"contentUrl\":\"https:\/\/reclaimedantiquewoods.com\/wp-content\/uploads\/2020\/10\/black-knight-paneling-1.jpg\",\"width\":600,\"height\":600},{\"@type\":\"BreadcrumbList\",\"@id\":\"https:\/\/reclaimedantiquewoods.com\/fr\/produit\/black-knight-paneling-2\/#breadcrumb\",\"itemListElement\":[{\"@type\":\"ListItem\",\"position\":1,\"name\":\"Home\",\"item\":\"https:\/\/reclaimedantiquewoods.com\/fr\/\"},{\"@type\":\"ListItem\",\"position\":2,\"name\":\"Nos produits\",\"item\":\"https:\/\/reclaimedantiquewoods.com\/fr\/boutique\/\"},{\"@type\":\"ListItem\",\"position\":3,\"name\":\"Panneau mural Chevalier Noir\"}]},{\"@type\":\"WebSite\",\"@id\":\"https:\/\/reclaimedantiquewoods.com\/fr\/#website\",\"url\":\"https:\/\/reclaimedantiquewoods.com\/fr\/\",\"name\":\"Bois Antique Veser\",\"description\":\"\",\"potentialAction\":[{\"@type\":\"SearchAction\",\"target\":{\"@type\":\"EntryPoint\",\"urlTemplate\":\"https:\/\/reclaimedantiquewoods.com\/fr\/?s={search_term_string}\"},\"query-input\":{\"@type\":\"PropertyValueSpecification\",\"valueRequired\":true,\"valueName\":\"search_term_string\"}}],\"inLanguage\":\"fr-FR\"}]}<\/script>\n<!-- \/ Yoast SEO plugin. -->","yoast_head_json":{"title":"Panneau mural Chevalier Noir - Bois Antique Veser","robots":{"index":"index","follow":"follow","max-snippet":"max-snippet:-1","max-image-preview":"max-image-preview:large","max-video-preview":"max-video-preview:-1"},"canonical":"https:\/\/reclaimedantiquewoods.com\/fr\/produit\/black-knight-paneling-2\/","og_locale":"fr_FR","og_type":"article","og_title":"Panneau mural Chevalier Noir - Bois Antique Veser","og_description":"Nos panneaux muraux en bois Chevalier Noir sont fabriqu\u00e9s \u00e0 partir d'authentiques planches de grange r\u00e9cup\u00e9r\u00e9es. Ce bois pr\u00e9sente une texture agr\u00e9ablement patin\u00e9e, des trous de clous et des variations de tons de couleurs. Ce produit est bross\u00e9 en surface et peint avec notre peinture noire personnalis\u00e9e \u00e0 l'ancienne, ce qui rend nos panneaux de grange Chevalier Noir sup\u00e9rieurs car il n'y a pas de peinture \u00e0 base de plomb ni d'\u00e9caillage. Ce panneau mural en bois, unique en son genre, vous permettra d\u2019appr\u00e9cier la beaut\u00e9 d\u2019un mur de bois d\u00e9coratif exceptionnel, ou d\u2019\u00e9tag\u00e8res en bois de grange qui sauront attirer l'attention.   Nous vendons 20 pieds carr\u00e9s de panneaux muraux par bo\u00eete. L'unit\u00e9 de quantit\u00e9 ci-dessous, par exemple 1, repr\u00e9sente 20 p.c.  Nous vous sugg\u00e9rons de commander entre 5 \u00e0 10 % de plus pour les pertes.  Si vous ne trouvez pas les sp\u00e9cifications dont vous avez besoin dans notre section \"Magasinez en ligne\", veuillez nous appeler pour discuter des options et voir notre onglet \"sp\u00e9cifications\" ci-dessous pour les options standard.  Longueur (en pieds) : 1'- 4' \u00c9paisseur : 3\/8\" Usinage : Profil carr\u00e9","og_url":"https:\/\/reclaimedantiquewoods.com\/fr\/produit\/black-knight-paneling-2\/","og_site_name":"Bois Antique Veser","article_modified_time":"2020-12-14T15:55:58+00:00","og_image":[{"width":600,"height":600,"url":"https:\/\/reclaimedantiquewoods.com\/wp-content\/uploads\/2020\/10\/black-knight-paneling-1.jpg","type":"image\/jpeg"}],"twitter_card":"summary_large_image","twitter_misc":{"Dur\u00e9e de lecture estim\u00e9e":"1 minute"},"schema":{"@context":"https:\/\/schema.org","@graph":[{"@type":"WebPage","@id":"https:\/\/reclaimedantiquewoods.com\/fr\/produit\/black-knight-paneling-2\/","url":"https:\/\/reclaimedantiquewoods.com\/fr\/produit\/black-knight-paneling-2\/","name":"Panneau mural Chevalier Noir - Bois Antique Veser","isPartOf":{"@id":"https:\/\/reclaimedantiquewoods.com\/fr\/#website"},"primaryImageOfPage":{"@id":"https:\/\/reclaimedantiquewoods.com\/fr\/produit\/black-knight-paneling-2\/#primaryimage"},"image":{"@id":"https:\/\/reclaimedantiquewoods.com\/fr\/produit\/black-knight-paneling-2\/#primaryimage"},"thumbnailUrl":"https:\/\/reclaimedantiquewoods.com\/wp-content\/uploads\/2020\/10\/black-knight-paneling-1.jpg","datePublished":"2020-11-04T13:22:56+00:00","dateModified":"2020-12-14T15:55:58+00:00","breadcrumb":{"@id":"https:\/\/reclaimedantiquewoods.com\/fr\/produit\/black-knight-paneling-2\/#breadcrumb"},"inLanguage":"fr-FR","potentialAction":[{"@type":"ReadAction","target":["https:\/\/reclaimedantiquewoods.com\/fr\/produit\/black-knight-paneling-2\/"]}]},{"@type":"ImageObject","inLanguage":"fr-FR","@id":"https:\/\/reclaimedantiquewoods.com\/fr\/produit\/black-knight-paneling-2\/#primaryimage","url":"https:\/\/reclaimedantiquewoods.com\/wp-content\/uploads\/2020\/10\/black-knight-paneling-1.jpg","contentUrl":"https:\/\/reclaimedantiquewoods.com\/wp-content\/uploads\/2020\/10\/black-knight-paneling-1.jpg","width":600,"height":600},{"@type":"BreadcrumbList","@id":"https:\/\/reclaimedantiquewoods.com\/fr\/produit\/black-knight-paneling-2\/#breadcrumb","itemListElement":[{"@type":"ListItem","position":1,"name":"Home","item":"https:\/\/reclaimedantiquewoods.com\/fr\/"},{"@type":"ListItem","position":2,"name":"Nos produits","item":"https:\/\/reclaimedantiquewoods.com\/fr\/boutique\/"},{"@type":"ListItem","position":3,"name":"Panneau mural Chevalier Noir"}]},{"@type":"WebSite","@id":"https:\/\/reclaimedantiquewoods.com\/fr\/#website","url":"https:\/\/reclaimedantiquewoods.com\/fr\/","name":"Bois Antique Veser","description":"","potentialAction":[{"@type":"SearchAction","target":{"@type":"EntryPoint","urlTemplate":"https:\/\/reclaimedantiquewoods.com\/fr\/?s={search_term_string}"},"query-input":{"@type":"PropertyValueSpecification","valueRequired":true,"valueName":"search_term_string"}}],"inLanguage":"fr-FR"}]}},"_links":{"self":[{"href":"https:\/\/reclaimedantiquewoods.com\/fr\/wp-json\/wp\/v2\/product\/14180","targetHints":{"allow":["GET"]}}],"collection":[{"href":"https:\/\/reclaimedantiquewoods.com\/fr\/wp-json\/wp\/v2\/product"}],"about":[{"href":"https:\/\/reclaimedantiquewoods.com\/fr\/wp-json\/wp\/v2\/types\/product"}],"replies":[{"embeddable":true,"href":"https:\/\/reclaimedantiquewoods.com\/fr\/wp-json\/wp\/v2\/comments?post=14180"}],"wp:featuredmedia":[{"embeddable":true,"href":"https:\/\/reclaimedantiquewoods.com\/fr\/wp-json\/wp\/v2\/media\/13922"}],"wp:attachment":[{"href":"https:\/\/reclaimedantiquewoods.com\/fr\/wp-json\/wp\/v2\/media?parent=14180"}],"wp:term":[{"taxonomy":"product_brand","embeddable":true,"href":"https:\/\/reclaimedantiquewoods.com\/fr\/wp-json\/wp\/v2\/product_brand?post=14180"},{"taxonomy":"product_cat","embeddable":true,"href":"https:\/\/reclaimedantiquewoods.com\/fr\/wp-json\/wp\/v2\/product_cat?post=14180"},{"taxonomy":"product_tag","embeddable":true,"href":"https:\/\/reclaimedantiquewoods.com\/fr\/wp-json\/wp\/v2\/product_tag?post=14180"}],"curies":[{"name":"wp","href":"https:\/\/api.w.org\/{rel}","templated":true}]}}