{"id":14202,"date":"2020-10-19T13:17:51","date_gmt":"2020-10-19T13:17:51","guid":{"rendered":"https:\/\/reclaimedantiquewoods.com\/product\/tables\/"},"modified":"2021-01-05T14:30:14","modified_gmt":"2021-01-05T14:30:14","slug":"tables","status":"publish","type":"product","link":"https:\/\/reclaimedantiquewoods.com\/fr\/produit\/tables\/","title":{"rendered":"Tables"},"content":{"rendered":"<p>Une pi\u00e8ce de r\u00e9sistance sublime attire l&rsquo;attention. Nos tables en bois recycl\u00e9 sont con\u00e7ues \u00e0 partir des meilleurs bois d&rsquo;\u0153uvre authentiques r\u00e9cup\u00e9r\u00e9s dans diverses structures, granges et entrep\u00f4ts en Am\u00e9rique du Nord. Avec un choix de formes et de designs diff\u00e9rents, nous offrons \u00e9galement une vari\u00e9t\u00e9 de rebords tels que le \u00ab\u00a0live edge\u00a0\u00bb, et pouvons vous guider dans le style et la d\u00e9coration que vous souhaitez cr\u00e9er.<\/p>\n<ul>\n<li>Consultez notre section \u00ab\u00a0Magasinez en ligne\u00a0\u00bb pour conna\u00eetre tous les d\u00e9tails de la livraison gratuite!<\/li>\n<li>Pour l&rsquo;exp\u00e9dition internationale, veuillez nous appeler! Nous exp\u00e9dions partout dans le monde.<\/li>\n<\/ul>\n<p>&nbsp;<\/p>\n","protected":false},"excerpt":{"rendered":"<p>Nos dessus de table en bois recycl\u00e9 sont fabriqu\u00e9s \u00e0 partir d&rsquo;authentiques planches de grange recycl\u00e9es. Lors de la cr\u00e9ation de votre table en bois vintage unique, nous d\u00e9passerons vos attentes en vous fournissant des conseils sur la durabilit\u00e9, le style et les qualit\u00e9s de nos diff\u00e9rents bois r\u00e9cup\u00e9r\u00e9s. Nous offrons de multiples surfaces et rebords qui cr\u00e9eront tous un aspect exclusif \u00e0 votre projet personnalis\u00e9. Avec autant d&rsquo;essences et d&rsquo;options parmi lesquelles choisir, n&rsquo;h\u00e9sitez pas \u00e0 nous appeler pour discuter de vos projets et de vos besoins.<\/p>\n<p><b style=\"color: #13763c;\">Toutes nos commandes sont faites sur mesure. <strong>Veuillez nous appeler pour discuter des options et voir notre onglet \u00ab\u00a0sp\u00e9cifications\u00a0\u00bb ci-dessous pour les options standard.<\/strong><\/b><\/p>\n","protected":false},"featured_media":14032,"comment_status":"open","ping_status":"closed","template":"","meta":[],"product_brand":[],"product_cat":[198],"product_tag":[355,344,339,353,338],"class_list":{"0":"post-14202","1":"product","2":"type-product","3":"status-publish","4":"has-post-thumbnail","6":"product_cat-ebenisterie-sur-mesure","7":"product_tag-dessus-de-table-en-bois-recycle","8":"product_tag-meubles-anciens-en-bois","9":"product_tag-meubles-en-bois-de-grange","10":"product_tag-table-en-bois-antique","11":"product_tag-table-en-bois-de-grange","13":"first","14":"instock","15":"taxable","16":"shipping-taxable","17":"product-type-simple"},"yoast_head":"<!-- This site is optimized with the Yoast SEO plugin v26.2 - https:\/\/yoast.com\/wordpress\/plugins\/seo\/ -->\n<title>Tables - Bois Antique Veser<\/title>\n<meta name=\"description\" content=\"Our reclaimed wood tabletops are crafted from authentic reclaimed barn boards. In the process of creating your unique vintage wood table, we will exceed your specifications by providing you advice on durability, style and the qualities of our different reclaimed woods.\" \/>\n<meta name=\"robots\" content=\"index, follow, max-snippet:-1, max-image-preview:large, max-video-preview:-1\" \/>\n<link rel=\"canonical\" href=\"https:\/\/reclaimedantiquewoods.com\/fr\/produit\/tables\/\" \/>\n<meta property=\"og:locale\" content=\"fr_FR\" \/>\n<meta property=\"og:type\" content=\"article\" \/>\n<meta property=\"og:title\" content=\"Tables - Bois Antique Veser\" \/>\n<meta property=\"og:description\" content=\"Our reclaimed wood tabletops are crafted from authentic reclaimed barn boards. In the process of creating your unique vintage wood table, we will exceed your specifications by providing you advice on durability, style and the qualities of our different reclaimed woods.\" \/>\n<meta property=\"og:url\" content=\"https:\/\/reclaimedantiquewoods.com\/fr\/produit\/tables\/\" \/>\n<meta property=\"og:site_name\" content=\"Bois Antique Veser\" \/>\n<meta property=\"article:modified_time\" content=\"2021-01-05T14:30:14+00:00\" \/>\n<meta property=\"og:image\" content=\"https:\/\/reclaimedantiquewoods.com\/wp-content\/uploads\/2020\/10\/VESE_Site_web_facebook_table.png\" \/>\n\t<meta property=\"og:image:width\" content=\"1200\" \/>\n\t<meta property=\"og:image:height\" content=\"628\" \/>\n\t<meta property=\"og:image:type\" content=\"image\/png\" \/>\n<meta name=\"twitter:card\" content=\"summary_large_image\" \/>\n<meta name=\"twitter:label1\" content=\"Dur\u00e9e de lecture estim\u00e9e\" \/>\n\t<meta name=\"twitter:data1\" content=\"1 minute\" \/>\n<script type=\"application\/ld+json\" class=\"yoast-schema-graph\">{\"@context\":\"https:\/\/schema.org\",\"@graph\":[{\"@type\":\"WebPage\",\"@id\":\"https:\/\/reclaimedantiquewoods.com\/fr\/produit\/tables\/\",\"url\":\"https:\/\/reclaimedantiquewoods.com\/fr\/produit\/tables\/\",\"name\":\"Tables - Bois Antique Veser\",\"isPartOf\":{\"@id\":\"https:\/\/reclaimedantiquewoods.com\/fr\/#website\"},\"primaryImageOfPage\":{\"@id\":\"https:\/\/reclaimedantiquewoods.com\/fr\/produit\/tables\/#primaryimage\"},\"image\":{\"@id\":\"https:\/\/reclaimedantiquewoods.com\/fr\/produit\/tables\/#primaryimage\"},\"thumbnailUrl\":\"https:\/\/reclaimedantiquewoods.com\/wp-content\/uploads\/2020\/10\/custom-millwork-table-1.jpg\",\"datePublished\":\"2020-10-19T13:17:51+00:00\",\"dateModified\":\"2021-01-05T14:30:14+00:00\",\"description\":\"Our reclaimed wood tabletops are crafted from authentic reclaimed barn boards. In the process of creating your unique vintage wood table, we will exceed your specifications by providing you advice on durability, style and the qualities of our different reclaimed woods.\",\"breadcrumb\":{\"@id\":\"https:\/\/reclaimedantiquewoods.com\/fr\/produit\/tables\/#breadcrumb\"},\"inLanguage\":\"fr-FR\",\"potentialAction\":[{\"@type\":\"ReadAction\",\"target\":[\"https:\/\/reclaimedantiquewoods.com\/fr\/produit\/tables\/\"]}]},{\"@type\":\"ImageObject\",\"inLanguage\":\"fr-FR\",\"@id\":\"https:\/\/reclaimedantiquewoods.com\/fr\/produit\/tables\/#primaryimage\",\"url\":\"https:\/\/reclaimedantiquewoods.com\/wp-content\/uploads\/2020\/10\/custom-millwork-table-1.jpg\",\"contentUrl\":\"https:\/\/reclaimedantiquewoods.com\/wp-content\/uploads\/2020\/10\/custom-millwork-table-1.jpg\",\"width\":600,\"height\":600},{\"@type\":\"BreadcrumbList\",\"@id\":\"https:\/\/reclaimedantiquewoods.com\/fr\/produit\/tables\/#breadcrumb\",\"itemListElement\":[{\"@type\":\"ListItem\",\"position\":1,\"name\":\"Home\",\"item\":\"https:\/\/reclaimedantiquewoods.com\/fr\/\"},{\"@type\":\"ListItem\",\"position\":2,\"name\":\"Nos produits\",\"item\":\"https:\/\/reclaimedantiquewoods.com\/fr\/boutique\/\"},{\"@type\":\"ListItem\",\"position\":3,\"name\":\"Tables\"}]},{\"@type\":\"WebSite\",\"@id\":\"https:\/\/reclaimedantiquewoods.com\/fr\/#website\",\"url\":\"https:\/\/reclaimedantiquewoods.com\/fr\/\",\"name\":\"Bois Antique Veser\",\"description\":\"\",\"potentialAction\":[{\"@type\":\"SearchAction\",\"target\":{\"@type\":\"EntryPoint\",\"urlTemplate\":\"https:\/\/reclaimedantiquewoods.com\/fr\/?s={search_term_string}\"},\"query-input\":{\"@type\":\"PropertyValueSpecification\",\"valueRequired\":true,\"valueName\":\"search_term_string\"}}],\"inLanguage\":\"fr-FR\"}]}<\/script>\n<!-- \/ Yoast SEO plugin. -->","yoast_head_json":{"title":"Tables - Bois Antique Veser","description":"Our reclaimed wood tabletops are crafted from authentic reclaimed barn boards. In the process of creating your unique vintage wood table, we will exceed your specifications by providing you advice on durability, style and the qualities of our different reclaimed woods.","robots":{"index":"index","follow":"follow","max-snippet":"max-snippet:-1","max-image-preview":"max-image-preview:large","max-video-preview":"max-video-preview:-1"},"canonical":"https:\/\/reclaimedantiquewoods.com\/fr\/produit\/tables\/","og_locale":"fr_FR","og_type":"article","og_title":"Tables - Bois Antique Veser","og_description":"Our reclaimed wood tabletops are crafted from authentic reclaimed barn boards. In the process of creating your unique vintage wood table, we will exceed your specifications by providing you advice on durability, style and the qualities of our different reclaimed woods.","og_url":"https:\/\/reclaimedantiquewoods.com\/fr\/produit\/tables\/","og_site_name":"Bois Antique Veser","article_modified_time":"2021-01-05T14:30:14+00:00","og_image":[{"width":1200,"height":628,"url":"https:\/\/reclaimedantiquewoods.com\/wp-content\/uploads\/2020\/10\/VESE_Site_web_facebook_table.png","type":"image\/png"}],"twitter_card":"summary_large_image","twitter_misc":{"Dur\u00e9e de lecture estim\u00e9e":"1 minute"},"schema":{"@context":"https:\/\/schema.org","@graph":[{"@type":"WebPage","@id":"https:\/\/reclaimedantiquewoods.com\/fr\/produit\/tables\/","url":"https:\/\/reclaimedantiquewoods.com\/fr\/produit\/tables\/","name":"Tables - Bois Antique Veser","isPartOf":{"@id":"https:\/\/reclaimedantiquewoods.com\/fr\/#website"},"primaryImageOfPage":{"@id":"https:\/\/reclaimedantiquewoods.com\/fr\/produit\/tables\/#primaryimage"},"image":{"@id":"https:\/\/reclaimedantiquewoods.com\/fr\/produit\/tables\/#primaryimage"},"thumbnailUrl":"https:\/\/reclaimedantiquewoods.com\/wp-content\/uploads\/2020\/10\/custom-millwork-table-1.jpg","datePublished":"2020-10-19T13:17:51+00:00","dateModified":"2021-01-05T14:30:14+00:00","description":"Our reclaimed wood tabletops are crafted from authentic reclaimed barn boards. In the process of creating your unique vintage wood table, we will exceed your specifications by providing you advice on durability, style and the qualities of our different reclaimed woods.","breadcrumb":{"@id":"https:\/\/reclaimedantiquewoods.com\/fr\/produit\/tables\/#breadcrumb"},"inLanguage":"fr-FR","potentialAction":[{"@type":"ReadAction","target":["https:\/\/reclaimedantiquewoods.com\/fr\/produit\/tables\/"]}]},{"@type":"ImageObject","inLanguage":"fr-FR","@id":"https:\/\/reclaimedantiquewoods.com\/fr\/produit\/tables\/#primaryimage","url":"https:\/\/reclaimedantiquewoods.com\/wp-content\/uploads\/2020\/10\/custom-millwork-table-1.jpg","contentUrl":"https:\/\/reclaimedantiquewoods.com\/wp-content\/uploads\/2020\/10\/custom-millwork-table-1.jpg","width":600,"height":600},{"@type":"BreadcrumbList","@id":"https:\/\/reclaimedantiquewoods.com\/fr\/produit\/tables\/#breadcrumb","itemListElement":[{"@type":"ListItem","position":1,"name":"Home","item":"https:\/\/reclaimedantiquewoods.com\/fr\/"},{"@type":"ListItem","position":2,"name":"Nos produits","item":"https:\/\/reclaimedantiquewoods.com\/fr\/boutique\/"},{"@type":"ListItem","position":3,"name":"Tables"}]},{"@type":"WebSite","@id":"https:\/\/reclaimedantiquewoods.com\/fr\/#website","url":"https:\/\/reclaimedantiquewoods.com\/fr\/","name":"Bois Antique Veser","description":"","potentialAction":[{"@type":"SearchAction","target":{"@type":"EntryPoint","urlTemplate":"https:\/\/reclaimedantiquewoods.com\/fr\/?s={search_term_string}"},"query-input":{"@type":"PropertyValueSpecification","valueRequired":true,"valueName":"search_term_string"}}],"inLanguage":"fr-FR"}]}},"_links":{"self":[{"href":"https:\/\/reclaimedantiquewoods.com\/fr\/wp-json\/wp\/v2\/product\/14202","targetHints":{"allow":["GET"]}}],"collection":[{"href":"https:\/\/reclaimedantiquewoods.com\/fr\/wp-json\/wp\/v2\/product"}],"about":[{"href":"https:\/\/reclaimedantiquewoods.com\/fr\/wp-json\/wp\/v2\/types\/product"}],"replies":[{"embeddable":true,"href":"https:\/\/reclaimedantiquewoods.com\/fr\/wp-json\/wp\/v2\/comments?post=14202"}],"wp:featuredmedia":[{"embeddable":true,"href":"https:\/\/reclaimedantiquewoods.com\/fr\/wp-json\/wp\/v2\/media\/14032"}],"wp:attachment":[{"href":"https:\/\/reclaimedantiquewoods.com\/fr\/wp-json\/wp\/v2\/media?parent=14202"}],"wp:term":[{"taxonomy":"product_brand","embeddable":true,"href":"https:\/\/reclaimedantiquewoods.com\/fr\/wp-json\/wp\/v2\/product_brand?post=14202"},{"taxonomy":"product_cat","embeddable":true,"href":"https:\/\/reclaimedantiquewoods.com\/fr\/wp-json\/wp\/v2\/product_cat?post=14202"},{"taxonomy":"product_tag","embeddable":true,"href":"https:\/\/reclaimedantiquewoods.com\/fr\/wp-json\/wp\/v2\/product_tag?post=14202"}],"curies":[{"name":"wp","href":"https:\/\/api.w.org\/{rel}","templated":true}]}}