{"id":14203,"date":"2020-10-19T13:14:18","date_gmt":"2020-10-19T13:14:18","guid":{"rendered":"https:\/\/reclaimedantiquewoods.com\/product\/shelves-benches\/"},"modified":"2020-12-14T16:01:01","modified_gmt":"2020-12-14T16:01:01","slug":"shelves-benches","status":"publish","type":"product","link":"https:\/\/reclaimedantiquewoods.com\/fr\/produit\/shelves-benches\/","title":{"rendered":"\u00c9tag\u00e8res et bancs"},"content":{"rendered":"<p>Nos \u00e9tag\u00e8res en bois r\u00e9cup\u00e9r\u00e9 sur mesure sont souvent utilis\u00e9es pour les biblioth\u00e8ques murales, les \u00e9tag\u00e8res de chambre et de salon, ainsi que dans les bureaux ou les espaces communs. Les meilleurs bois recycl\u00e9s que nous avons sont utilis\u00e9s pour cr\u00e9er ces pi\u00e8ces ma\u00eetresses. Nous vous offrons le meilleur du bois d&rsquo;\u0153uvre authentique et r\u00e9cup\u00e9r\u00e9 de diverses structures et d\u2019anciennes granges pr\u00e9sentes \u00e0 travers l\u2019Am\u00e9rique du Nord. Gr\u00e2ce \u00e0 plus de 100 ans de vieillissement naturel, vos \u00e9tag\u00e8res, bancs ou meubles en bois antique auront leur propre histoire \u00e0 raconter.<\/p>\n<ul>\n<li>Consultez notre section \u00ab\u00a0Magasinez en ligne\u00a0\u00bb pour conna\u00eetre tous les d\u00e9tails de la livraison gratuite!<\/li>\n<li>Pour l&rsquo;exp\u00e9dition internationale, veuillez nous appeler! Nous exp\u00e9dions partout dans le monde.<\/li>\n<\/ul>\n","protected":false},"excerpt":{"rendered":"<p>Nos \u00e9tag\u00e8res en bois r\u00e9cup\u00e9r\u00e9 offrent une touche de vintage et d&rsquo;antique, dans un design souvent contemporain. Gr\u00e2ce aux diff\u00e9rentes essences que nous proposons et \u00e0 la personnalisation selon vos besoins, vous pouvez choisir d&rsquo;utiliser ce produit dans presque tous les projets. Nous proposons \u00e9galement des bancs en bois s\u00e9duisants pour la maison et le bureau. Des cadres de lit en bois antique \u00e0 tout autre meuble en bois antique, n&rsquo;h\u00e9sitez pas \u00e0 nous contacter si vous avez un projet design sp\u00e9cifique en t\u00eate. Nous sommes toujours pr\u00eats \u00e0 relever un nouveau d\u00e9fi cr\u00e9atif!<\/p>\n<p><b style=\"color: #13763c;\">Toutes nos commandes sont faites sur mesure. <strong>Veuillez nous appeler pour discuter des options et voir notre onglet \u00ab\u00a0sp\u00e9cifications\u00a0\u00bb ci-dessous pour les options standard.<\/strong><\/b><\/p>\n","protected":false},"featured_media":14028,"comment_status":"open","ping_status":"closed","template":"","meta":[],"product_brand":[],"product_cat":[198],"product_tag":[346,341,345,342,348,344,339],"class_list":{"0":"post-14203","1":"product","2":"type-product","3":"status-publish","4":"has-post-thumbnail","6":"product_cat-ebenisterie-sur-mesure","7":"product_tag-banc-en-bois-de-grange","8":"product_tag-banc-en-bois-recycle","9":"product_tag-base-de-lit-en-bois-de-grange","10":"product_tag-cadre-de-lit-en-bois-antique","11":"product_tag-etageres-en-bois-de-grange","12":"product_tag-meubles-anciens-en-bois","13":"product_tag-meubles-en-bois-de-grange","15":"first","16":"instock","17":"taxable","18":"shipping-taxable","19":"product-type-simple"},"yoast_head":"<!-- This site is optimized with the Yoast SEO plugin v26.2 - https:\/\/yoast.com\/wordpress\/plugins\/seo\/ -->\n<title>\u00c9tag\u00e8res et bancs - Bois Antique Veser<\/title>\n<meta name=\"description\" content=\"Our distinctive reclaimed antique wood shelves offer a touch of vintage and antique, in an often-contemporary design. With different species to choose from and custom specifications we tailor to, you can choose to use this product in almost any project.\" \/>\n<meta name=\"robots\" content=\"index, follow, max-snippet:-1, max-image-preview:large, max-video-preview:-1\" \/>\n<link rel=\"canonical\" href=\"https:\/\/reclaimedantiquewoods.com\/fr\/produit\/shelves-benches\/\" \/>\n<meta property=\"og:locale\" content=\"fr_FR\" \/>\n<meta property=\"og:type\" content=\"article\" \/>\n<meta property=\"og:title\" content=\"\u00c9tag\u00e8res et bancs - Bois Antique Veser\" \/>\n<meta property=\"og:description\" content=\"Our distinctive reclaimed antique wood shelves offer a touch of vintage and antique, in an often-contemporary design. With different species to choose from and custom specifications we tailor to, you can choose to use this product in almost any project.\" \/>\n<meta property=\"og:url\" content=\"https:\/\/reclaimedantiquewoods.com\/fr\/produit\/shelves-benches\/\" \/>\n<meta property=\"og:site_name\" content=\"Bois Antique Veser\" \/>\n<meta property=\"article:modified_time\" content=\"2020-12-14T16:01:01+00:00\" \/>\n<meta property=\"og:image\" content=\"https:\/\/reclaimedantiquewoods.com\/wp-content\/uploads\/2020\/10\/VESE_Site_web_facebook_shelves.png\" \/>\n\t<meta property=\"og:image:width\" content=\"1200\" \/>\n\t<meta property=\"og:image:height\" content=\"628\" \/>\n\t<meta property=\"og:image:type\" content=\"image\/png\" \/>\n<meta name=\"twitter:card\" content=\"summary_large_image\" \/>\n<meta name=\"twitter:label1\" content=\"Dur\u00e9e de lecture estim\u00e9e\" \/>\n\t<meta name=\"twitter:data1\" content=\"1 minute\" \/>\n<script type=\"application\/ld+json\" class=\"yoast-schema-graph\">{\"@context\":\"https:\/\/schema.org\",\"@graph\":[{\"@type\":\"WebPage\",\"@id\":\"https:\/\/reclaimedantiquewoods.com\/fr\/produit\/shelves-benches\/\",\"url\":\"https:\/\/reclaimedantiquewoods.com\/fr\/produit\/shelves-benches\/\",\"name\":\"\u00c9tag\u00e8res et bancs - Bois Antique Veser\",\"isPartOf\":{\"@id\":\"https:\/\/reclaimedantiquewoods.com\/fr\/#website\"},\"primaryImageOfPage\":{\"@id\":\"https:\/\/reclaimedantiquewoods.com\/fr\/produit\/shelves-benches\/#primaryimage\"},\"image\":{\"@id\":\"https:\/\/reclaimedantiquewoods.com\/fr\/produit\/shelves-benches\/#primaryimage\"},\"thumbnailUrl\":\"https:\/\/reclaimedantiquewoods.com\/wp-content\/uploads\/2020\/10\/custom-millwork-shelf-1.jpg\",\"datePublished\":\"2020-10-19T13:14:18+00:00\",\"dateModified\":\"2020-12-14T16:01:01+00:00\",\"description\":\"Our distinctive reclaimed antique wood shelves offer a touch of vintage and antique, in an often-contemporary design. With different species to choose from and custom specifications we tailor to, you can choose to use this product in almost any project.\",\"breadcrumb\":{\"@id\":\"https:\/\/reclaimedantiquewoods.com\/fr\/produit\/shelves-benches\/#breadcrumb\"},\"inLanguage\":\"fr-FR\",\"potentialAction\":[{\"@type\":\"ReadAction\",\"target\":[\"https:\/\/reclaimedantiquewoods.com\/fr\/produit\/shelves-benches\/\"]}]},{\"@type\":\"ImageObject\",\"inLanguage\":\"fr-FR\",\"@id\":\"https:\/\/reclaimedantiquewoods.com\/fr\/produit\/shelves-benches\/#primaryimage\",\"url\":\"https:\/\/reclaimedantiquewoods.com\/wp-content\/uploads\/2020\/10\/custom-millwork-shelf-1.jpg\",\"contentUrl\":\"https:\/\/reclaimedantiquewoods.com\/wp-content\/uploads\/2020\/10\/custom-millwork-shelf-1.jpg\",\"width\":600,\"height\":600},{\"@type\":\"BreadcrumbList\",\"@id\":\"https:\/\/reclaimedantiquewoods.com\/fr\/produit\/shelves-benches\/#breadcrumb\",\"itemListElement\":[{\"@type\":\"ListItem\",\"position\":1,\"name\":\"Home\",\"item\":\"https:\/\/reclaimedantiquewoods.com\/fr\/\"},{\"@type\":\"ListItem\",\"position\":2,\"name\":\"Nos produits\",\"item\":\"https:\/\/reclaimedantiquewoods.com\/fr\/boutique\/\"},{\"@type\":\"ListItem\",\"position\":3,\"name\":\"\u00c9tag\u00e8res et bancs\"}]},{\"@type\":\"WebSite\",\"@id\":\"https:\/\/reclaimedantiquewoods.com\/fr\/#website\",\"url\":\"https:\/\/reclaimedantiquewoods.com\/fr\/\",\"name\":\"Bois Antique Veser\",\"description\":\"\",\"potentialAction\":[{\"@type\":\"SearchAction\",\"target\":{\"@type\":\"EntryPoint\",\"urlTemplate\":\"https:\/\/reclaimedantiquewoods.com\/fr\/?s={search_term_string}\"},\"query-input\":{\"@type\":\"PropertyValueSpecification\",\"valueRequired\":true,\"valueName\":\"search_term_string\"}}],\"inLanguage\":\"fr-FR\"}]}<\/script>\n<!-- \/ Yoast SEO plugin. -->","yoast_head_json":{"title":"\u00c9tag\u00e8res et bancs - Bois Antique Veser","description":"Our distinctive reclaimed antique wood shelves offer a touch of vintage and antique, in an often-contemporary design. With different species to choose from and custom specifications we tailor to, you can choose to use this product in almost any project.","robots":{"index":"index","follow":"follow","max-snippet":"max-snippet:-1","max-image-preview":"max-image-preview:large","max-video-preview":"max-video-preview:-1"},"canonical":"https:\/\/reclaimedantiquewoods.com\/fr\/produit\/shelves-benches\/","og_locale":"fr_FR","og_type":"article","og_title":"\u00c9tag\u00e8res et bancs - Bois Antique Veser","og_description":"Our distinctive reclaimed antique wood shelves offer a touch of vintage and antique, in an often-contemporary design. With different species to choose from and custom specifications we tailor to, you can choose to use this product in almost any project.","og_url":"https:\/\/reclaimedantiquewoods.com\/fr\/produit\/shelves-benches\/","og_site_name":"Bois Antique Veser","article_modified_time":"2020-12-14T16:01:01+00:00","og_image":[{"width":1200,"height":628,"url":"https:\/\/reclaimedantiquewoods.com\/wp-content\/uploads\/2020\/10\/VESE_Site_web_facebook_shelves.png","type":"image\/png"}],"twitter_card":"summary_large_image","twitter_misc":{"Dur\u00e9e de lecture estim\u00e9e":"1 minute"},"schema":{"@context":"https:\/\/schema.org","@graph":[{"@type":"WebPage","@id":"https:\/\/reclaimedantiquewoods.com\/fr\/produit\/shelves-benches\/","url":"https:\/\/reclaimedantiquewoods.com\/fr\/produit\/shelves-benches\/","name":"\u00c9tag\u00e8res et bancs - Bois Antique Veser","isPartOf":{"@id":"https:\/\/reclaimedantiquewoods.com\/fr\/#website"},"primaryImageOfPage":{"@id":"https:\/\/reclaimedantiquewoods.com\/fr\/produit\/shelves-benches\/#primaryimage"},"image":{"@id":"https:\/\/reclaimedantiquewoods.com\/fr\/produit\/shelves-benches\/#primaryimage"},"thumbnailUrl":"https:\/\/reclaimedantiquewoods.com\/wp-content\/uploads\/2020\/10\/custom-millwork-shelf-1.jpg","datePublished":"2020-10-19T13:14:18+00:00","dateModified":"2020-12-14T16:01:01+00:00","description":"Our distinctive reclaimed antique wood shelves offer a touch of vintage and antique, in an often-contemporary design. With different species to choose from and custom specifications we tailor to, you can choose to use this product in almost any project.","breadcrumb":{"@id":"https:\/\/reclaimedantiquewoods.com\/fr\/produit\/shelves-benches\/#breadcrumb"},"inLanguage":"fr-FR","potentialAction":[{"@type":"ReadAction","target":["https:\/\/reclaimedantiquewoods.com\/fr\/produit\/shelves-benches\/"]}]},{"@type":"ImageObject","inLanguage":"fr-FR","@id":"https:\/\/reclaimedantiquewoods.com\/fr\/produit\/shelves-benches\/#primaryimage","url":"https:\/\/reclaimedantiquewoods.com\/wp-content\/uploads\/2020\/10\/custom-millwork-shelf-1.jpg","contentUrl":"https:\/\/reclaimedantiquewoods.com\/wp-content\/uploads\/2020\/10\/custom-millwork-shelf-1.jpg","width":600,"height":600},{"@type":"BreadcrumbList","@id":"https:\/\/reclaimedantiquewoods.com\/fr\/produit\/shelves-benches\/#breadcrumb","itemListElement":[{"@type":"ListItem","position":1,"name":"Home","item":"https:\/\/reclaimedantiquewoods.com\/fr\/"},{"@type":"ListItem","position":2,"name":"Nos produits","item":"https:\/\/reclaimedantiquewoods.com\/fr\/boutique\/"},{"@type":"ListItem","position":3,"name":"\u00c9tag\u00e8res et bancs"}]},{"@type":"WebSite","@id":"https:\/\/reclaimedantiquewoods.com\/fr\/#website","url":"https:\/\/reclaimedantiquewoods.com\/fr\/","name":"Bois Antique Veser","description":"","potentialAction":[{"@type":"SearchAction","target":{"@type":"EntryPoint","urlTemplate":"https:\/\/reclaimedantiquewoods.com\/fr\/?s={search_term_string}"},"query-input":{"@type":"PropertyValueSpecification","valueRequired":true,"valueName":"search_term_string"}}],"inLanguage":"fr-FR"}]}},"_links":{"self":[{"href":"https:\/\/reclaimedantiquewoods.com\/fr\/wp-json\/wp\/v2\/product\/14203","targetHints":{"allow":["GET"]}}],"collection":[{"href":"https:\/\/reclaimedantiquewoods.com\/fr\/wp-json\/wp\/v2\/product"}],"about":[{"href":"https:\/\/reclaimedantiquewoods.com\/fr\/wp-json\/wp\/v2\/types\/product"}],"replies":[{"embeddable":true,"href":"https:\/\/reclaimedantiquewoods.com\/fr\/wp-json\/wp\/v2\/comments?post=14203"}],"wp:featuredmedia":[{"embeddable":true,"href":"https:\/\/reclaimedantiquewoods.com\/fr\/wp-json\/wp\/v2\/media\/14028"}],"wp:attachment":[{"href":"https:\/\/reclaimedantiquewoods.com\/fr\/wp-json\/wp\/v2\/media?parent=14203"}],"wp:term":[{"taxonomy":"product_brand","embeddable":true,"href":"https:\/\/reclaimedantiquewoods.com\/fr\/wp-json\/wp\/v2\/product_brand?post=14203"},{"taxonomy":"product_cat","embeddable":true,"href":"https:\/\/reclaimedantiquewoods.com\/fr\/wp-json\/wp\/v2\/product_cat?post=14203"},{"taxonomy":"product_tag","embeddable":true,"href":"https:\/\/reclaimedantiquewoods.com\/fr\/wp-json\/wp\/v2\/product_tag?post=14203"}],"curies":[{"name":"wp","href":"https:\/\/api.w.org\/{rel}","templated":true}]}}