{"id":14204,"date":"2020-10-19T13:12:01","date_gmt":"2020-10-19T13:12:01","guid":{"rendered":"https:\/\/reclaimedantiquewoods.com\/product\/stairs-treads\/"},"modified":"2020-12-14T16:00:58","modified_gmt":"2020-12-14T16:00:58","slug":"stairs-treads","status":"publish","type":"product","link":"https:\/\/reclaimedantiquewoods.com\/fr\/produit\/stairs-treads\/","title":{"rendered":"Marches d\u2019escalier"},"content":{"rendered":"<p>Nos escaliers et marches sont cr\u00e9\u00e9s \u00e0 partir des meilleurs bois d&rsquo;\u0153uvre authentiques r\u00e9cup\u00e9r\u00e9s dans diverses structures, granges et entrep\u00f4ts anciens en Am\u00e9rique du Nord. Le caract\u00e8re fascinant de nos bois r\u00e9cup\u00e9r\u00e9s r\u00e9sistera \u00e0 l&rsquo;\u00e9preuve du temps. Fabriqu\u00e9s sur mesure pour r\u00e9pondre \u00e0 vos besoins, nos escaliers et marches offrent durabilit\u00e9, histoire, allure et vision.<\/p>\n<ul>\n<li>Consultez notre section \u00ab\u00a0Magasinez en ligne\u00a0\u00bb pour conna\u00eetre tous les d\u00e9tails de la livraison gratuite!<\/li>\n<li>Pour l&rsquo;exp\u00e9dition internationale, veuillez nous appeler! Nous exp\u00e9dions partout dans le monde.<\/li>\n<\/ul>\n","protected":false},"excerpt":{"rendered":"<p>Nos escaliers et marches en bois recycl\u00e9 vous permettent de faire un accord parfait avec la couleur et le bois que vous avez choisi pour votre plancher. Ou bien, de mani\u00e8re distincte, un escalier en bois r\u00e9cup\u00e9r\u00e9 ou des marches en bois de grange vous offrent un spectacle de beaut\u00e9 et d&rsquo;\u00e9l\u00e9gance durable. Nous pouvons vous fournir diff\u00e9rents produits pour r\u00e9aliser votre projet dans son enti\u00e8ret\u00e9. Ces d\u00e9tails ne manqueront pas de faire la diff\u00e9rence.<\/p>\n<p><b style=\"color: #13763c;\">Toutes nos commandes sont faites sur mesure. <strong>Veuillez nous appeler pour discuter des options et voir notre onglet \u00ab\u00a0sp\u00e9cifications\u00a0\u00bb ci-dessous pour les options standard.<\/strong><\/b><\/p>\n","protected":false},"featured_media":14024,"comment_status":"open","ping_status":"closed","template":"","meta":[],"product_brand":[],"product_cat":[198],"product_tag":[352,340],"class_list":{"0":"post-14204","1":"product","2":"type-product","3":"status-publish","4":"has-post-thumbnail","6":"product_cat-ebenisterie-sur-mesure","7":"product_tag-escalier-en-bois-recycle","8":"product_tag-marches-descalier-en-bois-de-grange","10":"first","11":"instock","12":"taxable","13":"shipping-taxable","14":"product-type-simple"},"yoast_head":"<!-- This site is optimized with the Yoast SEO plugin v26.2 - https:\/\/yoast.com\/wordpress\/plugins\/seo\/ -->\n<title>Marches d\u2019escalier - Bois Antique Veser<\/title>\n<meta name=\"description\" content=\"Our stairs and treads in reclaimed wood allow you to perfectly match the color and wood you chose for flooring. Or, as a stand-alone, an antique wood staircase or vintage wooden stair treads offer an eye-catching display of beauty and timeless elegance.\" \/>\n<meta name=\"robots\" content=\"index, follow, max-snippet:-1, max-image-preview:large, max-video-preview:-1\" \/>\n<link rel=\"canonical\" href=\"https:\/\/reclaimedantiquewoods.com\/fr\/produit\/stairs-treads\/\" \/>\n<meta property=\"og:locale\" content=\"fr_FR\" \/>\n<meta property=\"og:type\" content=\"article\" \/>\n<meta property=\"og:title\" content=\"Marches d\u2019escalier - Bois Antique Veser\" \/>\n<meta property=\"og:description\" content=\"Our stairs and treads in reclaimed wood allow you to perfectly match the color and wood you chose for flooring. Or, as a stand-alone, an antique wood staircase or vintage wooden stair treads offer an eye-catching display of beauty and timeless elegance.\" \/>\n<meta property=\"og:url\" content=\"https:\/\/reclaimedantiquewoods.com\/fr\/produit\/stairs-treads\/\" \/>\n<meta property=\"og:site_name\" content=\"Bois Antique Veser\" \/>\n<meta property=\"article:modified_time\" content=\"2020-12-14T16:00:58+00:00\" \/>\n<meta property=\"og:image\" content=\"https:\/\/reclaimedantiquewoods.com\/wp-content\/uploads\/2020\/10\/VESE_Site_web_facebook_stairs.png\" \/>\n\t<meta property=\"og:image:width\" content=\"1200\" \/>\n\t<meta property=\"og:image:height\" content=\"628\" \/>\n\t<meta property=\"og:image:type\" content=\"image\/png\" \/>\n<meta name=\"twitter:card\" content=\"summary_large_image\" \/>\n<script type=\"application\/ld+json\" class=\"yoast-schema-graph\">{\"@context\":\"https:\/\/schema.org\",\"@graph\":[{\"@type\":\"WebPage\",\"@id\":\"https:\/\/reclaimedantiquewoods.com\/fr\/produit\/stairs-treads\/\",\"url\":\"https:\/\/reclaimedantiquewoods.com\/fr\/produit\/stairs-treads\/\",\"name\":\"Marches d\u2019escalier - Bois Antique Veser\",\"isPartOf\":{\"@id\":\"https:\/\/reclaimedantiquewoods.com\/fr\/#website\"},\"primaryImageOfPage\":{\"@id\":\"https:\/\/reclaimedantiquewoods.com\/fr\/produit\/stairs-treads\/#primaryimage\"},\"image\":{\"@id\":\"https:\/\/reclaimedantiquewoods.com\/fr\/produit\/stairs-treads\/#primaryimage\"},\"thumbnailUrl\":\"https:\/\/reclaimedantiquewoods.com\/wp-content\/uploads\/2020\/10\/custom-millwork-stairs-1.jpg\",\"datePublished\":\"2020-10-19T13:12:01+00:00\",\"dateModified\":\"2020-12-14T16:00:58+00:00\",\"description\":\"Our stairs and treads in reclaimed wood allow you to perfectly match the color and wood you chose for flooring. Or, as a stand-alone, an antique wood staircase or vintage wooden stair treads offer an eye-catching display of beauty and timeless elegance.\",\"breadcrumb\":{\"@id\":\"https:\/\/reclaimedantiquewoods.com\/fr\/produit\/stairs-treads\/#breadcrumb\"},\"inLanguage\":\"fr-FR\",\"potentialAction\":[{\"@type\":\"ReadAction\",\"target\":[\"https:\/\/reclaimedantiquewoods.com\/fr\/produit\/stairs-treads\/\"]}]},{\"@type\":\"ImageObject\",\"inLanguage\":\"fr-FR\",\"@id\":\"https:\/\/reclaimedantiquewoods.com\/fr\/produit\/stairs-treads\/#primaryimage\",\"url\":\"https:\/\/reclaimedantiquewoods.com\/wp-content\/uploads\/2020\/10\/custom-millwork-stairs-1.jpg\",\"contentUrl\":\"https:\/\/reclaimedantiquewoods.com\/wp-content\/uploads\/2020\/10\/custom-millwork-stairs-1.jpg\",\"width\":300,\"height\":300},{\"@type\":\"BreadcrumbList\",\"@id\":\"https:\/\/reclaimedantiquewoods.com\/fr\/produit\/stairs-treads\/#breadcrumb\",\"itemListElement\":[{\"@type\":\"ListItem\",\"position\":1,\"name\":\"Home\",\"item\":\"https:\/\/reclaimedantiquewoods.com\/fr\/\"},{\"@type\":\"ListItem\",\"position\":2,\"name\":\"Nos produits\",\"item\":\"https:\/\/reclaimedantiquewoods.com\/fr\/boutique\/\"},{\"@type\":\"ListItem\",\"position\":3,\"name\":\"Marches d\u2019escalier\"}]},{\"@type\":\"WebSite\",\"@id\":\"https:\/\/reclaimedantiquewoods.com\/fr\/#website\",\"url\":\"https:\/\/reclaimedantiquewoods.com\/fr\/\",\"name\":\"Bois Antique Veser\",\"description\":\"\",\"potentialAction\":[{\"@type\":\"SearchAction\",\"target\":{\"@type\":\"EntryPoint\",\"urlTemplate\":\"https:\/\/reclaimedantiquewoods.com\/fr\/?s={search_term_string}\"},\"query-input\":{\"@type\":\"PropertyValueSpecification\",\"valueRequired\":true,\"valueName\":\"search_term_string\"}}],\"inLanguage\":\"fr-FR\"}]}<\/script>\n<!-- \/ Yoast SEO plugin. -->","yoast_head_json":{"title":"Marches d\u2019escalier - Bois Antique Veser","description":"Our stairs and treads in reclaimed wood allow you to perfectly match the color and wood you chose for flooring. Or, as a stand-alone, an antique wood staircase or vintage wooden stair treads offer an eye-catching display of beauty and timeless elegance.","robots":{"index":"index","follow":"follow","max-snippet":"max-snippet:-1","max-image-preview":"max-image-preview:large","max-video-preview":"max-video-preview:-1"},"canonical":"https:\/\/reclaimedantiquewoods.com\/fr\/produit\/stairs-treads\/","og_locale":"fr_FR","og_type":"article","og_title":"Marches d\u2019escalier - Bois Antique Veser","og_description":"Our stairs and treads in reclaimed wood allow you to perfectly match the color and wood you chose for flooring. Or, as a stand-alone, an antique wood staircase or vintage wooden stair treads offer an eye-catching display of beauty and timeless elegance.","og_url":"https:\/\/reclaimedantiquewoods.com\/fr\/produit\/stairs-treads\/","og_site_name":"Bois Antique Veser","article_modified_time":"2020-12-14T16:00:58+00:00","og_image":[{"width":1200,"height":628,"url":"https:\/\/reclaimedantiquewoods.com\/wp-content\/uploads\/2020\/10\/VESE_Site_web_facebook_stairs.png","type":"image\/png"}],"twitter_card":"summary_large_image","schema":{"@context":"https:\/\/schema.org","@graph":[{"@type":"WebPage","@id":"https:\/\/reclaimedantiquewoods.com\/fr\/produit\/stairs-treads\/","url":"https:\/\/reclaimedantiquewoods.com\/fr\/produit\/stairs-treads\/","name":"Marches d\u2019escalier - Bois Antique Veser","isPartOf":{"@id":"https:\/\/reclaimedantiquewoods.com\/fr\/#website"},"primaryImageOfPage":{"@id":"https:\/\/reclaimedantiquewoods.com\/fr\/produit\/stairs-treads\/#primaryimage"},"image":{"@id":"https:\/\/reclaimedantiquewoods.com\/fr\/produit\/stairs-treads\/#primaryimage"},"thumbnailUrl":"https:\/\/reclaimedantiquewoods.com\/wp-content\/uploads\/2020\/10\/custom-millwork-stairs-1.jpg","datePublished":"2020-10-19T13:12:01+00:00","dateModified":"2020-12-14T16:00:58+00:00","description":"Our stairs and treads in reclaimed wood allow you to perfectly match the color and wood you chose for flooring. Or, as a stand-alone, an antique wood staircase or vintage wooden stair treads offer an eye-catching display of beauty and timeless elegance.","breadcrumb":{"@id":"https:\/\/reclaimedantiquewoods.com\/fr\/produit\/stairs-treads\/#breadcrumb"},"inLanguage":"fr-FR","potentialAction":[{"@type":"ReadAction","target":["https:\/\/reclaimedantiquewoods.com\/fr\/produit\/stairs-treads\/"]}]},{"@type":"ImageObject","inLanguage":"fr-FR","@id":"https:\/\/reclaimedantiquewoods.com\/fr\/produit\/stairs-treads\/#primaryimage","url":"https:\/\/reclaimedantiquewoods.com\/wp-content\/uploads\/2020\/10\/custom-millwork-stairs-1.jpg","contentUrl":"https:\/\/reclaimedantiquewoods.com\/wp-content\/uploads\/2020\/10\/custom-millwork-stairs-1.jpg","width":300,"height":300},{"@type":"BreadcrumbList","@id":"https:\/\/reclaimedantiquewoods.com\/fr\/produit\/stairs-treads\/#breadcrumb","itemListElement":[{"@type":"ListItem","position":1,"name":"Home","item":"https:\/\/reclaimedantiquewoods.com\/fr\/"},{"@type":"ListItem","position":2,"name":"Nos produits","item":"https:\/\/reclaimedantiquewoods.com\/fr\/boutique\/"},{"@type":"ListItem","position":3,"name":"Marches d\u2019escalier"}]},{"@type":"WebSite","@id":"https:\/\/reclaimedantiquewoods.com\/fr\/#website","url":"https:\/\/reclaimedantiquewoods.com\/fr\/","name":"Bois Antique Veser","description":"","potentialAction":[{"@type":"SearchAction","target":{"@type":"EntryPoint","urlTemplate":"https:\/\/reclaimedantiquewoods.com\/fr\/?s={search_term_string}"},"query-input":{"@type":"PropertyValueSpecification","valueRequired":true,"valueName":"search_term_string"}}],"inLanguage":"fr-FR"}]}},"_links":{"self":[{"href":"https:\/\/reclaimedantiquewoods.com\/fr\/wp-json\/wp\/v2\/product\/14204","targetHints":{"allow":["GET"]}}],"collection":[{"href":"https:\/\/reclaimedantiquewoods.com\/fr\/wp-json\/wp\/v2\/product"}],"about":[{"href":"https:\/\/reclaimedantiquewoods.com\/fr\/wp-json\/wp\/v2\/types\/product"}],"replies":[{"embeddable":true,"href":"https:\/\/reclaimedantiquewoods.com\/fr\/wp-json\/wp\/v2\/comments?post=14204"}],"wp:featuredmedia":[{"embeddable":true,"href":"https:\/\/reclaimedantiquewoods.com\/fr\/wp-json\/wp\/v2\/media\/14024"}],"wp:attachment":[{"href":"https:\/\/reclaimedantiquewoods.com\/fr\/wp-json\/wp\/v2\/media?parent=14204"}],"wp:term":[{"taxonomy":"product_brand","embeddable":true,"href":"https:\/\/reclaimedantiquewoods.com\/fr\/wp-json\/wp\/v2\/product_brand?post=14204"},{"taxonomy":"product_cat","embeddable":true,"href":"https:\/\/reclaimedantiquewoods.com\/fr\/wp-json\/wp\/v2\/product_cat?post=14204"},{"taxonomy":"product_tag","embeddable":true,"href":"https:\/\/reclaimedantiquewoods.com\/fr\/wp-json\/wp\/v2\/product_tag?post=14204"}],"curies":[{"name":"wp","href":"https:\/\/api.w.org\/{rel}","templated":true}]}}