{"id":14205,"date":"2020-10-19T13:08:45","date_gmt":"2020-10-19T13:08:45","guid":{"rendered":"https:\/\/reclaimedantiquewoods.com\/product\/counters-bar-tops\/"},"modified":"2020-12-14T16:00:57","modified_gmt":"2020-12-14T16:00:57","slug":"counters-bar-tops","status":"publish","type":"product","link":"https:\/\/reclaimedantiquewoods.com\/fr\/produit\/counters-bar-tops\/","title":{"rendered":"Comptoirs et dessus de bar"},"content":{"rendered":"<p>Nos comptoirs et dessus de bar se trouvent dans de nombreuses maisons et projets commerciaux \u00e0 travers le monde. Cependant, tous ces projets sont uniques car nos bois de grange recycl\u00e9s sont pr\u00e9par\u00e9s sur mesure pour chaque client. Vous pouvez donc appr\u00e9cier, au quotidien, une v\u00e9ritable \u0153uvre en bois antique avec une histoire propre \u00e0 elle.<\/p>\n<ul>\n<li>Consultez notre section \u00ab\u00a0Magasinez en ligne\u00a0\u00bb pour conna\u00eetre tous les d\u00e9tails de la livraison gratuite!<\/li>\n<li>Pour l&rsquo;exp\u00e9dition internationale, veuillez nous appeler! Nous exp\u00e9dions partout dans le monde.<\/li>\n<\/ul>\n","protected":false},"excerpt":{"rendered":"<p>Nos comptoirs et dessus de bar en bois antique recycl\u00e9 sont fabriqu\u00e9s \u00e0 partir de bois r\u00e9cup\u00e9r\u00e9s durables et authentiques, offerts dans une vari\u00e9t\u00e9 d&rsquo;essences que vous pouvez choisir. Offrant une touche chaleureuse et destin\u00e9s \u00e0 attirer les regards, nos comptoirs en bois de grange sont pr\u00e9par\u00e9s sur mesure pour r\u00e9pondre aux besoins sp\u00e9cifiques de vos projets. La texture et le cachet qui en r\u00e9sultent ajouteront beaut\u00e9 et \u00e9l\u00e9gance \u00e0 tout espace qu&rsquo;ils habiteront.<\/p>\n<p><b style=\"color: #13763c;\">Toutes nos commandes sont faites sur mesure. <strong>Veuillez nous appeler pour discuter des options et voir notre onglet \u00ab\u00a0sp\u00e9cifications\u00a0\u00bb ci-dessous pour les options standard.<\/strong><\/b><\/p>\n","protected":false},"featured_media":14020,"comment_status":"open","ping_status":"closed","template":"","meta":[],"product_brand":[],"product_cat":[198],"product_tag":[343,347,354,344,339],"class_list":{"0":"post-14205","1":"product","2":"type-product","3":"status-publish","4":"has-post-thumbnail","6":"product_cat-ebenisterie-sur-mesure","7":"product_tag-bar-en-planche-de-grange","8":"product_tag-comptoirs-en-bois-de-grange","9":"product_tag-dessus-de-bar-en-bois","10":"product_tag-meubles-anciens-en-bois","11":"product_tag-meubles-en-bois-de-grange","13":"first","14":"instock","15":"taxable","16":"shipping-taxable","17":"product-type-simple"},"yoast_head":"<!-- This site is optimized with the Yoast SEO plugin v26.2 - https:\/\/yoast.com\/wordpress\/plugins\/seo\/ -->\n<title>Comptoirs et dessus de bar - Bois Antique Veser<\/title>\n<meta name=\"description\" content=\"Our antique wood countertops and vintage wood bar tops are made from durable reclaimed woods, and a variety of species you can choose from. Adding warmth and bound to attract attention, our antique wood countertops are custom prepared to match the specific needs of your projects.\" \/>\n<meta name=\"robots\" content=\"index, follow, max-snippet:-1, max-image-preview:large, max-video-preview:-1\" \/>\n<link rel=\"canonical\" href=\"https:\/\/reclaimedantiquewoods.com\/fr\/produit\/counters-bar-tops\/\" \/>\n<meta property=\"og:locale\" content=\"fr_FR\" \/>\n<meta property=\"og:type\" content=\"article\" \/>\n<meta property=\"og:title\" content=\"Comptoirs et dessus de bar - Bois Antique Veser\" \/>\n<meta property=\"og:description\" content=\"Our antique wood countertops and vintage wood bar tops are made from durable reclaimed woods, and a variety of species you can choose from. Adding warmth and bound to attract attention, our antique wood countertops are custom prepared to match the specific needs of your projects.\" \/>\n<meta property=\"og:url\" content=\"https:\/\/reclaimedantiquewoods.com\/fr\/produit\/counters-bar-tops\/\" \/>\n<meta property=\"og:site_name\" content=\"Bois Antique Veser\" \/>\n<meta property=\"article:modified_time\" content=\"2020-12-14T16:00:57+00:00\" \/>\n<meta property=\"og:image\" content=\"https:\/\/reclaimedantiquewoods.com\/wp-content\/uploads\/2020\/10\/VESE_Site_web_facebook_counter.png\" \/>\n\t<meta property=\"og:image:width\" content=\"1200\" \/>\n\t<meta property=\"og:image:height\" content=\"628\" \/>\n\t<meta property=\"og:image:type\" content=\"image\/png\" \/>\n<meta name=\"twitter:card\" content=\"summary_large_image\" \/>\n<script type=\"application\/ld+json\" class=\"yoast-schema-graph\">{\"@context\":\"https:\/\/schema.org\",\"@graph\":[{\"@type\":\"WebPage\",\"@id\":\"https:\/\/reclaimedantiquewoods.com\/fr\/produit\/counters-bar-tops\/\",\"url\":\"https:\/\/reclaimedantiquewoods.com\/fr\/produit\/counters-bar-tops\/\",\"name\":\"Comptoirs et dessus de bar - Bois Antique Veser\",\"isPartOf\":{\"@id\":\"https:\/\/reclaimedantiquewoods.com\/fr\/#website\"},\"primaryImageOfPage\":{\"@id\":\"https:\/\/reclaimedantiquewoods.com\/fr\/produit\/counters-bar-tops\/#primaryimage\"},\"image\":{\"@id\":\"https:\/\/reclaimedantiquewoods.com\/fr\/produit\/counters-bar-tops\/#primaryimage\"},\"thumbnailUrl\":\"https:\/\/reclaimedantiquewoods.com\/wp-content\/uploads\/2020\/10\/custom-millwork-counter-1.jpg\",\"datePublished\":\"2020-10-19T13:08:45+00:00\",\"dateModified\":\"2020-12-14T16:00:57+00:00\",\"description\":\"Our antique wood countertops and vintage wood bar tops are made from durable reclaimed woods, and a variety of species you can choose from. Adding warmth and bound to attract attention, our antique wood countertops are custom prepared to match the specific needs of your projects.\",\"breadcrumb\":{\"@id\":\"https:\/\/reclaimedantiquewoods.com\/fr\/produit\/counters-bar-tops\/#breadcrumb\"},\"inLanguage\":\"fr-FR\",\"potentialAction\":[{\"@type\":\"ReadAction\",\"target\":[\"https:\/\/reclaimedantiquewoods.com\/fr\/produit\/counters-bar-tops\/\"]}]},{\"@type\":\"ImageObject\",\"inLanguage\":\"fr-FR\",\"@id\":\"https:\/\/reclaimedantiquewoods.com\/fr\/produit\/counters-bar-tops\/#primaryimage\",\"url\":\"https:\/\/reclaimedantiquewoods.com\/wp-content\/uploads\/2020\/10\/custom-millwork-counter-1.jpg\",\"contentUrl\":\"https:\/\/reclaimedantiquewoods.com\/wp-content\/uploads\/2020\/10\/custom-millwork-counter-1.jpg\",\"width\":600,\"height\":600},{\"@type\":\"BreadcrumbList\",\"@id\":\"https:\/\/reclaimedantiquewoods.com\/fr\/produit\/counters-bar-tops\/#breadcrumb\",\"itemListElement\":[{\"@type\":\"ListItem\",\"position\":1,\"name\":\"Home\",\"item\":\"https:\/\/reclaimedantiquewoods.com\/fr\/\"},{\"@type\":\"ListItem\",\"position\":2,\"name\":\"Nos produits\",\"item\":\"https:\/\/reclaimedantiquewoods.com\/fr\/boutique\/\"},{\"@type\":\"ListItem\",\"position\":3,\"name\":\"Comptoirs et dessus de bar\"}]},{\"@type\":\"WebSite\",\"@id\":\"https:\/\/reclaimedantiquewoods.com\/fr\/#website\",\"url\":\"https:\/\/reclaimedantiquewoods.com\/fr\/\",\"name\":\"Bois Antique Veser\",\"description\":\"\",\"potentialAction\":[{\"@type\":\"SearchAction\",\"target\":{\"@type\":\"EntryPoint\",\"urlTemplate\":\"https:\/\/reclaimedantiquewoods.com\/fr\/?s={search_term_string}\"},\"query-input\":{\"@type\":\"PropertyValueSpecification\",\"valueRequired\":true,\"valueName\":\"search_term_string\"}}],\"inLanguage\":\"fr-FR\"}]}<\/script>\n<!-- \/ Yoast SEO plugin. -->","yoast_head_json":{"title":"Comptoirs et dessus de bar - Bois Antique Veser","description":"Our antique wood countertops and vintage wood bar tops are made from durable reclaimed woods, and a variety of species you can choose from. Adding warmth and bound to attract attention, our antique wood countertops are custom prepared to match the specific needs of your projects.","robots":{"index":"index","follow":"follow","max-snippet":"max-snippet:-1","max-image-preview":"max-image-preview:large","max-video-preview":"max-video-preview:-1"},"canonical":"https:\/\/reclaimedantiquewoods.com\/fr\/produit\/counters-bar-tops\/","og_locale":"fr_FR","og_type":"article","og_title":"Comptoirs et dessus de bar - Bois Antique Veser","og_description":"Our antique wood countertops and vintage wood bar tops are made from durable reclaimed woods, and a variety of species you can choose from. Adding warmth and bound to attract attention, our antique wood countertops are custom prepared to match the specific needs of your projects.","og_url":"https:\/\/reclaimedantiquewoods.com\/fr\/produit\/counters-bar-tops\/","og_site_name":"Bois Antique Veser","article_modified_time":"2020-12-14T16:00:57+00:00","og_image":[{"width":1200,"height":628,"url":"https:\/\/reclaimedantiquewoods.com\/wp-content\/uploads\/2020\/10\/VESE_Site_web_facebook_counter.png","type":"image\/png"}],"twitter_card":"summary_large_image","schema":{"@context":"https:\/\/schema.org","@graph":[{"@type":"WebPage","@id":"https:\/\/reclaimedantiquewoods.com\/fr\/produit\/counters-bar-tops\/","url":"https:\/\/reclaimedantiquewoods.com\/fr\/produit\/counters-bar-tops\/","name":"Comptoirs et dessus de bar - Bois Antique Veser","isPartOf":{"@id":"https:\/\/reclaimedantiquewoods.com\/fr\/#website"},"primaryImageOfPage":{"@id":"https:\/\/reclaimedantiquewoods.com\/fr\/produit\/counters-bar-tops\/#primaryimage"},"image":{"@id":"https:\/\/reclaimedantiquewoods.com\/fr\/produit\/counters-bar-tops\/#primaryimage"},"thumbnailUrl":"https:\/\/reclaimedantiquewoods.com\/wp-content\/uploads\/2020\/10\/custom-millwork-counter-1.jpg","datePublished":"2020-10-19T13:08:45+00:00","dateModified":"2020-12-14T16:00:57+00:00","description":"Our antique wood countertops and vintage wood bar tops are made from durable reclaimed woods, and a variety of species you can choose from. Adding warmth and bound to attract attention, our antique wood countertops are custom prepared to match the specific needs of your projects.","breadcrumb":{"@id":"https:\/\/reclaimedantiquewoods.com\/fr\/produit\/counters-bar-tops\/#breadcrumb"},"inLanguage":"fr-FR","potentialAction":[{"@type":"ReadAction","target":["https:\/\/reclaimedantiquewoods.com\/fr\/produit\/counters-bar-tops\/"]}]},{"@type":"ImageObject","inLanguage":"fr-FR","@id":"https:\/\/reclaimedantiquewoods.com\/fr\/produit\/counters-bar-tops\/#primaryimage","url":"https:\/\/reclaimedantiquewoods.com\/wp-content\/uploads\/2020\/10\/custom-millwork-counter-1.jpg","contentUrl":"https:\/\/reclaimedantiquewoods.com\/wp-content\/uploads\/2020\/10\/custom-millwork-counter-1.jpg","width":600,"height":600},{"@type":"BreadcrumbList","@id":"https:\/\/reclaimedantiquewoods.com\/fr\/produit\/counters-bar-tops\/#breadcrumb","itemListElement":[{"@type":"ListItem","position":1,"name":"Home","item":"https:\/\/reclaimedantiquewoods.com\/fr\/"},{"@type":"ListItem","position":2,"name":"Nos produits","item":"https:\/\/reclaimedantiquewoods.com\/fr\/boutique\/"},{"@type":"ListItem","position":3,"name":"Comptoirs et dessus de bar"}]},{"@type":"WebSite","@id":"https:\/\/reclaimedantiquewoods.com\/fr\/#website","url":"https:\/\/reclaimedantiquewoods.com\/fr\/","name":"Bois Antique Veser","description":"","potentialAction":[{"@type":"SearchAction","target":{"@type":"EntryPoint","urlTemplate":"https:\/\/reclaimedantiquewoods.com\/fr\/?s={search_term_string}"},"query-input":{"@type":"PropertyValueSpecification","valueRequired":true,"valueName":"search_term_string"}}],"inLanguage":"fr-FR"}]}},"_links":{"self":[{"href":"https:\/\/reclaimedantiquewoods.com\/fr\/wp-json\/wp\/v2\/product\/14205","targetHints":{"allow":["GET"]}}],"collection":[{"href":"https:\/\/reclaimedantiquewoods.com\/fr\/wp-json\/wp\/v2\/product"}],"about":[{"href":"https:\/\/reclaimedantiquewoods.com\/fr\/wp-json\/wp\/v2\/types\/product"}],"replies":[{"embeddable":true,"href":"https:\/\/reclaimedantiquewoods.com\/fr\/wp-json\/wp\/v2\/comments?post=14205"}],"wp:featuredmedia":[{"embeddable":true,"href":"https:\/\/reclaimedantiquewoods.com\/fr\/wp-json\/wp\/v2\/media\/14020"}],"wp:attachment":[{"href":"https:\/\/reclaimedantiquewoods.com\/fr\/wp-json\/wp\/v2\/media?parent=14205"}],"wp:term":[{"taxonomy":"product_brand","embeddable":true,"href":"https:\/\/reclaimedantiquewoods.com\/fr\/wp-json\/wp\/v2\/product_brand?post=14205"},{"taxonomy":"product_cat","embeddable":true,"href":"https:\/\/reclaimedantiquewoods.com\/fr\/wp-json\/wp\/v2\/product_cat?post=14205"},{"taxonomy":"product_tag","embeddable":true,"href":"https:\/\/reclaimedantiquewoods.com\/fr\/wp-json\/wp\/v2\/product_tag?post=14205"}],"curies":[{"name":"wp","href":"https:\/\/api.w.org\/{rel}","templated":true}]}}