{"id":14206,"date":"2020-10-19T13:04:49","date_gmt":"2020-10-19T13:04:49","guid":{"rendered":"https:\/\/reclaimedantiquewoods.com\/product\/doors-cabinetry\/"},"modified":"2020-12-14T16:00:53","modified_gmt":"2020-12-14T16:00:53","slug":"doors-cabinetry","status":"publish","type":"product","link":"https:\/\/reclaimedantiquewoods.com\/fr\/produit\/doors-cabinetry\/","title":{"rendered":"Portes et armoires"},"content":{"rendered":"<p>Nos portes en bois, portes coulissantes et armoires antiques en bois de grange sont cr\u00e9\u00e9es \u00e0 partir des meilleurs bois d&rsquo;\u0153uvre authentiques et r\u00e9cup\u00e9r\u00e9s de diverses structures anciennes en Am\u00e9rique du Nord. Ce bois est le fruit de plus de 100 ans de vieillissement naturel. En choisissant parmi nos diff\u00e9rentes esp\u00e8ces de bois recycl\u00e9s pour votre maison ou votre projet design, vous ajouterez de la beaut\u00e9 \u00e0 votre quotidien.<\/p>\n<ul>\n<li>Consultez notre section \u00ab\u00a0Magasinez en ligne\u00a0\u00bb pour conna\u00eetre tous les d\u00e9tails de la livraison gratuite!<\/li>\n<li>Pour l&rsquo;exp\u00e9dition internationale, veuillez nous appeler! Nous exp\u00e9dions partout dans le monde.<\/li>\n<\/ul>\n","protected":false},"excerpt":{"rendered":"<p>Nos portes en bois, portes coulissantes et armoires antiques en bois de grange sont propos\u00e9es dans une vari\u00e9t\u00e9 d&rsquo;essences pour r\u00e9pondre \u00e0 vos besoins. Nos portes en bois de grange uniques et d\u00e9coratives vous offrent \u00e0 la fois intimit\u00e9 et le plus haut niveau de style. Que vous choisissiez une porte vintage en bois recycl\u00e9 authentique ou nos portes coulissantes en bois, nous pouvons les pr\u00e9parer sur mesure pour qu&rsquo;elles s&rsquo;adaptent \u00e0 votre espace. Nous proposons \u00e9galement des armoires sur mesure dans diff\u00e9rentes essences de bois. Le look final est remarquable et donne du caract\u00e8re \u00e0 l&rsquo;ensemble : trous de clous, n\u0153uds, marques de scie, ou encore une surface plus soign\u00e9e pr\u00e9sentant de belles variations de tons de couleurs.<\/p>\n<p><b style=\"color: #13763c;\">Toutes nos commandes sont faites sur mesure. <strong>Veuillez nous appeler pour discuter des options et voir notre onglet \u00ab\u00a0sp\u00e9cifications\u00a0\u00bb ci-dessous pour les options standard.<\/strong><\/b><\/p>\n","protected":false},"featured_media":14016,"comment_status":"open","ping_status":"closed","template":"","meta":[],"product_brand":[],"product_cat":[198],"product_tag":[350,348,351,356],"class_list":{"0":"post-14206","1":"product","2":"type-product","3":"status-publish","4":"has-post-thumbnail","6":"product_cat-ebenisterie-sur-mesure","7":"product_tag-armoires-en-bois","8":"product_tag-etageres-en-bois-de-grange","9":"product_tag-portes-coulissantes-en-bois-de-grange","10":"product_tag-portes-en-bois","12":"first","13":"instock","14":"taxable","15":"shipping-taxable","16":"product-type-simple"},"yoast_head":"<!-- This site is optimized with the Yoast SEO plugin v26.2 - https:\/\/yoast.com\/wordpress\/plugins\/seo\/ -->\n<title>Portes et armoires - Bois Antique Veser<\/title>\n<meta name=\"description\" content=\"Our antique reclaimed wood doors, sliding doors and cabinets are offered in a variety of species to suit your needs. Our unique and design barn doors offer you both privacy and the utmost in style.\" \/>\n<meta name=\"robots\" content=\"index, follow, max-snippet:-1, max-image-preview:large, max-video-preview:-1\" \/>\n<link rel=\"canonical\" href=\"https:\/\/reclaimedantiquewoods.com\/fr\/produit\/doors-cabinetry\/\" \/>\n<meta property=\"og:locale\" content=\"fr_FR\" \/>\n<meta property=\"og:type\" content=\"article\" \/>\n<meta property=\"og:title\" content=\"Portes et armoires - Bois Antique Veser\" \/>\n<meta property=\"og:description\" content=\"Our antique reclaimed wood doors, sliding doors and cabinets are offered in a variety of species to suit your needs. Our unique and design barn doors offer you both privacy and the utmost in style.\" \/>\n<meta property=\"og:url\" content=\"https:\/\/reclaimedantiquewoods.com\/fr\/produit\/doors-cabinetry\/\" \/>\n<meta property=\"og:site_name\" content=\"Bois Antique Veser\" \/>\n<meta property=\"article:modified_time\" content=\"2020-12-14T16:00:53+00:00\" \/>\n<meta property=\"og:image\" content=\"https:\/\/reclaimedantiquewoods.com\/wp-content\/uploads\/2020\/10\/VESE_Site_web_facebook_doors.png\" \/>\n\t<meta property=\"og:image:width\" content=\"1200\" \/>\n\t<meta property=\"og:image:height\" content=\"628\" \/>\n\t<meta property=\"og:image:type\" content=\"image\/png\" \/>\n<meta name=\"twitter:card\" content=\"summary_large_image\" \/>\n<meta name=\"twitter:label1\" content=\"Dur\u00e9e de lecture estim\u00e9e\" \/>\n\t<meta name=\"twitter:data1\" content=\"1 minute\" \/>\n<script type=\"application\/ld+json\" class=\"yoast-schema-graph\">{\"@context\":\"https:\/\/schema.org\",\"@graph\":[{\"@type\":\"WebPage\",\"@id\":\"https:\/\/reclaimedantiquewoods.com\/fr\/produit\/doors-cabinetry\/\",\"url\":\"https:\/\/reclaimedantiquewoods.com\/fr\/produit\/doors-cabinetry\/\",\"name\":\"Portes et armoires - Bois Antique Veser\",\"isPartOf\":{\"@id\":\"https:\/\/reclaimedantiquewoods.com\/fr\/#website\"},\"primaryImageOfPage\":{\"@id\":\"https:\/\/reclaimedantiquewoods.com\/fr\/produit\/doors-cabinetry\/#primaryimage\"},\"image\":{\"@id\":\"https:\/\/reclaimedantiquewoods.com\/fr\/produit\/doors-cabinetry\/#primaryimage\"},\"thumbnailUrl\":\"https:\/\/reclaimedantiquewoods.com\/wp-content\/uploads\/2020\/10\/custom-millwork-door-1.jpg\",\"datePublished\":\"2020-10-19T13:04:49+00:00\",\"dateModified\":\"2020-12-14T16:00:53+00:00\",\"description\":\"Our antique reclaimed wood doors, sliding doors and cabinets are offered in a variety of species to suit your needs. Our unique and design barn doors offer you both privacy and the utmost in style.\",\"breadcrumb\":{\"@id\":\"https:\/\/reclaimedantiquewoods.com\/fr\/produit\/doors-cabinetry\/#breadcrumb\"},\"inLanguage\":\"fr-FR\",\"potentialAction\":[{\"@type\":\"ReadAction\",\"target\":[\"https:\/\/reclaimedantiquewoods.com\/fr\/produit\/doors-cabinetry\/\"]}]},{\"@type\":\"ImageObject\",\"inLanguage\":\"fr-FR\",\"@id\":\"https:\/\/reclaimedantiquewoods.com\/fr\/produit\/doors-cabinetry\/#primaryimage\",\"url\":\"https:\/\/reclaimedantiquewoods.com\/wp-content\/uploads\/2020\/10\/custom-millwork-door-1.jpg\",\"contentUrl\":\"https:\/\/reclaimedantiquewoods.com\/wp-content\/uploads\/2020\/10\/custom-millwork-door-1.jpg\",\"width\":600,\"height\":600},{\"@type\":\"BreadcrumbList\",\"@id\":\"https:\/\/reclaimedantiquewoods.com\/fr\/produit\/doors-cabinetry\/#breadcrumb\",\"itemListElement\":[{\"@type\":\"ListItem\",\"position\":1,\"name\":\"Home\",\"item\":\"https:\/\/reclaimedantiquewoods.com\/fr\/\"},{\"@type\":\"ListItem\",\"position\":2,\"name\":\"Nos produits\",\"item\":\"https:\/\/reclaimedantiquewoods.com\/fr\/boutique\/\"},{\"@type\":\"ListItem\",\"position\":3,\"name\":\"Portes et armoires\"}]},{\"@type\":\"WebSite\",\"@id\":\"https:\/\/reclaimedantiquewoods.com\/fr\/#website\",\"url\":\"https:\/\/reclaimedantiquewoods.com\/fr\/\",\"name\":\"Bois Antique Veser\",\"description\":\"\",\"potentialAction\":[{\"@type\":\"SearchAction\",\"target\":{\"@type\":\"EntryPoint\",\"urlTemplate\":\"https:\/\/reclaimedantiquewoods.com\/fr\/?s={search_term_string}\"},\"query-input\":{\"@type\":\"PropertyValueSpecification\",\"valueRequired\":true,\"valueName\":\"search_term_string\"}}],\"inLanguage\":\"fr-FR\"}]}<\/script>\n<!-- \/ Yoast SEO plugin. -->","yoast_head_json":{"title":"Portes et armoires - Bois Antique Veser","description":"Our antique reclaimed wood doors, sliding doors and cabinets are offered in a variety of species to suit your needs. Our unique and design barn doors offer you both privacy and the utmost in style.","robots":{"index":"index","follow":"follow","max-snippet":"max-snippet:-1","max-image-preview":"max-image-preview:large","max-video-preview":"max-video-preview:-1"},"canonical":"https:\/\/reclaimedantiquewoods.com\/fr\/produit\/doors-cabinetry\/","og_locale":"fr_FR","og_type":"article","og_title":"Portes et armoires - Bois Antique Veser","og_description":"Our antique reclaimed wood doors, sliding doors and cabinets are offered in a variety of species to suit your needs. Our unique and design barn doors offer you both privacy and the utmost in style.","og_url":"https:\/\/reclaimedantiquewoods.com\/fr\/produit\/doors-cabinetry\/","og_site_name":"Bois Antique Veser","article_modified_time":"2020-12-14T16:00:53+00:00","og_image":[{"width":1200,"height":628,"url":"https:\/\/reclaimedantiquewoods.com\/wp-content\/uploads\/2020\/10\/VESE_Site_web_facebook_doors.png","type":"image\/png"}],"twitter_card":"summary_large_image","twitter_misc":{"Dur\u00e9e de lecture estim\u00e9e":"1 minute"},"schema":{"@context":"https:\/\/schema.org","@graph":[{"@type":"WebPage","@id":"https:\/\/reclaimedantiquewoods.com\/fr\/produit\/doors-cabinetry\/","url":"https:\/\/reclaimedantiquewoods.com\/fr\/produit\/doors-cabinetry\/","name":"Portes et armoires - Bois Antique Veser","isPartOf":{"@id":"https:\/\/reclaimedantiquewoods.com\/fr\/#website"},"primaryImageOfPage":{"@id":"https:\/\/reclaimedantiquewoods.com\/fr\/produit\/doors-cabinetry\/#primaryimage"},"image":{"@id":"https:\/\/reclaimedantiquewoods.com\/fr\/produit\/doors-cabinetry\/#primaryimage"},"thumbnailUrl":"https:\/\/reclaimedantiquewoods.com\/wp-content\/uploads\/2020\/10\/custom-millwork-door-1.jpg","datePublished":"2020-10-19T13:04:49+00:00","dateModified":"2020-12-14T16:00:53+00:00","description":"Our antique reclaimed wood doors, sliding doors and cabinets are offered in a variety of species to suit your needs. Our unique and design barn doors offer you both privacy and the utmost in style.","breadcrumb":{"@id":"https:\/\/reclaimedantiquewoods.com\/fr\/produit\/doors-cabinetry\/#breadcrumb"},"inLanguage":"fr-FR","potentialAction":[{"@type":"ReadAction","target":["https:\/\/reclaimedantiquewoods.com\/fr\/produit\/doors-cabinetry\/"]}]},{"@type":"ImageObject","inLanguage":"fr-FR","@id":"https:\/\/reclaimedantiquewoods.com\/fr\/produit\/doors-cabinetry\/#primaryimage","url":"https:\/\/reclaimedantiquewoods.com\/wp-content\/uploads\/2020\/10\/custom-millwork-door-1.jpg","contentUrl":"https:\/\/reclaimedantiquewoods.com\/wp-content\/uploads\/2020\/10\/custom-millwork-door-1.jpg","width":600,"height":600},{"@type":"BreadcrumbList","@id":"https:\/\/reclaimedantiquewoods.com\/fr\/produit\/doors-cabinetry\/#breadcrumb","itemListElement":[{"@type":"ListItem","position":1,"name":"Home","item":"https:\/\/reclaimedantiquewoods.com\/fr\/"},{"@type":"ListItem","position":2,"name":"Nos produits","item":"https:\/\/reclaimedantiquewoods.com\/fr\/boutique\/"},{"@type":"ListItem","position":3,"name":"Portes et armoires"}]},{"@type":"WebSite","@id":"https:\/\/reclaimedantiquewoods.com\/fr\/#website","url":"https:\/\/reclaimedantiquewoods.com\/fr\/","name":"Bois Antique Veser","description":"","potentialAction":[{"@type":"SearchAction","target":{"@type":"EntryPoint","urlTemplate":"https:\/\/reclaimedantiquewoods.com\/fr\/?s={search_term_string}"},"query-input":{"@type":"PropertyValueSpecification","valueRequired":true,"valueName":"search_term_string"}}],"inLanguage":"fr-FR"}]}},"_links":{"self":[{"href":"https:\/\/reclaimedantiquewoods.com\/fr\/wp-json\/wp\/v2\/product\/14206","targetHints":{"allow":["GET"]}}],"collection":[{"href":"https:\/\/reclaimedantiquewoods.com\/fr\/wp-json\/wp\/v2\/product"}],"about":[{"href":"https:\/\/reclaimedantiquewoods.com\/fr\/wp-json\/wp\/v2\/types\/product"}],"replies":[{"embeddable":true,"href":"https:\/\/reclaimedantiquewoods.com\/fr\/wp-json\/wp\/v2\/comments?post=14206"}],"wp:featuredmedia":[{"embeddable":true,"href":"https:\/\/reclaimedantiquewoods.com\/fr\/wp-json\/wp\/v2\/media\/14016"}],"wp:attachment":[{"href":"https:\/\/reclaimedantiquewoods.com\/fr\/wp-json\/wp\/v2\/media?parent=14206"}],"wp:term":[{"taxonomy":"product_brand","embeddable":true,"href":"https:\/\/reclaimedantiquewoods.com\/fr\/wp-json\/wp\/v2\/product_brand?post=14206"},{"taxonomy":"product_cat","embeddable":true,"href":"https:\/\/reclaimedantiquewoods.com\/fr\/wp-json\/wp\/v2\/product_cat?post=14206"},{"taxonomy":"product_tag","embeddable":true,"href":"https:\/\/reclaimedantiquewoods.com\/fr\/wp-json\/wp\/v2\/product_tag?post=14206"}],"curies":[{"name":"wp","href":"https:\/\/api.w.org\/{rel}","templated":true}]}}