{"id":14209,"date":"2020-10-14T15:21:36","date_gmt":"2020-10-14T15:21:36","guid":{"rendered":"https:\/\/reclaimedantiquewoods.com\/product\/original-rough-sawn-mantel\/"},"modified":"2020-12-14T16:02:15","modified_gmt":"2020-12-14T16:02:15","slug":"original-rough-sawn-mantel","status":"publish","type":"product","link":"https:\/\/reclaimedantiquewoods.com\/fr\/produit\/original-rough-sawn-mantel\/","title":{"rendered":"Manteau de foyer original sci\u00e9"},"content":{"rendered":"<p>Nos poutres originales sci\u00e9es sont d&rsquo;une \u00e9l\u00e9gance et d&rsquo;un style exceptionnels. Elles ajoutent une touche d&rsquo;histoire et de profondeur dans tous les espaces qu&rsquo;elles habitent. Ces authentiques poutres centenaires r\u00e9cup\u00e9r\u00e9es dans des usines sont pr\u00e9par\u00e9es et finies sur mesure pour r\u00e9pondre \u00e0 vos besoins. Ajoutant une touche de rusticit\u00e9 tout en apportant chaleur et cachet, ces poutres durables r\u00e9sisteront \u00e0 l&rsquo;\u00e9preuve du temps.<\/p>\n<ul>\n<li>Consultez notre section \u00ab\u00a0Magasinez en ligne\u00a0\u00bb pour conna\u00eetre tous les d\u00e9tails de la livraison gratuite!<\/li>\n<li>Pour l&rsquo;exp\u00e9dition internationale, veuillez nous appeler! Nous exp\u00e9dions partout dans le monde.<\/li>\n<\/ul>\n","protected":false},"excerpt":{"rendered":"<p>Nos poutres originales sci\u00e9es proviennent de diverses granges, usines, entrep\u00f4ts et de vieilles structures pr\u00e9sentes partout en Am\u00e9rique du Nord. Elles pr\u00e9sentent une texture plus lisse tout en mettant en valeur la v\u00e9ritable beaut\u00e9 et la richesse des poutres r\u00e9cup\u00e9r\u00e9es. Souvent utilis\u00e9es comme poutres d\u00e9coratives, comme pour un manteau de foyer en bois recycl\u00e9, elles pr\u00e9sentent les trous de clous d&rsquo;origine, des variations de couleurs unifi\u00e9es, des traces de scie circulaire d&rsquo;origine, un grain riche et dense et d&rsquo;autres marques authentiques du pass\u00e9. Elles offrent un aspect plus fini et plus propre que nos manteaux de foyer taill\u00e9s \u00e0 la hache.<\/p>\n<p><b style=\"color: #13763c;\">Toutes nos commandes sont faites sur mesure. <strong>Veuillez nous appeler pour discuter des options et voir notre onglet \u00ab\u00a0sp\u00e9cifications\u00a0\u00bb ci-dessous pour les options standard.<\/strong><\/b><\/p>\n","protected":false},"featured_media":14006,"comment_status":"open","ping_status":"closed","template":"","meta":[],"product_brand":[],"product_cat":[200],"product_tag":[336,337,333,330,332,331],"class_list":{"0":"post-14209","1":"product","2":"type-product","3":"status-publish","4":"has-post-thumbnail","6":"product_cat-manteaux-de-foyer","7":"product_tag-cheminee-en-bois-de-grange","8":"product_tag-manteau-de-foyer-en-bois-de-grange","9":"product_tag-poutres-de-bois","10":"product_tag-poutres-de-grange","11":"product_tag-poutres-en-bois-recycle","12":"product_tag-poutres-industrielles","14":"first","15":"instock","16":"taxable","17":"shipping-taxable","18":"product-type-simple"},"yoast_head":"<!-- This site is optimized with the Yoast SEO plugin v26.2 - https:\/\/yoast.com\/wordpress\/plugins\/seo\/ -->\n<title>Manteau de foyer original sci\u00e9 - Bois Antique Veser<\/title>\n<meta name=\"description\" content=\"Our reclaimed Original Rough Sawn Beams are harvested from barns, factories, warehouses and old structures throughout North America. They present a cleaner textured feel while showcasing the true beauty and richest of reclaimed beams.\" \/>\n<meta name=\"robots\" content=\"index, follow, max-snippet:-1, max-image-preview:large, max-video-preview:-1\" \/>\n<link rel=\"canonical\" href=\"https:\/\/reclaimedantiquewoods.com\/fr\/produit\/original-rough-sawn-mantel\/\" \/>\n<meta property=\"og:locale\" content=\"fr_FR\" \/>\n<meta property=\"og:type\" content=\"article\" \/>\n<meta property=\"og:title\" content=\"Manteau de foyer original sci\u00e9 - Bois Antique Veser\" \/>\n<meta property=\"og:description\" content=\"Our reclaimed Original Rough Sawn Beams are harvested from barns, factories, warehouses and old structures throughout North America. They present a cleaner textured feel while showcasing the true beauty and richest of reclaimed beams.\" \/>\n<meta property=\"og:url\" content=\"https:\/\/reclaimedantiquewoods.com\/fr\/produit\/original-rough-sawn-mantel\/\" \/>\n<meta property=\"og:site_name\" content=\"Bois Antique Veser\" \/>\n<meta property=\"article:modified_time\" content=\"2020-12-14T16:02:15+00:00\" \/>\n<meta property=\"og:image\" content=\"https:\/\/reclaimedantiquewoods.com\/wp-content\/uploads\/2020\/10\/VESE_Site_web_facebook_rough_sawn_mantel.png\" \/>\n\t<meta property=\"og:image:width\" content=\"1200\" \/>\n\t<meta property=\"og:image:height\" content=\"628\" \/>\n\t<meta property=\"og:image:type\" content=\"image\/png\" \/>\n<meta name=\"twitter:card\" content=\"summary_large_image\" \/>\n<meta name=\"twitter:label1\" content=\"Dur\u00e9e de lecture estim\u00e9e\" \/>\n\t<meta name=\"twitter:data1\" content=\"1 minute\" \/>\n<script type=\"application\/ld+json\" class=\"yoast-schema-graph\">{\"@context\":\"https:\/\/schema.org\",\"@graph\":[{\"@type\":\"WebPage\",\"@id\":\"https:\/\/reclaimedantiquewoods.com\/fr\/produit\/original-rough-sawn-mantel\/\",\"url\":\"https:\/\/reclaimedantiquewoods.com\/fr\/produit\/original-rough-sawn-mantel\/\",\"name\":\"Manteau de foyer original sci\u00e9 - Bois Antique Veser\",\"isPartOf\":{\"@id\":\"https:\/\/reclaimedantiquewoods.com\/fr\/#website\"},\"primaryImageOfPage\":{\"@id\":\"https:\/\/reclaimedantiquewoods.com\/fr\/produit\/original-rough-sawn-mantel\/#primaryimage\"},\"image\":{\"@id\":\"https:\/\/reclaimedantiquewoods.com\/fr\/produit\/original-rough-sawn-mantel\/#primaryimage\"},\"thumbnailUrl\":\"https:\/\/reclaimedantiquewoods.com\/wp-content\/uploads\/2020\/10\/original-rough-sawn-mantel-texture-1-1.jpg\",\"datePublished\":\"2020-10-14T15:21:36+00:00\",\"dateModified\":\"2020-12-14T16:02:15+00:00\",\"description\":\"Our reclaimed Original Rough Sawn Beams are harvested from barns, factories, warehouses and old structures throughout North America. They present a cleaner textured feel while showcasing the true beauty and richest of reclaimed beams.\",\"breadcrumb\":{\"@id\":\"https:\/\/reclaimedantiquewoods.com\/fr\/produit\/original-rough-sawn-mantel\/#breadcrumb\"},\"inLanguage\":\"fr-FR\",\"potentialAction\":[{\"@type\":\"ReadAction\",\"target\":[\"https:\/\/reclaimedantiquewoods.com\/fr\/produit\/original-rough-sawn-mantel\/\"]}]},{\"@type\":\"ImageObject\",\"inLanguage\":\"fr-FR\",\"@id\":\"https:\/\/reclaimedantiquewoods.com\/fr\/produit\/original-rough-sawn-mantel\/#primaryimage\",\"url\":\"https:\/\/reclaimedantiquewoods.com\/wp-content\/uploads\/2020\/10\/original-rough-sawn-mantel-texture-1-1.jpg\",\"contentUrl\":\"https:\/\/reclaimedantiquewoods.com\/wp-content\/uploads\/2020\/10\/original-rough-sawn-mantel-texture-1-1.jpg\",\"width\":600,\"height\":600},{\"@type\":\"BreadcrumbList\",\"@id\":\"https:\/\/reclaimedantiquewoods.com\/fr\/produit\/original-rough-sawn-mantel\/#breadcrumb\",\"itemListElement\":[{\"@type\":\"ListItem\",\"position\":1,\"name\":\"Home\",\"item\":\"https:\/\/reclaimedantiquewoods.com\/fr\/\"},{\"@type\":\"ListItem\",\"position\":2,\"name\":\"Nos produits\",\"item\":\"https:\/\/reclaimedantiquewoods.com\/fr\/boutique\/\"},{\"@type\":\"ListItem\",\"position\":3,\"name\":\"Manteau de foyer original sci\u00e9\"}]},{\"@type\":\"WebSite\",\"@id\":\"https:\/\/reclaimedantiquewoods.com\/fr\/#website\",\"url\":\"https:\/\/reclaimedantiquewoods.com\/fr\/\",\"name\":\"Bois Antique Veser\",\"description\":\"\",\"potentialAction\":[{\"@type\":\"SearchAction\",\"target\":{\"@type\":\"EntryPoint\",\"urlTemplate\":\"https:\/\/reclaimedantiquewoods.com\/fr\/?s={search_term_string}\"},\"query-input\":{\"@type\":\"PropertyValueSpecification\",\"valueRequired\":true,\"valueName\":\"search_term_string\"}}],\"inLanguage\":\"fr-FR\"}]}<\/script>\n<!-- \/ Yoast SEO plugin. -->","yoast_head_json":{"title":"Manteau de foyer original sci\u00e9 - Bois Antique Veser","description":"Our reclaimed Original Rough Sawn Beams are harvested from barns, factories, warehouses and old structures throughout North America. They present a cleaner textured feel while showcasing the true beauty and richest of reclaimed beams.","robots":{"index":"index","follow":"follow","max-snippet":"max-snippet:-1","max-image-preview":"max-image-preview:large","max-video-preview":"max-video-preview:-1"},"canonical":"https:\/\/reclaimedantiquewoods.com\/fr\/produit\/original-rough-sawn-mantel\/","og_locale":"fr_FR","og_type":"article","og_title":"Manteau de foyer original sci\u00e9 - Bois Antique Veser","og_description":"Our reclaimed Original Rough Sawn Beams are harvested from barns, factories, warehouses and old structures throughout North America. They present a cleaner textured feel while showcasing the true beauty and richest of reclaimed beams.","og_url":"https:\/\/reclaimedantiquewoods.com\/fr\/produit\/original-rough-sawn-mantel\/","og_site_name":"Bois Antique Veser","article_modified_time":"2020-12-14T16:02:15+00:00","og_image":[{"width":1200,"height":628,"url":"https:\/\/reclaimedantiquewoods.com\/wp-content\/uploads\/2020\/10\/VESE_Site_web_facebook_rough_sawn_mantel.png","type":"image\/png"}],"twitter_card":"summary_large_image","twitter_misc":{"Dur\u00e9e de lecture estim\u00e9e":"1 minute"},"schema":{"@context":"https:\/\/schema.org","@graph":[{"@type":"WebPage","@id":"https:\/\/reclaimedantiquewoods.com\/fr\/produit\/original-rough-sawn-mantel\/","url":"https:\/\/reclaimedantiquewoods.com\/fr\/produit\/original-rough-sawn-mantel\/","name":"Manteau de foyer original sci\u00e9 - Bois Antique Veser","isPartOf":{"@id":"https:\/\/reclaimedantiquewoods.com\/fr\/#website"},"primaryImageOfPage":{"@id":"https:\/\/reclaimedantiquewoods.com\/fr\/produit\/original-rough-sawn-mantel\/#primaryimage"},"image":{"@id":"https:\/\/reclaimedantiquewoods.com\/fr\/produit\/original-rough-sawn-mantel\/#primaryimage"},"thumbnailUrl":"https:\/\/reclaimedantiquewoods.com\/wp-content\/uploads\/2020\/10\/original-rough-sawn-mantel-texture-1-1.jpg","datePublished":"2020-10-14T15:21:36+00:00","dateModified":"2020-12-14T16:02:15+00:00","description":"Our reclaimed Original Rough Sawn Beams are harvested from barns, factories, warehouses and old structures throughout North America. They present a cleaner textured feel while showcasing the true beauty and richest of reclaimed beams.","breadcrumb":{"@id":"https:\/\/reclaimedantiquewoods.com\/fr\/produit\/original-rough-sawn-mantel\/#breadcrumb"},"inLanguage":"fr-FR","potentialAction":[{"@type":"ReadAction","target":["https:\/\/reclaimedantiquewoods.com\/fr\/produit\/original-rough-sawn-mantel\/"]}]},{"@type":"ImageObject","inLanguage":"fr-FR","@id":"https:\/\/reclaimedantiquewoods.com\/fr\/produit\/original-rough-sawn-mantel\/#primaryimage","url":"https:\/\/reclaimedantiquewoods.com\/wp-content\/uploads\/2020\/10\/original-rough-sawn-mantel-texture-1-1.jpg","contentUrl":"https:\/\/reclaimedantiquewoods.com\/wp-content\/uploads\/2020\/10\/original-rough-sawn-mantel-texture-1-1.jpg","width":600,"height":600},{"@type":"BreadcrumbList","@id":"https:\/\/reclaimedantiquewoods.com\/fr\/produit\/original-rough-sawn-mantel\/#breadcrumb","itemListElement":[{"@type":"ListItem","position":1,"name":"Home","item":"https:\/\/reclaimedantiquewoods.com\/fr\/"},{"@type":"ListItem","position":2,"name":"Nos produits","item":"https:\/\/reclaimedantiquewoods.com\/fr\/boutique\/"},{"@type":"ListItem","position":3,"name":"Manteau de foyer original sci\u00e9"}]},{"@type":"WebSite","@id":"https:\/\/reclaimedantiquewoods.com\/fr\/#website","url":"https:\/\/reclaimedantiquewoods.com\/fr\/","name":"Bois Antique Veser","description":"","potentialAction":[{"@type":"SearchAction","target":{"@type":"EntryPoint","urlTemplate":"https:\/\/reclaimedantiquewoods.com\/fr\/?s={search_term_string}"},"query-input":{"@type":"PropertyValueSpecification","valueRequired":true,"valueName":"search_term_string"}}],"inLanguage":"fr-FR"}]}},"_links":{"self":[{"href":"https:\/\/reclaimedantiquewoods.com\/fr\/wp-json\/wp\/v2\/product\/14209","targetHints":{"allow":["GET"]}}],"collection":[{"href":"https:\/\/reclaimedantiquewoods.com\/fr\/wp-json\/wp\/v2\/product"}],"about":[{"href":"https:\/\/reclaimedantiquewoods.com\/fr\/wp-json\/wp\/v2\/types\/product"}],"replies":[{"embeddable":true,"href":"https:\/\/reclaimedantiquewoods.com\/fr\/wp-json\/wp\/v2\/comments?post=14209"}],"wp:featuredmedia":[{"embeddable":true,"href":"https:\/\/reclaimedantiquewoods.com\/fr\/wp-json\/wp\/v2\/media\/14006"}],"wp:attachment":[{"href":"https:\/\/reclaimedantiquewoods.com\/fr\/wp-json\/wp\/v2\/media?parent=14209"}],"wp:term":[{"taxonomy":"product_brand","embeddable":true,"href":"https:\/\/reclaimedantiquewoods.com\/fr\/wp-json\/wp\/v2\/product_brand?post=14209"},{"taxonomy":"product_cat","embeddable":true,"href":"https:\/\/reclaimedantiquewoods.com\/fr\/wp-json\/wp\/v2\/product_cat?post=14209"},{"taxonomy":"product_tag","embeddable":true,"href":"https:\/\/reclaimedantiquewoods.com\/fr\/wp-json\/wp\/v2\/product_tag?post=14209"}],"curies":[{"name":"wp","href":"https:\/\/api.w.org\/{rel}","templated":true}]}}