{"id":14212,"date":"2020-10-14T15:21:14","date_gmt":"2020-10-14T15:21:14","guid":{"rendered":"https:\/\/reclaimedantiquewoods.com\/product\/hand-hewn-mantel\/"},"modified":"2020-12-14T16:02:11","modified_gmt":"2020-12-14T16:02:11","slug":"hand-hewn-mantel","status":"publish","type":"product","link":"https:\/\/reclaimedantiquewoods.com\/fr\/produit\/hand-hewn-mantel\/","title":{"rendered":"Manteau de foyer taill\u00e9 \u00e0 la hache"},"content":{"rendered":"<p>Nos poutres antiques taill\u00e9es \u00e0 la hache repr\u00e9sentent l&rsquo;original et le chic authentique en mati\u00e8re de bois recycl\u00e9. D&rsquo;aspect rustiques dans un d\u00e9cor souvent contemporain, ces poutres attirent l&rsquo;attention. Elles sont pr\u00e9par\u00e9es et coup\u00e9es sur mesure pour r\u00e9pondre \u00e0 vos besoins et une finition peut \u00e9galement \u00eatre appliqu\u00e9e. Le caract\u00e8re et l&rsquo;attrait incontestables de ce manteau de foyer en bois de grange antique r\u00e9cup\u00e9r\u00e9 lui conf\u00e8rent une allure et un style incomparables.<\/p>\n<ul>\n<li>Consultez notre section \u00ab\u00a0Magasinez en ligne\u00a0\u00bb pour conna\u00eetre tous les d\u00e9tails de la livraison gratuite!<\/li>\n<li>Pour l&rsquo;exp\u00e9dition internationale, veuillez nous appeler! Nous exp\u00e9dions partout dans le monde.<\/li>\n<\/ul>\n","protected":false},"excerpt":{"rendered":"<p>Nos poutres ancestrales taill\u00e9es \u00e0 la hache proviennent de diverses granges et structures en Am\u00e9rique du Nord. Elles sont pr\u00e9sentes dans de vieilles granges datant entre 100 et 200 ans, o\u00f9, au moment de la construction, les scieries n&rsquo;existaient pas. Elles constituent la plus ancienne forme de poutres de grange, alors qu&rsquo;une hache \u00e0 main a \u00e9t\u00e9 utilis\u00e9e par nos anc\u00eatres pour cr\u00e9er ce mat\u00e9riel de construction tr\u00e8s recherch\u00e9. Ces poutres pr\u00e9sentent des marques de hache authentiques, des poches de mortaise originales, des encoches, des trous de chevilles, des empreintes d&rsquo;insectes et des n\u0153uds. Souvent utilis\u00e9es comme manteau de foyer d\u00e9coratif et chaleureux, elles offrent un \u00e9l\u00e9ment unique de d\u00e9cor et d&rsquo;histoire.<\/p>\n<p><b style=\"color: #13763c;\"><strong>Toutes nos commandes sont faites sur mesure. Veuillez nous appeler pour discuter des options et voir notre onglet \u00ab\u00a0sp\u00e9cifications\u00a0\u00bb ci-dessous pour les options standard<\/strong>.<\/b><\/p>\n","protected":false},"featured_media":13991,"comment_status":"open","ping_status":"closed","template":"","meta":[],"product_brand":[],"product_cat":[200],"product_tag":[336,337,333,330,332,331],"class_list":{"0":"post-14212","1":"product","2":"type-product","3":"status-publish","4":"has-post-thumbnail","6":"product_cat-manteaux-de-foyer","7":"product_tag-cheminee-en-bois-de-grange","8":"product_tag-manteau-de-foyer-en-bois-de-grange","9":"product_tag-poutres-de-bois","10":"product_tag-poutres-de-grange","11":"product_tag-poutres-en-bois-recycle","12":"product_tag-poutres-industrielles","14":"first","15":"instock","16":"taxable","17":"shipping-taxable","18":"product-type-simple"},"yoast_head":"<!-- This site is optimized with the Yoast SEO plugin v26.2 - https:\/\/yoast.com\/wordpress\/plugins\/seo\/ -->\n<title>Manteau de foyer taill\u00e9 \u00e0 la hache - Bois Antique Veser<\/title>\n<meta name=\"description\" content=\"Our reclaimed Hand Hewn Beams are harvested from various barns and structures throughout North America. They are present in 100 to 200-year-old barns, where, at the time of construction, sawmills did not exist. They are the oldest form of antique beams and a hand axe was used by our ancestors to create this most sought-after building material.\" \/>\n<meta name=\"robots\" content=\"index, follow, max-snippet:-1, max-image-preview:large, max-video-preview:-1\" \/>\n<link rel=\"canonical\" href=\"https:\/\/reclaimedantiquewoods.com\/fr\/produit\/hand-hewn-mantel\/\" \/>\n<meta property=\"og:locale\" content=\"fr_FR\" \/>\n<meta property=\"og:type\" content=\"article\" \/>\n<meta property=\"og:title\" content=\"Manteau de foyer taill\u00e9 \u00e0 la hache - Bois Antique Veser\" \/>\n<meta property=\"og:description\" content=\"Our reclaimed Hand Hewn Beams are harvested from various barns and structures throughout North America. They are present in 100 to 200-year-old barns, where, at the time of construction, sawmills did not exist. They are the oldest form of antique beams and a hand axe was used by our ancestors to create this most sought-after building material.\" \/>\n<meta property=\"og:url\" content=\"https:\/\/reclaimedantiquewoods.com\/fr\/produit\/hand-hewn-mantel\/\" \/>\n<meta property=\"og:site_name\" content=\"Bois Antique Veser\" \/>\n<meta property=\"article:modified_time\" content=\"2020-12-14T16:02:11+00:00\" \/>\n<meta property=\"og:image\" content=\"https:\/\/reclaimedantiquewoods.com\/wp-content\/uploads\/2020\/10\/VESE_Site_web_facebook_hand_sawn_mantel.png\" \/>\n\t<meta property=\"og:image:width\" content=\"1200\" \/>\n\t<meta property=\"og:image:height\" content=\"628\" \/>\n\t<meta property=\"og:image:type\" content=\"image\/png\" \/>\n<meta name=\"twitter:card\" content=\"summary_large_image\" \/>\n<meta name=\"twitter:label1\" content=\"Dur\u00e9e de lecture estim\u00e9e\" \/>\n\t<meta name=\"twitter:data1\" content=\"1 minute\" \/>\n<script type=\"application\/ld+json\" class=\"yoast-schema-graph\">{\"@context\":\"https:\/\/schema.org\",\"@graph\":[{\"@type\":\"WebPage\",\"@id\":\"https:\/\/reclaimedantiquewoods.com\/fr\/produit\/hand-hewn-mantel\/\",\"url\":\"https:\/\/reclaimedantiquewoods.com\/fr\/produit\/hand-hewn-mantel\/\",\"name\":\"Manteau de foyer taill\u00e9 \u00e0 la hache - Bois Antique Veser\",\"isPartOf\":{\"@id\":\"https:\/\/reclaimedantiquewoods.com\/fr\/#website\"},\"primaryImageOfPage\":{\"@id\":\"https:\/\/reclaimedantiquewoods.com\/fr\/produit\/hand-hewn-mantel\/#primaryimage\"},\"image\":{\"@id\":\"https:\/\/reclaimedantiquewoods.com\/fr\/produit\/hand-hewn-mantel\/#primaryimage\"},\"thumbnailUrl\":\"https:\/\/reclaimedantiquewoods.com\/wp-content\/uploads\/2020\/10\/hand-hewn-mantel-texture-1.jpg\",\"datePublished\":\"2020-10-14T15:21:14+00:00\",\"dateModified\":\"2020-12-14T16:02:11+00:00\",\"description\":\"Our reclaimed Hand Hewn Beams are harvested from various barns and structures throughout North America. They are present in 100 to 200-year-old barns, where, at the time of construction, sawmills did not exist. They are the oldest form of antique beams and a hand axe was used by our ancestors to create this most sought-after building material.\",\"breadcrumb\":{\"@id\":\"https:\/\/reclaimedantiquewoods.com\/fr\/produit\/hand-hewn-mantel\/#breadcrumb\"},\"inLanguage\":\"fr-FR\",\"potentialAction\":[{\"@type\":\"ReadAction\",\"target\":[\"https:\/\/reclaimedantiquewoods.com\/fr\/produit\/hand-hewn-mantel\/\"]}]},{\"@type\":\"ImageObject\",\"inLanguage\":\"fr-FR\",\"@id\":\"https:\/\/reclaimedantiquewoods.com\/fr\/produit\/hand-hewn-mantel\/#primaryimage\",\"url\":\"https:\/\/reclaimedantiquewoods.com\/wp-content\/uploads\/2020\/10\/hand-hewn-mantel-texture-1.jpg\",\"contentUrl\":\"https:\/\/reclaimedantiquewoods.com\/wp-content\/uploads\/2020\/10\/hand-hewn-mantel-texture-1.jpg\",\"width\":600,\"height\":600},{\"@type\":\"BreadcrumbList\",\"@id\":\"https:\/\/reclaimedantiquewoods.com\/fr\/produit\/hand-hewn-mantel\/#breadcrumb\",\"itemListElement\":[{\"@type\":\"ListItem\",\"position\":1,\"name\":\"Home\",\"item\":\"https:\/\/reclaimedantiquewoods.com\/fr\/\"},{\"@type\":\"ListItem\",\"position\":2,\"name\":\"Nos produits\",\"item\":\"https:\/\/reclaimedantiquewoods.com\/fr\/boutique\/\"},{\"@type\":\"ListItem\",\"position\":3,\"name\":\"Manteau de foyer taill\u00e9 \u00e0 la hache\"}]},{\"@type\":\"WebSite\",\"@id\":\"https:\/\/reclaimedantiquewoods.com\/fr\/#website\",\"url\":\"https:\/\/reclaimedantiquewoods.com\/fr\/\",\"name\":\"Bois Antique Veser\",\"description\":\"\",\"potentialAction\":[{\"@type\":\"SearchAction\",\"target\":{\"@type\":\"EntryPoint\",\"urlTemplate\":\"https:\/\/reclaimedantiquewoods.com\/fr\/?s={search_term_string}\"},\"query-input\":{\"@type\":\"PropertyValueSpecification\",\"valueRequired\":true,\"valueName\":\"search_term_string\"}}],\"inLanguage\":\"fr-FR\"}]}<\/script>\n<!-- \/ Yoast SEO plugin. -->","yoast_head_json":{"title":"Manteau de foyer taill\u00e9 \u00e0 la hache - Bois Antique Veser","description":"Our reclaimed Hand Hewn Beams are harvested from various barns and structures throughout North America. They are present in 100 to 200-year-old barns, where, at the time of construction, sawmills did not exist. They are the oldest form of antique beams and a hand axe was used by our ancestors to create this most sought-after building material.","robots":{"index":"index","follow":"follow","max-snippet":"max-snippet:-1","max-image-preview":"max-image-preview:large","max-video-preview":"max-video-preview:-1"},"canonical":"https:\/\/reclaimedantiquewoods.com\/fr\/produit\/hand-hewn-mantel\/","og_locale":"fr_FR","og_type":"article","og_title":"Manteau de foyer taill\u00e9 \u00e0 la hache - Bois Antique Veser","og_description":"Our reclaimed Hand Hewn Beams are harvested from various barns and structures throughout North America. They are present in 100 to 200-year-old barns, where, at the time of construction, sawmills did not exist. They are the oldest form of antique beams and a hand axe was used by our ancestors to create this most sought-after building material.","og_url":"https:\/\/reclaimedantiquewoods.com\/fr\/produit\/hand-hewn-mantel\/","og_site_name":"Bois Antique Veser","article_modified_time":"2020-12-14T16:02:11+00:00","og_image":[{"width":1200,"height":628,"url":"https:\/\/reclaimedantiquewoods.com\/wp-content\/uploads\/2020\/10\/VESE_Site_web_facebook_hand_sawn_mantel.png","type":"image\/png"}],"twitter_card":"summary_large_image","twitter_misc":{"Dur\u00e9e de lecture estim\u00e9e":"1 minute"},"schema":{"@context":"https:\/\/schema.org","@graph":[{"@type":"WebPage","@id":"https:\/\/reclaimedantiquewoods.com\/fr\/produit\/hand-hewn-mantel\/","url":"https:\/\/reclaimedantiquewoods.com\/fr\/produit\/hand-hewn-mantel\/","name":"Manteau de foyer taill\u00e9 \u00e0 la hache - Bois Antique Veser","isPartOf":{"@id":"https:\/\/reclaimedantiquewoods.com\/fr\/#website"},"primaryImageOfPage":{"@id":"https:\/\/reclaimedantiquewoods.com\/fr\/produit\/hand-hewn-mantel\/#primaryimage"},"image":{"@id":"https:\/\/reclaimedantiquewoods.com\/fr\/produit\/hand-hewn-mantel\/#primaryimage"},"thumbnailUrl":"https:\/\/reclaimedantiquewoods.com\/wp-content\/uploads\/2020\/10\/hand-hewn-mantel-texture-1.jpg","datePublished":"2020-10-14T15:21:14+00:00","dateModified":"2020-12-14T16:02:11+00:00","description":"Our reclaimed Hand Hewn Beams are harvested from various barns and structures throughout North America. They are present in 100 to 200-year-old barns, where, at the time of construction, sawmills did not exist. They are the oldest form of antique beams and a hand axe was used by our ancestors to create this most sought-after building material.","breadcrumb":{"@id":"https:\/\/reclaimedantiquewoods.com\/fr\/produit\/hand-hewn-mantel\/#breadcrumb"},"inLanguage":"fr-FR","potentialAction":[{"@type":"ReadAction","target":["https:\/\/reclaimedantiquewoods.com\/fr\/produit\/hand-hewn-mantel\/"]}]},{"@type":"ImageObject","inLanguage":"fr-FR","@id":"https:\/\/reclaimedantiquewoods.com\/fr\/produit\/hand-hewn-mantel\/#primaryimage","url":"https:\/\/reclaimedantiquewoods.com\/wp-content\/uploads\/2020\/10\/hand-hewn-mantel-texture-1.jpg","contentUrl":"https:\/\/reclaimedantiquewoods.com\/wp-content\/uploads\/2020\/10\/hand-hewn-mantel-texture-1.jpg","width":600,"height":600},{"@type":"BreadcrumbList","@id":"https:\/\/reclaimedantiquewoods.com\/fr\/produit\/hand-hewn-mantel\/#breadcrumb","itemListElement":[{"@type":"ListItem","position":1,"name":"Home","item":"https:\/\/reclaimedantiquewoods.com\/fr\/"},{"@type":"ListItem","position":2,"name":"Nos produits","item":"https:\/\/reclaimedantiquewoods.com\/fr\/boutique\/"},{"@type":"ListItem","position":3,"name":"Manteau de foyer taill\u00e9 \u00e0 la hache"}]},{"@type":"WebSite","@id":"https:\/\/reclaimedantiquewoods.com\/fr\/#website","url":"https:\/\/reclaimedantiquewoods.com\/fr\/","name":"Bois Antique Veser","description":"","potentialAction":[{"@type":"SearchAction","target":{"@type":"EntryPoint","urlTemplate":"https:\/\/reclaimedantiquewoods.com\/fr\/?s={search_term_string}"},"query-input":{"@type":"PropertyValueSpecification","valueRequired":true,"valueName":"search_term_string"}}],"inLanguage":"fr-FR"}]}},"_links":{"self":[{"href":"https:\/\/reclaimedantiquewoods.com\/fr\/wp-json\/wp\/v2\/product\/14212","targetHints":{"allow":["GET"]}}],"collection":[{"href":"https:\/\/reclaimedantiquewoods.com\/fr\/wp-json\/wp\/v2\/product"}],"about":[{"href":"https:\/\/reclaimedantiquewoods.com\/fr\/wp-json\/wp\/v2\/types\/product"}],"replies":[{"embeddable":true,"href":"https:\/\/reclaimedantiquewoods.com\/fr\/wp-json\/wp\/v2\/comments?post=14212"}],"wp:featuredmedia":[{"embeddable":true,"href":"https:\/\/reclaimedantiquewoods.com\/fr\/wp-json\/wp\/v2\/media\/13991"}],"wp:attachment":[{"href":"https:\/\/reclaimedantiquewoods.com\/fr\/wp-json\/wp\/v2\/media?parent=14212"}],"wp:term":[{"taxonomy":"product_brand","embeddable":true,"href":"https:\/\/reclaimedantiquewoods.com\/fr\/wp-json\/wp\/v2\/product_brand?post=14212"},{"taxonomy":"product_cat","embeddable":true,"href":"https:\/\/reclaimedantiquewoods.com\/fr\/wp-json\/wp\/v2\/product_cat?post=14212"},{"taxonomy":"product_tag","embeddable":true,"href":"https:\/\/reclaimedantiquewoods.com\/fr\/wp-json\/wp\/v2\/product_tag?post=14212"}],"curies":[{"name":"wp","href":"https:\/\/api.w.org\/{rel}","templated":true}]}}