{"id":14213,"date":"2020-10-07T15:21:12","date_gmt":"2020-10-07T15:21:12","guid":{"rendered":"https:\/\/reclaimedantiquewoods.com\/product\/victorian-ash-flooring\/"},"modified":"2020-12-14T16:18:40","modified_gmt":"2020-12-14T16:18:40","slug":"victorian-ash-flooring","status":"publish","type":"product","link":"https:\/\/reclaimedantiquewoods.com\/fr\/produit\/victorian-ash-flooring\/","title":{"rendered":"Plancher en fr\u00eane Victorien"},"content":{"rendered":"<p>Notre plancher en fr\u00eane Victorien est cr\u00e9\u00e9 \u00e0 partir des meilleurs bois d&rsquo;\u0153uvre authentiques et r\u00e9cup\u00e9r\u00e9s de diverses structures anciennes en Am\u00e9rique du Nord. Ce plancher en bois recycl\u00e9 est le r\u00e9sultat de plus de 100 ans de vieillissement naturel. Comme le fr\u00eane est de plus en plus menac\u00e9 d&rsquo;extinction, nous ne pouvons que r\u00e9cup\u00e9rer nos planches dans de vieilles granges, ce qui en fait un produit rare et unique. Le r\u00e9sultat est un plancher vintage superbe et v\u00e9ritablement authentique, que seules des planches de grange anciennes peuvent fournir.<\/p>\n<ul>\n<li>Consultez notre section \u00ab\u00a0Magasinez en ligne\u00a0\u00bb pour conna\u00eetre tous les d\u00e9tails de la livraison gratuite!<\/li>\n<li>Pour l&rsquo;exp\u00e9dition internationale, veuillez nous appeler! Nous exp\u00e9dions partout dans le monde.<\/li>\n<\/ul>\n","protected":false},"excerpt":{"rendered":"<p>Notre plancher en fr\u00eane Victorien est fabriqu\u00e9 \u00e0 partir d&rsquo;authentiques planches de grange r\u00e9cup\u00e9r\u00e9es. Ce bois de grange contient des marques de caract\u00e8re telles que des trous de clous et des variations de tons de couleur naturelle, allant du brun clair au brun dor\u00e9. Notre fr\u00eane Victorien est un bois r\u00e9cup\u00e9r\u00e9 durable, avec un motif de grain et un aspect unique. Son caract\u00e8re, sa texture, sa couleur et son toucher en font un \u00e9l\u00e9ment exclusif dans toute architecture commerciale ou r\u00e9sidentielle.<\/p>\n<p><b style=\"color: #13763c;\"><strong>Toutes nos commandes sont faites sur mesure. Veuillez nous appeler pour discuter des options et voir notre onglet \u00ab\u00a0sp\u00e9cifications\u00a0\u00bb ci-dessous pour les options standard.<\/strong><\/b><\/p>\n","protected":false},"featured_media":13924,"comment_status":"open","ping_status":"closed","template":"","meta":[],"product_brand":[],"product_cat":[197],"product_tag":[321,320,322,309,317,329,319,318,326,323,328,324],"class_list":{"0":"post-14213","1":"product","2":"type-product","3":"status-publish","4":"has-post-thumbnail","6":"product_cat-planchers","7":"product_tag-bois-franc","8":"product_tag-contemporain","9":"product_tag-convient-aux-animaux","10":"product_tag-planche-de-grange","11":"product_tag-plancher-antique","12":"product_tag-plancher-bois-ingenierie","13":"product_tag-plancher-de-bois-franc","14":"product_tag-plancher-en-bois-antique","15":"product_tag-plancher-en-bois-recupere","16":"product_tag-plancher-en-bois-recycle","17":"product_tag-plancher-ingenierie","18":"product_tag-rustique","20":"first","21":"instock","22":"taxable","23":"shipping-taxable","24":"product-type-simple"},"yoast_head":"<!-- This site is optimized with the Yoast SEO plugin v26.2 - https:\/\/yoast.com\/wordpress\/plugins\/seo\/ -->\n<title>Plancher en fr\u00eane Victorien - Bois Antique Veser<\/title>\n<meta name=\"description\" content=\"Our Victorian Ash flooring is crafted from authentic reclaimed barn boards. This rustic wood contains character marks such as nail holes and natural aged color tone variations, ranging from light to golden brown. Our Victorian Ash is a durable reclaimed wood, with a unique grain pattern and look.\" \/>\n<meta name=\"robots\" content=\"index, follow, max-snippet:-1, max-image-preview:large, max-video-preview:-1\" \/>\n<link rel=\"canonical\" href=\"https:\/\/reclaimedantiquewoods.com\/fr\/produit\/victorian-ash-flooring\/\" \/>\n<meta property=\"og:locale\" content=\"fr_FR\" \/>\n<meta property=\"og:type\" content=\"article\" \/>\n<meta property=\"og:title\" content=\"Plancher en fr\u00eane Victorien - Bois Antique Veser\" \/>\n<meta property=\"og:description\" content=\"Our Victorian Ash flooring is crafted from authentic reclaimed barn boards. This rustic wood contains character marks such as nail holes and natural aged color tone variations, ranging from light to golden brown. Our Victorian Ash is a durable reclaimed wood, with a unique grain pattern and look.\" \/>\n<meta property=\"og:url\" content=\"https:\/\/reclaimedantiquewoods.com\/fr\/produit\/victorian-ash-flooring\/\" \/>\n<meta property=\"og:site_name\" content=\"Bois Antique Veser\" \/>\n<meta property=\"article:modified_time\" content=\"2020-12-14T16:18:40+00:00\" \/>\n<meta property=\"og:image\" content=\"https:\/\/reclaimedantiquewoods.com\/wp-content\/uploads\/2020\/10\/VESE_Site_web_facebook_victorian.png\" \/>\n\t<meta property=\"og:image:width\" content=\"1200\" \/>\n\t<meta property=\"og:image:height\" content=\"628\" \/>\n\t<meta property=\"og:image:type\" content=\"image\/png\" \/>\n<meta name=\"twitter:card\" content=\"summary_large_image\" \/>\n<meta name=\"twitter:label1\" content=\"Dur\u00e9e de lecture estim\u00e9e\" \/>\n\t<meta name=\"twitter:data1\" content=\"1 minute\" \/>\n<script type=\"application\/ld+json\" class=\"yoast-schema-graph\">{\"@context\":\"https:\/\/schema.org\",\"@graph\":[{\"@type\":\"WebPage\",\"@id\":\"https:\/\/reclaimedantiquewoods.com\/fr\/produit\/victorian-ash-flooring\/\",\"url\":\"https:\/\/reclaimedantiquewoods.com\/fr\/produit\/victorian-ash-flooring\/\",\"name\":\"Plancher en fr\u00eane Victorien - Bois Antique Veser\",\"isPartOf\":{\"@id\":\"https:\/\/reclaimedantiquewoods.com\/fr\/#website\"},\"primaryImageOfPage\":{\"@id\":\"https:\/\/reclaimedantiquewoods.com\/fr\/produit\/victorian-ash-flooring\/#primaryimage\"},\"image\":{\"@id\":\"https:\/\/reclaimedantiquewoods.com\/fr\/produit\/victorian-ash-flooring\/#primaryimage\"},\"thumbnailUrl\":\"https:\/\/reclaimedantiquewoods.com\/wp-content\/uploads\/2020\/10\/victorian-ash-flooring-1.jpg\",\"datePublished\":\"2020-10-07T15:21:12+00:00\",\"dateModified\":\"2020-12-14T16:18:40+00:00\",\"description\":\"Our Victorian Ash flooring is crafted from authentic reclaimed barn boards. This rustic wood contains character marks such as nail holes and natural aged color tone variations, ranging from light to golden brown. Our Victorian Ash is a durable reclaimed wood, with a unique grain pattern and look.\",\"breadcrumb\":{\"@id\":\"https:\/\/reclaimedantiquewoods.com\/fr\/produit\/victorian-ash-flooring\/#breadcrumb\"},\"inLanguage\":\"fr-FR\",\"potentialAction\":[{\"@type\":\"ReadAction\",\"target\":[\"https:\/\/reclaimedantiquewoods.com\/fr\/produit\/victorian-ash-flooring\/\"]}]},{\"@type\":\"ImageObject\",\"inLanguage\":\"fr-FR\",\"@id\":\"https:\/\/reclaimedantiquewoods.com\/fr\/produit\/victorian-ash-flooring\/#primaryimage\",\"url\":\"https:\/\/reclaimedantiquewoods.com\/wp-content\/uploads\/2020\/10\/victorian-ash-flooring-1.jpg\",\"contentUrl\":\"https:\/\/reclaimedantiquewoods.com\/wp-content\/uploads\/2020\/10\/victorian-ash-flooring-1.jpg\",\"width\":600,\"height\":600},{\"@type\":\"BreadcrumbList\",\"@id\":\"https:\/\/reclaimedantiquewoods.com\/fr\/produit\/victorian-ash-flooring\/#breadcrumb\",\"itemListElement\":[{\"@type\":\"ListItem\",\"position\":1,\"name\":\"Home\",\"item\":\"https:\/\/reclaimedantiquewoods.com\/fr\/\"},{\"@type\":\"ListItem\",\"position\":2,\"name\":\"Nos produits\",\"item\":\"https:\/\/reclaimedantiquewoods.com\/fr\/boutique\/\"},{\"@type\":\"ListItem\",\"position\":3,\"name\":\"Plancher en fr\u00eane Victorien\"}]},{\"@type\":\"WebSite\",\"@id\":\"https:\/\/reclaimedantiquewoods.com\/fr\/#website\",\"url\":\"https:\/\/reclaimedantiquewoods.com\/fr\/\",\"name\":\"Bois Antique Veser\",\"description\":\"\",\"potentialAction\":[{\"@type\":\"SearchAction\",\"target\":{\"@type\":\"EntryPoint\",\"urlTemplate\":\"https:\/\/reclaimedantiquewoods.com\/fr\/?s={search_term_string}\"},\"query-input\":{\"@type\":\"PropertyValueSpecification\",\"valueRequired\":true,\"valueName\":\"search_term_string\"}}],\"inLanguage\":\"fr-FR\"}]}<\/script>\n<!-- \/ Yoast SEO plugin. -->","yoast_head_json":{"title":"Plancher en fr\u00eane Victorien - Bois Antique Veser","description":"Our Victorian Ash flooring is crafted from authentic reclaimed barn boards. This rustic wood contains character marks such as nail holes and natural aged color tone variations, ranging from light to golden brown. Our Victorian Ash is a durable reclaimed wood, with a unique grain pattern and look.","robots":{"index":"index","follow":"follow","max-snippet":"max-snippet:-1","max-image-preview":"max-image-preview:large","max-video-preview":"max-video-preview:-1"},"canonical":"https:\/\/reclaimedantiquewoods.com\/fr\/produit\/victorian-ash-flooring\/","og_locale":"fr_FR","og_type":"article","og_title":"Plancher en fr\u00eane Victorien - Bois Antique Veser","og_description":"Our Victorian Ash flooring is crafted from authentic reclaimed barn boards. This rustic wood contains character marks such as nail holes and natural aged color tone variations, ranging from light to golden brown. Our Victorian Ash is a durable reclaimed wood, with a unique grain pattern and look.","og_url":"https:\/\/reclaimedantiquewoods.com\/fr\/produit\/victorian-ash-flooring\/","og_site_name":"Bois Antique Veser","article_modified_time":"2020-12-14T16:18:40+00:00","og_image":[{"width":1200,"height":628,"url":"https:\/\/reclaimedantiquewoods.com\/wp-content\/uploads\/2020\/10\/VESE_Site_web_facebook_victorian.png","type":"image\/png"}],"twitter_card":"summary_large_image","twitter_misc":{"Dur\u00e9e de lecture estim\u00e9e":"1 minute"},"schema":{"@context":"https:\/\/schema.org","@graph":[{"@type":"WebPage","@id":"https:\/\/reclaimedantiquewoods.com\/fr\/produit\/victorian-ash-flooring\/","url":"https:\/\/reclaimedantiquewoods.com\/fr\/produit\/victorian-ash-flooring\/","name":"Plancher en fr\u00eane Victorien - Bois Antique Veser","isPartOf":{"@id":"https:\/\/reclaimedantiquewoods.com\/fr\/#website"},"primaryImageOfPage":{"@id":"https:\/\/reclaimedantiquewoods.com\/fr\/produit\/victorian-ash-flooring\/#primaryimage"},"image":{"@id":"https:\/\/reclaimedantiquewoods.com\/fr\/produit\/victorian-ash-flooring\/#primaryimage"},"thumbnailUrl":"https:\/\/reclaimedantiquewoods.com\/wp-content\/uploads\/2020\/10\/victorian-ash-flooring-1.jpg","datePublished":"2020-10-07T15:21:12+00:00","dateModified":"2020-12-14T16:18:40+00:00","description":"Our Victorian Ash flooring is crafted from authentic reclaimed barn boards. This rustic wood contains character marks such as nail holes and natural aged color tone variations, ranging from light to golden brown. Our Victorian Ash is a durable reclaimed wood, with a unique grain pattern and look.","breadcrumb":{"@id":"https:\/\/reclaimedantiquewoods.com\/fr\/produit\/victorian-ash-flooring\/#breadcrumb"},"inLanguage":"fr-FR","potentialAction":[{"@type":"ReadAction","target":["https:\/\/reclaimedantiquewoods.com\/fr\/produit\/victorian-ash-flooring\/"]}]},{"@type":"ImageObject","inLanguage":"fr-FR","@id":"https:\/\/reclaimedantiquewoods.com\/fr\/produit\/victorian-ash-flooring\/#primaryimage","url":"https:\/\/reclaimedantiquewoods.com\/wp-content\/uploads\/2020\/10\/victorian-ash-flooring-1.jpg","contentUrl":"https:\/\/reclaimedantiquewoods.com\/wp-content\/uploads\/2020\/10\/victorian-ash-flooring-1.jpg","width":600,"height":600},{"@type":"BreadcrumbList","@id":"https:\/\/reclaimedantiquewoods.com\/fr\/produit\/victorian-ash-flooring\/#breadcrumb","itemListElement":[{"@type":"ListItem","position":1,"name":"Home","item":"https:\/\/reclaimedantiquewoods.com\/fr\/"},{"@type":"ListItem","position":2,"name":"Nos produits","item":"https:\/\/reclaimedantiquewoods.com\/fr\/boutique\/"},{"@type":"ListItem","position":3,"name":"Plancher en fr\u00eane Victorien"}]},{"@type":"WebSite","@id":"https:\/\/reclaimedantiquewoods.com\/fr\/#website","url":"https:\/\/reclaimedantiquewoods.com\/fr\/","name":"Bois Antique Veser","description":"","potentialAction":[{"@type":"SearchAction","target":{"@type":"EntryPoint","urlTemplate":"https:\/\/reclaimedantiquewoods.com\/fr\/?s={search_term_string}"},"query-input":{"@type":"PropertyValueSpecification","valueRequired":true,"valueName":"search_term_string"}}],"inLanguage":"fr-FR"}]}},"_links":{"self":[{"href":"https:\/\/reclaimedantiquewoods.com\/fr\/wp-json\/wp\/v2\/product\/14213","targetHints":{"allow":["GET"]}}],"collection":[{"href":"https:\/\/reclaimedantiquewoods.com\/fr\/wp-json\/wp\/v2\/product"}],"about":[{"href":"https:\/\/reclaimedantiquewoods.com\/fr\/wp-json\/wp\/v2\/types\/product"}],"replies":[{"embeddable":true,"href":"https:\/\/reclaimedantiquewoods.com\/fr\/wp-json\/wp\/v2\/comments?post=14213"}],"wp:featuredmedia":[{"embeddable":true,"href":"https:\/\/reclaimedantiquewoods.com\/fr\/wp-json\/wp\/v2\/media\/13924"}],"wp:attachment":[{"href":"https:\/\/reclaimedantiquewoods.com\/fr\/wp-json\/wp\/v2\/media?parent=14213"}],"wp:term":[{"taxonomy":"product_brand","embeddable":true,"href":"https:\/\/reclaimedantiquewoods.com\/fr\/wp-json\/wp\/v2\/product_brand?post=14213"},{"taxonomy":"product_cat","embeddable":true,"href":"https:\/\/reclaimedantiquewoods.com\/fr\/wp-json\/wp\/v2\/product_cat?post=14213"},{"taxonomy":"product_tag","embeddable":true,"href":"https:\/\/reclaimedantiquewoods.com\/fr\/wp-json\/wp\/v2\/product_tag?post=14213"}],"curies":[{"name":"wp","href":"https:\/\/api.w.org\/{rel}","templated":true}]}}