{"id":14214,"date":"2020-10-07T15:19:24","date_gmt":"2020-10-07T15:19:24","guid":{"rendered":"https:\/\/reclaimedantiquewoods.com\/product\/pumpkin-crisp-white-pine-flooring\/"},"modified":"2020-12-14T16:18:38","modified_gmt":"2020-12-14T16:18:38","slug":"pumpkin-crisp-white-pine-flooring","status":"publish","type":"product","link":"https:\/\/reclaimedantiquewoods.com\/fr\/produit\/pumpkin-crisp-white-pine-flooring\/","title":{"rendered":"Plancher en pin blanc Citrouille d\u2019Automne"},"content":{"rendered":"<p>Notre plancher en pin blanc Citrouille d\u2019Automne est cr\u00e9\u00e9 \u00e0 partir des meilleurs bois d&rsquo;\u0153uvre authentiques et r\u00e9cup\u00e9r\u00e9s de diverses structures anciennes en Am\u00e9rique du Nord. Ce plancher en bois recycl\u00e9 est le r\u00e9sultat de plus de 100 ans de vieillissement naturel et comprend les traces de la scie circulaire originale, soit la scie circulaire \u00e0 eau utilis\u00e9e pour couper ce bois pr\u00e9cieux au d\u00e9but des ann\u00e9es 1800. Avec sa couleur miel dor\u00e9 et ses variations de tons brun fonc\u00e9, ce plancher antique offre \u00e0 la fois chaleur et charme.<\/p>\n<ul>\n<li>Consultez notre section \u00ab\u00a0Magasinez en ligne\u00a0\u00bb pour conna\u00eetre tous les d\u00e9tails de la livraison gratuite!<\/li>\n<li>Pour l&rsquo;exp\u00e9dition internationale, veuillez nous appeler! Nous exp\u00e9dions partout dans le monde.<\/li>\n<\/ul>\n","protected":false},"excerpt":{"rendered":"<p>Notre plancher en pin blanc Citrouille d&rsquo;Automne est fabriqu\u00e9 \u00e0 partir d&rsquo;authentiques planches de grange r\u00e9cup\u00e9r\u00e9es. Sa couleur provient des pins originaux appel\u00e9s \u00ab\u00a0pumpkin pines\u00a0\u00bb, poss\u00e9dant de nombreuses variations de tons de couleur, des marques de caract\u00e8re telles que des trous de clous ainsi que des traces de scie circulaire. Offrant une vision du pass\u00e9 et un aper\u00e7u de l&rsquo;avenir, ce plancher antique vous offre une pi\u00e8ce d&rsquo;histoire exceptionnelle, tout en s&rsquo;adaptant \u00e0 vos besoins d&rsquo;aujourd&rsquo;hui.<\/p>\n<p><b style=\"color: #13763c;\"><strong>Toutes nos commandes sont faites sur mesure. Veuillez nous appeler pour discuter des options et voir notre onglet \u00ab\u00a0sp\u00e9cifications\u00a0\u00bb ci-dessous pour les options standard.<\/strong><\/b><\/p>\n","protected":false},"featured_media":13928,"comment_status":"open","ping_status":"closed","template":"","meta":[],"product_brand":[],"product_cat":[197],"product_tag":[325,309,317,319,318,326,323,324],"class_list":{"0":"post-14214","1":"product","2":"type-product","3":"status-publish","4":"has-post-thumbnail","6":"product_cat-planchers","7":"product_tag-bois-mou","8":"product_tag-planche-de-grange","9":"product_tag-plancher-antique","10":"product_tag-plancher-de-bois-franc","11":"product_tag-plancher-en-bois-antique","12":"product_tag-plancher-en-bois-recupere","13":"product_tag-plancher-en-bois-recycle","14":"product_tag-rustique","16":"first","17":"instock","18":"taxable","19":"shipping-taxable","20":"product-type-simple"},"yoast_head":"<!-- This site is optimized with the Yoast SEO plugin v26.2 - https:\/\/yoast.com\/wordpress\/plugins\/seo\/ -->\n<title>Plancher en pin blanc Citrouille d\u2019Automne - Bois Antique Veser<\/title>\n<meta name=\"description\" content=\"Our Pumpkin Crisp White Pine flooring is crafted from authentic reclaimed barn boards. Its color stems from the original pumpkin pines, with its various color tone variations, distinguishing character marks such as nail holes and circular saw traces.\" \/>\n<meta name=\"robots\" content=\"index, follow, max-snippet:-1, max-image-preview:large, max-video-preview:-1\" \/>\n<link rel=\"canonical\" href=\"https:\/\/reclaimedantiquewoods.com\/fr\/produit\/pumpkin-crisp-white-pine-flooring\/\" \/>\n<meta property=\"og:locale\" content=\"fr_FR\" \/>\n<meta property=\"og:type\" content=\"article\" \/>\n<meta property=\"og:title\" content=\"Plancher en pin blanc Citrouille d\u2019Automne - Bois Antique Veser\" \/>\n<meta property=\"og:description\" content=\"Our Pumpkin Crisp White Pine flooring is crafted from authentic reclaimed barn boards. Its color stems from the original pumpkin pines, with its various color tone variations, distinguishing character marks such as nail holes and circular saw traces.\" \/>\n<meta property=\"og:url\" content=\"https:\/\/reclaimedantiquewoods.com\/fr\/produit\/pumpkin-crisp-white-pine-flooring\/\" \/>\n<meta property=\"og:site_name\" content=\"Bois Antique Veser\" \/>\n<meta property=\"article:modified_time\" content=\"2020-12-14T16:18:38+00:00\" \/>\n<meta property=\"og:image\" content=\"https:\/\/reclaimedantiquewoods.com\/wp-content\/uploads\/2020\/10\/VESE_Site_web_facebook_pumpkin.png\" \/>\n\t<meta property=\"og:image:width\" content=\"1200\" \/>\n\t<meta property=\"og:image:height\" content=\"628\" \/>\n\t<meta property=\"og:image:type\" content=\"image\/png\" \/>\n<meta name=\"twitter:card\" content=\"summary_large_image\" \/>\n<meta name=\"twitter:label1\" content=\"Dur\u00e9e de lecture estim\u00e9e\" \/>\n\t<meta name=\"twitter:data1\" content=\"1 minute\" \/>\n<script type=\"application\/ld+json\" class=\"yoast-schema-graph\">{\"@context\":\"https:\/\/schema.org\",\"@graph\":[{\"@type\":\"WebPage\",\"@id\":\"https:\/\/reclaimedantiquewoods.com\/fr\/produit\/pumpkin-crisp-white-pine-flooring\/\",\"url\":\"https:\/\/reclaimedantiquewoods.com\/fr\/produit\/pumpkin-crisp-white-pine-flooring\/\",\"name\":\"Plancher en pin blanc Citrouille d\u2019Automne - Bois Antique Veser\",\"isPartOf\":{\"@id\":\"https:\/\/reclaimedantiquewoods.com\/fr\/#website\"},\"primaryImageOfPage\":{\"@id\":\"https:\/\/reclaimedantiquewoods.com\/fr\/produit\/pumpkin-crisp-white-pine-flooring\/#primaryimage\"},\"image\":{\"@id\":\"https:\/\/reclaimedantiquewoods.com\/fr\/produit\/pumpkin-crisp-white-pine-flooring\/#primaryimage\"},\"thumbnailUrl\":\"https:\/\/reclaimedantiquewoods.com\/wp-content\/uploads\/2020\/10\/pumpkin-crisp-white-pine-flooring-1.jpg\",\"datePublished\":\"2020-10-07T15:19:24+00:00\",\"dateModified\":\"2020-12-14T16:18:38+00:00\",\"description\":\"Our Pumpkin Crisp White Pine flooring is crafted from authentic reclaimed barn boards. Its color stems from the original pumpkin pines, with its various color tone variations, distinguishing character marks such as nail holes and circular saw traces.\",\"breadcrumb\":{\"@id\":\"https:\/\/reclaimedantiquewoods.com\/fr\/produit\/pumpkin-crisp-white-pine-flooring\/#breadcrumb\"},\"inLanguage\":\"fr-FR\",\"potentialAction\":[{\"@type\":\"ReadAction\",\"target\":[\"https:\/\/reclaimedantiquewoods.com\/fr\/produit\/pumpkin-crisp-white-pine-flooring\/\"]}]},{\"@type\":\"ImageObject\",\"inLanguage\":\"fr-FR\",\"@id\":\"https:\/\/reclaimedantiquewoods.com\/fr\/produit\/pumpkin-crisp-white-pine-flooring\/#primaryimage\",\"url\":\"https:\/\/reclaimedantiquewoods.com\/wp-content\/uploads\/2020\/10\/pumpkin-crisp-white-pine-flooring-1.jpg\",\"contentUrl\":\"https:\/\/reclaimedantiquewoods.com\/wp-content\/uploads\/2020\/10\/pumpkin-crisp-white-pine-flooring-1.jpg\",\"width\":600,\"height\":600},{\"@type\":\"BreadcrumbList\",\"@id\":\"https:\/\/reclaimedantiquewoods.com\/fr\/produit\/pumpkin-crisp-white-pine-flooring\/#breadcrumb\",\"itemListElement\":[{\"@type\":\"ListItem\",\"position\":1,\"name\":\"Home\",\"item\":\"https:\/\/reclaimedantiquewoods.com\/fr\/\"},{\"@type\":\"ListItem\",\"position\":2,\"name\":\"Nos produits\",\"item\":\"https:\/\/reclaimedantiquewoods.com\/fr\/boutique\/\"},{\"@type\":\"ListItem\",\"position\":3,\"name\":\"Plancher en pin blanc Citrouille d\u2019Automne\"}]},{\"@type\":\"WebSite\",\"@id\":\"https:\/\/reclaimedantiquewoods.com\/fr\/#website\",\"url\":\"https:\/\/reclaimedantiquewoods.com\/fr\/\",\"name\":\"Bois Antique Veser\",\"description\":\"\",\"potentialAction\":[{\"@type\":\"SearchAction\",\"target\":{\"@type\":\"EntryPoint\",\"urlTemplate\":\"https:\/\/reclaimedantiquewoods.com\/fr\/?s={search_term_string}\"},\"query-input\":{\"@type\":\"PropertyValueSpecification\",\"valueRequired\":true,\"valueName\":\"search_term_string\"}}],\"inLanguage\":\"fr-FR\"}]}<\/script>\n<!-- \/ Yoast SEO plugin. -->","yoast_head_json":{"title":"Plancher en pin blanc Citrouille d\u2019Automne - Bois Antique Veser","description":"Our Pumpkin Crisp White Pine flooring is crafted from authentic reclaimed barn boards. Its color stems from the original pumpkin pines, with its various color tone variations, distinguishing character marks such as nail holes and circular saw traces.","robots":{"index":"index","follow":"follow","max-snippet":"max-snippet:-1","max-image-preview":"max-image-preview:large","max-video-preview":"max-video-preview:-1"},"canonical":"https:\/\/reclaimedantiquewoods.com\/fr\/produit\/pumpkin-crisp-white-pine-flooring\/","og_locale":"fr_FR","og_type":"article","og_title":"Plancher en pin blanc Citrouille d\u2019Automne - Bois Antique Veser","og_description":"Our Pumpkin Crisp White Pine flooring is crafted from authentic reclaimed barn boards. Its color stems from the original pumpkin pines, with its various color tone variations, distinguishing character marks such as nail holes and circular saw traces.","og_url":"https:\/\/reclaimedantiquewoods.com\/fr\/produit\/pumpkin-crisp-white-pine-flooring\/","og_site_name":"Bois Antique Veser","article_modified_time":"2020-12-14T16:18:38+00:00","og_image":[{"width":1200,"height":628,"url":"https:\/\/reclaimedantiquewoods.com\/wp-content\/uploads\/2020\/10\/VESE_Site_web_facebook_pumpkin.png","type":"image\/png"}],"twitter_card":"summary_large_image","twitter_misc":{"Dur\u00e9e de lecture estim\u00e9e":"1 minute"},"schema":{"@context":"https:\/\/schema.org","@graph":[{"@type":"WebPage","@id":"https:\/\/reclaimedantiquewoods.com\/fr\/produit\/pumpkin-crisp-white-pine-flooring\/","url":"https:\/\/reclaimedantiquewoods.com\/fr\/produit\/pumpkin-crisp-white-pine-flooring\/","name":"Plancher en pin blanc Citrouille d\u2019Automne - Bois Antique Veser","isPartOf":{"@id":"https:\/\/reclaimedantiquewoods.com\/fr\/#website"},"primaryImageOfPage":{"@id":"https:\/\/reclaimedantiquewoods.com\/fr\/produit\/pumpkin-crisp-white-pine-flooring\/#primaryimage"},"image":{"@id":"https:\/\/reclaimedantiquewoods.com\/fr\/produit\/pumpkin-crisp-white-pine-flooring\/#primaryimage"},"thumbnailUrl":"https:\/\/reclaimedantiquewoods.com\/wp-content\/uploads\/2020\/10\/pumpkin-crisp-white-pine-flooring-1.jpg","datePublished":"2020-10-07T15:19:24+00:00","dateModified":"2020-12-14T16:18:38+00:00","description":"Our Pumpkin Crisp White Pine flooring is crafted from authentic reclaimed barn boards. Its color stems from the original pumpkin pines, with its various color tone variations, distinguishing character marks such as nail holes and circular saw traces.","breadcrumb":{"@id":"https:\/\/reclaimedantiquewoods.com\/fr\/produit\/pumpkin-crisp-white-pine-flooring\/#breadcrumb"},"inLanguage":"fr-FR","potentialAction":[{"@type":"ReadAction","target":["https:\/\/reclaimedantiquewoods.com\/fr\/produit\/pumpkin-crisp-white-pine-flooring\/"]}]},{"@type":"ImageObject","inLanguage":"fr-FR","@id":"https:\/\/reclaimedantiquewoods.com\/fr\/produit\/pumpkin-crisp-white-pine-flooring\/#primaryimage","url":"https:\/\/reclaimedantiquewoods.com\/wp-content\/uploads\/2020\/10\/pumpkin-crisp-white-pine-flooring-1.jpg","contentUrl":"https:\/\/reclaimedantiquewoods.com\/wp-content\/uploads\/2020\/10\/pumpkin-crisp-white-pine-flooring-1.jpg","width":600,"height":600},{"@type":"BreadcrumbList","@id":"https:\/\/reclaimedantiquewoods.com\/fr\/produit\/pumpkin-crisp-white-pine-flooring\/#breadcrumb","itemListElement":[{"@type":"ListItem","position":1,"name":"Home","item":"https:\/\/reclaimedantiquewoods.com\/fr\/"},{"@type":"ListItem","position":2,"name":"Nos produits","item":"https:\/\/reclaimedantiquewoods.com\/fr\/boutique\/"},{"@type":"ListItem","position":3,"name":"Plancher en pin blanc Citrouille d\u2019Automne"}]},{"@type":"WebSite","@id":"https:\/\/reclaimedantiquewoods.com\/fr\/#website","url":"https:\/\/reclaimedantiquewoods.com\/fr\/","name":"Bois Antique Veser","description":"","potentialAction":[{"@type":"SearchAction","target":{"@type":"EntryPoint","urlTemplate":"https:\/\/reclaimedantiquewoods.com\/fr\/?s={search_term_string}"},"query-input":{"@type":"PropertyValueSpecification","valueRequired":true,"valueName":"search_term_string"}}],"inLanguage":"fr-FR"}]}},"_links":{"self":[{"href":"https:\/\/reclaimedantiquewoods.com\/fr\/wp-json\/wp\/v2\/product\/14214","targetHints":{"allow":["GET"]}}],"collection":[{"href":"https:\/\/reclaimedantiquewoods.com\/fr\/wp-json\/wp\/v2\/product"}],"about":[{"href":"https:\/\/reclaimedantiquewoods.com\/fr\/wp-json\/wp\/v2\/types\/product"}],"replies":[{"embeddable":true,"href":"https:\/\/reclaimedantiquewoods.com\/fr\/wp-json\/wp\/v2\/comments?post=14214"}],"wp:featuredmedia":[{"embeddable":true,"href":"https:\/\/reclaimedantiquewoods.com\/fr\/wp-json\/wp\/v2\/media\/13928"}],"wp:attachment":[{"href":"https:\/\/reclaimedantiquewoods.com\/fr\/wp-json\/wp\/v2\/media?parent=14214"}],"wp:term":[{"taxonomy":"product_brand","embeddable":true,"href":"https:\/\/reclaimedantiquewoods.com\/fr\/wp-json\/wp\/v2\/product_brand?post=14214"},{"taxonomy":"product_cat","embeddable":true,"href":"https:\/\/reclaimedantiquewoods.com\/fr\/wp-json\/wp\/v2\/product_cat?post=14214"},{"taxonomy":"product_tag","embeddable":true,"href":"https:\/\/reclaimedantiquewoods.com\/fr\/wp-json\/wp\/v2\/product_tag?post=14214"}],"curies":[{"name":"wp","href":"https:\/\/api.w.org\/{rel}","templated":true}]}}