{"id":14215,"date":"2020-10-07T15:17:36","date_gmt":"2020-10-07T15:17:36","guid":{"rendered":"https:\/\/reclaimedantiquewoods.com\/product\/paris-french-oak-flooring\/"},"modified":"2020-12-14T16:18:35","modified_gmt":"2020-12-14T16:18:35","slug":"paris-french-oak-flooring","status":"publish","type":"product","link":"https:\/\/reclaimedantiquewoods.com\/fr\/produit\/paris-french-oak-flooring\/","title":{"rendered":"Plancher en ch\u00eane fran\u00e7ais Paris"},"content":{"rendered":"<p>Notre plancher en ch\u00eane fran\u00e7ais Paris est cr\u00e9\u00e9 \u00e0 partir des meilleurs bois d&rsquo;\u0153uvre authentiques et r\u00e9cup\u00e9r\u00e9s de diverses structures anciennes en Am\u00e9rique du Nord. Ce plancher en bois recycl\u00e9 est le r\u00e9sultat de plus de 100 ans de vieillissement naturel. Ce rev\u00eatement de sol est pr\u00e9par\u00e9 sur mesure pour r\u00e9pondre \u00e0 vos besoins, et il s&rsquo;agit d&rsquo;un produit rare et unique. Ce plancher en bois massif recycl\u00e9 vous offrira une beaut\u00e9 et une \u00e9l\u00e9gance intemporelles.<\/p>\n<ul>\n<li>Consultez notre section \u00ab\u00a0Magasinez en ligne\u00a0\u00bb pour conna\u00eetre tous les d\u00e9tails de la livraison gratuite!<\/li>\n<li>Pour l&rsquo;exp\u00e9dition internationale, veuillez nous appeler! Nous exp\u00e9dions partout dans le monde.<\/li>\n<\/ul>\n","protected":false},"excerpt":{"rendered":"<p>Notre plancher en ch\u00eane fran\u00e7ais Paris est fabriqu\u00e9 \u00e0 partir d&rsquo;authentiques planches de grange r\u00e9cup\u00e9r\u00e9es dans de vieilles maisons situ\u00e9es \u00e0 travers l&rsquo;Europe. Ce bois rustique unique et prestigieux contient des marques de caract\u00e8re distinctives, des trous de clous et des variations de tons de couleurs qui vont d&rsquo;une patine brun clair \u00e0 brun fonc\u00e9 moyen. \u00c9galement utilis\u00e9 dans les cuves et les tonneaux de vin, notre plancher en ch\u00eane fran\u00e7ais Paris est durable, offrant un grain dense et un aspect distingu\u00e9. Offrant raffinement et distinction d&rsquo;une mani\u00e8re peu commune, vous voudrez int\u00e9grer ce plancher antique dans toutes vos cr\u00e9ations.<\/p>\n<p><b style=\"color: #13763c;\"><strong>Toutes nos commandes sont faites sur mesure. Veuillez nous appeler pour discuter des options et voir notre onglet \u00ab\u00a0sp\u00e9cifications\u00a0\u00bb ci-dessous pour les options standard.<\/strong><\/b><\/p>\n","protected":false},"featured_media":13936,"comment_status":"open","ping_status":"closed","template":"","meta":[],"product_brand":[],"product_cat":[197],"product_tag":[321,322,309,317,329,319,318,326,323,328,324],"class_list":{"0":"post-14215","1":"product","2":"type-product","3":"status-publish","4":"has-post-thumbnail","6":"product_cat-planchers","7":"product_tag-bois-franc","8":"product_tag-convient-aux-animaux","9":"product_tag-planche-de-grange","10":"product_tag-plancher-antique","11":"product_tag-plancher-bois-ingenierie","12":"product_tag-plancher-de-bois-franc","13":"product_tag-plancher-en-bois-antique","14":"product_tag-plancher-en-bois-recupere","15":"product_tag-plancher-en-bois-recycle","16":"product_tag-plancher-ingenierie","17":"product_tag-rustique","19":"first","20":"instock","21":"taxable","22":"shipping-taxable","23":"product-type-simple"},"yoast_head":"<!-- This site is optimized with the Yoast SEO plugin v26.2 - https:\/\/yoast.com\/wordpress\/plugins\/seo\/ -->\n<title>Plancher en ch\u00eane fran\u00e7ais Paris - Bois Antique Veser<\/title>\n<meta name=\"description\" content=\"Our Paris French Oak flooring is crafted from authentic reclaimed barn boards salvaged from old houses located across Europe. This unique and prestigious rustic wood contains distinguishing character marks, nail holes and color tone variations that range from a light to a medium dark brown aged patina. Also used in wine casks and wine barrels, our Paris French Oak is durable, with a unique dense grain pattern and distinguished look.\" \/>\n<meta name=\"robots\" content=\"index, follow, max-snippet:-1, max-image-preview:large, max-video-preview:-1\" \/>\n<link rel=\"canonical\" href=\"https:\/\/reclaimedantiquewoods.com\/fr\/produit\/paris-french-oak-flooring\/\" \/>\n<meta property=\"og:locale\" content=\"fr_FR\" \/>\n<meta property=\"og:type\" content=\"article\" \/>\n<meta property=\"og:title\" content=\"Plancher en ch\u00eane fran\u00e7ais Paris - Bois Antique Veser\" \/>\n<meta property=\"og:description\" content=\"Our Paris French Oak flooring is crafted from authentic reclaimed barn boards salvaged from old houses located across Europe. This unique and prestigious rustic wood contains distinguishing character marks, nail holes and color tone variations that range from a light to a medium dark brown aged patina. Also used in wine casks and wine barrels, our Paris French Oak is durable, with a unique dense grain pattern and distinguished look.\" \/>\n<meta property=\"og:url\" content=\"https:\/\/reclaimedantiquewoods.com\/fr\/produit\/paris-french-oak-flooring\/\" \/>\n<meta property=\"og:site_name\" content=\"Bois Antique Veser\" \/>\n<meta property=\"article:modified_time\" content=\"2020-12-14T16:18:35+00:00\" \/>\n<meta property=\"og:image\" content=\"https:\/\/reclaimedantiquewoods.com\/wp-content\/uploads\/2020\/10\/VESE_Site_web_facebook_paris.png\" \/>\n\t<meta property=\"og:image:width\" content=\"1200\" \/>\n\t<meta property=\"og:image:height\" content=\"628\" \/>\n\t<meta property=\"og:image:type\" content=\"image\/png\" \/>\n<meta name=\"twitter:card\" content=\"summary_large_image\" \/>\n<meta name=\"twitter:label1\" content=\"Dur\u00e9e de lecture estim\u00e9e\" \/>\n\t<meta name=\"twitter:data1\" content=\"1 minute\" \/>\n<script type=\"application\/ld+json\" class=\"yoast-schema-graph\">{\"@context\":\"https:\/\/schema.org\",\"@graph\":[{\"@type\":\"WebPage\",\"@id\":\"https:\/\/reclaimedantiquewoods.com\/fr\/produit\/paris-french-oak-flooring\/\",\"url\":\"https:\/\/reclaimedantiquewoods.com\/fr\/produit\/paris-french-oak-flooring\/\",\"name\":\"Plancher en ch\u00eane fran\u00e7ais Paris - Bois Antique Veser\",\"isPartOf\":{\"@id\":\"https:\/\/reclaimedantiquewoods.com\/fr\/#website\"},\"primaryImageOfPage\":{\"@id\":\"https:\/\/reclaimedantiquewoods.com\/fr\/produit\/paris-french-oak-flooring\/#primaryimage\"},\"image\":{\"@id\":\"https:\/\/reclaimedantiquewoods.com\/fr\/produit\/paris-french-oak-flooring\/#primaryimage\"},\"thumbnailUrl\":\"https:\/\/reclaimedantiquewoods.com\/wp-content\/uploads\/2020\/10\/paris-french-oak-flooring-1.jpg\",\"datePublished\":\"2020-10-07T15:17:36+00:00\",\"dateModified\":\"2020-12-14T16:18:35+00:00\",\"description\":\"Our Paris French Oak flooring is crafted from authentic reclaimed barn boards salvaged from old houses located across Europe. This unique and prestigious rustic wood contains distinguishing character marks, nail holes and color tone variations that range from a light to a medium dark brown aged patina. Also used in wine casks and wine barrels, our Paris French Oak is durable, with a unique dense grain pattern and distinguished look.\",\"breadcrumb\":{\"@id\":\"https:\/\/reclaimedantiquewoods.com\/fr\/produit\/paris-french-oak-flooring\/#breadcrumb\"},\"inLanguage\":\"fr-FR\",\"potentialAction\":[{\"@type\":\"ReadAction\",\"target\":[\"https:\/\/reclaimedantiquewoods.com\/fr\/produit\/paris-french-oak-flooring\/\"]}]},{\"@type\":\"ImageObject\",\"inLanguage\":\"fr-FR\",\"@id\":\"https:\/\/reclaimedantiquewoods.com\/fr\/produit\/paris-french-oak-flooring\/#primaryimage\",\"url\":\"https:\/\/reclaimedantiquewoods.com\/wp-content\/uploads\/2020\/10\/paris-french-oak-flooring-1.jpg\",\"contentUrl\":\"https:\/\/reclaimedantiquewoods.com\/wp-content\/uploads\/2020\/10\/paris-french-oak-flooring-1.jpg\",\"width\":600,\"height\":600},{\"@type\":\"BreadcrumbList\",\"@id\":\"https:\/\/reclaimedantiquewoods.com\/fr\/produit\/paris-french-oak-flooring\/#breadcrumb\",\"itemListElement\":[{\"@type\":\"ListItem\",\"position\":1,\"name\":\"Home\",\"item\":\"https:\/\/reclaimedantiquewoods.com\/fr\/\"},{\"@type\":\"ListItem\",\"position\":2,\"name\":\"Nos produits\",\"item\":\"https:\/\/reclaimedantiquewoods.com\/fr\/boutique\/\"},{\"@type\":\"ListItem\",\"position\":3,\"name\":\"Plancher en ch\u00eane fran\u00e7ais Paris\"}]},{\"@type\":\"WebSite\",\"@id\":\"https:\/\/reclaimedantiquewoods.com\/fr\/#website\",\"url\":\"https:\/\/reclaimedantiquewoods.com\/fr\/\",\"name\":\"Bois Antique Veser\",\"description\":\"\",\"potentialAction\":[{\"@type\":\"SearchAction\",\"target\":{\"@type\":\"EntryPoint\",\"urlTemplate\":\"https:\/\/reclaimedantiquewoods.com\/fr\/?s={search_term_string}\"},\"query-input\":{\"@type\":\"PropertyValueSpecification\",\"valueRequired\":true,\"valueName\":\"search_term_string\"}}],\"inLanguage\":\"fr-FR\"}]}<\/script>\n<!-- \/ Yoast SEO plugin. -->","yoast_head_json":{"title":"Plancher en ch\u00eane fran\u00e7ais Paris - Bois Antique Veser","description":"Our Paris French Oak flooring is crafted from authentic reclaimed barn boards salvaged from old houses located across Europe. This unique and prestigious rustic wood contains distinguishing character marks, nail holes and color tone variations that range from a light to a medium dark brown aged patina. Also used in wine casks and wine barrels, our Paris French Oak is durable, with a unique dense grain pattern and distinguished look.","robots":{"index":"index","follow":"follow","max-snippet":"max-snippet:-1","max-image-preview":"max-image-preview:large","max-video-preview":"max-video-preview:-1"},"canonical":"https:\/\/reclaimedantiquewoods.com\/fr\/produit\/paris-french-oak-flooring\/","og_locale":"fr_FR","og_type":"article","og_title":"Plancher en ch\u00eane fran\u00e7ais Paris - Bois Antique Veser","og_description":"Our Paris French Oak flooring is crafted from authentic reclaimed barn boards salvaged from old houses located across Europe. This unique and prestigious rustic wood contains distinguishing character marks, nail holes and color tone variations that range from a light to a medium dark brown aged patina. Also used in wine casks and wine barrels, our Paris French Oak is durable, with a unique dense grain pattern and distinguished look.","og_url":"https:\/\/reclaimedantiquewoods.com\/fr\/produit\/paris-french-oak-flooring\/","og_site_name":"Bois Antique Veser","article_modified_time":"2020-12-14T16:18:35+00:00","og_image":[{"width":1200,"height":628,"url":"https:\/\/reclaimedantiquewoods.com\/wp-content\/uploads\/2020\/10\/VESE_Site_web_facebook_paris.png","type":"image\/png"}],"twitter_card":"summary_large_image","twitter_misc":{"Dur\u00e9e de lecture estim\u00e9e":"1 minute"},"schema":{"@context":"https:\/\/schema.org","@graph":[{"@type":"WebPage","@id":"https:\/\/reclaimedantiquewoods.com\/fr\/produit\/paris-french-oak-flooring\/","url":"https:\/\/reclaimedantiquewoods.com\/fr\/produit\/paris-french-oak-flooring\/","name":"Plancher en ch\u00eane fran\u00e7ais Paris - Bois Antique Veser","isPartOf":{"@id":"https:\/\/reclaimedantiquewoods.com\/fr\/#website"},"primaryImageOfPage":{"@id":"https:\/\/reclaimedantiquewoods.com\/fr\/produit\/paris-french-oak-flooring\/#primaryimage"},"image":{"@id":"https:\/\/reclaimedantiquewoods.com\/fr\/produit\/paris-french-oak-flooring\/#primaryimage"},"thumbnailUrl":"https:\/\/reclaimedantiquewoods.com\/wp-content\/uploads\/2020\/10\/paris-french-oak-flooring-1.jpg","datePublished":"2020-10-07T15:17:36+00:00","dateModified":"2020-12-14T16:18:35+00:00","description":"Our Paris French Oak flooring is crafted from authentic reclaimed barn boards salvaged from old houses located across Europe. This unique and prestigious rustic wood contains distinguishing character marks, nail holes and color tone variations that range from a light to a medium dark brown aged patina. Also used in wine casks and wine barrels, our Paris French Oak is durable, with a unique dense grain pattern and distinguished look.","breadcrumb":{"@id":"https:\/\/reclaimedantiquewoods.com\/fr\/produit\/paris-french-oak-flooring\/#breadcrumb"},"inLanguage":"fr-FR","potentialAction":[{"@type":"ReadAction","target":["https:\/\/reclaimedantiquewoods.com\/fr\/produit\/paris-french-oak-flooring\/"]}]},{"@type":"ImageObject","inLanguage":"fr-FR","@id":"https:\/\/reclaimedantiquewoods.com\/fr\/produit\/paris-french-oak-flooring\/#primaryimage","url":"https:\/\/reclaimedantiquewoods.com\/wp-content\/uploads\/2020\/10\/paris-french-oak-flooring-1.jpg","contentUrl":"https:\/\/reclaimedantiquewoods.com\/wp-content\/uploads\/2020\/10\/paris-french-oak-flooring-1.jpg","width":600,"height":600},{"@type":"BreadcrumbList","@id":"https:\/\/reclaimedantiquewoods.com\/fr\/produit\/paris-french-oak-flooring\/#breadcrumb","itemListElement":[{"@type":"ListItem","position":1,"name":"Home","item":"https:\/\/reclaimedantiquewoods.com\/fr\/"},{"@type":"ListItem","position":2,"name":"Nos produits","item":"https:\/\/reclaimedantiquewoods.com\/fr\/boutique\/"},{"@type":"ListItem","position":3,"name":"Plancher en ch\u00eane fran\u00e7ais Paris"}]},{"@type":"WebSite","@id":"https:\/\/reclaimedantiquewoods.com\/fr\/#website","url":"https:\/\/reclaimedantiquewoods.com\/fr\/","name":"Bois Antique Veser","description":"","potentialAction":[{"@type":"SearchAction","target":{"@type":"EntryPoint","urlTemplate":"https:\/\/reclaimedantiquewoods.com\/fr\/?s={search_term_string}"},"query-input":{"@type":"PropertyValueSpecification","valueRequired":true,"valueName":"search_term_string"}}],"inLanguage":"fr-FR"}]}},"_links":{"self":[{"href":"https:\/\/reclaimedantiquewoods.com\/fr\/wp-json\/wp\/v2\/product\/14215","targetHints":{"allow":["GET"]}}],"collection":[{"href":"https:\/\/reclaimedantiquewoods.com\/fr\/wp-json\/wp\/v2\/product"}],"about":[{"href":"https:\/\/reclaimedantiquewoods.com\/fr\/wp-json\/wp\/v2\/types\/product"}],"replies":[{"embeddable":true,"href":"https:\/\/reclaimedantiquewoods.com\/fr\/wp-json\/wp\/v2\/comments?post=14215"}],"wp:featuredmedia":[{"embeddable":true,"href":"https:\/\/reclaimedantiquewoods.com\/fr\/wp-json\/wp\/v2\/media\/13936"}],"wp:attachment":[{"href":"https:\/\/reclaimedantiquewoods.com\/fr\/wp-json\/wp\/v2\/media?parent=14215"}],"wp:term":[{"taxonomy":"product_brand","embeddable":true,"href":"https:\/\/reclaimedantiquewoods.com\/fr\/wp-json\/wp\/v2\/product_brand?post=14215"},{"taxonomy":"product_cat","embeddable":true,"href":"https:\/\/reclaimedantiquewoods.com\/fr\/wp-json\/wp\/v2\/product_cat?post=14215"},{"taxonomy":"product_tag","embeddable":true,"href":"https:\/\/reclaimedantiquewoods.com\/fr\/wp-json\/wp\/v2\/product_tag?post=14215"}],"curies":[{"name":"wp","href":"https:\/\/api.w.org\/{rel}","templated":true}]}}