{"id":14216,"date":"2020-10-07T15:15:45","date_gmt":"2020-10-07T15:15:45","guid":{"rendered":"https:\/\/reclaimedantiquewoods.com\/product\/okanagan-douglas-fir-flooring\/"},"modified":"2020-12-14T16:18:31","modified_gmt":"2020-12-14T16:18:31","slug":"okanagan-douglas-fir-flooring","status":"publish","type":"product","link":"https:\/\/reclaimedantiquewoods.com\/fr\/produit\/okanagan-douglas-fir-flooring\/","title":{"rendered":"Plancher en sapin Douglas Okanagan"},"content":{"rendered":"<p>Notre plancher en sapin Douglas Okanagan est cr\u00e9\u00e9 \u00e0 partir des meilleurs bois d&rsquo;\u0153uvre authentiques et r\u00e9cup\u00e9r\u00e9s de diverses structures anciennes, usines et entrep\u00f4ts dans l&rsquo;Ouest canadien et en Am\u00e9rique du Nord. Ce plancher en bois recycl\u00e9 est le r\u00e9sultat de plus de 100 ans de vieillissement naturel. Notre sapin Douglas est principalement \u00e0 grain droit mais peut souvent \u00eatre ondul\u00e9 ou en spirale. C&rsquo;est un excellent choix pour les endroits tr\u00e8s fr\u00e9quent\u00e9s et il suscite beaucoup d&rsquo;attention. Il offre prestige et glamour, tout en demeurant tr\u00e8s exclusif.<\/p>\n<ul>\n<li>Consultez notre section \u00ab\u00a0Magasinez en ligne\u00a0\u00bb pour conna\u00eetre tous les d\u00e9tails de la livraison gratuite!<\/li>\n<li>Pour l&rsquo;exp\u00e9dition internationale, veuillez nous appeler! Nous exp\u00e9dions partout dans le monde.<\/li>\n<\/ul>\n","protected":false},"excerpt":{"rendered":"<p>Notre plancher en sapin Douglas Okanagan est fabriqu\u00e9 \u00e0 partir d&rsquo;authentiques planches et poutres r\u00e9cup\u00e9r\u00e9es dans de vieilles usines. Ce bois recycl\u00e9 contient des marques de caract\u00e8re distinctives, des trous de clous et des variations de tons de couleurs qui vont d&rsquo;une patine orange clair \u00e0 une patine orange fonc\u00e9. Les motifs uniques de ce grain et les anneaux de croissance denses que l&rsquo;on trouve sur ce plancher d&rsquo;\u00e9poque vous offriront une \u00e9l\u00e9gance sans pareil, tout en \u00e9tant une source d&rsquo;inspiration pour vos activit\u00e9s quotidiennes. Ce type de bois haut de gamme est \u00e9galement utilis\u00e9 pour la fabrication de meubles, de fausses poutres et de poutres structurales pour la construction de charpentes en bois.<\/p>\n<p><b style=\"color: #13763c;\"><strong>Toutes nos commandes sont faites sur mesure. Veuillez nous appeler pour discuter des options et voir notre onglet \u00ab\u00a0sp\u00e9cifications\u00a0\u00bb ci-dessous pour les options standard.<\/strong><\/b><\/p>\n","protected":false},"featured_media":13940,"comment_status":"open","ping_status":"closed","template":"","meta":[],"product_brand":[],"product_cat":[197],"product_tag":[321,320,322,327,309,317,329,319,318,326,323,328],"class_list":{"0":"post-14216","1":"product","2":"type-product","3":"status-publish","4":"has-post-thumbnail","6":"product_cat-planchers","7":"product_tag-bois-franc","8":"product_tag-contemporain","9":"product_tag-convient-aux-animaux","10":"product_tag-ebenisterie-sur-mesure","11":"product_tag-planche-de-grange","12":"product_tag-plancher-antique","13":"product_tag-plancher-bois-ingenierie","14":"product_tag-plancher-de-bois-franc","15":"product_tag-plancher-en-bois-antique","16":"product_tag-plancher-en-bois-recupere","17":"product_tag-plancher-en-bois-recycle","18":"product_tag-plancher-ingenierie","20":"first","21":"instock","22":"taxable","23":"shipping-taxable","24":"product-type-simple"},"yoast_head":"<!-- This site is optimized with the Yoast SEO plugin v26.2 - https:\/\/yoast.com\/wordpress\/plugins\/seo\/ -->\n<title>Plancher en sapin Douglas Okanagan - Bois Antique Veser<\/title>\n<meta name=\"description\" content=\"Our Okanagan Douglas Fir flooring is crafted from authentic reclaimed boards and beams from old factories. This reclaimed wood contains distinguishing character marks, nail holes and color tone variations that range from a light to dark orange aged patina. The unique grain patterns and dense growth rings found on this vintage flooring will offer you timeless elegance while being a source of inspiration for your day to day activities.\" \/>\n<meta name=\"robots\" content=\"index, follow, max-snippet:-1, max-image-preview:large, max-video-preview:-1\" \/>\n<link rel=\"canonical\" href=\"https:\/\/reclaimedantiquewoods.com\/fr\/produit\/okanagan-douglas-fir-flooring\/\" \/>\n<meta property=\"og:locale\" content=\"fr_FR\" \/>\n<meta property=\"og:type\" content=\"article\" \/>\n<meta property=\"og:title\" content=\"Plancher en sapin Douglas Okanagan - Bois Antique Veser\" \/>\n<meta property=\"og:description\" content=\"Our Okanagan Douglas Fir flooring is crafted from authentic reclaimed boards and beams from old factories. This reclaimed wood contains distinguishing character marks, nail holes and color tone variations that range from a light to dark orange aged patina. The unique grain patterns and dense growth rings found on this vintage flooring will offer you timeless elegance while being a source of inspiration for your day to day activities.\" \/>\n<meta property=\"og:url\" content=\"https:\/\/reclaimedantiquewoods.com\/fr\/produit\/okanagan-douglas-fir-flooring\/\" \/>\n<meta property=\"og:site_name\" content=\"Bois Antique Veser\" \/>\n<meta property=\"article:modified_time\" content=\"2020-12-14T16:18:31+00:00\" \/>\n<meta property=\"og:image\" content=\"https:\/\/reclaimedantiquewoods.com\/wp-content\/uploads\/2020\/10\/VESE_Site_web_facebook_okanagan.png\" \/>\n\t<meta property=\"og:image:width\" content=\"1200\" \/>\n\t<meta property=\"og:image:height\" content=\"628\" \/>\n\t<meta property=\"og:image:type\" content=\"image\/png\" \/>\n<meta name=\"twitter:card\" content=\"summary_large_image\" \/>\n<meta name=\"twitter:label1\" content=\"Dur\u00e9e de lecture estim\u00e9e\" \/>\n\t<meta name=\"twitter:data1\" content=\"1 minute\" \/>\n<script type=\"application\/ld+json\" class=\"yoast-schema-graph\">{\"@context\":\"https:\/\/schema.org\",\"@graph\":[{\"@type\":\"WebPage\",\"@id\":\"https:\/\/reclaimedantiquewoods.com\/fr\/produit\/okanagan-douglas-fir-flooring\/\",\"url\":\"https:\/\/reclaimedantiquewoods.com\/fr\/produit\/okanagan-douglas-fir-flooring\/\",\"name\":\"Plancher en sapin Douglas Okanagan - Bois Antique Veser\",\"isPartOf\":{\"@id\":\"https:\/\/reclaimedantiquewoods.com\/fr\/#website\"},\"primaryImageOfPage\":{\"@id\":\"https:\/\/reclaimedantiquewoods.com\/fr\/produit\/okanagan-douglas-fir-flooring\/#primaryimage\"},\"image\":{\"@id\":\"https:\/\/reclaimedantiquewoods.com\/fr\/produit\/okanagan-douglas-fir-flooring\/#primaryimage\"},\"thumbnailUrl\":\"https:\/\/reclaimedantiquewoods.com\/wp-content\/uploads\/2020\/10\/okanagan-douglas-fir-flooring-1.jpg\",\"datePublished\":\"2020-10-07T15:15:45+00:00\",\"dateModified\":\"2020-12-14T16:18:31+00:00\",\"description\":\"Our Okanagan Douglas Fir flooring is crafted from authentic reclaimed boards and beams from old factories. This reclaimed wood contains distinguishing character marks, nail holes and color tone variations that range from a light to dark orange aged patina. The unique grain patterns and dense growth rings found on this vintage flooring will offer you timeless elegance while being a source of inspiration for your day to day activities.\",\"breadcrumb\":{\"@id\":\"https:\/\/reclaimedantiquewoods.com\/fr\/produit\/okanagan-douglas-fir-flooring\/#breadcrumb\"},\"inLanguage\":\"fr-FR\",\"potentialAction\":[{\"@type\":\"ReadAction\",\"target\":[\"https:\/\/reclaimedantiquewoods.com\/fr\/produit\/okanagan-douglas-fir-flooring\/\"]}]},{\"@type\":\"ImageObject\",\"inLanguage\":\"fr-FR\",\"@id\":\"https:\/\/reclaimedantiquewoods.com\/fr\/produit\/okanagan-douglas-fir-flooring\/#primaryimage\",\"url\":\"https:\/\/reclaimedantiquewoods.com\/wp-content\/uploads\/2020\/10\/okanagan-douglas-fir-flooring-1.jpg\",\"contentUrl\":\"https:\/\/reclaimedantiquewoods.com\/wp-content\/uploads\/2020\/10\/okanagan-douglas-fir-flooring-1.jpg\",\"width\":600,\"height\":600},{\"@type\":\"BreadcrumbList\",\"@id\":\"https:\/\/reclaimedantiquewoods.com\/fr\/produit\/okanagan-douglas-fir-flooring\/#breadcrumb\",\"itemListElement\":[{\"@type\":\"ListItem\",\"position\":1,\"name\":\"Home\",\"item\":\"https:\/\/reclaimedantiquewoods.com\/fr\/\"},{\"@type\":\"ListItem\",\"position\":2,\"name\":\"Nos produits\",\"item\":\"https:\/\/reclaimedantiquewoods.com\/fr\/boutique\/\"},{\"@type\":\"ListItem\",\"position\":3,\"name\":\"Plancher en sapin Douglas Okanagan\"}]},{\"@type\":\"WebSite\",\"@id\":\"https:\/\/reclaimedantiquewoods.com\/fr\/#website\",\"url\":\"https:\/\/reclaimedantiquewoods.com\/fr\/\",\"name\":\"Bois Antique Veser\",\"description\":\"\",\"potentialAction\":[{\"@type\":\"SearchAction\",\"target\":{\"@type\":\"EntryPoint\",\"urlTemplate\":\"https:\/\/reclaimedantiquewoods.com\/fr\/?s={search_term_string}\"},\"query-input\":{\"@type\":\"PropertyValueSpecification\",\"valueRequired\":true,\"valueName\":\"search_term_string\"}}],\"inLanguage\":\"fr-FR\"}]}<\/script>\n<!-- \/ Yoast SEO plugin. -->","yoast_head_json":{"title":"Plancher en sapin Douglas Okanagan - Bois Antique Veser","description":"Our Okanagan Douglas Fir flooring is crafted from authentic reclaimed boards and beams from old factories. This reclaimed wood contains distinguishing character marks, nail holes and color tone variations that range from a light to dark orange aged patina. The unique grain patterns and dense growth rings found on this vintage flooring will offer you timeless elegance while being a source of inspiration for your day to day activities.","robots":{"index":"index","follow":"follow","max-snippet":"max-snippet:-1","max-image-preview":"max-image-preview:large","max-video-preview":"max-video-preview:-1"},"canonical":"https:\/\/reclaimedantiquewoods.com\/fr\/produit\/okanagan-douglas-fir-flooring\/","og_locale":"fr_FR","og_type":"article","og_title":"Plancher en sapin Douglas Okanagan - Bois Antique Veser","og_description":"Our Okanagan Douglas Fir flooring is crafted from authentic reclaimed boards and beams from old factories. This reclaimed wood contains distinguishing character marks, nail holes and color tone variations that range from a light to dark orange aged patina. The unique grain patterns and dense growth rings found on this vintage flooring will offer you timeless elegance while being a source of inspiration for your day to day activities.","og_url":"https:\/\/reclaimedantiquewoods.com\/fr\/produit\/okanagan-douglas-fir-flooring\/","og_site_name":"Bois Antique Veser","article_modified_time":"2020-12-14T16:18:31+00:00","og_image":[{"width":1200,"height":628,"url":"https:\/\/reclaimedantiquewoods.com\/wp-content\/uploads\/2020\/10\/VESE_Site_web_facebook_okanagan.png","type":"image\/png"}],"twitter_card":"summary_large_image","twitter_misc":{"Dur\u00e9e de lecture estim\u00e9e":"1 minute"},"schema":{"@context":"https:\/\/schema.org","@graph":[{"@type":"WebPage","@id":"https:\/\/reclaimedantiquewoods.com\/fr\/produit\/okanagan-douglas-fir-flooring\/","url":"https:\/\/reclaimedantiquewoods.com\/fr\/produit\/okanagan-douglas-fir-flooring\/","name":"Plancher en sapin Douglas Okanagan - Bois Antique Veser","isPartOf":{"@id":"https:\/\/reclaimedantiquewoods.com\/fr\/#website"},"primaryImageOfPage":{"@id":"https:\/\/reclaimedantiquewoods.com\/fr\/produit\/okanagan-douglas-fir-flooring\/#primaryimage"},"image":{"@id":"https:\/\/reclaimedantiquewoods.com\/fr\/produit\/okanagan-douglas-fir-flooring\/#primaryimage"},"thumbnailUrl":"https:\/\/reclaimedantiquewoods.com\/wp-content\/uploads\/2020\/10\/okanagan-douglas-fir-flooring-1.jpg","datePublished":"2020-10-07T15:15:45+00:00","dateModified":"2020-12-14T16:18:31+00:00","description":"Our Okanagan Douglas Fir flooring is crafted from authentic reclaimed boards and beams from old factories. This reclaimed wood contains distinguishing character marks, nail holes and color tone variations that range from a light to dark orange aged patina. The unique grain patterns and dense growth rings found on this vintage flooring will offer you timeless elegance while being a source of inspiration for your day to day activities.","breadcrumb":{"@id":"https:\/\/reclaimedantiquewoods.com\/fr\/produit\/okanagan-douglas-fir-flooring\/#breadcrumb"},"inLanguage":"fr-FR","potentialAction":[{"@type":"ReadAction","target":["https:\/\/reclaimedantiquewoods.com\/fr\/produit\/okanagan-douglas-fir-flooring\/"]}]},{"@type":"ImageObject","inLanguage":"fr-FR","@id":"https:\/\/reclaimedantiquewoods.com\/fr\/produit\/okanagan-douglas-fir-flooring\/#primaryimage","url":"https:\/\/reclaimedantiquewoods.com\/wp-content\/uploads\/2020\/10\/okanagan-douglas-fir-flooring-1.jpg","contentUrl":"https:\/\/reclaimedantiquewoods.com\/wp-content\/uploads\/2020\/10\/okanagan-douglas-fir-flooring-1.jpg","width":600,"height":600},{"@type":"BreadcrumbList","@id":"https:\/\/reclaimedantiquewoods.com\/fr\/produit\/okanagan-douglas-fir-flooring\/#breadcrumb","itemListElement":[{"@type":"ListItem","position":1,"name":"Home","item":"https:\/\/reclaimedantiquewoods.com\/fr\/"},{"@type":"ListItem","position":2,"name":"Nos produits","item":"https:\/\/reclaimedantiquewoods.com\/fr\/boutique\/"},{"@type":"ListItem","position":3,"name":"Plancher en sapin Douglas Okanagan"}]},{"@type":"WebSite","@id":"https:\/\/reclaimedantiquewoods.com\/fr\/#website","url":"https:\/\/reclaimedantiquewoods.com\/fr\/","name":"Bois Antique Veser","description":"","potentialAction":[{"@type":"SearchAction","target":{"@type":"EntryPoint","urlTemplate":"https:\/\/reclaimedantiquewoods.com\/fr\/?s={search_term_string}"},"query-input":{"@type":"PropertyValueSpecification","valueRequired":true,"valueName":"search_term_string"}}],"inLanguage":"fr-FR"}]}},"_links":{"self":[{"href":"https:\/\/reclaimedantiquewoods.com\/fr\/wp-json\/wp\/v2\/product\/14216","targetHints":{"allow":["GET"]}}],"collection":[{"href":"https:\/\/reclaimedantiquewoods.com\/fr\/wp-json\/wp\/v2\/product"}],"about":[{"href":"https:\/\/reclaimedantiquewoods.com\/fr\/wp-json\/wp\/v2\/types\/product"}],"replies":[{"embeddable":true,"href":"https:\/\/reclaimedantiquewoods.com\/fr\/wp-json\/wp\/v2\/comments?post=14216"}],"wp:featuredmedia":[{"embeddable":true,"href":"https:\/\/reclaimedantiquewoods.com\/fr\/wp-json\/wp\/v2\/media\/13940"}],"wp:attachment":[{"href":"https:\/\/reclaimedantiquewoods.com\/fr\/wp-json\/wp\/v2\/media?parent=14216"}],"wp:term":[{"taxonomy":"product_brand","embeddable":true,"href":"https:\/\/reclaimedantiquewoods.com\/fr\/wp-json\/wp\/v2\/product_brand?post=14216"},{"taxonomy":"product_cat","embeddable":true,"href":"https:\/\/reclaimedantiquewoods.com\/fr\/wp-json\/wp\/v2\/product_cat?post=14216"},{"taxonomy":"product_tag","embeddable":true,"href":"https:\/\/reclaimedantiquewoods.com\/fr\/wp-json\/wp\/v2\/product_tag?post=14216"}],"curies":[{"name":"wp","href":"https:\/\/api.w.org\/{rel}","templated":true}]}}