{"id":14217,"date":"2020-10-07T15:13:58","date_gmt":"2020-10-07T15:13:58","guid":{"rendered":"https:\/\/reclaimedantiquewoods.com\/product\/merlot-heart-pine-flooring\/"},"modified":"2020-12-14T16:18:29","modified_gmt":"2020-12-14T16:18:29","slug":"merlot-heart-pine-flooring","status":"publish","type":"product","link":"https:\/\/reclaimedantiquewoods.com\/fr\/produit\/merlot-heart-pine-flooring\/","title":{"rendered":"Plancher en pin de Coeur Merlot"},"content":{"rendered":"<p>Notre plancher en pin de c\u0153ur Merlot est cr\u00e9\u00e9 \u00e0 partir des meilleurs bois d&rsquo;\u0153uvre authentiques et r\u00e9cup\u00e9r\u00e9s de diverses structures anciennes en Am\u00e9rique du Nord. Ce plancher en bois recycl\u00e9 est le r\u00e9sultat de plus de 100 ans de vieillissement naturel. Le r\u00e9sultat est un plancher vintage remarquable, offrant la chaleur et le confort d&rsquo;un chalet rustique. Le pin de c\u0153ur est un bois r\u00e9cup\u00e9r\u00e9 tr\u00e8s durable, qui perdurera dans toutes les pi\u00e8ces et dans tous les am\u00e9nagements o\u00f9 il est install\u00e9.<\/p>\n<ul>\n<li>Consultez notre section \u00ab\u00a0Magasinez en ligne\u00a0\u00bb pour conna\u00eetre tous les d\u00e9tails de la livraison gratuite!<\/li>\n<li>Pour l&rsquo;exp\u00e9dition internationale, veuillez nous appeler!<\/li>\n<\/ul>\n","protected":false},"excerpt":{"rendered":"<p>Notre plancher en pin de c\u0153ur Merlot est fabriqu\u00e9 \u00e0 partir d&rsquo;authentiques b\u00e2timents industriels et usines. Ce bois r\u00e9cup\u00e9r\u00e9 de luxe contient des marques de caract\u00e8re distinctives telles que des trous de clous et des variations de tons de couleurs qui vont d&rsquo;un brun riche et profond \u00e0 des nuances ambr\u00e9es. Notre pin de c\u0153ur Merlot est magnifique et est l&rsquo;un de nos produits en bois de grange les plus c\u00e9l\u00e8bres. Un plancher traditionnel utilis\u00e9 par nos anc\u00eatres il y a plusieurs d\u00e9cennies, il est rempli d&rsquo;histoire, liant le pass\u00e9 au pr\u00e9sent.<\/p>\n<p><b style=\"color: #13763c;\"><strong>Toutes nos commandes sont faites sur mesure. Veuillez nous appeler pour discuter des options et voir notre onglet \u00ab\u00a0sp\u00e9cifications\u00a0\u00bb ci-dessous pour les options standard.<\/strong><\/b><\/p>\n","protected":false},"featured_media":13932,"comment_status":"open","ping_status":"closed","template":"","meta":[],"product_brand":[],"product_cat":[197],"product_tag":[321,320,322,309,317,329,319,318,326,323,328],"class_list":{"0":"post-14217","1":"product","2":"type-product","3":"status-publish","4":"has-post-thumbnail","6":"product_cat-planchers","7":"product_tag-bois-franc","8":"product_tag-contemporain","9":"product_tag-convient-aux-animaux","10":"product_tag-planche-de-grange","11":"product_tag-plancher-antique","12":"product_tag-plancher-bois-ingenierie","13":"product_tag-plancher-de-bois-franc","14":"product_tag-plancher-en-bois-antique","15":"product_tag-plancher-en-bois-recupere","16":"product_tag-plancher-en-bois-recycle","17":"product_tag-plancher-ingenierie","19":"first","20":"instock","21":"taxable","22":"shipping-taxable","23":"product-type-simple"},"yoast_head":"<!-- This site is optimized with the Yoast SEO plugin v26.2 - https:\/\/yoast.com\/wordpress\/plugins\/seo\/ -->\n<title>Plancher en pin de Coeur Merlot - Bois Antique Veser<\/title>\n<meta name=\"description\" content=\"Our Merlot Heart Pine flooring is crafted from authentic reclaimed industrial buildings and factories. This deluxe reclaimed wood contains distinguishing character marks such as nail holes and color tone variations that range from a deep rich brown to amber undertones.\" \/>\n<meta name=\"robots\" content=\"index, follow, max-snippet:-1, max-image-preview:large, max-video-preview:-1\" \/>\n<link rel=\"canonical\" href=\"https:\/\/reclaimedantiquewoods.com\/fr\/produit\/merlot-heart-pine-flooring\/\" \/>\n<meta property=\"og:locale\" content=\"fr_FR\" \/>\n<meta property=\"og:type\" content=\"article\" \/>\n<meta property=\"og:title\" content=\"Plancher en pin de Coeur Merlot - Bois Antique Veser\" \/>\n<meta property=\"og:description\" content=\"Our Merlot Heart Pine flooring is crafted from authentic reclaimed industrial buildings and factories. This deluxe reclaimed wood contains distinguishing character marks such as nail holes and color tone variations that range from a deep rich brown to amber undertones.\" \/>\n<meta property=\"og:url\" content=\"https:\/\/reclaimedantiquewoods.com\/fr\/produit\/merlot-heart-pine-flooring\/\" \/>\n<meta property=\"og:site_name\" content=\"Bois Antique Veser\" \/>\n<meta property=\"article:modified_time\" content=\"2020-12-14T16:18:29+00:00\" \/>\n<meta property=\"og:image\" content=\"https:\/\/reclaimedantiquewoods.com\/wp-content\/uploads\/2020\/10\/VESE_Site_web_facebook_merlot_flooring.png\" \/>\n\t<meta property=\"og:image:width\" content=\"1200\" \/>\n\t<meta property=\"og:image:height\" content=\"628\" \/>\n\t<meta property=\"og:image:type\" content=\"image\/png\" \/>\n<meta name=\"twitter:card\" content=\"summary_large_image\" \/>\n<meta name=\"twitter:label1\" content=\"Dur\u00e9e de lecture estim\u00e9e\" \/>\n\t<meta name=\"twitter:data1\" content=\"1 minute\" \/>\n<script type=\"application\/ld+json\" class=\"yoast-schema-graph\">{\"@context\":\"https:\/\/schema.org\",\"@graph\":[{\"@type\":\"WebPage\",\"@id\":\"https:\/\/reclaimedantiquewoods.com\/fr\/produit\/merlot-heart-pine-flooring\/\",\"url\":\"https:\/\/reclaimedantiquewoods.com\/fr\/produit\/merlot-heart-pine-flooring\/\",\"name\":\"Plancher en pin de Coeur Merlot - Bois Antique Veser\",\"isPartOf\":{\"@id\":\"https:\/\/reclaimedantiquewoods.com\/fr\/#website\"},\"primaryImageOfPage\":{\"@id\":\"https:\/\/reclaimedantiquewoods.com\/fr\/produit\/merlot-heart-pine-flooring\/#primaryimage\"},\"image\":{\"@id\":\"https:\/\/reclaimedantiquewoods.com\/fr\/produit\/merlot-heart-pine-flooring\/#primaryimage\"},\"thumbnailUrl\":\"https:\/\/reclaimedantiquewoods.com\/wp-content\/uploads\/2020\/10\/merlot-heart-pine-flooring-1.jpg\",\"datePublished\":\"2020-10-07T15:13:58+00:00\",\"dateModified\":\"2020-12-14T16:18:29+00:00\",\"description\":\"Our Merlot Heart Pine flooring is crafted from authentic reclaimed industrial buildings and factories. This deluxe reclaimed wood contains distinguishing character marks such as nail holes and color tone variations that range from a deep rich brown to amber undertones.\",\"breadcrumb\":{\"@id\":\"https:\/\/reclaimedantiquewoods.com\/fr\/produit\/merlot-heart-pine-flooring\/#breadcrumb\"},\"inLanguage\":\"fr-FR\",\"potentialAction\":[{\"@type\":\"ReadAction\",\"target\":[\"https:\/\/reclaimedantiquewoods.com\/fr\/produit\/merlot-heart-pine-flooring\/\"]}]},{\"@type\":\"ImageObject\",\"inLanguage\":\"fr-FR\",\"@id\":\"https:\/\/reclaimedantiquewoods.com\/fr\/produit\/merlot-heart-pine-flooring\/#primaryimage\",\"url\":\"https:\/\/reclaimedantiquewoods.com\/wp-content\/uploads\/2020\/10\/merlot-heart-pine-flooring-1.jpg\",\"contentUrl\":\"https:\/\/reclaimedantiquewoods.com\/wp-content\/uploads\/2020\/10\/merlot-heart-pine-flooring-1.jpg\",\"width\":600,\"height\":600},{\"@type\":\"BreadcrumbList\",\"@id\":\"https:\/\/reclaimedantiquewoods.com\/fr\/produit\/merlot-heart-pine-flooring\/#breadcrumb\",\"itemListElement\":[{\"@type\":\"ListItem\",\"position\":1,\"name\":\"Home\",\"item\":\"https:\/\/reclaimedantiquewoods.com\/fr\/\"},{\"@type\":\"ListItem\",\"position\":2,\"name\":\"Nos produits\",\"item\":\"https:\/\/reclaimedantiquewoods.com\/fr\/boutique\/\"},{\"@type\":\"ListItem\",\"position\":3,\"name\":\"Plancher en pin de Coeur Merlot\"}]},{\"@type\":\"WebSite\",\"@id\":\"https:\/\/reclaimedantiquewoods.com\/fr\/#website\",\"url\":\"https:\/\/reclaimedantiquewoods.com\/fr\/\",\"name\":\"Bois Antique Veser\",\"description\":\"\",\"potentialAction\":[{\"@type\":\"SearchAction\",\"target\":{\"@type\":\"EntryPoint\",\"urlTemplate\":\"https:\/\/reclaimedantiquewoods.com\/fr\/?s={search_term_string}\"},\"query-input\":{\"@type\":\"PropertyValueSpecification\",\"valueRequired\":true,\"valueName\":\"search_term_string\"}}],\"inLanguage\":\"fr-FR\"}]}<\/script>\n<!-- \/ Yoast SEO plugin. -->","yoast_head_json":{"title":"Plancher en pin de Coeur Merlot - Bois Antique Veser","description":"Our Merlot Heart Pine flooring is crafted from authentic reclaimed industrial buildings and factories. This deluxe reclaimed wood contains distinguishing character marks such as nail holes and color tone variations that range from a deep rich brown to amber undertones.","robots":{"index":"index","follow":"follow","max-snippet":"max-snippet:-1","max-image-preview":"max-image-preview:large","max-video-preview":"max-video-preview:-1"},"canonical":"https:\/\/reclaimedantiquewoods.com\/fr\/produit\/merlot-heart-pine-flooring\/","og_locale":"fr_FR","og_type":"article","og_title":"Plancher en pin de Coeur Merlot - Bois Antique Veser","og_description":"Our Merlot Heart Pine flooring is crafted from authentic reclaimed industrial buildings and factories. This deluxe reclaimed wood contains distinguishing character marks such as nail holes and color tone variations that range from a deep rich brown to amber undertones.","og_url":"https:\/\/reclaimedantiquewoods.com\/fr\/produit\/merlot-heart-pine-flooring\/","og_site_name":"Bois Antique Veser","article_modified_time":"2020-12-14T16:18:29+00:00","og_image":[{"width":1200,"height":628,"url":"https:\/\/reclaimedantiquewoods.com\/wp-content\/uploads\/2020\/10\/VESE_Site_web_facebook_merlot_flooring.png","type":"image\/png"}],"twitter_card":"summary_large_image","twitter_misc":{"Dur\u00e9e de lecture estim\u00e9e":"1 minute"},"schema":{"@context":"https:\/\/schema.org","@graph":[{"@type":"WebPage","@id":"https:\/\/reclaimedantiquewoods.com\/fr\/produit\/merlot-heart-pine-flooring\/","url":"https:\/\/reclaimedantiquewoods.com\/fr\/produit\/merlot-heart-pine-flooring\/","name":"Plancher en pin de Coeur Merlot - Bois Antique Veser","isPartOf":{"@id":"https:\/\/reclaimedantiquewoods.com\/fr\/#website"},"primaryImageOfPage":{"@id":"https:\/\/reclaimedantiquewoods.com\/fr\/produit\/merlot-heart-pine-flooring\/#primaryimage"},"image":{"@id":"https:\/\/reclaimedantiquewoods.com\/fr\/produit\/merlot-heart-pine-flooring\/#primaryimage"},"thumbnailUrl":"https:\/\/reclaimedantiquewoods.com\/wp-content\/uploads\/2020\/10\/merlot-heart-pine-flooring-1.jpg","datePublished":"2020-10-07T15:13:58+00:00","dateModified":"2020-12-14T16:18:29+00:00","description":"Our Merlot Heart Pine flooring is crafted from authentic reclaimed industrial buildings and factories. This deluxe reclaimed wood contains distinguishing character marks such as nail holes and color tone variations that range from a deep rich brown to amber undertones.","breadcrumb":{"@id":"https:\/\/reclaimedantiquewoods.com\/fr\/produit\/merlot-heart-pine-flooring\/#breadcrumb"},"inLanguage":"fr-FR","potentialAction":[{"@type":"ReadAction","target":["https:\/\/reclaimedantiquewoods.com\/fr\/produit\/merlot-heart-pine-flooring\/"]}]},{"@type":"ImageObject","inLanguage":"fr-FR","@id":"https:\/\/reclaimedantiquewoods.com\/fr\/produit\/merlot-heart-pine-flooring\/#primaryimage","url":"https:\/\/reclaimedantiquewoods.com\/wp-content\/uploads\/2020\/10\/merlot-heart-pine-flooring-1.jpg","contentUrl":"https:\/\/reclaimedantiquewoods.com\/wp-content\/uploads\/2020\/10\/merlot-heart-pine-flooring-1.jpg","width":600,"height":600},{"@type":"BreadcrumbList","@id":"https:\/\/reclaimedantiquewoods.com\/fr\/produit\/merlot-heart-pine-flooring\/#breadcrumb","itemListElement":[{"@type":"ListItem","position":1,"name":"Home","item":"https:\/\/reclaimedantiquewoods.com\/fr\/"},{"@type":"ListItem","position":2,"name":"Nos produits","item":"https:\/\/reclaimedantiquewoods.com\/fr\/boutique\/"},{"@type":"ListItem","position":3,"name":"Plancher en pin de Coeur Merlot"}]},{"@type":"WebSite","@id":"https:\/\/reclaimedantiquewoods.com\/fr\/#website","url":"https:\/\/reclaimedantiquewoods.com\/fr\/","name":"Bois Antique Veser","description":"","potentialAction":[{"@type":"SearchAction","target":{"@type":"EntryPoint","urlTemplate":"https:\/\/reclaimedantiquewoods.com\/fr\/?s={search_term_string}"},"query-input":{"@type":"PropertyValueSpecification","valueRequired":true,"valueName":"search_term_string"}}],"inLanguage":"fr-FR"}]}},"_links":{"self":[{"href":"https:\/\/reclaimedantiquewoods.com\/fr\/wp-json\/wp\/v2\/product\/14217","targetHints":{"allow":["GET"]}}],"collection":[{"href":"https:\/\/reclaimedantiquewoods.com\/fr\/wp-json\/wp\/v2\/product"}],"about":[{"href":"https:\/\/reclaimedantiquewoods.com\/fr\/wp-json\/wp\/v2\/types\/product"}],"replies":[{"embeddable":true,"href":"https:\/\/reclaimedantiquewoods.com\/fr\/wp-json\/wp\/v2\/comments?post=14217"}],"wp:featuredmedia":[{"embeddable":true,"href":"https:\/\/reclaimedantiquewoods.com\/fr\/wp-json\/wp\/v2\/media\/13932"}],"wp:attachment":[{"href":"https:\/\/reclaimedantiquewoods.com\/fr\/wp-json\/wp\/v2\/media?parent=14217"}],"wp:term":[{"taxonomy":"product_brand","embeddable":true,"href":"https:\/\/reclaimedantiquewoods.com\/fr\/wp-json\/wp\/v2\/product_brand?post=14217"},{"taxonomy":"product_cat","embeddable":true,"href":"https:\/\/reclaimedantiquewoods.com\/fr\/wp-json\/wp\/v2\/product_cat?post=14217"},{"taxonomy":"product_tag","embeddable":true,"href":"https:\/\/reclaimedantiquewoods.com\/fr\/wp-json\/wp\/v2\/product_tag?post=14217"}],"curies":[{"name":"wp","href":"https:\/\/api.w.org\/{rel}","templated":true}]}}