{"id":14218,"date":"2020-10-07T15:11:51","date_gmt":"2020-10-07T15:11:51","guid":{"rendered":"https:\/\/reclaimedantiquewoods.com\/product\/golden-retriever-smooth-white-oak-flooring\/"},"modified":"2020-12-14T16:18:25","modified_gmt":"2020-12-14T16:18:25","slug":"golden-retriever-smooth-white-oak-flooring","status":"publish","type":"product","link":"https:\/\/reclaimedantiquewoods.com\/fr\/produit\/golden-retriever-smooth-white-oak-flooring\/","title":{"rendered":"Plancher en ch\u00eane blanc Golden Retriever"},"content":{"rendered":"<p>Notre plancher en ch\u00eane blanc lisse Golden Retriever est cr\u00e9\u00e9 \u00e0 partir des meilleurs bois d&rsquo;\u0153uvre authentiques et r\u00e9cup\u00e9r\u00e9s de diverses structures anciennes en Am\u00e9rique du Nord. La r\u00e9sistance, la durabilit\u00e9 et la disponibilit\u00e9 du ch\u00eane qui a peupl\u00e9 le d\u00e9but des ann\u00e9es 1800 en ont fait un bois populaire pour la construction de granges. Ce plancher en bois recycl\u00e9 est le r\u00e9sultat de plus de 100 ans de vieillissement naturel. Le r\u00e9sultat est un plancher vintage superbe et v\u00e9ritablement authentique, que seules des planches de grange anciennes peuvent fournir. Il est d\u2019ailleurs parfait pour les environnements accueillant des animaux de compagnie et pour une maison ou un bureau tr\u00e8s fr\u00e9quent\u00e9.<\/p>\n<ul>\n<li>Consultez notre section \u00ab\u00a0Magasinez en ligne\u00a0\u00bb pour conna\u00eetre tous les d\u00e9tails de la livraison gratuite!<\/li>\n<li>Pour l&rsquo;exp\u00e9dition internationale, veuillez nous appeler! Nous exp\u00e9dions partout dans le monde.<\/li>\n<\/ul>\n","protected":false},"excerpt":{"rendered":"<p>Notre plancher en ch\u00eane blanc lisse Golden Retriever est fabriqu\u00e9 \u00e0 partir d&rsquo;authentiques planches et poutres de grange r\u00e9cup\u00e9r\u00e9es. Unique en son genre, notre ch\u00eane blanc pr\u00e9sente des variations de teintes allant du brun dor\u00e9 clair au brun dor\u00e9 moyen. Offrant un aspect plus classique, vous remarquerez n\u00e9anmoins les n\u0153uds, les trous de clous et les traces d&rsquo;insectes, ainsi que son grain dens\u00e9ment riche. Ce plancher de bois massif est synonyme de raffinement, d&rsquo;\u00e9l\u00e9gance et marque le d\u00e9but de grands moments.<\/p>\n<p><b style=\"color: #13763c;\"><strong>Toutes nos commandes sont faites sur mesure. Veuillez nous appeler pour discuter des options et voir notre onglet \u00ab\u00a0sp\u00e9cifications\u00a0\u00bb ci-dessous pour les options standard.<\/strong><\/b><\/p>\n","protected":false},"featured_media":13944,"comment_status":"open","ping_status":"closed","template":"","meta":[],"product_brand":[],"product_cat":[197],"product_tag":[321,320,322,309,317,329,319,318,326,323,328],"class_list":{"0":"post-14218","1":"product","2":"type-product","3":"status-publish","4":"has-post-thumbnail","6":"product_cat-planchers","7":"product_tag-bois-franc","8":"product_tag-contemporain","9":"product_tag-convient-aux-animaux","10":"product_tag-planche-de-grange","11":"product_tag-plancher-antique","12":"product_tag-plancher-bois-ingenierie","13":"product_tag-plancher-de-bois-franc","14":"product_tag-plancher-en-bois-antique","15":"product_tag-plancher-en-bois-recupere","16":"product_tag-plancher-en-bois-recycle","17":"product_tag-plancher-ingenierie","19":"first","20":"instock","21":"taxable","22":"shipping-taxable","23":"product-type-simple"},"yoast_head":"<!-- This site is optimized with the Yoast SEO plugin v26.2 - https:\/\/yoast.com\/wordpress\/plugins\/seo\/ -->\n<title>Plancher en ch\u00eane blanc Golden Retriever - Bois Antique Veser<\/title>\n<meta name=\"description\" content=\"Our Golden Retriever Smooth White Oak flooring is crafted from authentic reclaimed barn boards and beams. A one of a kind, our white oak contains color tone variations ranging from light to medium golden brown. Offering a more classic look, you will nonetheless notice the knots, nail holes and insect traces, as well as its rich grain.\" \/>\n<meta name=\"robots\" content=\"index, follow, max-snippet:-1, max-image-preview:large, max-video-preview:-1\" \/>\n<link rel=\"canonical\" href=\"https:\/\/reclaimedantiquewoods.com\/fr\/produit\/golden-retriever-smooth-white-oak-flooring\/\" \/>\n<meta property=\"og:locale\" content=\"fr_FR\" \/>\n<meta property=\"og:type\" content=\"article\" \/>\n<meta property=\"og:title\" content=\"Plancher en ch\u00eane blanc Golden Retriever - Bois Antique Veser\" \/>\n<meta property=\"og:description\" content=\"Our Golden Retriever Smooth White Oak flooring is crafted from authentic reclaimed barn boards and beams. A one of a kind, our white oak contains color tone variations ranging from light to medium golden brown. Offering a more classic look, you will nonetheless notice the knots, nail holes and insect traces, as well as its rich grain.\" \/>\n<meta property=\"og:url\" content=\"https:\/\/reclaimedantiquewoods.com\/fr\/produit\/golden-retriever-smooth-white-oak-flooring\/\" \/>\n<meta property=\"og:site_name\" content=\"Bois Antique Veser\" \/>\n<meta property=\"article:modified_time\" content=\"2020-12-14T16:18:25+00:00\" \/>\n<meta property=\"og:image\" content=\"https:\/\/reclaimedantiquewoods.com\/wp-content\/uploads\/2020\/10\/VESE_Site_web_facebook_golden_flooring.png\" \/>\n\t<meta property=\"og:image:width\" content=\"1200\" \/>\n\t<meta property=\"og:image:height\" content=\"628\" \/>\n\t<meta property=\"og:image:type\" content=\"image\/png\" \/>\n<meta name=\"twitter:card\" content=\"summary_large_image\" \/>\n<meta name=\"twitter:label1\" content=\"Dur\u00e9e de lecture estim\u00e9e\" \/>\n\t<meta name=\"twitter:data1\" content=\"1 minute\" \/>\n<script type=\"application\/ld+json\" class=\"yoast-schema-graph\">{\"@context\":\"https:\/\/schema.org\",\"@graph\":[{\"@type\":\"WebPage\",\"@id\":\"https:\/\/reclaimedantiquewoods.com\/fr\/produit\/golden-retriever-smooth-white-oak-flooring\/\",\"url\":\"https:\/\/reclaimedantiquewoods.com\/fr\/produit\/golden-retriever-smooth-white-oak-flooring\/\",\"name\":\"Plancher en ch\u00eane blanc Golden Retriever - Bois Antique Veser\",\"isPartOf\":{\"@id\":\"https:\/\/reclaimedantiquewoods.com\/fr\/#website\"},\"primaryImageOfPage\":{\"@id\":\"https:\/\/reclaimedantiquewoods.com\/fr\/produit\/golden-retriever-smooth-white-oak-flooring\/#primaryimage\"},\"image\":{\"@id\":\"https:\/\/reclaimedantiquewoods.com\/fr\/produit\/golden-retriever-smooth-white-oak-flooring\/#primaryimage\"},\"thumbnailUrl\":\"https:\/\/reclaimedantiquewoods.com\/wp-content\/uploads\/2020\/10\/golden-retriever-smooth-white-oak-flooring-1.jpg\",\"datePublished\":\"2020-10-07T15:11:51+00:00\",\"dateModified\":\"2020-12-14T16:18:25+00:00\",\"description\":\"Our Golden Retriever Smooth White Oak flooring is crafted from authentic reclaimed barn boards and beams. A one of a kind, our white oak contains color tone variations ranging from light to medium golden brown. Offering a more classic look, you will nonetheless notice the knots, nail holes and insect traces, as well as its rich grain.\",\"breadcrumb\":{\"@id\":\"https:\/\/reclaimedantiquewoods.com\/fr\/produit\/golden-retriever-smooth-white-oak-flooring\/#breadcrumb\"},\"inLanguage\":\"fr-FR\",\"potentialAction\":[{\"@type\":\"ReadAction\",\"target\":[\"https:\/\/reclaimedantiquewoods.com\/fr\/produit\/golden-retriever-smooth-white-oak-flooring\/\"]}]},{\"@type\":\"ImageObject\",\"inLanguage\":\"fr-FR\",\"@id\":\"https:\/\/reclaimedantiquewoods.com\/fr\/produit\/golden-retriever-smooth-white-oak-flooring\/#primaryimage\",\"url\":\"https:\/\/reclaimedantiquewoods.com\/wp-content\/uploads\/2020\/10\/golden-retriever-smooth-white-oak-flooring-1.jpg\",\"contentUrl\":\"https:\/\/reclaimedantiquewoods.com\/wp-content\/uploads\/2020\/10\/golden-retriever-smooth-white-oak-flooring-1.jpg\",\"width\":600,\"height\":600},{\"@type\":\"BreadcrumbList\",\"@id\":\"https:\/\/reclaimedantiquewoods.com\/fr\/produit\/golden-retriever-smooth-white-oak-flooring\/#breadcrumb\",\"itemListElement\":[{\"@type\":\"ListItem\",\"position\":1,\"name\":\"Home\",\"item\":\"https:\/\/reclaimedantiquewoods.com\/fr\/\"},{\"@type\":\"ListItem\",\"position\":2,\"name\":\"Nos produits\",\"item\":\"https:\/\/reclaimedantiquewoods.com\/fr\/boutique\/\"},{\"@type\":\"ListItem\",\"position\":3,\"name\":\"Plancher en ch\u00eane blanc Golden Retriever\"}]},{\"@type\":\"WebSite\",\"@id\":\"https:\/\/reclaimedantiquewoods.com\/fr\/#website\",\"url\":\"https:\/\/reclaimedantiquewoods.com\/fr\/\",\"name\":\"Bois Antique Veser\",\"description\":\"\",\"potentialAction\":[{\"@type\":\"SearchAction\",\"target\":{\"@type\":\"EntryPoint\",\"urlTemplate\":\"https:\/\/reclaimedantiquewoods.com\/fr\/?s={search_term_string}\"},\"query-input\":{\"@type\":\"PropertyValueSpecification\",\"valueRequired\":true,\"valueName\":\"search_term_string\"}}],\"inLanguage\":\"fr-FR\"}]}<\/script>\n<!-- \/ Yoast SEO plugin. -->","yoast_head_json":{"title":"Plancher en ch\u00eane blanc Golden Retriever - Bois Antique Veser","description":"Our Golden Retriever Smooth White Oak flooring is crafted from authentic reclaimed barn boards and beams. A one of a kind, our white oak contains color tone variations ranging from light to medium golden brown. Offering a more classic look, you will nonetheless notice the knots, nail holes and insect traces, as well as its rich grain.","robots":{"index":"index","follow":"follow","max-snippet":"max-snippet:-1","max-image-preview":"max-image-preview:large","max-video-preview":"max-video-preview:-1"},"canonical":"https:\/\/reclaimedantiquewoods.com\/fr\/produit\/golden-retriever-smooth-white-oak-flooring\/","og_locale":"fr_FR","og_type":"article","og_title":"Plancher en ch\u00eane blanc Golden Retriever - Bois Antique Veser","og_description":"Our Golden Retriever Smooth White Oak flooring is crafted from authentic reclaimed barn boards and beams. A one of a kind, our white oak contains color tone variations ranging from light to medium golden brown. Offering a more classic look, you will nonetheless notice the knots, nail holes and insect traces, as well as its rich grain.","og_url":"https:\/\/reclaimedantiquewoods.com\/fr\/produit\/golden-retriever-smooth-white-oak-flooring\/","og_site_name":"Bois Antique Veser","article_modified_time":"2020-12-14T16:18:25+00:00","og_image":[{"width":1200,"height":628,"url":"https:\/\/reclaimedantiquewoods.com\/wp-content\/uploads\/2020\/10\/VESE_Site_web_facebook_golden_flooring.png","type":"image\/png"}],"twitter_card":"summary_large_image","twitter_misc":{"Dur\u00e9e de lecture estim\u00e9e":"1 minute"},"schema":{"@context":"https:\/\/schema.org","@graph":[{"@type":"WebPage","@id":"https:\/\/reclaimedantiquewoods.com\/fr\/produit\/golden-retriever-smooth-white-oak-flooring\/","url":"https:\/\/reclaimedantiquewoods.com\/fr\/produit\/golden-retriever-smooth-white-oak-flooring\/","name":"Plancher en ch\u00eane blanc Golden Retriever - Bois Antique Veser","isPartOf":{"@id":"https:\/\/reclaimedantiquewoods.com\/fr\/#website"},"primaryImageOfPage":{"@id":"https:\/\/reclaimedantiquewoods.com\/fr\/produit\/golden-retriever-smooth-white-oak-flooring\/#primaryimage"},"image":{"@id":"https:\/\/reclaimedantiquewoods.com\/fr\/produit\/golden-retriever-smooth-white-oak-flooring\/#primaryimage"},"thumbnailUrl":"https:\/\/reclaimedantiquewoods.com\/wp-content\/uploads\/2020\/10\/golden-retriever-smooth-white-oak-flooring-1.jpg","datePublished":"2020-10-07T15:11:51+00:00","dateModified":"2020-12-14T16:18:25+00:00","description":"Our Golden Retriever Smooth White Oak flooring is crafted from authentic reclaimed barn boards and beams. A one of a kind, our white oak contains color tone variations ranging from light to medium golden brown. Offering a more classic look, you will nonetheless notice the knots, nail holes and insect traces, as well as its rich grain.","breadcrumb":{"@id":"https:\/\/reclaimedantiquewoods.com\/fr\/produit\/golden-retriever-smooth-white-oak-flooring\/#breadcrumb"},"inLanguage":"fr-FR","potentialAction":[{"@type":"ReadAction","target":["https:\/\/reclaimedantiquewoods.com\/fr\/produit\/golden-retriever-smooth-white-oak-flooring\/"]}]},{"@type":"ImageObject","inLanguage":"fr-FR","@id":"https:\/\/reclaimedantiquewoods.com\/fr\/produit\/golden-retriever-smooth-white-oak-flooring\/#primaryimage","url":"https:\/\/reclaimedantiquewoods.com\/wp-content\/uploads\/2020\/10\/golden-retriever-smooth-white-oak-flooring-1.jpg","contentUrl":"https:\/\/reclaimedantiquewoods.com\/wp-content\/uploads\/2020\/10\/golden-retriever-smooth-white-oak-flooring-1.jpg","width":600,"height":600},{"@type":"BreadcrumbList","@id":"https:\/\/reclaimedantiquewoods.com\/fr\/produit\/golden-retriever-smooth-white-oak-flooring\/#breadcrumb","itemListElement":[{"@type":"ListItem","position":1,"name":"Home","item":"https:\/\/reclaimedantiquewoods.com\/fr\/"},{"@type":"ListItem","position":2,"name":"Nos produits","item":"https:\/\/reclaimedantiquewoods.com\/fr\/boutique\/"},{"@type":"ListItem","position":3,"name":"Plancher en ch\u00eane blanc Golden Retriever"}]},{"@type":"WebSite","@id":"https:\/\/reclaimedantiquewoods.com\/fr\/#website","url":"https:\/\/reclaimedantiquewoods.com\/fr\/","name":"Bois Antique Veser","description":"","potentialAction":[{"@type":"SearchAction","target":{"@type":"EntryPoint","urlTemplate":"https:\/\/reclaimedantiquewoods.com\/fr\/?s={search_term_string}"},"query-input":{"@type":"PropertyValueSpecification","valueRequired":true,"valueName":"search_term_string"}}],"inLanguage":"fr-FR"}]}},"_links":{"self":[{"href":"https:\/\/reclaimedantiquewoods.com\/fr\/wp-json\/wp\/v2\/product\/14218","targetHints":{"allow":["GET"]}}],"collection":[{"href":"https:\/\/reclaimedantiquewoods.com\/fr\/wp-json\/wp\/v2\/product"}],"about":[{"href":"https:\/\/reclaimedantiquewoods.com\/fr\/wp-json\/wp\/v2\/types\/product"}],"replies":[{"embeddable":true,"href":"https:\/\/reclaimedantiquewoods.com\/fr\/wp-json\/wp\/v2\/comments?post=14218"}],"wp:featuredmedia":[{"embeddable":true,"href":"https:\/\/reclaimedantiquewoods.com\/fr\/wp-json\/wp\/v2\/media\/13944"}],"wp:attachment":[{"href":"https:\/\/reclaimedantiquewoods.com\/fr\/wp-json\/wp\/v2\/media?parent=14218"}],"wp:term":[{"taxonomy":"product_brand","embeddable":true,"href":"https:\/\/reclaimedantiquewoods.com\/fr\/wp-json\/wp\/v2\/product_brand?post=14218"},{"taxonomy":"product_cat","embeddable":true,"href":"https:\/\/reclaimedantiquewoods.com\/fr\/wp-json\/wp\/v2\/product_cat?post=14218"},{"taxonomy":"product_tag","embeddable":true,"href":"https:\/\/reclaimedantiquewoods.com\/fr\/wp-json\/wp\/v2\/product_tag?post=14218"}],"curies":[{"name":"wp","href":"https:\/\/api.w.org\/{rel}","templated":true}]}}