{"id":14219,"date":"2020-10-07T15:09:42","date_gmt":"2020-10-07T15:09:42","guid":{"rendered":"https:\/\/reclaimedantiquewoods.com\/product\/expresso-original-oak-flooring\/"},"modified":"2020-12-14T16:18:22","modified_gmt":"2020-12-14T16:18:22","slug":"expresso-original-oak-flooring","status":"publish","type":"product","link":"https:\/\/reclaimedantiquewoods.com\/fr\/produit\/expresso-original-oak-flooring\/","title":{"rendered":"Plancher en ch\u00eane Expresso"},"content":{"rendered":"<p>Notre plancher de ch\u00eane Expresso est cr\u00e9\u00e9 \u00e0 partir des meilleurs bois d&rsquo;\u0153uvre authentiques et r\u00e9cup\u00e9r\u00e9s de diverses structures anciennes en Am\u00e9rique du Nord. Produit phare offrant un cachet et une solidit\u00e9 remarquables, notre plancher en ch\u00eane est compos\u00e9 de planches centenaires vieillies gr\u00e2ce aux intemp\u00e9ries naturelles sur une dur\u00e9e de plus de 100 ans. Il s&rsquo;agit d&rsquo;un plancher en bois ancien r\u00e9cup\u00e9r\u00e9 tr\u00e8s recherch\u00e9, pouvant \u00eatre utilis\u00e9 dans les couloirs tr\u00e8s fr\u00e9quent\u00e9s et o\u00f9 des animaux de compagnie s\u00e9journent.<\/p>\n<ul>\n<li>Consultez notre section \u00ab\u00a0Magasinez en ligne\u00a0\u00bb pour conna\u00eetre tous les d\u00e9tails de la livraison gratuite!<\/li>\n<li>Pour l&rsquo;exp\u00e9dition internationale, veuillez nous appeler! Nous exp\u00e9dions partout dans le monde.<\/li>\n<\/ul>\n","protected":false},"excerpt":{"rendered":"<p>Notre plancher en ch\u00eane Expresso est fabriqu\u00e9 \u00e0 partir d&rsquo;authentiques planches de grange r\u00e9cup\u00e9r\u00e9es. Ce bois rustique contient des marques de caract\u00e8re distinctives telles que des traces de scie circulaire, des trous de clous et des variations de tons de couleurs allant d&rsquo;une patine brun moyen \u00e0 brun fonc\u00e9. \u00c9tant l&rsquo;un de nos produits les plus recherch\u00e9s, vous trouverez dans notre plancher en ch\u00eane un bois r\u00e9cup\u00e9r\u00e9 durable avec un motif de grain unique et un look tout \u00e0 fait sp\u00e9cial. Ce plancher en bois de grange massif vous offrira une beaut\u00e9 et une \u00e9l\u00e9gance ind\u00e9modables.<\/p>\n<p><b style=\"color: #13763c;\"><strong>Toutes nos commandes sont faites sur mesure. Veuillez nous appeler pour discuter des options et voir notre onglet \u00ab\u00a0sp\u00e9cifications\u00a0\u00bb ci-dessous pour les options standard<\/strong>.<\/b><\/p>\n","protected":false},"featured_media":13948,"comment_status":"open","ping_status":"closed","template":"","meta":[],"product_brand":[],"product_cat":[197],"product_tag":[321,322,309,317,329,319,318,326,323,328,324],"class_list":{"0":"post-14219","1":"product","2":"type-product","3":"status-publish","4":"has-post-thumbnail","6":"product_cat-planchers","7":"product_tag-bois-franc","8":"product_tag-convient-aux-animaux","9":"product_tag-planche-de-grange","10":"product_tag-plancher-antique","11":"product_tag-plancher-bois-ingenierie","12":"product_tag-plancher-de-bois-franc","13":"product_tag-plancher-en-bois-antique","14":"product_tag-plancher-en-bois-recupere","15":"product_tag-plancher-en-bois-recycle","16":"product_tag-plancher-ingenierie","17":"product_tag-rustique","19":"first","20":"instock","21":"taxable","22":"shipping-taxable","23":"product-type-simple"},"yoast_head":"<!-- This site is optimized with the Yoast SEO plugin v26.2 - https:\/\/yoast.com\/wordpress\/plugins\/seo\/ -->\n<title>Plancher en ch\u00eane Expresso - Bois Antique Veser<\/title>\n<meta name=\"description\" content=\"Our Expresso Original Oak flooring is crafted from authentic reclaimed barn boards. This rustic wood contains distinguishing character marks such as circular saw traces, nail holes and color tone variations that range from a medium to dark brown aged patina.\" \/>\n<meta name=\"robots\" content=\"index, follow, max-snippet:-1, max-image-preview:large, max-video-preview:-1\" \/>\n<link rel=\"canonical\" href=\"https:\/\/reclaimedantiquewoods.com\/fr\/produit\/expresso-original-oak-flooring\/\" \/>\n<meta property=\"og:locale\" content=\"fr_FR\" \/>\n<meta property=\"og:type\" content=\"article\" \/>\n<meta property=\"og:title\" content=\"Plancher en ch\u00eane Expresso - Bois Antique Veser\" \/>\n<meta property=\"og:description\" content=\"Our Expresso Original Oak flooring is crafted from authentic reclaimed barn boards. This rustic wood contains distinguishing character marks such as circular saw traces, nail holes and color tone variations that range from a medium to dark brown aged patina.\" \/>\n<meta property=\"og:url\" content=\"https:\/\/reclaimedantiquewoods.com\/fr\/produit\/expresso-original-oak-flooring\/\" \/>\n<meta property=\"og:site_name\" content=\"Bois Antique Veser\" \/>\n<meta property=\"article:modified_time\" content=\"2020-12-14T16:18:22+00:00\" \/>\n<meta property=\"og:image\" content=\"https:\/\/reclaimedantiquewoods.com\/wp-content\/uploads\/2020\/10\/VESE_Site_web_facebook_expresso.png\" \/>\n\t<meta property=\"og:image:width\" content=\"1200\" \/>\n\t<meta property=\"og:image:height\" content=\"628\" \/>\n\t<meta property=\"og:image:type\" content=\"image\/png\" \/>\n<meta name=\"twitter:card\" content=\"summary_large_image\" \/>\n<meta name=\"twitter:label1\" content=\"Dur\u00e9e de lecture estim\u00e9e\" \/>\n\t<meta name=\"twitter:data1\" content=\"1 minute\" \/>\n<script type=\"application\/ld+json\" class=\"yoast-schema-graph\">{\"@context\":\"https:\/\/schema.org\",\"@graph\":[{\"@type\":\"WebPage\",\"@id\":\"https:\/\/reclaimedantiquewoods.com\/fr\/produit\/expresso-original-oak-flooring\/\",\"url\":\"https:\/\/reclaimedantiquewoods.com\/fr\/produit\/expresso-original-oak-flooring\/\",\"name\":\"Plancher en ch\u00eane Expresso - Bois Antique Veser\",\"isPartOf\":{\"@id\":\"https:\/\/reclaimedantiquewoods.com\/fr\/#website\"},\"primaryImageOfPage\":{\"@id\":\"https:\/\/reclaimedantiquewoods.com\/fr\/produit\/expresso-original-oak-flooring\/#primaryimage\"},\"image\":{\"@id\":\"https:\/\/reclaimedantiquewoods.com\/fr\/produit\/expresso-original-oak-flooring\/#primaryimage\"},\"thumbnailUrl\":\"https:\/\/reclaimedantiquewoods.com\/wp-content\/uploads\/2020\/10\/expresso-original-flooring-1.jpg\",\"datePublished\":\"2020-10-07T15:09:42+00:00\",\"dateModified\":\"2020-12-14T16:18:22+00:00\",\"description\":\"Our Expresso Original Oak flooring is crafted from authentic reclaimed barn boards. This rustic wood contains distinguishing character marks such as circular saw traces, nail holes and color tone variations that range from a medium to dark brown aged patina.\",\"breadcrumb\":{\"@id\":\"https:\/\/reclaimedantiquewoods.com\/fr\/produit\/expresso-original-oak-flooring\/#breadcrumb\"},\"inLanguage\":\"fr-FR\",\"potentialAction\":[{\"@type\":\"ReadAction\",\"target\":[\"https:\/\/reclaimedantiquewoods.com\/fr\/produit\/expresso-original-oak-flooring\/\"]}]},{\"@type\":\"ImageObject\",\"inLanguage\":\"fr-FR\",\"@id\":\"https:\/\/reclaimedantiquewoods.com\/fr\/produit\/expresso-original-oak-flooring\/#primaryimage\",\"url\":\"https:\/\/reclaimedantiquewoods.com\/wp-content\/uploads\/2020\/10\/expresso-original-flooring-1.jpg\",\"contentUrl\":\"https:\/\/reclaimedantiquewoods.com\/wp-content\/uploads\/2020\/10\/expresso-original-flooring-1.jpg\",\"width\":600,\"height\":600},{\"@type\":\"BreadcrumbList\",\"@id\":\"https:\/\/reclaimedantiquewoods.com\/fr\/produit\/expresso-original-oak-flooring\/#breadcrumb\",\"itemListElement\":[{\"@type\":\"ListItem\",\"position\":1,\"name\":\"Home\",\"item\":\"https:\/\/reclaimedantiquewoods.com\/fr\/\"},{\"@type\":\"ListItem\",\"position\":2,\"name\":\"Nos produits\",\"item\":\"https:\/\/reclaimedantiquewoods.com\/fr\/boutique\/\"},{\"@type\":\"ListItem\",\"position\":3,\"name\":\"Plancher en ch\u00eane Expresso\"}]},{\"@type\":\"WebSite\",\"@id\":\"https:\/\/reclaimedantiquewoods.com\/fr\/#website\",\"url\":\"https:\/\/reclaimedantiquewoods.com\/fr\/\",\"name\":\"Bois Antique Veser\",\"description\":\"\",\"potentialAction\":[{\"@type\":\"SearchAction\",\"target\":{\"@type\":\"EntryPoint\",\"urlTemplate\":\"https:\/\/reclaimedantiquewoods.com\/fr\/?s={search_term_string}\"},\"query-input\":{\"@type\":\"PropertyValueSpecification\",\"valueRequired\":true,\"valueName\":\"search_term_string\"}}],\"inLanguage\":\"fr-FR\"}]}<\/script>\n<!-- \/ Yoast SEO plugin. -->","yoast_head_json":{"title":"Plancher en ch\u00eane Expresso - Bois Antique Veser","description":"Our Expresso Original Oak flooring is crafted from authentic reclaimed barn boards. This rustic wood contains distinguishing character marks such as circular saw traces, nail holes and color tone variations that range from a medium to dark brown aged patina.","robots":{"index":"index","follow":"follow","max-snippet":"max-snippet:-1","max-image-preview":"max-image-preview:large","max-video-preview":"max-video-preview:-1"},"canonical":"https:\/\/reclaimedantiquewoods.com\/fr\/produit\/expresso-original-oak-flooring\/","og_locale":"fr_FR","og_type":"article","og_title":"Plancher en ch\u00eane Expresso - Bois Antique Veser","og_description":"Our Expresso Original Oak flooring is crafted from authentic reclaimed barn boards. This rustic wood contains distinguishing character marks such as circular saw traces, nail holes and color tone variations that range from a medium to dark brown aged patina.","og_url":"https:\/\/reclaimedantiquewoods.com\/fr\/produit\/expresso-original-oak-flooring\/","og_site_name":"Bois Antique Veser","article_modified_time":"2020-12-14T16:18:22+00:00","og_image":[{"width":1200,"height":628,"url":"https:\/\/reclaimedantiquewoods.com\/wp-content\/uploads\/2020\/10\/VESE_Site_web_facebook_expresso.png","type":"image\/png"}],"twitter_card":"summary_large_image","twitter_misc":{"Dur\u00e9e de lecture estim\u00e9e":"1 minute"},"schema":{"@context":"https:\/\/schema.org","@graph":[{"@type":"WebPage","@id":"https:\/\/reclaimedantiquewoods.com\/fr\/produit\/expresso-original-oak-flooring\/","url":"https:\/\/reclaimedantiquewoods.com\/fr\/produit\/expresso-original-oak-flooring\/","name":"Plancher en ch\u00eane Expresso - Bois Antique Veser","isPartOf":{"@id":"https:\/\/reclaimedantiquewoods.com\/fr\/#website"},"primaryImageOfPage":{"@id":"https:\/\/reclaimedantiquewoods.com\/fr\/produit\/expresso-original-oak-flooring\/#primaryimage"},"image":{"@id":"https:\/\/reclaimedantiquewoods.com\/fr\/produit\/expresso-original-oak-flooring\/#primaryimage"},"thumbnailUrl":"https:\/\/reclaimedantiquewoods.com\/wp-content\/uploads\/2020\/10\/expresso-original-flooring-1.jpg","datePublished":"2020-10-07T15:09:42+00:00","dateModified":"2020-12-14T16:18:22+00:00","description":"Our Expresso Original Oak flooring is crafted from authentic reclaimed barn boards. This rustic wood contains distinguishing character marks such as circular saw traces, nail holes and color tone variations that range from a medium to dark brown aged patina.","breadcrumb":{"@id":"https:\/\/reclaimedantiquewoods.com\/fr\/produit\/expresso-original-oak-flooring\/#breadcrumb"},"inLanguage":"fr-FR","potentialAction":[{"@type":"ReadAction","target":["https:\/\/reclaimedantiquewoods.com\/fr\/produit\/expresso-original-oak-flooring\/"]}]},{"@type":"ImageObject","inLanguage":"fr-FR","@id":"https:\/\/reclaimedantiquewoods.com\/fr\/produit\/expresso-original-oak-flooring\/#primaryimage","url":"https:\/\/reclaimedantiquewoods.com\/wp-content\/uploads\/2020\/10\/expresso-original-flooring-1.jpg","contentUrl":"https:\/\/reclaimedantiquewoods.com\/wp-content\/uploads\/2020\/10\/expresso-original-flooring-1.jpg","width":600,"height":600},{"@type":"BreadcrumbList","@id":"https:\/\/reclaimedantiquewoods.com\/fr\/produit\/expresso-original-oak-flooring\/#breadcrumb","itemListElement":[{"@type":"ListItem","position":1,"name":"Home","item":"https:\/\/reclaimedantiquewoods.com\/fr\/"},{"@type":"ListItem","position":2,"name":"Nos produits","item":"https:\/\/reclaimedantiquewoods.com\/fr\/boutique\/"},{"@type":"ListItem","position":3,"name":"Plancher en ch\u00eane Expresso"}]},{"@type":"WebSite","@id":"https:\/\/reclaimedantiquewoods.com\/fr\/#website","url":"https:\/\/reclaimedantiquewoods.com\/fr\/","name":"Bois Antique Veser","description":"","potentialAction":[{"@type":"SearchAction","target":{"@type":"EntryPoint","urlTemplate":"https:\/\/reclaimedantiquewoods.com\/fr\/?s={search_term_string}"},"query-input":{"@type":"PropertyValueSpecification","valueRequired":true,"valueName":"search_term_string"}}],"inLanguage":"fr-FR"}]}},"_links":{"self":[{"href":"https:\/\/reclaimedantiquewoods.com\/fr\/wp-json\/wp\/v2\/product\/14219","targetHints":{"allow":["GET"]}}],"collection":[{"href":"https:\/\/reclaimedantiquewoods.com\/fr\/wp-json\/wp\/v2\/product"}],"about":[{"href":"https:\/\/reclaimedantiquewoods.com\/fr\/wp-json\/wp\/v2\/types\/product"}],"replies":[{"embeddable":true,"href":"https:\/\/reclaimedantiquewoods.com\/fr\/wp-json\/wp\/v2\/comments?post=14219"}],"wp:featuredmedia":[{"embeddable":true,"href":"https:\/\/reclaimedantiquewoods.com\/fr\/wp-json\/wp\/v2\/media\/13948"}],"wp:attachment":[{"href":"https:\/\/reclaimedantiquewoods.com\/fr\/wp-json\/wp\/v2\/media?parent=14219"}],"wp:term":[{"taxonomy":"product_brand","embeddable":true,"href":"https:\/\/reclaimedantiquewoods.com\/fr\/wp-json\/wp\/v2\/product_brand?post=14219"},{"taxonomy":"product_cat","embeddable":true,"href":"https:\/\/reclaimedantiquewoods.com\/fr\/wp-json\/wp\/v2\/product_cat?post=14219"},{"taxonomy":"product_tag","embeddable":true,"href":"https:\/\/reclaimedantiquewoods.com\/fr\/wp-json\/wp\/v2\/product_tag?post=14219"}],"curies":[{"name":"wp","href":"https:\/\/api.w.org\/{rel}","templated":true}]}}