{"id":14220,"date":"2020-10-07T15:09:10","date_gmt":"2020-10-07T15:09:10","guid":{"rendered":"https:\/\/reclaimedantiquewoods.com\/product\/delano-elm-flooring\/"},"modified":"2020-12-14T16:18:19","modified_gmt":"2020-12-14T16:18:19","slug":"delano-elm-flooring","status":"publish","type":"product","link":"https:\/\/reclaimedantiquewoods.com\/fr\/produit\/delano-elm-flooring\/","title":{"rendered":"Plancher en orme Delano"},"content":{"rendered":"<p>Notre plancher en orme Delano est cr\u00e9\u00e9 en utilisant le meilleur bois d&rsquo;\u0153uvre authentique r\u00e9cup\u00e9r\u00e9 de diverses structures anciennes \u00e0 travers l&rsquo;Am\u00e9rique du Nord. De nos jours, le vrai bois d&rsquo;orme r\u00e9cup\u00e9r\u00e9 ne peut \u00eatre obtenu qu&rsquo;\u00e0 partir de vieilles granges et de structures rustiques. En apportant un peu d&rsquo;histoire \u00e0 votre vision, il s&rsquo;agit d&rsquo;une esp\u00e8ce de bois rare et unique pour toute utilisation. Le r\u00e9sultat est un plancher vintage superbe et v\u00e9ritablement authentique, que seules des planches de grange anciennes peuvent fournir.<\/p>\n<ul>\n<li>Consultez notre section \u00ab\u00a0Magasinez en ligne\u00a0\u00bb pour conna\u00eetre tous les d\u00e9tails de la livraison gratuite!<\/li>\n<li>Pour l&rsquo;exp\u00e9dition internationale, veuillez nous appeler! Nous exp\u00e9dions partout dans le monde.<\/li>\n<\/ul>\n","protected":false},"excerpt":{"rendered":"<p>Notre plancher en orme Delano est fabriqu\u00e9 \u00e0 partir d&rsquo;authentiques planches de grange r\u00e9cup\u00e9r\u00e9es. Ce bois rustique offre un aspect et une allure \u00e0 la fois moderne et vintage, mettant en valeur les trous de clous originaux et les traces d&rsquo;insectes, les marques de caract\u00e8re uniques et les variations de tons de couleurs. Comme l&rsquo;orme est une essence de bois rare avec un grain distinctif, ce plancher de bois massif r\u00e9cup\u00e9r\u00e9 vous offrira une beaut\u00e9 et une \u00e9l\u00e9gance durables. C&rsquo;est un produit tr\u00e8s unique et luxueux qui ajoute de la valeur et du prestige \u00e0 tout projet design.<\/p>\n<p><b style=\"color: #13763c;\"><strong>Toutes nos commandes sont faites sur mesure. Veuillez nous appeler pour discuter des options et voir notre onglet \u00ab\u00a0sp\u00e9cifications\u00a0\u00bb ci-dessous pour les options standard.<\/strong><\/b><\/p>\n","protected":false},"featured_media":13952,"comment_status":"open","ping_status":"closed","template":"","meta":[],"product_brand":[],"product_cat":[197],"product_tag":[321,320,322,309,317,329,319,318,326,323,328,324],"class_list":{"0":"post-14220","1":"product","2":"type-product","3":"status-publish","4":"has-post-thumbnail","6":"product_cat-planchers","7":"product_tag-bois-franc","8":"product_tag-contemporain","9":"product_tag-convient-aux-animaux","10":"product_tag-planche-de-grange","11":"product_tag-plancher-antique","12":"product_tag-plancher-bois-ingenierie","13":"product_tag-plancher-de-bois-franc","14":"product_tag-plancher-en-bois-antique","15":"product_tag-plancher-en-bois-recupere","16":"product_tag-plancher-en-bois-recycle","17":"product_tag-plancher-ingenierie","18":"product_tag-rustique","20":"first","21":"instock","22":"taxable","23":"shipping-taxable","24":"product-type-simple"},"yoast_head":"<!-- This site is optimized with the Yoast SEO plugin v26.2 - https:\/\/yoast.com\/wordpress\/plugins\/seo\/ -->\n<title>Plancher en orme Delano - Bois Antique Veser<\/title>\n<meta name=\"description\" content=\"Our Delano Elm flooring is crafted from authentic reclaimed barn boards. This rustic wood offers a modern yet vintage look and allure, showcasing the original nail holes and insect traces, unique character marks and color tone variations. As Elm is a rare species of wood with a distinctive grain, this reclaimed hardwood flooring will offer you timeless beauty and elegance.\" \/>\n<meta name=\"robots\" content=\"index, follow, max-snippet:-1, max-image-preview:large, max-video-preview:-1\" \/>\n<link rel=\"canonical\" href=\"https:\/\/reclaimedantiquewoods.com\/fr\/produit\/delano-elm-flooring\/\" \/>\n<meta property=\"og:locale\" content=\"fr_FR\" \/>\n<meta property=\"og:type\" content=\"article\" \/>\n<meta property=\"og:title\" content=\"Plancher en orme Delano - Bois Antique Veser\" \/>\n<meta property=\"og:description\" content=\"Our Delano Elm flooring is crafted from authentic reclaimed barn boards. This rustic wood offers a modern yet vintage look and allure, showcasing the original nail holes and insect traces, unique character marks and color tone variations. As Elm is a rare species of wood with a distinctive grain, this reclaimed hardwood flooring will offer you timeless beauty and elegance.\" \/>\n<meta property=\"og:url\" content=\"https:\/\/reclaimedantiquewoods.com\/fr\/produit\/delano-elm-flooring\/\" \/>\n<meta property=\"og:site_name\" content=\"Bois Antique Veser\" \/>\n<meta property=\"article:modified_time\" content=\"2020-12-14T16:18:19+00:00\" \/>\n<meta property=\"og:image\" content=\"https:\/\/reclaimedantiquewoods.com\/wp-content\/uploads\/2020\/10\/VESE_Site_web_facebook_delano.png\" \/>\n\t<meta property=\"og:image:width\" content=\"1200\" \/>\n\t<meta property=\"og:image:height\" content=\"628\" \/>\n\t<meta property=\"og:image:type\" content=\"image\/png\" \/>\n<meta name=\"twitter:card\" content=\"summary_large_image\" \/>\n<meta name=\"twitter:label1\" content=\"Dur\u00e9e de lecture estim\u00e9e\" \/>\n\t<meta name=\"twitter:data1\" content=\"1 minute\" \/>\n<script type=\"application\/ld+json\" class=\"yoast-schema-graph\">{\"@context\":\"https:\/\/schema.org\",\"@graph\":[{\"@type\":\"WebPage\",\"@id\":\"https:\/\/reclaimedantiquewoods.com\/fr\/produit\/delano-elm-flooring\/\",\"url\":\"https:\/\/reclaimedantiquewoods.com\/fr\/produit\/delano-elm-flooring\/\",\"name\":\"Plancher en orme Delano - Bois Antique Veser\",\"isPartOf\":{\"@id\":\"https:\/\/reclaimedantiquewoods.com\/fr\/#website\"},\"primaryImageOfPage\":{\"@id\":\"https:\/\/reclaimedantiquewoods.com\/fr\/produit\/delano-elm-flooring\/#primaryimage\"},\"image\":{\"@id\":\"https:\/\/reclaimedantiquewoods.com\/fr\/produit\/delano-elm-flooring\/#primaryimage\"},\"thumbnailUrl\":\"https:\/\/reclaimedantiquewoods.com\/wp-content\/uploads\/2020\/10\/delano-elm-flooring-1.jpg\",\"datePublished\":\"2020-10-07T15:09:10+00:00\",\"dateModified\":\"2020-12-14T16:18:19+00:00\",\"description\":\"Our Delano Elm flooring is crafted from authentic reclaimed barn boards. This rustic wood offers a modern yet vintage look and allure, showcasing the original nail holes and insect traces, unique character marks and color tone variations. As Elm is a rare species of wood with a distinctive grain, this reclaimed hardwood flooring will offer you timeless beauty and elegance.\",\"breadcrumb\":{\"@id\":\"https:\/\/reclaimedantiquewoods.com\/fr\/produit\/delano-elm-flooring\/#breadcrumb\"},\"inLanguage\":\"fr-FR\",\"potentialAction\":[{\"@type\":\"ReadAction\",\"target\":[\"https:\/\/reclaimedantiquewoods.com\/fr\/produit\/delano-elm-flooring\/\"]}]},{\"@type\":\"ImageObject\",\"inLanguage\":\"fr-FR\",\"@id\":\"https:\/\/reclaimedantiquewoods.com\/fr\/produit\/delano-elm-flooring\/#primaryimage\",\"url\":\"https:\/\/reclaimedantiquewoods.com\/wp-content\/uploads\/2020\/10\/delano-elm-flooring-1.jpg\",\"contentUrl\":\"https:\/\/reclaimedantiquewoods.com\/wp-content\/uploads\/2020\/10\/delano-elm-flooring-1.jpg\",\"width\":600,\"height\":600},{\"@type\":\"BreadcrumbList\",\"@id\":\"https:\/\/reclaimedantiquewoods.com\/fr\/produit\/delano-elm-flooring\/#breadcrumb\",\"itemListElement\":[{\"@type\":\"ListItem\",\"position\":1,\"name\":\"Home\",\"item\":\"https:\/\/reclaimedantiquewoods.com\/fr\/\"},{\"@type\":\"ListItem\",\"position\":2,\"name\":\"Nos produits\",\"item\":\"https:\/\/reclaimedantiquewoods.com\/fr\/boutique\/\"},{\"@type\":\"ListItem\",\"position\":3,\"name\":\"Plancher en orme Delano\"}]},{\"@type\":\"WebSite\",\"@id\":\"https:\/\/reclaimedantiquewoods.com\/fr\/#website\",\"url\":\"https:\/\/reclaimedantiquewoods.com\/fr\/\",\"name\":\"Bois Antique Veser\",\"description\":\"\",\"potentialAction\":[{\"@type\":\"SearchAction\",\"target\":{\"@type\":\"EntryPoint\",\"urlTemplate\":\"https:\/\/reclaimedantiquewoods.com\/fr\/?s={search_term_string}\"},\"query-input\":{\"@type\":\"PropertyValueSpecification\",\"valueRequired\":true,\"valueName\":\"search_term_string\"}}],\"inLanguage\":\"fr-FR\"}]}<\/script>\n<!-- \/ Yoast SEO plugin. -->","yoast_head_json":{"title":"Plancher en orme Delano - Bois Antique Veser","description":"Our Delano Elm flooring is crafted from authentic reclaimed barn boards. This rustic wood offers a modern yet vintage look and allure, showcasing the original nail holes and insect traces, unique character marks and color tone variations. As Elm is a rare species of wood with a distinctive grain, this reclaimed hardwood flooring will offer you timeless beauty and elegance.","robots":{"index":"index","follow":"follow","max-snippet":"max-snippet:-1","max-image-preview":"max-image-preview:large","max-video-preview":"max-video-preview:-1"},"canonical":"https:\/\/reclaimedantiquewoods.com\/fr\/produit\/delano-elm-flooring\/","og_locale":"fr_FR","og_type":"article","og_title":"Plancher en orme Delano - Bois Antique Veser","og_description":"Our Delano Elm flooring is crafted from authentic reclaimed barn boards. This rustic wood offers a modern yet vintage look and allure, showcasing the original nail holes and insect traces, unique character marks and color tone variations. As Elm is a rare species of wood with a distinctive grain, this reclaimed hardwood flooring will offer you timeless beauty and elegance.","og_url":"https:\/\/reclaimedantiquewoods.com\/fr\/produit\/delano-elm-flooring\/","og_site_name":"Bois Antique Veser","article_modified_time":"2020-12-14T16:18:19+00:00","og_image":[{"width":1200,"height":628,"url":"https:\/\/reclaimedantiquewoods.com\/wp-content\/uploads\/2020\/10\/VESE_Site_web_facebook_delano.png","type":"image\/png"}],"twitter_card":"summary_large_image","twitter_misc":{"Dur\u00e9e de lecture estim\u00e9e":"1 minute"},"schema":{"@context":"https:\/\/schema.org","@graph":[{"@type":"WebPage","@id":"https:\/\/reclaimedantiquewoods.com\/fr\/produit\/delano-elm-flooring\/","url":"https:\/\/reclaimedantiquewoods.com\/fr\/produit\/delano-elm-flooring\/","name":"Plancher en orme Delano - Bois Antique Veser","isPartOf":{"@id":"https:\/\/reclaimedantiquewoods.com\/fr\/#website"},"primaryImageOfPage":{"@id":"https:\/\/reclaimedantiquewoods.com\/fr\/produit\/delano-elm-flooring\/#primaryimage"},"image":{"@id":"https:\/\/reclaimedantiquewoods.com\/fr\/produit\/delano-elm-flooring\/#primaryimage"},"thumbnailUrl":"https:\/\/reclaimedantiquewoods.com\/wp-content\/uploads\/2020\/10\/delano-elm-flooring-1.jpg","datePublished":"2020-10-07T15:09:10+00:00","dateModified":"2020-12-14T16:18:19+00:00","description":"Our Delano Elm flooring is crafted from authentic reclaimed barn boards. This rustic wood offers a modern yet vintage look and allure, showcasing the original nail holes and insect traces, unique character marks and color tone variations. As Elm is a rare species of wood with a distinctive grain, this reclaimed hardwood flooring will offer you timeless beauty and elegance.","breadcrumb":{"@id":"https:\/\/reclaimedantiquewoods.com\/fr\/produit\/delano-elm-flooring\/#breadcrumb"},"inLanguage":"fr-FR","potentialAction":[{"@type":"ReadAction","target":["https:\/\/reclaimedantiquewoods.com\/fr\/produit\/delano-elm-flooring\/"]}]},{"@type":"ImageObject","inLanguage":"fr-FR","@id":"https:\/\/reclaimedantiquewoods.com\/fr\/produit\/delano-elm-flooring\/#primaryimage","url":"https:\/\/reclaimedantiquewoods.com\/wp-content\/uploads\/2020\/10\/delano-elm-flooring-1.jpg","contentUrl":"https:\/\/reclaimedantiquewoods.com\/wp-content\/uploads\/2020\/10\/delano-elm-flooring-1.jpg","width":600,"height":600},{"@type":"BreadcrumbList","@id":"https:\/\/reclaimedantiquewoods.com\/fr\/produit\/delano-elm-flooring\/#breadcrumb","itemListElement":[{"@type":"ListItem","position":1,"name":"Home","item":"https:\/\/reclaimedantiquewoods.com\/fr\/"},{"@type":"ListItem","position":2,"name":"Nos produits","item":"https:\/\/reclaimedantiquewoods.com\/fr\/boutique\/"},{"@type":"ListItem","position":3,"name":"Plancher en orme Delano"}]},{"@type":"WebSite","@id":"https:\/\/reclaimedantiquewoods.com\/fr\/#website","url":"https:\/\/reclaimedantiquewoods.com\/fr\/","name":"Bois Antique Veser","description":"","potentialAction":[{"@type":"SearchAction","target":{"@type":"EntryPoint","urlTemplate":"https:\/\/reclaimedantiquewoods.com\/fr\/?s={search_term_string}"},"query-input":{"@type":"PropertyValueSpecification","valueRequired":true,"valueName":"search_term_string"}}],"inLanguage":"fr-FR"}]}},"_links":{"self":[{"href":"https:\/\/reclaimedantiquewoods.com\/fr\/wp-json\/wp\/v2\/product\/14220","targetHints":{"allow":["GET"]}}],"collection":[{"href":"https:\/\/reclaimedantiquewoods.com\/fr\/wp-json\/wp\/v2\/product"}],"about":[{"href":"https:\/\/reclaimedantiquewoods.com\/fr\/wp-json\/wp\/v2\/types\/product"}],"replies":[{"embeddable":true,"href":"https:\/\/reclaimedantiquewoods.com\/fr\/wp-json\/wp\/v2\/comments?post=14220"}],"wp:featuredmedia":[{"embeddable":true,"href":"https:\/\/reclaimedantiquewoods.com\/fr\/wp-json\/wp\/v2\/media\/13952"}],"wp:attachment":[{"href":"https:\/\/reclaimedantiquewoods.com\/fr\/wp-json\/wp\/v2\/media?parent=14220"}],"wp:term":[{"taxonomy":"product_brand","embeddable":true,"href":"https:\/\/reclaimedantiquewoods.com\/fr\/wp-json\/wp\/v2\/product_brand?post=14220"},{"taxonomy":"product_cat","embeddable":true,"href":"https:\/\/reclaimedantiquewoods.com\/fr\/wp-json\/wp\/v2\/product_cat?post=14220"},{"taxonomy":"product_tag","embeddable":true,"href":"https:\/\/reclaimedantiquewoods.com\/fr\/wp-json\/wp\/v2\/product_tag?post=14220"}],"curies":[{"name":"wp","href":"https:\/\/api.w.org\/{rel}","templated":true}]}}