{"id":14221,"date":"2020-10-07T15:03:54","date_gmt":"2020-10-07T15:03:54","guid":{"rendered":"https:\/\/reclaimedantiquewoods.com\/product\/chic-chestnut-flooring\/"},"modified":"2020-12-14T16:18:17","modified_gmt":"2020-12-14T16:18:17","slug":"chic-chestnut-flooring","status":"publish","type":"product","link":"https:\/\/reclaimedantiquewoods.com\/fr\/produit\/chic-chestnut-flooring\/","title":{"rendered":"Plancher en Ch\u00e2taignier Chic"},"content":{"rendered":"<p>Notre plancher en Ch\u00e2taignier Chic est cr\u00e9\u00e9 \u00e0 partir des meilleurs bois d&rsquo;\u0153uvre authentiques et r\u00e9cup\u00e9r\u00e9s de diverses structures anciennes en Am\u00e9rique du Nord. Ce plancher en bois recycl\u00e9 est le r\u00e9sultat de plus de 100 ans de vieillissement naturel. En choisissant notre plancher en ch\u00e2taignier r\u00e9cup\u00e9r\u00e9 pour votre maison ou votre projet design, vous ajouterez de la beaut\u00e9 \u00e0 votre quotidien. Le caract\u00e8re fascinant de ce bois r\u00e9sistera \u00e0 l&rsquo;\u00e9preuve du temps.<\/p>\n<ul>\n<li>Consultez notre section \u00ab\u00a0Magasinez en ligne\u00a0\u00bb pour conna\u00eetre tous les d\u00e9tails de la livraison gratuite!<\/li>\n<li>Pour l&rsquo;exp\u00e9dition internationale, veuillez nous appeler! Nous exp\u00e9dions partout dans le monde.<\/li>\n<\/ul>\n","protected":false},"excerpt":{"rendered":"<p>Notre plancher en Ch\u00e2taignier Chic est fabriqu\u00e9 \u00e0 partir d&rsquo;authentiques planches de grange r\u00e9cup\u00e9r\u00e9es. Ce bois de r\u00e9cup\u00e9ration souvent appel\u00e9 ch\u00e2taignier \u00ab\u00a0de vers\u00a0\u00bb a disparu et n&rsquo;est plus disponible sous forme d\u2019arbre aujourd\u2019hui. Il contient des marques de caract\u00e8re distinctives telles que des trous de clous, des n\u0153uds et ses c\u00e9l\u00e8bres traces d&rsquo;insectes, avec des variations de teintes allant d&rsquo;un brun dor\u00e9 clair \u00e0 une patine brun fonc\u00e9. C&rsquo;est un bois rare et riche qui offre un charme et une beaut\u00e9 exquise.<\/p>\n<p><b style=\"color: #13763c;\"><strong>Toutes nos commandes sont faites sur mesure. Veuillez nous appeler pour discuter des options et voir notre onglet \u00ab\u00a0sp\u00e9cifications\u00a0\u00bb ci-dessous pour les options standard.<\/strong><\/b><\/p>\n","protected":false},"featured_media":13956,"comment_status":"open","ping_status":"closed","template":"","meta":[],"product_brand":[],"product_cat":[197],"product_tag":[321,320,322,309,317,329,319,318,326,323,328],"class_list":{"0":"post-14221","1":"product","2":"type-product","3":"status-publish","4":"has-post-thumbnail","6":"product_cat-planchers","7":"product_tag-bois-franc","8":"product_tag-contemporain","9":"product_tag-convient-aux-animaux","10":"product_tag-planche-de-grange","11":"product_tag-plancher-antique","12":"product_tag-plancher-bois-ingenierie","13":"product_tag-plancher-de-bois-franc","14":"product_tag-plancher-en-bois-antique","15":"product_tag-plancher-en-bois-recupere","16":"product_tag-plancher-en-bois-recycle","17":"product_tag-plancher-ingenierie","19":"first","20":"instock","21":"taxable","22":"shipping-taxable","23":"product-type-simple"},"yoast_head":"<!-- This site is optimized with the Yoast SEO plugin v26.2 - https:\/\/yoast.com\/wordpress\/plugins\/seo\/ -->\n<title>Plancher en Ch\u00e2taignier Chic - Bois Antique Veser<\/title>\n<meta name=\"description\" content=\"Our Chic Chestnut flooring is crafted from authentic reclaimed barn boards. This reclaimed wood often called \u201cwormy\u201d chestnut is extinct and is no longer available as a fresh sawn wood. It contains distinguishing character marks such as nail holes, knots and its famous insect traces, with color tone variations that range from a light golden brown to a dark brown aged patina.\" \/>\n<meta name=\"robots\" content=\"index, follow, max-snippet:-1, max-image-preview:large, max-video-preview:-1\" \/>\n<link rel=\"canonical\" href=\"https:\/\/reclaimedantiquewoods.com\/fr\/produit\/chic-chestnut-flooring\/\" \/>\n<meta property=\"og:locale\" content=\"fr_FR\" \/>\n<meta property=\"og:type\" content=\"article\" \/>\n<meta property=\"og:title\" content=\"Plancher en Ch\u00e2taignier Chic - Bois Antique Veser\" \/>\n<meta property=\"og:description\" content=\"Our Chic Chestnut flooring is crafted from authentic reclaimed barn boards. This reclaimed wood often called \u201cwormy\u201d chestnut is extinct and is no longer available as a fresh sawn wood. It contains distinguishing character marks such as nail holes, knots and its famous insect traces, with color tone variations that range from a light golden brown to a dark brown aged patina.\" \/>\n<meta property=\"og:url\" content=\"https:\/\/reclaimedantiquewoods.com\/fr\/produit\/chic-chestnut-flooring\/\" \/>\n<meta property=\"og:site_name\" content=\"Bois Antique Veser\" \/>\n<meta property=\"article:modified_time\" content=\"2020-12-14T16:18:17+00:00\" \/>\n<meta property=\"og:image\" content=\"https:\/\/reclaimedantiquewoods.com\/wp-content\/uploads\/2020\/10\/VESE_Site_web_facebook_chic_chestnut.png\" \/>\n\t<meta property=\"og:image:width\" content=\"1200\" \/>\n\t<meta property=\"og:image:height\" content=\"628\" \/>\n\t<meta property=\"og:image:type\" content=\"image\/png\" \/>\n<meta name=\"twitter:card\" content=\"summary_large_image\" \/>\n<meta name=\"twitter:label1\" content=\"Dur\u00e9e de lecture estim\u00e9e\" \/>\n\t<meta name=\"twitter:data1\" content=\"1 minute\" \/>\n<script type=\"application\/ld+json\" class=\"yoast-schema-graph\">{\"@context\":\"https:\/\/schema.org\",\"@graph\":[{\"@type\":\"WebPage\",\"@id\":\"https:\/\/reclaimedantiquewoods.com\/fr\/produit\/chic-chestnut-flooring\/\",\"url\":\"https:\/\/reclaimedantiquewoods.com\/fr\/produit\/chic-chestnut-flooring\/\",\"name\":\"Plancher en Ch\u00e2taignier Chic - Bois Antique Veser\",\"isPartOf\":{\"@id\":\"https:\/\/reclaimedantiquewoods.com\/fr\/#website\"},\"primaryImageOfPage\":{\"@id\":\"https:\/\/reclaimedantiquewoods.com\/fr\/produit\/chic-chestnut-flooring\/#primaryimage\"},\"image\":{\"@id\":\"https:\/\/reclaimedantiquewoods.com\/fr\/produit\/chic-chestnut-flooring\/#primaryimage\"},\"thumbnailUrl\":\"https:\/\/reclaimedantiquewoods.com\/wp-content\/uploads\/2020\/10\/chic-chestnut-flooring-1.jpg\",\"datePublished\":\"2020-10-07T15:03:54+00:00\",\"dateModified\":\"2020-12-14T16:18:17+00:00\",\"description\":\"Our Chic Chestnut flooring is crafted from authentic reclaimed barn boards. This reclaimed wood often called \u201cwormy\u201d chestnut is extinct and is no longer available as a fresh sawn wood. It contains distinguishing character marks such as nail holes, knots and its famous insect traces, with color tone variations that range from a light golden brown to a dark brown aged patina.\",\"breadcrumb\":{\"@id\":\"https:\/\/reclaimedantiquewoods.com\/fr\/produit\/chic-chestnut-flooring\/#breadcrumb\"},\"inLanguage\":\"fr-FR\",\"potentialAction\":[{\"@type\":\"ReadAction\",\"target\":[\"https:\/\/reclaimedantiquewoods.com\/fr\/produit\/chic-chestnut-flooring\/\"]}]},{\"@type\":\"ImageObject\",\"inLanguage\":\"fr-FR\",\"@id\":\"https:\/\/reclaimedantiquewoods.com\/fr\/produit\/chic-chestnut-flooring\/#primaryimage\",\"url\":\"https:\/\/reclaimedantiquewoods.com\/wp-content\/uploads\/2020\/10\/chic-chestnut-flooring-1.jpg\",\"contentUrl\":\"https:\/\/reclaimedantiquewoods.com\/wp-content\/uploads\/2020\/10\/chic-chestnut-flooring-1.jpg\",\"width\":600,\"height\":600},{\"@type\":\"BreadcrumbList\",\"@id\":\"https:\/\/reclaimedantiquewoods.com\/fr\/produit\/chic-chestnut-flooring\/#breadcrumb\",\"itemListElement\":[{\"@type\":\"ListItem\",\"position\":1,\"name\":\"Home\",\"item\":\"https:\/\/reclaimedantiquewoods.com\/fr\/\"},{\"@type\":\"ListItem\",\"position\":2,\"name\":\"Nos produits\",\"item\":\"https:\/\/reclaimedantiquewoods.com\/fr\/boutique\/\"},{\"@type\":\"ListItem\",\"position\":3,\"name\":\"Plancher en Ch\u00e2taignier Chic\"}]},{\"@type\":\"WebSite\",\"@id\":\"https:\/\/reclaimedantiquewoods.com\/fr\/#website\",\"url\":\"https:\/\/reclaimedantiquewoods.com\/fr\/\",\"name\":\"Bois Antique Veser\",\"description\":\"\",\"potentialAction\":[{\"@type\":\"SearchAction\",\"target\":{\"@type\":\"EntryPoint\",\"urlTemplate\":\"https:\/\/reclaimedantiquewoods.com\/fr\/?s={search_term_string}\"},\"query-input\":{\"@type\":\"PropertyValueSpecification\",\"valueRequired\":true,\"valueName\":\"search_term_string\"}}],\"inLanguage\":\"fr-FR\"}]}<\/script>\n<!-- \/ Yoast SEO plugin. -->","yoast_head_json":{"title":"Plancher en Ch\u00e2taignier Chic - Bois Antique Veser","description":"Our Chic Chestnut flooring is crafted from authentic reclaimed barn boards. This reclaimed wood often called \u201cwormy\u201d chestnut is extinct and is no longer available as a fresh sawn wood. It contains distinguishing character marks such as nail holes, knots and its famous insect traces, with color tone variations that range from a light golden brown to a dark brown aged patina.","robots":{"index":"index","follow":"follow","max-snippet":"max-snippet:-1","max-image-preview":"max-image-preview:large","max-video-preview":"max-video-preview:-1"},"canonical":"https:\/\/reclaimedantiquewoods.com\/fr\/produit\/chic-chestnut-flooring\/","og_locale":"fr_FR","og_type":"article","og_title":"Plancher en Ch\u00e2taignier Chic - Bois Antique Veser","og_description":"Our Chic Chestnut flooring is crafted from authentic reclaimed barn boards. This reclaimed wood often called \u201cwormy\u201d chestnut is extinct and is no longer available as a fresh sawn wood. It contains distinguishing character marks such as nail holes, knots and its famous insect traces, with color tone variations that range from a light golden brown to a dark brown aged patina.","og_url":"https:\/\/reclaimedantiquewoods.com\/fr\/produit\/chic-chestnut-flooring\/","og_site_name":"Bois Antique Veser","article_modified_time":"2020-12-14T16:18:17+00:00","og_image":[{"width":1200,"height":628,"url":"https:\/\/reclaimedantiquewoods.com\/wp-content\/uploads\/2020\/10\/VESE_Site_web_facebook_chic_chestnut.png","type":"image\/png"}],"twitter_card":"summary_large_image","twitter_misc":{"Dur\u00e9e de lecture estim\u00e9e":"1 minute"},"schema":{"@context":"https:\/\/schema.org","@graph":[{"@type":"WebPage","@id":"https:\/\/reclaimedantiquewoods.com\/fr\/produit\/chic-chestnut-flooring\/","url":"https:\/\/reclaimedantiquewoods.com\/fr\/produit\/chic-chestnut-flooring\/","name":"Plancher en Ch\u00e2taignier Chic - Bois Antique Veser","isPartOf":{"@id":"https:\/\/reclaimedantiquewoods.com\/fr\/#website"},"primaryImageOfPage":{"@id":"https:\/\/reclaimedantiquewoods.com\/fr\/produit\/chic-chestnut-flooring\/#primaryimage"},"image":{"@id":"https:\/\/reclaimedantiquewoods.com\/fr\/produit\/chic-chestnut-flooring\/#primaryimage"},"thumbnailUrl":"https:\/\/reclaimedantiquewoods.com\/wp-content\/uploads\/2020\/10\/chic-chestnut-flooring-1.jpg","datePublished":"2020-10-07T15:03:54+00:00","dateModified":"2020-12-14T16:18:17+00:00","description":"Our Chic Chestnut flooring is crafted from authentic reclaimed barn boards. This reclaimed wood often called \u201cwormy\u201d chestnut is extinct and is no longer available as a fresh sawn wood. It contains distinguishing character marks such as nail holes, knots and its famous insect traces, with color tone variations that range from a light golden brown to a dark brown aged patina.","breadcrumb":{"@id":"https:\/\/reclaimedantiquewoods.com\/fr\/produit\/chic-chestnut-flooring\/#breadcrumb"},"inLanguage":"fr-FR","potentialAction":[{"@type":"ReadAction","target":["https:\/\/reclaimedantiquewoods.com\/fr\/produit\/chic-chestnut-flooring\/"]}]},{"@type":"ImageObject","inLanguage":"fr-FR","@id":"https:\/\/reclaimedantiquewoods.com\/fr\/produit\/chic-chestnut-flooring\/#primaryimage","url":"https:\/\/reclaimedantiquewoods.com\/wp-content\/uploads\/2020\/10\/chic-chestnut-flooring-1.jpg","contentUrl":"https:\/\/reclaimedantiquewoods.com\/wp-content\/uploads\/2020\/10\/chic-chestnut-flooring-1.jpg","width":600,"height":600},{"@type":"BreadcrumbList","@id":"https:\/\/reclaimedantiquewoods.com\/fr\/produit\/chic-chestnut-flooring\/#breadcrumb","itemListElement":[{"@type":"ListItem","position":1,"name":"Home","item":"https:\/\/reclaimedantiquewoods.com\/fr\/"},{"@type":"ListItem","position":2,"name":"Nos produits","item":"https:\/\/reclaimedantiquewoods.com\/fr\/boutique\/"},{"@type":"ListItem","position":3,"name":"Plancher en Ch\u00e2taignier Chic"}]},{"@type":"WebSite","@id":"https:\/\/reclaimedantiquewoods.com\/fr\/#website","url":"https:\/\/reclaimedantiquewoods.com\/fr\/","name":"Bois Antique Veser","description":"","potentialAction":[{"@type":"SearchAction","target":{"@type":"EntryPoint","urlTemplate":"https:\/\/reclaimedantiquewoods.com\/fr\/?s={search_term_string}"},"query-input":{"@type":"PropertyValueSpecification","valueRequired":true,"valueName":"search_term_string"}}],"inLanguage":"fr-FR"}]}},"_links":{"self":[{"href":"https:\/\/reclaimedantiquewoods.com\/fr\/wp-json\/wp\/v2\/product\/14221","targetHints":{"allow":["GET"]}}],"collection":[{"href":"https:\/\/reclaimedantiquewoods.com\/fr\/wp-json\/wp\/v2\/product"}],"about":[{"href":"https:\/\/reclaimedantiquewoods.com\/fr\/wp-json\/wp\/v2\/types\/product"}],"replies":[{"embeddable":true,"href":"https:\/\/reclaimedantiquewoods.com\/fr\/wp-json\/wp\/v2\/comments?post=14221"}],"wp:featuredmedia":[{"embeddable":true,"href":"https:\/\/reclaimedantiquewoods.com\/fr\/wp-json\/wp\/v2\/media\/13956"}],"wp:attachment":[{"href":"https:\/\/reclaimedantiquewoods.com\/fr\/wp-json\/wp\/v2\/media?parent=14221"}],"wp:term":[{"taxonomy":"product_brand","embeddable":true,"href":"https:\/\/reclaimedantiquewoods.com\/fr\/wp-json\/wp\/v2\/product_brand?post=14221"},{"taxonomy":"product_cat","embeddable":true,"href":"https:\/\/reclaimedantiquewoods.com\/fr\/wp-json\/wp\/v2\/product_cat?post=14221"},{"taxonomy":"product_tag","embeddable":true,"href":"https:\/\/reclaimedantiquewoods.com\/fr\/wp-json\/wp\/v2\/product_tag?post=14221"}],"curies":[{"name":"wp","href":"https:\/\/api.w.org\/{rel}","templated":true}]}}