{"id":14222,"date":"2020-10-07T14:51:01","date_gmt":"2020-10-07T14:51:01","guid":{"rendered":"https:\/\/reclaimedantiquewoods.com\/product\/bellagio-original-hemlock-flooring\/"},"modified":"2020-12-14T16:18:13","modified_gmt":"2020-12-14T16:18:13","slug":"bellagio-original-hemlock-flooring","status":"publish","type":"product","link":"https:\/\/reclaimedantiquewoods.com\/fr\/produit\/bellagio-original-hemlock-flooring\/","title":{"rendered":"Plancher en pruche Bellagio"},"content":{"rendered":"<p>Notre plancher en pruche Bellagio est cr\u00e9\u00e9 en utilisant le meilleur bois d&rsquo;\u0153uvre authentique vieilli par les intemp\u00e9ries et r\u00e9cup\u00e9r\u00e9 de diverses structures anciennes \u00e0 travers l&rsquo;Am\u00e9rique du Nord. Au fil du temps, la pruche vous procure un plancher durable, pr\u00e9sentant un \u00e9l\u00e9ment d&rsquo;histoire exclusif que seules les planches de grange v\u00e9ritables peuvent vous fournir.<\/p>\n<ul>\n<li>Consultez notre section \u00ab\u00a0Magasinez en ligne\u00a0\u00bb pour conna\u00eetre tous les d\u00e9tails de la livraison gratuite!<\/li>\n<li>Pour l&rsquo;exp\u00e9dition internationale, veuillez nous appeler! Nous exp\u00e9dions partout dans le monde.<\/li>\n<\/ul>\n","protected":false},"excerpt":{"rendered":"<p>Notre plancher en pruche Bellagio est fabriqu\u00e9 \u00e0 partir d&rsquo;authentiques planches de grange recycl\u00e9es. Ce bois rustique contient des marques de caract\u00e8re distinctives telles que des trous de clous, des traces de scie circulaire et des variations de tons de couleurs qui vont d&rsquo;un miel dor\u00e9 clair \u00e0 une patine brun fonc\u00e9. Que ce soit pour votre chalet ou pour un projet commercial, la pruche vous offrira prestige et \u00e9l\u00e9gance, durabilit\u00e9 et chaleur. Nos planches r\u00e9cup\u00e9r\u00e9es remontent aux ann\u00e9es 1800, vous offrant un historique riche et des planchers antiques sans pareil.<\/p>\n<p><b style=\"color: #13763c;\"><strong>Toutes nos commandes sont faites sur mesure. Veuillez nous appeler pour discuter des options et voir notre onglet \u00ab\u00a0sp\u00e9cifications\u00a0\u00bb ci-dessous pour les options standard.<\/strong><\/b><\/p>\n","protected":false},"featured_media":13960,"comment_status":"open","ping_status":"closed","template":"","meta":[],"product_brand":[],"product_cat":[197],"product_tag":[325,320,309,317,329,319,318,326,323,328,324],"class_list":{"0":"post-14222","1":"product","2":"type-product","3":"status-publish","4":"has-post-thumbnail","6":"product_cat-planchers","7":"product_tag-bois-mou","8":"product_tag-contemporain","9":"product_tag-planche-de-grange","10":"product_tag-plancher-antique","11":"product_tag-plancher-bois-ingenierie","12":"product_tag-plancher-de-bois-franc","13":"product_tag-plancher-en-bois-antique","14":"product_tag-plancher-en-bois-recupere","15":"product_tag-plancher-en-bois-recycle","16":"product_tag-plancher-ingenierie","17":"product_tag-rustique","19":"first","20":"instock","21":"taxable","22":"shipping-taxable","23":"product-type-simple"},"yoast_head":"<!-- This site is optimized with the Yoast SEO plugin v26.2 - https:\/\/yoast.com\/wordpress\/plugins\/seo\/ -->\n<title>Plancher en pruche Bellagio - Bois Antique Veser<\/title>\n<meta name=\"robots\" content=\"index, follow, max-snippet:-1, max-image-preview:large, max-video-preview:-1\" \/>\n<link rel=\"canonical\" href=\"https:\/\/reclaimedantiquewoods.com\/fr\/produit\/bellagio-original-hemlock-flooring\/\" \/>\n<meta property=\"og:locale\" content=\"fr_FR\" \/>\n<meta property=\"og:type\" content=\"article\" \/>\n<meta property=\"og:title\" content=\"Plancher en pruche Bellagio - Bois Antique Veser\" \/>\n<meta property=\"og:description\" content=\"Notre plancher en pruche Bellagio est fabriqu\u00e9 \u00e0 partir d&#039;authentiques planches de grange recycl\u00e9es. Ce bois rustique contient des marques de caract\u00e8re distinctives telles que des trous de clous, des traces de scie circulaire et des variations de tons de couleurs qui vont d&#039;un miel dor\u00e9 clair \u00e0 une patine brun fonc\u00e9. Que ce soit pour votre chalet ou pour un projet commercial, la pruche vous offrira prestige et \u00e9l\u00e9gance, durabilit\u00e9 et chaleur. Nos planches r\u00e9cup\u00e9r\u00e9es remontent aux ann\u00e9es 1800, vous offrant un historique riche et des planchers antiques sans pareil.  Toutes nos commandes sont faites sur mesure. Veuillez nous appeler pour discuter des options et voir notre onglet &quot;sp\u00e9cifications&quot; ci-dessous pour les options standard.\" \/>\n<meta property=\"og:url\" content=\"https:\/\/reclaimedantiquewoods.com\/fr\/produit\/bellagio-original-hemlock-flooring\/\" \/>\n<meta property=\"og:site_name\" content=\"Bois Antique Veser\" \/>\n<meta property=\"article:modified_time\" content=\"2020-12-14T16:18:13+00:00\" \/>\n<meta property=\"og:image\" content=\"https:\/\/reclaimedantiquewoods.com\/wp-content\/uploads\/2020\/10\/bellagio-original-hemlock-flooring-1.jpg\" \/>\n\t<meta property=\"og:image:width\" content=\"600\" \/>\n\t<meta property=\"og:image:height\" content=\"600\" \/>\n\t<meta property=\"og:image:type\" content=\"image\/jpeg\" \/>\n<meta name=\"twitter:card\" content=\"summary_large_image\" \/>\n<script type=\"application\/ld+json\" class=\"yoast-schema-graph\">{\"@context\":\"https:\/\/schema.org\",\"@graph\":[{\"@type\":\"WebPage\",\"@id\":\"https:\/\/reclaimedantiquewoods.com\/fr\/produit\/bellagio-original-hemlock-flooring\/\",\"url\":\"https:\/\/reclaimedantiquewoods.com\/fr\/produit\/bellagio-original-hemlock-flooring\/\",\"name\":\"Plancher en pruche Bellagio - Bois Antique Veser\",\"isPartOf\":{\"@id\":\"https:\/\/reclaimedantiquewoods.com\/fr\/#website\"},\"primaryImageOfPage\":{\"@id\":\"https:\/\/reclaimedantiquewoods.com\/fr\/produit\/bellagio-original-hemlock-flooring\/#primaryimage\"},\"image\":{\"@id\":\"https:\/\/reclaimedantiquewoods.com\/fr\/produit\/bellagio-original-hemlock-flooring\/#primaryimage\"},\"thumbnailUrl\":\"https:\/\/reclaimedantiquewoods.com\/wp-content\/uploads\/2020\/10\/bellagio-original-hemlock-flooring-1.jpg\",\"datePublished\":\"2020-10-07T14:51:01+00:00\",\"dateModified\":\"2020-12-14T16:18:13+00:00\",\"breadcrumb\":{\"@id\":\"https:\/\/reclaimedantiquewoods.com\/fr\/produit\/bellagio-original-hemlock-flooring\/#breadcrumb\"},\"inLanguage\":\"fr-FR\",\"potentialAction\":[{\"@type\":\"ReadAction\",\"target\":[\"https:\/\/reclaimedantiquewoods.com\/fr\/produit\/bellagio-original-hemlock-flooring\/\"]}]},{\"@type\":\"ImageObject\",\"inLanguage\":\"fr-FR\",\"@id\":\"https:\/\/reclaimedantiquewoods.com\/fr\/produit\/bellagio-original-hemlock-flooring\/#primaryimage\",\"url\":\"https:\/\/reclaimedantiquewoods.com\/wp-content\/uploads\/2020\/10\/bellagio-original-hemlock-flooring-1.jpg\",\"contentUrl\":\"https:\/\/reclaimedantiquewoods.com\/wp-content\/uploads\/2020\/10\/bellagio-original-hemlock-flooring-1.jpg\",\"width\":600,\"height\":600},{\"@type\":\"BreadcrumbList\",\"@id\":\"https:\/\/reclaimedantiquewoods.com\/fr\/produit\/bellagio-original-hemlock-flooring\/#breadcrumb\",\"itemListElement\":[{\"@type\":\"ListItem\",\"position\":1,\"name\":\"Home\",\"item\":\"https:\/\/reclaimedantiquewoods.com\/fr\/\"},{\"@type\":\"ListItem\",\"position\":2,\"name\":\"Nos produits\",\"item\":\"https:\/\/reclaimedantiquewoods.com\/fr\/boutique\/\"},{\"@type\":\"ListItem\",\"position\":3,\"name\":\"Plancher en pruche Bellagio\"}]},{\"@type\":\"WebSite\",\"@id\":\"https:\/\/reclaimedantiquewoods.com\/fr\/#website\",\"url\":\"https:\/\/reclaimedantiquewoods.com\/fr\/\",\"name\":\"Bois Antique Veser\",\"description\":\"\",\"potentialAction\":[{\"@type\":\"SearchAction\",\"target\":{\"@type\":\"EntryPoint\",\"urlTemplate\":\"https:\/\/reclaimedantiquewoods.com\/fr\/?s={search_term_string}\"},\"query-input\":{\"@type\":\"PropertyValueSpecification\",\"valueRequired\":true,\"valueName\":\"search_term_string\"}}],\"inLanguage\":\"fr-FR\"}]}<\/script>\n<!-- \/ Yoast SEO plugin. -->","yoast_head_json":{"title":"Plancher en pruche Bellagio - Bois Antique Veser","robots":{"index":"index","follow":"follow","max-snippet":"max-snippet:-1","max-image-preview":"max-image-preview:large","max-video-preview":"max-video-preview:-1"},"canonical":"https:\/\/reclaimedantiquewoods.com\/fr\/produit\/bellagio-original-hemlock-flooring\/","og_locale":"fr_FR","og_type":"article","og_title":"Plancher en pruche Bellagio - Bois Antique Veser","og_description":"Notre plancher en pruche Bellagio est fabriqu\u00e9 \u00e0 partir d'authentiques planches de grange recycl\u00e9es. Ce bois rustique contient des marques de caract\u00e8re distinctives telles que des trous de clous, des traces de scie circulaire et des variations de tons de couleurs qui vont d'un miel dor\u00e9 clair \u00e0 une patine brun fonc\u00e9. Que ce soit pour votre chalet ou pour un projet commercial, la pruche vous offrira prestige et \u00e9l\u00e9gance, durabilit\u00e9 et chaleur. Nos planches r\u00e9cup\u00e9r\u00e9es remontent aux ann\u00e9es 1800, vous offrant un historique riche et des planchers antiques sans pareil.  Toutes nos commandes sont faites sur mesure. Veuillez nous appeler pour discuter des options et voir notre onglet \"sp\u00e9cifications\" ci-dessous pour les options standard.","og_url":"https:\/\/reclaimedantiquewoods.com\/fr\/produit\/bellagio-original-hemlock-flooring\/","og_site_name":"Bois Antique Veser","article_modified_time":"2020-12-14T16:18:13+00:00","og_image":[{"width":600,"height":600,"url":"https:\/\/reclaimedantiquewoods.com\/wp-content\/uploads\/2020\/10\/bellagio-original-hemlock-flooring-1.jpg","type":"image\/jpeg"}],"twitter_card":"summary_large_image","schema":{"@context":"https:\/\/schema.org","@graph":[{"@type":"WebPage","@id":"https:\/\/reclaimedantiquewoods.com\/fr\/produit\/bellagio-original-hemlock-flooring\/","url":"https:\/\/reclaimedantiquewoods.com\/fr\/produit\/bellagio-original-hemlock-flooring\/","name":"Plancher en pruche Bellagio - Bois Antique Veser","isPartOf":{"@id":"https:\/\/reclaimedantiquewoods.com\/fr\/#website"},"primaryImageOfPage":{"@id":"https:\/\/reclaimedantiquewoods.com\/fr\/produit\/bellagio-original-hemlock-flooring\/#primaryimage"},"image":{"@id":"https:\/\/reclaimedantiquewoods.com\/fr\/produit\/bellagio-original-hemlock-flooring\/#primaryimage"},"thumbnailUrl":"https:\/\/reclaimedantiquewoods.com\/wp-content\/uploads\/2020\/10\/bellagio-original-hemlock-flooring-1.jpg","datePublished":"2020-10-07T14:51:01+00:00","dateModified":"2020-12-14T16:18:13+00:00","breadcrumb":{"@id":"https:\/\/reclaimedantiquewoods.com\/fr\/produit\/bellagio-original-hemlock-flooring\/#breadcrumb"},"inLanguage":"fr-FR","potentialAction":[{"@type":"ReadAction","target":["https:\/\/reclaimedantiquewoods.com\/fr\/produit\/bellagio-original-hemlock-flooring\/"]}]},{"@type":"ImageObject","inLanguage":"fr-FR","@id":"https:\/\/reclaimedantiquewoods.com\/fr\/produit\/bellagio-original-hemlock-flooring\/#primaryimage","url":"https:\/\/reclaimedantiquewoods.com\/wp-content\/uploads\/2020\/10\/bellagio-original-hemlock-flooring-1.jpg","contentUrl":"https:\/\/reclaimedantiquewoods.com\/wp-content\/uploads\/2020\/10\/bellagio-original-hemlock-flooring-1.jpg","width":600,"height":600},{"@type":"BreadcrumbList","@id":"https:\/\/reclaimedantiquewoods.com\/fr\/produit\/bellagio-original-hemlock-flooring\/#breadcrumb","itemListElement":[{"@type":"ListItem","position":1,"name":"Home","item":"https:\/\/reclaimedantiquewoods.com\/fr\/"},{"@type":"ListItem","position":2,"name":"Nos produits","item":"https:\/\/reclaimedantiquewoods.com\/fr\/boutique\/"},{"@type":"ListItem","position":3,"name":"Plancher en pruche Bellagio"}]},{"@type":"WebSite","@id":"https:\/\/reclaimedantiquewoods.com\/fr\/#website","url":"https:\/\/reclaimedantiquewoods.com\/fr\/","name":"Bois Antique Veser","description":"","potentialAction":[{"@type":"SearchAction","target":{"@type":"EntryPoint","urlTemplate":"https:\/\/reclaimedantiquewoods.com\/fr\/?s={search_term_string}"},"query-input":{"@type":"PropertyValueSpecification","valueRequired":true,"valueName":"search_term_string"}}],"inLanguage":"fr-FR"}]}},"_links":{"self":[{"href":"https:\/\/reclaimedantiquewoods.com\/fr\/wp-json\/wp\/v2\/product\/14222","targetHints":{"allow":["GET"]}}],"collection":[{"href":"https:\/\/reclaimedantiquewoods.com\/fr\/wp-json\/wp\/v2\/product"}],"about":[{"href":"https:\/\/reclaimedantiquewoods.com\/fr\/wp-json\/wp\/v2\/types\/product"}],"replies":[{"embeddable":true,"href":"https:\/\/reclaimedantiquewoods.com\/fr\/wp-json\/wp\/v2\/comments?post=14222"}],"wp:featuredmedia":[{"embeddable":true,"href":"https:\/\/reclaimedantiquewoods.com\/fr\/wp-json\/wp\/v2\/media\/13960"}],"wp:attachment":[{"href":"https:\/\/reclaimedantiquewoods.com\/fr\/wp-json\/wp\/v2\/media?parent=14222"}],"wp:term":[{"taxonomy":"product_brand","embeddable":true,"href":"https:\/\/reclaimedantiquewoods.com\/fr\/wp-json\/wp\/v2\/product_brand?post=14222"},{"taxonomy":"product_cat","embeddable":true,"href":"https:\/\/reclaimedantiquewoods.com\/fr\/wp-json\/wp\/v2\/product_cat?post=14222"},{"taxonomy":"product_tag","embeddable":true,"href":"https:\/\/reclaimedantiquewoods.com\/fr\/wp-json\/wp\/v2\/product_tag?post=14222"}],"curies":[{"name":"wp","href":"https:\/\/api.w.org\/{rel}","templated":true}]}}