{"id":14227,"date":"2020-10-05T15:29:46","date_gmt":"2020-10-05T15:29:46","guid":{"rendered":"https:\/\/reclaimedantiquewoods.com\/product\/rodeo-brown-paneling\/"},"modified":"2020-12-14T16:25:29","modified_gmt":"2020-12-14T16:25:29","slug":"rodeo-brown-paneling","status":"publish","type":"product","link":"https:\/\/reclaimedantiquewoods.com\/fr\/produit\/rodeo-brown-paneling\/","title":{"rendered":"Panneau mural Rod\u00e9o"},"content":{"rendered":"<p>Nos panneaux muraux Rod\u00e9o sont utilis\u00e9s comme boiserie int\u00e9rieure pour les murs et les plafonds. Ce type de bois r\u00e9cup\u00e9r\u00e9 provient de fermes de champignons, o\u00f9 les champignons ont lentement et au fil du temps enlev\u00e9 les fibres de bois originales trouv\u00e9es sur le bois, le laissant tr\u00e8s textur\u00e9. Alliant le pass\u00e9 et le pr\u00e9sent, ce bois de grange utilis\u00e9 comme \u00e9l\u00e9ment mural dans votre projet r\u00e9sidentiel ou commercial ne manquera pas d&rsquo;attirer l&rsquo;attention.<\/p>\n<ul>\n<li>Consultez notre section \u00ab\u00a0Magasinez en ligne\u00a0\u00bb pour conna\u00eetre tous les d\u00e9tails de la livraison gratuite!<\/li>\n<li>Pour l&rsquo;exp\u00e9dition internationale, veuillez nous appeler! Nous exp\u00e9dions partout dans le monde.<\/li>\n<\/ul>\n","protected":false},"excerpt":{"rendered":"<p>Nos panneaux muraux en bois Rod\u00e9o sont r\u00e9cup\u00e9r\u00e9s principalement dans des fermes de champignons commerciales. Ce bois vous offre de grands n\u0153uds bien visibles, des crevasses profondes et des variations de tons de couleurs allant d&rsquo;une patine vieillie brun moyen \u00e0 brun fonc\u00e9. Ce produit est tr\u00e8s populaire pour son haut niveau de caract\u00e8re, qui lui conf\u00e8re un toucher et une apparence de panneau mural en bois v\u00e9ritablement rustique.<\/p>\n<p><b style=\"color: #13763c;\"><strong>Toutes nos commandes sont faites sur mesure. Veuillez nous appeler pour discuter des options et voir notre onglet \u00ab\u00a0sp\u00e9cifications\u00a0\u00bb ci-dessous pour les options standard.<\/strong><\/b><\/p>\n","protected":false},"featured_media":13910,"comment_status":"open","ping_status":"closed","template":"","meta":[],"product_brand":[],"product_cat":[196],"product_tag":[315,312,313,308,310,314,309,316],"class_list":{"0":"post-14227","1":"product","2":"type-product","3":"status-publish","4":"has-post-thumbnail","6":"product_cat-panneaux-muraux-et-lambris","7":"product_tag-bois-rustique","8":"product_tag-exterieur","9":"product_tag-interieur","10":"product_tag-mur-daccent-en-bois","11":"product_tag-mur-design-en-bois-de-grange","12":"product_tag-mur-en-bois-recycle","13":"product_tag-planche-de-grange","14":"product_tag-revetement-mural-lambris-de-bois-panneau-mural","16":"first","17":"instock","18":"taxable","19":"shipping-taxable","20":"product-type-simple"},"yoast_head":"<!-- This site is optimized with the Yoast SEO plugin v26.2 - https:\/\/yoast.com\/wordpress\/plugins\/seo\/ -->\n<title>Panneau mural Rod\u00e9o - Bois Antique Veser<\/title>\n<meta name=\"robots\" content=\"index, follow, max-snippet:-1, max-image-preview:large, max-video-preview:-1\" \/>\n<link rel=\"canonical\" href=\"https:\/\/reclaimedantiquewoods.com\/fr\/produit\/rodeo-brown-paneling\/\" \/>\n<meta property=\"og:locale\" content=\"fr_FR\" \/>\n<meta property=\"og:type\" content=\"article\" \/>\n<meta property=\"og:title\" content=\"Panneau mural Rod\u00e9o - Bois Antique Veser\" \/>\n<meta property=\"og:description\" content=\"Nos panneaux muraux en bois Rod\u00e9o sont r\u00e9cup\u00e9r\u00e9s principalement dans des fermes de champignons commerciales. Ce bois vous offre de grands n\u0153uds bien visibles, des crevasses profondes et des variations de tons de couleurs allant d&#039;une patine vieillie brun moyen \u00e0 brun fonc\u00e9. Ce produit est tr\u00e8s populaire pour son haut niveau de caract\u00e8re, qui lui conf\u00e8re un toucher et une apparence de panneau mural en bois v\u00e9ritablement rustique.  Toutes nos commandes sont faites sur mesure. Veuillez nous appeler pour discuter des options et voir notre onglet &quot;sp\u00e9cifications&quot; ci-dessous pour les options standard.\" \/>\n<meta property=\"og:url\" content=\"https:\/\/reclaimedantiquewoods.com\/fr\/produit\/rodeo-brown-paneling\/\" \/>\n<meta property=\"og:site_name\" content=\"Bois Antique Veser\" \/>\n<meta property=\"article:modified_time\" content=\"2020-12-14T16:25:29+00:00\" \/>\n<meta property=\"og:image\" content=\"https:\/\/reclaimedantiquewoods.com\/wp-content\/uploads\/2020\/10\/rodeo-brown-paneling-1.jpg\" \/>\n\t<meta property=\"og:image:width\" content=\"600\" \/>\n\t<meta property=\"og:image:height\" content=\"600\" \/>\n\t<meta property=\"og:image:type\" content=\"image\/jpeg\" \/>\n<meta name=\"twitter:card\" content=\"summary_large_image\" \/>\n<meta name=\"twitter:label1\" content=\"Dur\u00e9e de lecture estim\u00e9e\" \/>\n\t<meta name=\"twitter:data1\" content=\"1 minute\" \/>\n<script type=\"application\/ld+json\" class=\"yoast-schema-graph\">{\"@context\":\"https:\/\/schema.org\",\"@graph\":[{\"@type\":\"WebPage\",\"@id\":\"https:\/\/reclaimedantiquewoods.com\/fr\/produit\/rodeo-brown-paneling\/\",\"url\":\"https:\/\/reclaimedantiquewoods.com\/fr\/produit\/rodeo-brown-paneling\/\",\"name\":\"Panneau mural Rod\u00e9o - Bois Antique Veser\",\"isPartOf\":{\"@id\":\"https:\/\/reclaimedantiquewoods.com\/fr\/#website\"},\"primaryImageOfPage\":{\"@id\":\"https:\/\/reclaimedantiquewoods.com\/fr\/produit\/rodeo-brown-paneling\/#primaryimage\"},\"image\":{\"@id\":\"https:\/\/reclaimedantiquewoods.com\/fr\/produit\/rodeo-brown-paneling\/#primaryimage\"},\"thumbnailUrl\":\"https:\/\/reclaimedantiquewoods.com\/wp-content\/uploads\/2020\/10\/rodeo-brown-paneling-1.jpg\",\"datePublished\":\"2020-10-05T15:29:46+00:00\",\"dateModified\":\"2020-12-14T16:25:29+00:00\",\"breadcrumb\":{\"@id\":\"https:\/\/reclaimedantiquewoods.com\/fr\/produit\/rodeo-brown-paneling\/#breadcrumb\"},\"inLanguage\":\"fr-FR\",\"potentialAction\":[{\"@type\":\"ReadAction\",\"target\":[\"https:\/\/reclaimedantiquewoods.com\/fr\/produit\/rodeo-brown-paneling\/\"]}]},{\"@type\":\"ImageObject\",\"inLanguage\":\"fr-FR\",\"@id\":\"https:\/\/reclaimedantiquewoods.com\/fr\/produit\/rodeo-brown-paneling\/#primaryimage\",\"url\":\"https:\/\/reclaimedantiquewoods.com\/wp-content\/uploads\/2020\/10\/rodeo-brown-paneling-1.jpg\",\"contentUrl\":\"https:\/\/reclaimedantiquewoods.com\/wp-content\/uploads\/2020\/10\/rodeo-brown-paneling-1.jpg\",\"width\":600,\"height\":600},{\"@type\":\"BreadcrumbList\",\"@id\":\"https:\/\/reclaimedantiquewoods.com\/fr\/produit\/rodeo-brown-paneling\/#breadcrumb\",\"itemListElement\":[{\"@type\":\"ListItem\",\"position\":1,\"name\":\"Home\",\"item\":\"https:\/\/reclaimedantiquewoods.com\/fr\/\"},{\"@type\":\"ListItem\",\"position\":2,\"name\":\"Nos produits\",\"item\":\"https:\/\/reclaimedantiquewoods.com\/fr\/boutique\/\"},{\"@type\":\"ListItem\",\"position\":3,\"name\":\"Panneau mural Rod\u00e9o\"}]},{\"@type\":\"WebSite\",\"@id\":\"https:\/\/reclaimedantiquewoods.com\/fr\/#website\",\"url\":\"https:\/\/reclaimedantiquewoods.com\/fr\/\",\"name\":\"Bois Antique Veser\",\"description\":\"\",\"potentialAction\":[{\"@type\":\"SearchAction\",\"target\":{\"@type\":\"EntryPoint\",\"urlTemplate\":\"https:\/\/reclaimedantiquewoods.com\/fr\/?s={search_term_string}\"},\"query-input\":{\"@type\":\"PropertyValueSpecification\",\"valueRequired\":true,\"valueName\":\"search_term_string\"}}],\"inLanguage\":\"fr-FR\"}]}<\/script>\n<!-- \/ Yoast SEO plugin. -->","yoast_head_json":{"title":"Panneau mural Rod\u00e9o - Bois Antique Veser","robots":{"index":"index","follow":"follow","max-snippet":"max-snippet:-1","max-image-preview":"max-image-preview:large","max-video-preview":"max-video-preview:-1"},"canonical":"https:\/\/reclaimedantiquewoods.com\/fr\/produit\/rodeo-brown-paneling\/","og_locale":"fr_FR","og_type":"article","og_title":"Panneau mural Rod\u00e9o - Bois Antique Veser","og_description":"Nos panneaux muraux en bois Rod\u00e9o sont r\u00e9cup\u00e9r\u00e9s principalement dans des fermes de champignons commerciales. Ce bois vous offre de grands n\u0153uds bien visibles, des crevasses profondes et des variations de tons de couleurs allant d'une patine vieillie brun moyen \u00e0 brun fonc\u00e9. Ce produit est tr\u00e8s populaire pour son haut niveau de caract\u00e8re, qui lui conf\u00e8re un toucher et une apparence de panneau mural en bois v\u00e9ritablement rustique.  Toutes nos commandes sont faites sur mesure. Veuillez nous appeler pour discuter des options et voir notre onglet \"sp\u00e9cifications\" ci-dessous pour les options standard.","og_url":"https:\/\/reclaimedantiquewoods.com\/fr\/produit\/rodeo-brown-paneling\/","og_site_name":"Bois Antique Veser","article_modified_time":"2020-12-14T16:25:29+00:00","og_image":[{"width":600,"height":600,"url":"https:\/\/reclaimedantiquewoods.com\/wp-content\/uploads\/2020\/10\/rodeo-brown-paneling-1.jpg","type":"image\/jpeg"}],"twitter_card":"summary_large_image","twitter_misc":{"Dur\u00e9e de lecture estim\u00e9e":"1 minute"},"schema":{"@context":"https:\/\/schema.org","@graph":[{"@type":"WebPage","@id":"https:\/\/reclaimedantiquewoods.com\/fr\/produit\/rodeo-brown-paneling\/","url":"https:\/\/reclaimedantiquewoods.com\/fr\/produit\/rodeo-brown-paneling\/","name":"Panneau mural Rod\u00e9o - Bois Antique Veser","isPartOf":{"@id":"https:\/\/reclaimedantiquewoods.com\/fr\/#website"},"primaryImageOfPage":{"@id":"https:\/\/reclaimedantiquewoods.com\/fr\/produit\/rodeo-brown-paneling\/#primaryimage"},"image":{"@id":"https:\/\/reclaimedantiquewoods.com\/fr\/produit\/rodeo-brown-paneling\/#primaryimage"},"thumbnailUrl":"https:\/\/reclaimedantiquewoods.com\/wp-content\/uploads\/2020\/10\/rodeo-brown-paneling-1.jpg","datePublished":"2020-10-05T15:29:46+00:00","dateModified":"2020-12-14T16:25:29+00:00","breadcrumb":{"@id":"https:\/\/reclaimedantiquewoods.com\/fr\/produit\/rodeo-brown-paneling\/#breadcrumb"},"inLanguage":"fr-FR","potentialAction":[{"@type":"ReadAction","target":["https:\/\/reclaimedantiquewoods.com\/fr\/produit\/rodeo-brown-paneling\/"]}]},{"@type":"ImageObject","inLanguage":"fr-FR","@id":"https:\/\/reclaimedantiquewoods.com\/fr\/produit\/rodeo-brown-paneling\/#primaryimage","url":"https:\/\/reclaimedantiquewoods.com\/wp-content\/uploads\/2020\/10\/rodeo-brown-paneling-1.jpg","contentUrl":"https:\/\/reclaimedantiquewoods.com\/wp-content\/uploads\/2020\/10\/rodeo-brown-paneling-1.jpg","width":600,"height":600},{"@type":"BreadcrumbList","@id":"https:\/\/reclaimedantiquewoods.com\/fr\/produit\/rodeo-brown-paneling\/#breadcrumb","itemListElement":[{"@type":"ListItem","position":1,"name":"Home","item":"https:\/\/reclaimedantiquewoods.com\/fr\/"},{"@type":"ListItem","position":2,"name":"Nos produits","item":"https:\/\/reclaimedantiquewoods.com\/fr\/boutique\/"},{"@type":"ListItem","position":3,"name":"Panneau mural Rod\u00e9o"}]},{"@type":"WebSite","@id":"https:\/\/reclaimedantiquewoods.com\/fr\/#website","url":"https:\/\/reclaimedantiquewoods.com\/fr\/","name":"Bois Antique Veser","description":"","potentialAction":[{"@type":"SearchAction","target":{"@type":"EntryPoint","urlTemplate":"https:\/\/reclaimedantiquewoods.com\/fr\/?s={search_term_string}"},"query-input":{"@type":"PropertyValueSpecification","valueRequired":true,"valueName":"search_term_string"}}],"inLanguage":"fr-FR"}]}},"_links":{"self":[{"href":"https:\/\/reclaimedantiquewoods.com\/fr\/wp-json\/wp\/v2\/product\/14227","targetHints":{"allow":["GET"]}}],"collection":[{"href":"https:\/\/reclaimedantiquewoods.com\/fr\/wp-json\/wp\/v2\/product"}],"about":[{"href":"https:\/\/reclaimedantiquewoods.com\/fr\/wp-json\/wp\/v2\/types\/product"}],"replies":[{"embeddable":true,"href":"https:\/\/reclaimedantiquewoods.com\/fr\/wp-json\/wp\/v2\/comments?post=14227"}],"wp:featuredmedia":[{"embeddable":true,"href":"https:\/\/reclaimedantiquewoods.com\/fr\/wp-json\/wp\/v2\/media\/13910"}],"wp:attachment":[{"href":"https:\/\/reclaimedantiquewoods.com\/fr\/wp-json\/wp\/v2\/media?parent=14227"}],"wp:term":[{"taxonomy":"product_brand","embeddable":true,"href":"https:\/\/reclaimedantiquewoods.com\/fr\/wp-json\/wp\/v2\/product_brand?post=14227"},{"taxonomy":"product_cat","embeddable":true,"href":"https:\/\/reclaimedantiquewoods.com\/fr\/wp-json\/wp\/v2\/product_cat?post=14227"},{"taxonomy":"product_tag","embeddable":true,"href":"https:\/\/reclaimedantiquewoods.com\/fr\/wp-json\/wp\/v2\/product_tag?post=14227"}],"curies":[{"name":"wp","href":"https:\/\/api.w.org\/{rel}","templated":true}]}}