{"id":14228,"date":"2020-10-05T15:25:15","date_gmt":"2020-10-05T15:25:15","guid":{"rendered":"https:\/\/reclaimedantiquewoods.com\/product\/duet-dynasty-paneling\/"},"modified":"2020-12-14T16:25:26","modified_gmt":"2020-12-14T16:25:26","slug":"duet-dynasty-paneling","status":"publish","type":"product","link":"https:\/\/reclaimedantiquewoods.com\/fr\/produit\/duet-dynasty-paneling\/","title":{"rendered":"Panneau mural Dynastie"},"content":{"rendered":"<p>Nos lambris et rev\u00eatements de bois recycl\u00e9s Dynastie sont cr\u00e9\u00e9s \u00e0 partir des meilleurs bois d&rsquo;\u0153uvre authentiques et r\u00e9cup\u00e9r\u00e9s de diverses structures anciennes en Am\u00e9rique du Nord. Ce bois r\u00e9cup\u00e9r\u00e9 est utilis\u00e9 comme boiserie int\u00e9rieure pour les murs et les plafonds ainsi que comme rev\u00eatement ext\u00e9rieur. Le m\u00e9lange des planches grises et brunes donnera \u00e0 votre projet une profondeur, une vision et un produit vraiment unique comme nul autre.<\/p>\n<ul>\n<li>Consultez notre section \u00ab\u00a0Magasinez en ligne\u00a0\u00bb pour conna\u00eetre tous les d\u00e9tails de la livraison gratuite!<\/li>\n<li>Pour l&rsquo;exp\u00e9dition internationale, veuillez nous appeler! Nous exp\u00e9dions partout dans le monde.<\/li>\n<\/ul>\n","protected":false},"excerpt":{"rendered":"<p>Nos panneaux muraux en bois Dynastie sont fabriqu\u00e9s \u00e0 partir d&rsquo;authentiques planches de grange r\u00e9cup\u00e9r\u00e9es. Ce bois pr\u00e9sente une texture agr\u00e9ablement patin\u00e9e, des trous de clous et des variations de couleurs qui sont un m\u00e9lange de nos planches de grange grises et brunes. En vous offrant le bois de grange gris \u00ab\u00a0original\u00a0\u00bb tel qu&rsquo;on le trouve dans les granges centenaires, ainsi que la riche texture brune du bois de grange r\u00e9cup\u00e9r\u00e9 \u00e0 l&rsquo;int\u00e9rieur de la grange, ce bois de grange Dynastie est \u00e0 la fois avant-gardiste et le summum du design.<\/p>\n<p><b style=\"color: #13763c;\"><strong>Toutes nos commandes sont faites sur mesure. Veuillez nous appeler pour discuter des options et voir notre onglet \u00ab\u00a0sp\u00e9cifications\u00a0\u00bb ci-dessous pour les options standard.<\/strong><\/b><\/p>\n","protected":false},"featured_media":13906,"comment_status":"open","ping_status":"closed","template":"","meta":[],"product_brand":[],"product_cat":[196],"product_tag":[315,312,313,308,310,314,309,316],"class_list":{"0":"post-14228","1":"product","2":"type-product","3":"status-publish","4":"has-post-thumbnail","6":"product_cat-panneaux-muraux-et-lambris","7":"product_tag-bois-rustique","8":"product_tag-exterieur","9":"product_tag-interieur","10":"product_tag-mur-daccent-en-bois","11":"product_tag-mur-design-en-bois-de-grange","12":"product_tag-mur-en-bois-recycle","13":"product_tag-planche-de-grange","14":"product_tag-revetement-mural-lambris-de-bois-panneau-mural","16":"first","17":"instock","18":"taxable","19":"shipping-taxable","20":"product-type-simple"},"yoast_head":"<!-- This site is optimized with the Yoast SEO plugin v26.2 - https:\/\/yoast.com\/wordpress\/plugins\/seo\/ -->\n<title>Panneau mural Dynastie - Bois Antique Veser<\/title>\n<meta name=\"robots\" content=\"index, follow, max-snippet:-1, max-image-preview:large, max-video-preview:-1\" \/>\n<link rel=\"canonical\" href=\"https:\/\/reclaimedantiquewoods.com\/fr\/produit\/duet-dynasty-paneling\/\" \/>\n<meta property=\"og:locale\" content=\"fr_FR\" \/>\n<meta property=\"og:type\" content=\"article\" \/>\n<meta property=\"og:title\" content=\"Panneau mural Dynastie - Bois Antique Veser\" \/>\n<meta property=\"og:description\" content=\"Nos panneaux muraux en bois Dynastie sont fabriqu\u00e9s \u00e0 partir d&#039;authentiques planches de grange r\u00e9cup\u00e9r\u00e9es. Ce bois pr\u00e9sente une texture agr\u00e9ablement patin\u00e9e, des trous de clous et des variations de couleurs qui sont un m\u00e9lange de nos planches de grange grises et brunes. En vous offrant le bois de grange gris &quot;original&quot; tel qu&#039;on le trouve dans les granges centenaires, ainsi que la riche texture brune du bois de grange r\u00e9cup\u00e9r\u00e9 \u00e0 l&#039;int\u00e9rieur de la grange, ce bois de grange Dynastie est \u00e0 la fois avant-gardiste et le summum du design.  Toutes nos commandes sont faites sur mesure. Veuillez nous appeler pour discuter des options et voir notre onglet &quot;sp\u00e9cifications&quot; ci-dessous pour les options standard.\" \/>\n<meta property=\"og:url\" content=\"https:\/\/reclaimedantiquewoods.com\/fr\/produit\/duet-dynasty-paneling\/\" \/>\n<meta property=\"og:site_name\" content=\"Bois Antique Veser\" \/>\n<meta property=\"article:modified_time\" content=\"2020-12-14T16:25:26+00:00\" \/>\n<meta property=\"og:image\" content=\"https:\/\/reclaimedantiquewoods.com\/wp-content\/uploads\/2020\/10\/duet-dynasty-paneling-1-e1602005551765.jpg\" \/>\n\t<meta property=\"og:image:width\" content=\"600\" \/>\n\t<meta property=\"og:image:height\" content=\"600\" \/>\n\t<meta property=\"og:image:type\" content=\"image\/jpeg\" \/>\n<meta name=\"twitter:card\" content=\"summary_large_image\" \/>\n<meta name=\"twitter:label1\" content=\"Dur\u00e9e de lecture estim\u00e9e\" \/>\n\t<meta name=\"twitter:data1\" content=\"1 minute\" \/>\n<script type=\"application\/ld+json\" class=\"yoast-schema-graph\">{\"@context\":\"https:\/\/schema.org\",\"@graph\":[{\"@type\":\"WebPage\",\"@id\":\"https:\/\/reclaimedantiquewoods.com\/fr\/produit\/duet-dynasty-paneling\/\",\"url\":\"https:\/\/reclaimedantiquewoods.com\/fr\/produit\/duet-dynasty-paneling\/\",\"name\":\"Panneau mural Dynastie - Bois Antique Veser\",\"isPartOf\":{\"@id\":\"https:\/\/reclaimedantiquewoods.com\/fr\/#website\"},\"primaryImageOfPage\":{\"@id\":\"https:\/\/reclaimedantiquewoods.com\/fr\/produit\/duet-dynasty-paneling\/#primaryimage\"},\"image\":{\"@id\":\"https:\/\/reclaimedantiquewoods.com\/fr\/produit\/duet-dynasty-paneling\/#primaryimage\"},\"thumbnailUrl\":\"https:\/\/reclaimedantiquewoods.com\/wp-content\/uploads\/2020\/10\/duet-dynasty-paneling-1-e1602005551765.jpg\",\"datePublished\":\"2020-10-05T15:25:15+00:00\",\"dateModified\":\"2020-12-14T16:25:26+00:00\",\"breadcrumb\":{\"@id\":\"https:\/\/reclaimedantiquewoods.com\/fr\/produit\/duet-dynasty-paneling\/#breadcrumb\"},\"inLanguage\":\"fr-FR\",\"potentialAction\":[{\"@type\":\"ReadAction\",\"target\":[\"https:\/\/reclaimedantiquewoods.com\/fr\/produit\/duet-dynasty-paneling\/\"]}]},{\"@type\":\"ImageObject\",\"inLanguage\":\"fr-FR\",\"@id\":\"https:\/\/reclaimedantiquewoods.com\/fr\/produit\/duet-dynasty-paneling\/#primaryimage\",\"url\":\"https:\/\/reclaimedantiquewoods.com\/wp-content\/uploads\/2020\/10\/duet-dynasty-paneling-1-e1602005551765.jpg\",\"contentUrl\":\"https:\/\/reclaimedantiquewoods.com\/wp-content\/uploads\/2020\/10\/duet-dynasty-paneling-1-e1602005551765.jpg\",\"width\":600,\"height\":600},{\"@type\":\"BreadcrumbList\",\"@id\":\"https:\/\/reclaimedantiquewoods.com\/fr\/produit\/duet-dynasty-paneling\/#breadcrumb\",\"itemListElement\":[{\"@type\":\"ListItem\",\"position\":1,\"name\":\"Home\",\"item\":\"https:\/\/reclaimedantiquewoods.com\/fr\/\"},{\"@type\":\"ListItem\",\"position\":2,\"name\":\"Nos produits\",\"item\":\"https:\/\/reclaimedantiquewoods.com\/fr\/boutique\/\"},{\"@type\":\"ListItem\",\"position\":3,\"name\":\"Panneau mural Dynastie\"}]},{\"@type\":\"WebSite\",\"@id\":\"https:\/\/reclaimedantiquewoods.com\/fr\/#website\",\"url\":\"https:\/\/reclaimedantiquewoods.com\/fr\/\",\"name\":\"Bois Antique Veser\",\"description\":\"\",\"potentialAction\":[{\"@type\":\"SearchAction\",\"target\":{\"@type\":\"EntryPoint\",\"urlTemplate\":\"https:\/\/reclaimedantiquewoods.com\/fr\/?s={search_term_string}\"},\"query-input\":{\"@type\":\"PropertyValueSpecification\",\"valueRequired\":true,\"valueName\":\"search_term_string\"}}],\"inLanguage\":\"fr-FR\"}]}<\/script>\n<!-- \/ Yoast SEO plugin. -->","yoast_head_json":{"title":"Panneau mural Dynastie - Bois Antique Veser","robots":{"index":"index","follow":"follow","max-snippet":"max-snippet:-1","max-image-preview":"max-image-preview:large","max-video-preview":"max-video-preview:-1"},"canonical":"https:\/\/reclaimedantiquewoods.com\/fr\/produit\/duet-dynasty-paneling\/","og_locale":"fr_FR","og_type":"article","og_title":"Panneau mural Dynastie - Bois Antique Veser","og_description":"Nos panneaux muraux en bois Dynastie sont fabriqu\u00e9s \u00e0 partir d'authentiques planches de grange r\u00e9cup\u00e9r\u00e9es. Ce bois pr\u00e9sente une texture agr\u00e9ablement patin\u00e9e, des trous de clous et des variations de couleurs qui sont un m\u00e9lange de nos planches de grange grises et brunes. En vous offrant le bois de grange gris \"original\" tel qu'on le trouve dans les granges centenaires, ainsi que la riche texture brune du bois de grange r\u00e9cup\u00e9r\u00e9 \u00e0 l'int\u00e9rieur de la grange, ce bois de grange Dynastie est \u00e0 la fois avant-gardiste et le summum du design.  Toutes nos commandes sont faites sur mesure. Veuillez nous appeler pour discuter des options et voir notre onglet \"sp\u00e9cifications\" ci-dessous pour les options standard.","og_url":"https:\/\/reclaimedantiquewoods.com\/fr\/produit\/duet-dynasty-paneling\/","og_site_name":"Bois Antique Veser","article_modified_time":"2020-12-14T16:25:26+00:00","og_image":[{"width":600,"height":600,"url":"https:\/\/reclaimedantiquewoods.com\/wp-content\/uploads\/2020\/10\/duet-dynasty-paneling-1-e1602005551765.jpg","type":"image\/jpeg"}],"twitter_card":"summary_large_image","twitter_misc":{"Dur\u00e9e de lecture estim\u00e9e":"1 minute"},"schema":{"@context":"https:\/\/schema.org","@graph":[{"@type":"WebPage","@id":"https:\/\/reclaimedantiquewoods.com\/fr\/produit\/duet-dynasty-paneling\/","url":"https:\/\/reclaimedantiquewoods.com\/fr\/produit\/duet-dynasty-paneling\/","name":"Panneau mural Dynastie - Bois Antique Veser","isPartOf":{"@id":"https:\/\/reclaimedantiquewoods.com\/fr\/#website"},"primaryImageOfPage":{"@id":"https:\/\/reclaimedantiquewoods.com\/fr\/produit\/duet-dynasty-paneling\/#primaryimage"},"image":{"@id":"https:\/\/reclaimedantiquewoods.com\/fr\/produit\/duet-dynasty-paneling\/#primaryimage"},"thumbnailUrl":"https:\/\/reclaimedantiquewoods.com\/wp-content\/uploads\/2020\/10\/duet-dynasty-paneling-1-e1602005551765.jpg","datePublished":"2020-10-05T15:25:15+00:00","dateModified":"2020-12-14T16:25:26+00:00","breadcrumb":{"@id":"https:\/\/reclaimedantiquewoods.com\/fr\/produit\/duet-dynasty-paneling\/#breadcrumb"},"inLanguage":"fr-FR","potentialAction":[{"@type":"ReadAction","target":["https:\/\/reclaimedantiquewoods.com\/fr\/produit\/duet-dynasty-paneling\/"]}]},{"@type":"ImageObject","inLanguage":"fr-FR","@id":"https:\/\/reclaimedantiquewoods.com\/fr\/produit\/duet-dynasty-paneling\/#primaryimage","url":"https:\/\/reclaimedantiquewoods.com\/wp-content\/uploads\/2020\/10\/duet-dynasty-paneling-1-e1602005551765.jpg","contentUrl":"https:\/\/reclaimedantiquewoods.com\/wp-content\/uploads\/2020\/10\/duet-dynasty-paneling-1-e1602005551765.jpg","width":600,"height":600},{"@type":"BreadcrumbList","@id":"https:\/\/reclaimedantiquewoods.com\/fr\/produit\/duet-dynasty-paneling\/#breadcrumb","itemListElement":[{"@type":"ListItem","position":1,"name":"Home","item":"https:\/\/reclaimedantiquewoods.com\/fr\/"},{"@type":"ListItem","position":2,"name":"Nos produits","item":"https:\/\/reclaimedantiquewoods.com\/fr\/boutique\/"},{"@type":"ListItem","position":3,"name":"Panneau mural Dynastie"}]},{"@type":"WebSite","@id":"https:\/\/reclaimedantiquewoods.com\/fr\/#website","url":"https:\/\/reclaimedantiquewoods.com\/fr\/","name":"Bois Antique Veser","description":"","potentialAction":[{"@type":"SearchAction","target":{"@type":"EntryPoint","urlTemplate":"https:\/\/reclaimedantiquewoods.com\/fr\/?s={search_term_string}"},"query-input":{"@type":"PropertyValueSpecification","valueRequired":true,"valueName":"search_term_string"}}],"inLanguage":"fr-FR"}]}},"_links":{"self":[{"href":"https:\/\/reclaimedantiquewoods.com\/fr\/wp-json\/wp\/v2\/product\/14228","targetHints":{"allow":["GET"]}}],"collection":[{"href":"https:\/\/reclaimedantiquewoods.com\/fr\/wp-json\/wp\/v2\/product"}],"about":[{"href":"https:\/\/reclaimedantiquewoods.com\/fr\/wp-json\/wp\/v2\/types\/product"}],"replies":[{"embeddable":true,"href":"https:\/\/reclaimedantiquewoods.com\/fr\/wp-json\/wp\/v2\/comments?post=14228"}],"wp:featuredmedia":[{"embeddable":true,"href":"https:\/\/reclaimedantiquewoods.com\/fr\/wp-json\/wp\/v2\/media\/13906"}],"wp:attachment":[{"href":"https:\/\/reclaimedantiquewoods.com\/fr\/wp-json\/wp\/v2\/media?parent=14228"}],"wp:term":[{"taxonomy":"product_brand","embeddable":true,"href":"https:\/\/reclaimedantiquewoods.com\/fr\/wp-json\/wp\/v2\/product_brand?post=14228"},{"taxonomy":"product_cat","embeddable":true,"href":"https:\/\/reclaimedantiquewoods.com\/fr\/wp-json\/wp\/v2\/product_cat?post=14228"},{"taxonomy":"product_tag","embeddable":true,"href":"https:\/\/reclaimedantiquewoods.com\/fr\/wp-json\/wp\/v2\/product_tag?post=14228"}],"curies":[{"name":"wp","href":"https:\/\/api.w.org\/{rel}","templated":true}]}}