{"id":14230,"date":"2020-10-05T15:18:25","date_gmt":"2020-10-05T15:18:25","guid":{"rendered":"https:\/\/reclaimedantiquewoods.com\/product\/adirondack-brown-paneling\/"},"modified":"2020-12-14T16:25:20","modified_gmt":"2020-12-14T16:25:20","slug":"adirondack-brown-paneling","status":"publish","type":"product","link":"https:\/\/reclaimedantiquewoods.com\/fr\/produit\/adirondack-brown-paneling\/","title":{"rendered":"Panneau mural Adirondack"},"content":{"rendered":"<p>Nos lambris et rev\u00eatements de bois recycl\u00e9s Adirondack sont cr\u00e9\u00e9s \u00e0 partir des meilleurs bois d&rsquo;\u0153uvre authentiques et r\u00e9cup\u00e9r\u00e9s de diverses structures anciennes en Am\u00e9rique du Nord. Ces panneaux recycl\u00e9s sont le r\u00e9sultat de plus de 100 ans de vieillissement naturel et comprennent les traces de la scie circulaire originale, soit la scie circulaire \u00e0 eau utilis\u00e9e pour couper ce bois pr\u00e9cieux au d\u00e9but des ann\u00e9es 1800. Le r\u00e9sultat est une pi\u00e8ce de collection historique absolument magnifique, apportant une chaleur que seules les planches de grange peuvent fournir.<\/p>\n<ul>\n<li>Consultez notre section \u00ab\u00a0Magasinez en ligne\u00a0\u00bb pour conna\u00eetre tous les d\u00e9tails de la livraison gratuite!<\/li>\n<li>Pour l&rsquo;exp\u00e9dition internationale, veuillez nous appeler! Nous exp\u00e9dions partout dans le monde.<\/li>\n<\/ul>\n","protected":false},"excerpt":{"rendered":"<p>Nos panneaux muraux en bois brun Adirondack sont fabriqu\u00e9s \u00e0 partir d&rsquo;authentiques planches de grange r\u00e9cup\u00e9r\u00e9es. Ce bois contient des trous de clous et des variations de tons de couleurs allant d&rsquo;une patine brun clair \u00e0 brun fonc\u00e9. Il est utilis\u00e9 comme boiserie murale int\u00e9rieure pour les murs en bois et les plafonds, et souvent destin\u00e9 aux portes en bois et \u00e0 l&rsquo;\u00e9b\u00e9nisterie sur mesure. Ce lambris unique et polyvalent permet d&rsquo;obtenir un mur de bois d\u00e9coratif remarquable ou un plancher en bois antique des plus prestigieux.<\/p>\n<p><b style=\"color: #13763c;\"><strong>Toutes nos commandes sont faites sur mesure. Veuillez nous appeler pour discuter des options et voir notre onglet \u00ab\u00a0sp\u00e9cifications\u00a0\u00bb ci-dessous pour les options standard.<\/strong><\/b><\/p>\n","protected":false},"featured_media":13914,"comment_status":"open","ping_status":"closed","template":"","meta":[],"product_brand":[],"product_cat":[196],"product_tag":[315,313,308,310,314,309,316],"class_list":{"0":"post-14230","1":"product","2":"type-product","3":"status-publish","4":"has-post-thumbnail","6":"product_cat-panneaux-muraux-et-lambris","7":"product_tag-bois-rustique","8":"product_tag-interieur","9":"product_tag-mur-daccent-en-bois","10":"product_tag-mur-design-en-bois-de-grange","11":"product_tag-mur-en-bois-recycle","12":"product_tag-planche-de-grange","13":"product_tag-revetement-mural-lambris-de-bois-panneau-mural","15":"first","16":"instock","17":"taxable","18":"shipping-taxable","19":"product-type-simple"},"yoast_head":"<!-- This site is optimized with the Yoast SEO plugin v26.2 - https:\/\/yoast.com\/wordpress\/plugins\/seo\/ -->\n<title>Panneau mural Adirondack - Bois Antique Veser<\/title>\n<meta name=\"robots\" content=\"index, follow, max-snippet:-1, max-image-preview:large, max-video-preview:-1\" \/>\n<link rel=\"canonical\" href=\"https:\/\/reclaimedantiquewoods.com\/fr\/produit\/adirondack-brown-paneling\/\" \/>\n<meta property=\"og:locale\" content=\"fr_FR\" \/>\n<meta property=\"og:type\" content=\"article\" \/>\n<meta property=\"og:title\" content=\"Panneau mural Adirondack - Bois Antique Veser\" \/>\n<meta property=\"og:description\" content=\"Nos panneaux muraux en bois brun Adirondack sont fabriqu\u00e9s \u00e0 partir d&#039;authentiques planches de grange r\u00e9cup\u00e9r\u00e9es. Ce bois contient des trous de clous et des variations de tons de couleurs allant d&#039;une patine brun clair \u00e0 brun fonc\u00e9. Il est utilis\u00e9 comme boiserie murale int\u00e9rieure pour les murs en bois et les plafonds, et souvent destin\u00e9 aux portes en bois et \u00e0 l&#039;\u00e9b\u00e9nisterie sur mesure. Ce lambris unique et polyvalent permet d&#039;obtenir un mur de bois d\u00e9coratif remarquable ou un plancher en bois antique des plus prestigieux.  Toutes nos commandes sont faites sur mesure. Veuillez nous appeler pour discuter des options et voir notre onglet &quot;sp\u00e9cifications&quot; ci-dessous pour les options standard.\" \/>\n<meta property=\"og:url\" content=\"https:\/\/reclaimedantiquewoods.com\/fr\/produit\/adirondack-brown-paneling\/\" \/>\n<meta property=\"og:site_name\" content=\"Bois Antique Veser\" \/>\n<meta property=\"article:modified_time\" content=\"2020-12-14T16:25:20+00:00\" \/>\n<meta property=\"og:image\" content=\"https:\/\/reclaimedantiquewoods.com\/wp-content\/uploads\/2020\/10\/adirondack-brown-paneling-1.jpg\" \/>\n\t<meta property=\"og:image:width\" content=\"600\" \/>\n\t<meta property=\"og:image:height\" content=\"600\" \/>\n\t<meta property=\"og:image:type\" content=\"image\/jpeg\" \/>\n<meta name=\"twitter:card\" content=\"summary_large_image\" \/>\n<meta name=\"twitter:label1\" content=\"Dur\u00e9e de lecture estim\u00e9e\" \/>\n\t<meta name=\"twitter:data1\" content=\"1 minute\" \/>\n<script type=\"application\/ld+json\" class=\"yoast-schema-graph\">{\"@context\":\"https:\/\/schema.org\",\"@graph\":[{\"@type\":\"WebPage\",\"@id\":\"https:\/\/reclaimedantiquewoods.com\/fr\/produit\/adirondack-brown-paneling\/\",\"url\":\"https:\/\/reclaimedantiquewoods.com\/fr\/produit\/adirondack-brown-paneling\/\",\"name\":\"Panneau mural Adirondack - Bois Antique Veser\",\"isPartOf\":{\"@id\":\"https:\/\/reclaimedantiquewoods.com\/fr\/#website\"},\"primaryImageOfPage\":{\"@id\":\"https:\/\/reclaimedantiquewoods.com\/fr\/produit\/adirondack-brown-paneling\/#primaryimage\"},\"image\":{\"@id\":\"https:\/\/reclaimedantiquewoods.com\/fr\/produit\/adirondack-brown-paneling\/#primaryimage\"},\"thumbnailUrl\":\"https:\/\/reclaimedantiquewoods.com\/wp-content\/uploads\/2020\/10\/adirondack-brown-paneling-1.jpg\",\"datePublished\":\"2020-10-05T15:18:25+00:00\",\"dateModified\":\"2020-12-14T16:25:20+00:00\",\"breadcrumb\":{\"@id\":\"https:\/\/reclaimedantiquewoods.com\/fr\/produit\/adirondack-brown-paneling\/#breadcrumb\"},\"inLanguage\":\"fr-FR\",\"potentialAction\":[{\"@type\":\"ReadAction\",\"target\":[\"https:\/\/reclaimedantiquewoods.com\/fr\/produit\/adirondack-brown-paneling\/\"]}]},{\"@type\":\"ImageObject\",\"inLanguage\":\"fr-FR\",\"@id\":\"https:\/\/reclaimedantiquewoods.com\/fr\/produit\/adirondack-brown-paneling\/#primaryimage\",\"url\":\"https:\/\/reclaimedantiquewoods.com\/wp-content\/uploads\/2020\/10\/adirondack-brown-paneling-1.jpg\",\"contentUrl\":\"https:\/\/reclaimedantiquewoods.com\/wp-content\/uploads\/2020\/10\/adirondack-brown-paneling-1.jpg\",\"width\":600,\"height\":600},{\"@type\":\"BreadcrumbList\",\"@id\":\"https:\/\/reclaimedantiquewoods.com\/fr\/produit\/adirondack-brown-paneling\/#breadcrumb\",\"itemListElement\":[{\"@type\":\"ListItem\",\"position\":1,\"name\":\"Home\",\"item\":\"https:\/\/reclaimedantiquewoods.com\/fr\/\"},{\"@type\":\"ListItem\",\"position\":2,\"name\":\"Nos produits\",\"item\":\"https:\/\/reclaimedantiquewoods.com\/fr\/boutique\/\"},{\"@type\":\"ListItem\",\"position\":3,\"name\":\"Panneau mural Adirondack\"}]},{\"@type\":\"WebSite\",\"@id\":\"https:\/\/reclaimedantiquewoods.com\/fr\/#website\",\"url\":\"https:\/\/reclaimedantiquewoods.com\/fr\/\",\"name\":\"Bois Antique Veser\",\"description\":\"\",\"potentialAction\":[{\"@type\":\"SearchAction\",\"target\":{\"@type\":\"EntryPoint\",\"urlTemplate\":\"https:\/\/reclaimedantiquewoods.com\/fr\/?s={search_term_string}\"},\"query-input\":{\"@type\":\"PropertyValueSpecification\",\"valueRequired\":true,\"valueName\":\"search_term_string\"}}],\"inLanguage\":\"fr-FR\"}]}<\/script>\n<!-- \/ Yoast SEO plugin. -->","yoast_head_json":{"title":"Panneau mural Adirondack - Bois Antique Veser","robots":{"index":"index","follow":"follow","max-snippet":"max-snippet:-1","max-image-preview":"max-image-preview:large","max-video-preview":"max-video-preview:-1"},"canonical":"https:\/\/reclaimedantiquewoods.com\/fr\/produit\/adirondack-brown-paneling\/","og_locale":"fr_FR","og_type":"article","og_title":"Panneau mural Adirondack - Bois Antique Veser","og_description":"Nos panneaux muraux en bois brun Adirondack sont fabriqu\u00e9s \u00e0 partir d'authentiques planches de grange r\u00e9cup\u00e9r\u00e9es. Ce bois contient des trous de clous et des variations de tons de couleurs allant d'une patine brun clair \u00e0 brun fonc\u00e9. Il est utilis\u00e9 comme boiserie murale int\u00e9rieure pour les murs en bois et les plafonds, et souvent destin\u00e9 aux portes en bois et \u00e0 l'\u00e9b\u00e9nisterie sur mesure. Ce lambris unique et polyvalent permet d'obtenir un mur de bois d\u00e9coratif remarquable ou un plancher en bois antique des plus prestigieux.  Toutes nos commandes sont faites sur mesure. Veuillez nous appeler pour discuter des options et voir notre onglet \"sp\u00e9cifications\" ci-dessous pour les options standard.","og_url":"https:\/\/reclaimedantiquewoods.com\/fr\/produit\/adirondack-brown-paneling\/","og_site_name":"Bois Antique Veser","article_modified_time":"2020-12-14T16:25:20+00:00","og_image":[{"width":600,"height":600,"url":"https:\/\/reclaimedantiquewoods.com\/wp-content\/uploads\/2020\/10\/adirondack-brown-paneling-1.jpg","type":"image\/jpeg"}],"twitter_card":"summary_large_image","twitter_misc":{"Dur\u00e9e de lecture estim\u00e9e":"1 minute"},"schema":{"@context":"https:\/\/schema.org","@graph":[{"@type":"WebPage","@id":"https:\/\/reclaimedantiquewoods.com\/fr\/produit\/adirondack-brown-paneling\/","url":"https:\/\/reclaimedantiquewoods.com\/fr\/produit\/adirondack-brown-paneling\/","name":"Panneau mural Adirondack - Bois Antique Veser","isPartOf":{"@id":"https:\/\/reclaimedantiquewoods.com\/fr\/#website"},"primaryImageOfPage":{"@id":"https:\/\/reclaimedantiquewoods.com\/fr\/produit\/adirondack-brown-paneling\/#primaryimage"},"image":{"@id":"https:\/\/reclaimedantiquewoods.com\/fr\/produit\/adirondack-brown-paneling\/#primaryimage"},"thumbnailUrl":"https:\/\/reclaimedantiquewoods.com\/wp-content\/uploads\/2020\/10\/adirondack-brown-paneling-1.jpg","datePublished":"2020-10-05T15:18:25+00:00","dateModified":"2020-12-14T16:25:20+00:00","breadcrumb":{"@id":"https:\/\/reclaimedantiquewoods.com\/fr\/produit\/adirondack-brown-paneling\/#breadcrumb"},"inLanguage":"fr-FR","potentialAction":[{"@type":"ReadAction","target":["https:\/\/reclaimedantiquewoods.com\/fr\/produit\/adirondack-brown-paneling\/"]}]},{"@type":"ImageObject","inLanguage":"fr-FR","@id":"https:\/\/reclaimedantiquewoods.com\/fr\/produit\/adirondack-brown-paneling\/#primaryimage","url":"https:\/\/reclaimedantiquewoods.com\/wp-content\/uploads\/2020\/10\/adirondack-brown-paneling-1.jpg","contentUrl":"https:\/\/reclaimedantiquewoods.com\/wp-content\/uploads\/2020\/10\/adirondack-brown-paneling-1.jpg","width":600,"height":600},{"@type":"BreadcrumbList","@id":"https:\/\/reclaimedantiquewoods.com\/fr\/produit\/adirondack-brown-paneling\/#breadcrumb","itemListElement":[{"@type":"ListItem","position":1,"name":"Home","item":"https:\/\/reclaimedantiquewoods.com\/fr\/"},{"@type":"ListItem","position":2,"name":"Nos produits","item":"https:\/\/reclaimedantiquewoods.com\/fr\/boutique\/"},{"@type":"ListItem","position":3,"name":"Panneau mural Adirondack"}]},{"@type":"WebSite","@id":"https:\/\/reclaimedantiquewoods.com\/fr\/#website","url":"https:\/\/reclaimedantiquewoods.com\/fr\/","name":"Bois Antique Veser","description":"","potentialAction":[{"@type":"SearchAction","target":{"@type":"EntryPoint","urlTemplate":"https:\/\/reclaimedantiquewoods.com\/fr\/?s={search_term_string}"},"query-input":{"@type":"PropertyValueSpecification","valueRequired":true,"valueName":"search_term_string"}}],"inLanguage":"fr-FR"}]}},"_links":{"self":[{"href":"https:\/\/reclaimedantiquewoods.com\/fr\/wp-json\/wp\/v2\/product\/14230","targetHints":{"allow":["GET"]}}],"collection":[{"href":"https:\/\/reclaimedantiquewoods.com\/fr\/wp-json\/wp\/v2\/product"}],"about":[{"href":"https:\/\/reclaimedantiquewoods.com\/fr\/wp-json\/wp\/v2\/types\/product"}],"replies":[{"embeddable":true,"href":"https:\/\/reclaimedantiquewoods.com\/fr\/wp-json\/wp\/v2\/comments?post=14230"}],"wp:featuredmedia":[{"embeddable":true,"href":"https:\/\/reclaimedantiquewoods.com\/fr\/wp-json\/wp\/v2\/media\/13914"}],"wp:attachment":[{"href":"https:\/\/reclaimedantiquewoods.com\/fr\/wp-json\/wp\/v2\/media?parent=14230"}],"wp:term":[{"taxonomy":"product_brand","embeddable":true,"href":"https:\/\/reclaimedantiquewoods.com\/fr\/wp-json\/wp\/v2\/product_brand?post=14230"},{"taxonomy":"product_cat","embeddable":true,"href":"https:\/\/reclaimedantiquewoods.com\/fr\/wp-json\/wp\/v2\/product_cat?post=14230"},{"taxonomy":"product_tag","embeddable":true,"href":"https:\/\/reclaimedantiquewoods.com\/fr\/wp-json\/wp\/v2\/product_tag?post=14230"}],"curies":[{"name":"wp","href":"https:\/\/api.w.org\/{rel}","templated":true}]}}