{"id":14429,"date":"2023-01-23T14:40:11","date_gmt":"2023-01-23T14:40:11","guid":{"rendered":"https:\/\/reclaimedantiquewoods.com\/product\/sapin-douglas-rouge-royal-shou-sugi-ban\/"},"modified":"2023-01-23T14:40:11","modified_gmt":"2023-01-23T14:40:11","slug":"sapin-douglas-rouge-royal-shou-sugi-ban","status":"publish","type":"product","link":"https:\/\/reclaimedantiquewoods.com\/fr\/produit\/sapin-douglas-rouge-royal-shou-sugi-ban\/","title":{"rendered":"Sapin Douglas Rouge Royal Shou Sugi Ban"},"content":{"rendered":"<p>Notre bois brul\u00e9 en Sapin Douglas Rouge Royal Shou Sugi Ban constitue un rev\u00eatement ext\u00e9rieur exquis. Dans la maison, le chalet ou \u00e0 m\u00eame votre projet commercial, ce bois unique en sapin douglas est magnifique et r\u00e9v\u00e8le un grain profond et une texture raffin\u00e9e. Le r\u00e9sultat est une pi\u00e8ce de collection historique et intemporelle, qui apporte chaleur, confort et s\u00e9r\u00e9nit\u00e9.<\/p>\n<p>Offert en plusieurs couleurs telles que blanc, rouge, bleu, bois brul\u00e9 profond et naturel bross\u00e9, ainsi qu&rsquo;en 3 essences de bois diff\u00e9rentes : c\u00e8dre, pruche et sapin Douglas. Nous d\u00e9veloppons constamment de nouvelles couleurs !<\/p>\n","protected":false},"excerpt":{"rendered":"<p>En r\u00e9f\u00e9rence \u00e0 l&rsquo;ancienne tradition japonaise consistant \u00e0 carboniser la surface expos\u00e9e cr\u00e9ant ainsi un bois br\u00fbl\u00e9 ext\u00e9rieur r\u00e9sistant aux intemp\u00e9ries et durable, notre bois brul\u00e9 en Sapin Douglas Rouge Royal Shou Sugi Ban est utilis\u00e9 comme rev\u00eatement ext\u00e9rieur et comme application murale d\u2019int\u00e9rieure. Nous br\u00fblons fortement la surface et brossons la couche molle, le tout offrant une belle combinaison de charbon et un grain vertical profond textur\u00e9. Nous finissons ensuite la surface avec notre fini rouge de qualit\u00e9 sup\u00e9rieure. L&rsquo;aspect est unique et raffin\u00e9, tandis que le sapin douglas repr\u00e9sente un excellent bois pour les applications ext\u00e9rieures en raison de sa r\u00e9sistance aux intemp\u00e9ries.<\/p>\n<p><strong style=\"color: #13763c;\">Toutes nos commandes sont faites sur mesure. Veuillez nous appeler pour discuter des options et voir notre onglet \u00ab\u00a0sp\u00e9cifications\u00a0\u00bb ci-dessous pour les options standard.<\/strong><\/p>\n","protected":false},"featured_media":14428,"comment_status":"open","ping_status":"closed","template":"","meta":[],"product_brand":[],"product_cat":[365],"product_tag":[367,312,313,308,373,374,368,369,370],"class_list":{"0":"post-14429","1":"product","2":"type-product","3":"status-publish","4":"has-post-thumbnail","6":"product_cat-shou-sugi-ban-fr","7":"product_tag-bois-brule","8":"product_tag-exterieur","9":"product_tag-interieur","10":"product_tag-mur-daccent-en-bois","11":"product_tag-revetement-en-sapin-douglas-brule","12":"product_tag-revetement-exterieur","13":"product_tag-revetement-shou-sugi-ban","14":"product_tag-shou-sugi-ban","15":"product_tag-yakisugi","17":"first","18":"instock","19":"taxable","20":"shipping-taxable","21":"product-type-simple"},"yoast_head":"<!-- This site is optimized with the Yoast SEO plugin v26.2 - https:\/\/yoast.com\/wordpress\/plugins\/seo\/ -->\n<title>Sapin Douglas Rouge Royal Shou Sugi Ban - Bois Antique Veser<\/title>\n<meta name=\"robots\" content=\"index, follow, max-snippet:-1, max-image-preview:large, max-video-preview:-1\" \/>\n<link rel=\"canonical\" href=\"https:\/\/reclaimedantiquewoods.com\/fr\/produit\/sapin-douglas-rouge-royal-shou-sugi-ban\/\" \/>\n<meta property=\"og:locale\" content=\"fr_FR\" \/>\n<meta property=\"og:type\" content=\"article\" \/>\n<meta property=\"og:title\" content=\"Sapin Douglas Rouge Royal Shou Sugi Ban - Bois Antique Veser\" \/>\n<meta property=\"og:description\" content=\"En r\u00e9f\u00e9rence \u00e0 l&#039;ancienne tradition japonaise consistant \u00e0 carboniser la surface expos\u00e9e cr\u00e9ant ainsi un bois br\u00fbl\u00e9 ext\u00e9rieur r\u00e9sistant aux intemp\u00e9ries et durable, notre bois brul\u00e9 en Sapin Douglas Rouge Royal Shou Sugi Ban est utilis\u00e9 comme rev\u00eatement ext\u00e9rieur et comme application murale d\u2019int\u00e9rieure. Nous br\u00fblons fortement la surface et brossons la couche molle, le tout offrant une belle combinaison de charbon et un grain vertical profond textur\u00e9. Nous finissons ensuite la surface avec notre fini rouge de qualit\u00e9 sup\u00e9rieure. L&#039;aspect est unique et raffin\u00e9, tandis que le sapin douglas repr\u00e9sente un excellent bois pour les applications ext\u00e9rieures en raison de sa r\u00e9sistance aux intemp\u00e9ries.  Toutes nos commandes sont faites sur mesure. Veuillez nous appeler pour discuter des options et voir notre onglet \u00ab\u00a0sp\u00e9cifications\u00a0\u00bb ci-dessous pour les options standard.\" \/>\n<meta property=\"og:url\" content=\"https:\/\/reclaimedantiquewoods.com\/fr\/produit\/sapin-douglas-rouge-royal-shou-sugi-ban\/\" \/>\n<meta property=\"og:site_name\" content=\"Bois Antique Veser\" \/>\n<meta property=\"og:image\" content=\"https:\/\/reclaimedantiquewoods.com\/wp-content\/uploads\/2023\/01\/Shou-Sugi-ban-red-Fir1.jpg\" \/>\n\t<meta property=\"og:image:width\" content=\"600\" \/>\n\t<meta property=\"og:image:height\" content=\"600\" \/>\n\t<meta property=\"og:image:type\" content=\"image\/jpeg\" \/>\n<meta name=\"twitter:card\" content=\"summary_large_image\" \/>\n<meta name=\"twitter:label1\" content=\"Dur\u00e9e de lecture estim\u00e9e\" \/>\n\t<meta name=\"twitter:data1\" content=\"1 minute\" \/>\n<script type=\"application\/ld+json\" class=\"yoast-schema-graph\">{\"@context\":\"https:\/\/schema.org\",\"@graph\":[{\"@type\":\"WebPage\",\"@id\":\"https:\/\/reclaimedantiquewoods.com\/fr\/produit\/sapin-douglas-rouge-royal-shou-sugi-ban\/\",\"url\":\"https:\/\/reclaimedantiquewoods.com\/fr\/produit\/sapin-douglas-rouge-royal-shou-sugi-ban\/\",\"name\":\"Sapin Douglas Rouge Royal Shou Sugi Ban - Bois Antique Veser\",\"isPartOf\":{\"@id\":\"https:\/\/reclaimedantiquewoods.com\/fr\/#website\"},\"primaryImageOfPage\":{\"@id\":\"https:\/\/reclaimedantiquewoods.com\/fr\/produit\/sapin-douglas-rouge-royal-shou-sugi-ban\/#primaryimage\"},\"image\":{\"@id\":\"https:\/\/reclaimedantiquewoods.com\/fr\/produit\/sapin-douglas-rouge-royal-shou-sugi-ban\/#primaryimage\"},\"thumbnailUrl\":\"https:\/\/reclaimedantiquewoods.com\/wp-content\/uploads\/2023\/01\/Shou-Sugi-ban-red-Fir1.jpg\",\"datePublished\":\"2023-01-23T14:40:11+00:00\",\"breadcrumb\":{\"@id\":\"https:\/\/reclaimedantiquewoods.com\/fr\/produit\/sapin-douglas-rouge-royal-shou-sugi-ban\/#breadcrumb\"},\"inLanguage\":\"fr-FR\",\"potentialAction\":[{\"@type\":\"ReadAction\",\"target\":[\"https:\/\/reclaimedantiquewoods.com\/fr\/produit\/sapin-douglas-rouge-royal-shou-sugi-ban\/\"]}]},{\"@type\":\"ImageObject\",\"inLanguage\":\"fr-FR\",\"@id\":\"https:\/\/reclaimedantiquewoods.com\/fr\/produit\/sapin-douglas-rouge-royal-shou-sugi-ban\/#primaryimage\",\"url\":\"https:\/\/reclaimedantiquewoods.com\/wp-content\/uploads\/2023\/01\/Shou-Sugi-ban-red-Fir1.jpg\",\"contentUrl\":\"https:\/\/reclaimedantiquewoods.com\/wp-content\/uploads\/2023\/01\/Shou-Sugi-ban-red-Fir1.jpg\",\"width\":600,\"height\":600},{\"@type\":\"BreadcrumbList\",\"@id\":\"https:\/\/reclaimedantiquewoods.com\/fr\/produit\/sapin-douglas-rouge-royal-shou-sugi-ban\/#breadcrumb\",\"itemListElement\":[{\"@type\":\"ListItem\",\"position\":1,\"name\":\"Home\",\"item\":\"https:\/\/reclaimedantiquewoods.com\/fr\/\"},{\"@type\":\"ListItem\",\"position\":2,\"name\":\"Nos produits\",\"item\":\"https:\/\/reclaimedantiquewoods.com\/fr\/boutique\/\"},{\"@type\":\"ListItem\",\"position\":3,\"name\":\"Sapin Douglas Rouge Royal Shou Sugi Ban\"}]},{\"@type\":\"WebSite\",\"@id\":\"https:\/\/reclaimedantiquewoods.com\/fr\/#website\",\"url\":\"https:\/\/reclaimedantiquewoods.com\/fr\/\",\"name\":\"Bois Antique Veser\",\"description\":\"\",\"potentialAction\":[{\"@type\":\"SearchAction\",\"target\":{\"@type\":\"EntryPoint\",\"urlTemplate\":\"https:\/\/reclaimedantiquewoods.com\/fr\/?s={search_term_string}\"},\"query-input\":{\"@type\":\"PropertyValueSpecification\",\"valueRequired\":true,\"valueName\":\"search_term_string\"}}],\"inLanguage\":\"fr-FR\"}]}<\/script>\n<!-- \/ Yoast SEO plugin. -->","yoast_head_json":{"title":"Sapin Douglas Rouge Royal Shou Sugi Ban - Bois Antique Veser","robots":{"index":"index","follow":"follow","max-snippet":"max-snippet:-1","max-image-preview":"max-image-preview:large","max-video-preview":"max-video-preview:-1"},"canonical":"https:\/\/reclaimedantiquewoods.com\/fr\/produit\/sapin-douglas-rouge-royal-shou-sugi-ban\/","og_locale":"fr_FR","og_type":"article","og_title":"Sapin Douglas Rouge Royal Shou Sugi Ban - Bois Antique Veser","og_description":"En r\u00e9f\u00e9rence \u00e0 l'ancienne tradition japonaise consistant \u00e0 carboniser la surface expos\u00e9e cr\u00e9ant ainsi un bois br\u00fbl\u00e9 ext\u00e9rieur r\u00e9sistant aux intemp\u00e9ries et durable, notre bois brul\u00e9 en Sapin Douglas Rouge Royal Shou Sugi Ban est utilis\u00e9 comme rev\u00eatement ext\u00e9rieur et comme application murale d\u2019int\u00e9rieure. Nous br\u00fblons fortement la surface et brossons la couche molle, le tout offrant une belle combinaison de charbon et un grain vertical profond textur\u00e9. Nous finissons ensuite la surface avec notre fini rouge de qualit\u00e9 sup\u00e9rieure. L'aspect est unique et raffin\u00e9, tandis que le sapin douglas repr\u00e9sente un excellent bois pour les applications ext\u00e9rieures en raison de sa r\u00e9sistance aux intemp\u00e9ries.  Toutes nos commandes sont faites sur mesure. Veuillez nous appeler pour discuter des options et voir notre onglet \u00ab\u00a0sp\u00e9cifications\u00a0\u00bb ci-dessous pour les options standard.","og_url":"https:\/\/reclaimedantiquewoods.com\/fr\/produit\/sapin-douglas-rouge-royal-shou-sugi-ban\/","og_site_name":"Bois Antique Veser","og_image":[{"width":600,"height":600,"url":"https:\/\/reclaimedantiquewoods.com\/wp-content\/uploads\/2023\/01\/Shou-Sugi-ban-red-Fir1.jpg","type":"image\/jpeg"}],"twitter_card":"summary_large_image","twitter_misc":{"Dur\u00e9e de lecture estim\u00e9e":"1 minute"},"schema":{"@context":"https:\/\/schema.org","@graph":[{"@type":"WebPage","@id":"https:\/\/reclaimedantiquewoods.com\/fr\/produit\/sapin-douglas-rouge-royal-shou-sugi-ban\/","url":"https:\/\/reclaimedantiquewoods.com\/fr\/produit\/sapin-douglas-rouge-royal-shou-sugi-ban\/","name":"Sapin Douglas Rouge Royal Shou Sugi Ban - Bois Antique Veser","isPartOf":{"@id":"https:\/\/reclaimedantiquewoods.com\/fr\/#website"},"primaryImageOfPage":{"@id":"https:\/\/reclaimedantiquewoods.com\/fr\/produit\/sapin-douglas-rouge-royal-shou-sugi-ban\/#primaryimage"},"image":{"@id":"https:\/\/reclaimedantiquewoods.com\/fr\/produit\/sapin-douglas-rouge-royal-shou-sugi-ban\/#primaryimage"},"thumbnailUrl":"https:\/\/reclaimedantiquewoods.com\/wp-content\/uploads\/2023\/01\/Shou-Sugi-ban-red-Fir1.jpg","datePublished":"2023-01-23T14:40:11+00:00","breadcrumb":{"@id":"https:\/\/reclaimedantiquewoods.com\/fr\/produit\/sapin-douglas-rouge-royal-shou-sugi-ban\/#breadcrumb"},"inLanguage":"fr-FR","potentialAction":[{"@type":"ReadAction","target":["https:\/\/reclaimedantiquewoods.com\/fr\/produit\/sapin-douglas-rouge-royal-shou-sugi-ban\/"]}]},{"@type":"ImageObject","inLanguage":"fr-FR","@id":"https:\/\/reclaimedantiquewoods.com\/fr\/produit\/sapin-douglas-rouge-royal-shou-sugi-ban\/#primaryimage","url":"https:\/\/reclaimedantiquewoods.com\/wp-content\/uploads\/2023\/01\/Shou-Sugi-ban-red-Fir1.jpg","contentUrl":"https:\/\/reclaimedantiquewoods.com\/wp-content\/uploads\/2023\/01\/Shou-Sugi-ban-red-Fir1.jpg","width":600,"height":600},{"@type":"BreadcrumbList","@id":"https:\/\/reclaimedantiquewoods.com\/fr\/produit\/sapin-douglas-rouge-royal-shou-sugi-ban\/#breadcrumb","itemListElement":[{"@type":"ListItem","position":1,"name":"Home","item":"https:\/\/reclaimedantiquewoods.com\/fr\/"},{"@type":"ListItem","position":2,"name":"Nos produits","item":"https:\/\/reclaimedantiquewoods.com\/fr\/boutique\/"},{"@type":"ListItem","position":3,"name":"Sapin Douglas Rouge Royal Shou Sugi Ban"}]},{"@type":"WebSite","@id":"https:\/\/reclaimedantiquewoods.com\/fr\/#website","url":"https:\/\/reclaimedantiquewoods.com\/fr\/","name":"Bois Antique Veser","description":"","potentialAction":[{"@type":"SearchAction","target":{"@type":"EntryPoint","urlTemplate":"https:\/\/reclaimedantiquewoods.com\/fr\/?s={search_term_string}"},"query-input":{"@type":"PropertyValueSpecification","valueRequired":true,"valueName":"search_term_string"}}],"inLanguage":"fr-FR"}]}},"_links":{"self":[{"href":"https:\/\/reclaimedantiquewoods.com\/fr\/wp-json\/wp\/v2\/product\/14429","targetHints":{"allow":["GET"]}}],"collection":[{"href":"https:\/\/reclaimedantiquewoods.com\/fr\/wp-json\/wp\/v2\/product"}],"about":[{"href":"https:\/\/reclaimedantiquewoods.com\/fr\/wp-json\/wp\/v2\/types\/product"}],"replies":[{"embeddable":true,"href":"https:\/\/reclaimedantiquewoods.com\/fr\/wp-json\/wp\/v2\/comments?post=14429"}],"wp:featuredmedia":[{"embeddable":true,"href":"https:\/\/reclaimedantiquewoods.com\/fr\/wp-json\/wp\/v2\/media\/14428"}],"wp:attachment":[{"href":"https:\/\/reclaimedantiquewoods.com\/fr\/wp-json\/wp\/v2\/media?parent=14429"}],"wp:term":[{"taxonomy":"product_brand","embeddable":true,"href":"https:\/\/reclaimedantiquewoods.com\/fr\/wp-json\/wp\/v2\/product_brand?post=14429"},{"taxonomy":"product_cat","embeddable":true,"href":"https:\/\/reclaimedantiquewoods.com\/fr\/wp-json\/wp\/v2\/product_cat?post=14429"},{"taxonomy":"product_tag","embeddable":true,"href":"https:\/\/reclaimedantiquewoods.com\/fr\/wp-json\/wp\/v2\/product_tag?post=14429"}],"curies":[{"name":"wp","href":"https:\/\/api.w.org\/{rel}","templated":true}]}}