{"id":14590,"date":"2020-10-07T13:55:35","date_gmt":"2020-10-07T13:55:35","guid":{"rendered":"https:\/\/reclaimedantiquewoods.com\/product\/plancher-toscane-en-chene-moderne\/"},"modified":"2024-05-09T13:16:02","modified_gmt":"2024-05-09T13:16:02","slug":"plancher-toscane-en-chene-moderne","status":"publish","type":"product","link":"https:\/\/reclaimedantiquewoods.com\/fr\/produit\/plancher-toscane-en-chene-moderne\/","title":{"rendered":"PLANCHER TOSCANE EN CH\u00caNE MODERNE"},"content":{"rendered":"<p>Notre plancher Toscane en ch\u00eane moderne se caract\u00e9rise par son design \u00e9pur\u00e9 et minimaliste offrant des finitions lisses et soign\u00e9es. Unique en son genre, ce plancher de ch\u00eane pr\u00e9sente des variations de couleur aux tons de gris et de brun, rehauss\u00e9es par la beaut\u00e9 naturelle du grain du bois de ch\u00eane. Offrant un aspect plus contemporain, vous remarquerez n\u00e9anmoins les n\u0153uds ainsi que la richesse de son grain. Ce plancher vintage en bois franc convient bien aux animaux domestiques ainsi qu\u2019\u00e0 une maison ou \u00e0 un bureau achaland\u00e9. Il est synonyme de raffinement, d&rsquo;\u00e9l\u00e9gance et le pr\u00e9curseur de souvenirs inoubliables.<\/p>\n<ul>\n<li>Consultez notre section \u00ab\u00a0Magasinez en ligne\u00a0\u00bb pour conna\u00eetre tous les d\u00e9tails de la livraison gratuite!<\/li>\n<li>Pour l&rsquo;exp\u00e9dition internationale, veuillez nous appeler! Nous exp\u00e9dions partout dans le monde.<\/li>\n<\/ul>\n","protected":false},"excerpt":{"rendered":"<p>Nous vous pr\u00e9sentons notre Collection de planchers en ch\u00eane modernes, o\u00f9 l&rsquo;\u00e9l\u00e9gance intemporelle c\u00f4toie le style contemporain. Fabriqu\u00e9e avec pr\u00e9cision et passion, chaque plancher de bois franc en ch\u00eane Toscane incarne l&rsquo;harmonie parfaite entre la beaut\u00e9 de la nature et l&rsquo;esth\u00e9tisme du design moderne. Rehaussez votre espace avec des lignes \u00e9pur\u00e9es, des textures riches et une gamme de finitions variant du gris au brun qui \u00e9voquent la sophistication. De votre salon \u00e0 vos bureaux, notre plancher vintage en bois franc se veut beaucoup plus qu\u2019une surface : c\u2019est une v\u00e9ritable d\u00e9claration de luxe et de durabilit\u00e9. D\u00e9couvrez la chaleur d\u2019un plancher de ch\u00eane moderne sous vos pieds et laissez-vous s\u00e9duire par l&rsquo;allure intemporelle de ce plancher.<\/p>\n<p><b style=\"color: #13763c;\">Parce que nos produits en bois sont uniques, les images et les \u00e9chantillons pr\u00e9sent\u00e9s sur notre site Web et dans sur nos m\u00e9dias sociaux ne refl\u00e8tent pas toutes les variations de couleur, de patine et de caract\u00e8re. Toutes nos commandes sont pr\u00e9par\u00e9es sur mesure. Afin de nous assurer que nos produits r\u00e9pondent \u00e0 vos besoins, veuillez nous contacter par courriel ou par t\u00e9l\u00e9phone, et n\u2019oubliez-pas de consulter notre onglet \u00ab\u00a0SP\u00c9CIFICATIONS\u00a0\u00bb ci-dessous pour les options standard.<\/b><\/p>\n","protected":false},"featured_media":14589,"comment_status":"open","ping_status":"closed","template":"","meta":[],"product_brand":[],"product_cat":[197],"product_tag":[321,320,322,383,329,382,384,328],"class_list":{"0":"post-14590","1":"product","2":"type-product","3":"status-publish","4":"has-post-thumbnail","6":"product_cat-planchers","7":"product_tag-bois-franc","8":"product_tag-contemporain","9":"product_tag-convient-aux-animaux","10":"product_tag-moderne","11":"product_tag-plancher-bois-ingenierie","12":"product_tag-plancher-de-bois-franc-fr","13":"product_tag-plancher-de-chene","14":"product_tag-plancher-ingenierie","16":"first","17":"instock","18":"taxable","19":"shipping-taxable","20":"product-type-simple"},"yoast_head":"<!-- This site is optimized with the Yoast SEO plugin v26.2 - https:\/\/yoast.com\/wordpress\/plugins\/seo\/ -->\n<title>PLANCHER TOSCANE EN CH\u00caNE MODERNE - Bois Antique Veser<\/title>\n<meta name=\"robots\" content=\"index, follow, max-snippet:-1, max-image-preview:large, max-video-preview:-1\" \/>\n<link rel=\"canonical\" href=\"https:\/\/reclaimedantiquewoods.com\/fr\/produit\/plancher-toscane-en-chene-moderne\/\" \/>\n<meta property=\"og:locale\" content=\"fr_FR\" \/>\n<meta property=\"og:type\" content=\"article\" \/>\n<meta property=\"og:title\" content=\"PLANCHER TOSCANE EN CH\u00caNE MODERNE - Bois Antique Veser\" \/>\n<meta property=\"og:description\" content=\"Nous vous pr\u00e9sentons notre Collection de planchers en ch\u00eane modernes, o\u00f9 l&#039;\u00e9l\u00e9gance intemporelle c\u00f4toie le style contemporain. Fabriqu\u00e9e avec pr\u00e9cision et passion, chaque plancher de bois franc en ch\u00eane Toscane incarne l&#039;harmonie parfaite entre la beaut\u00e9 de la nature et l&#039;esth\u00e9tisme du design moderne. Rehaussez votre espace avec des lignes \u00e9pur\u00e9es, des textures riches et une gamme de finitions variant du gris au brun qui \u00e9voquent la sophistication. De votre salon \u00e0 vos bureaux, notre plancher vintage en bois franc se veut beaucoup plus qu\u2019une surface : c\u2019est une v\u00e9ritable d\u00e9claration de luxe et de durabilit\u00e9. D\u00e9couvrez la chaleur d\u2019un plancher de ch\u00eane moderne sous vos pieds et laissez-vous s\u00e9duire par l&#039;allure intemporelle de ce plancher.  Parce que nos produits en bois sont uniques, les images et les \u00e9chantillons pr\u00e9sent\u00e9s sur notre site Web et dans sur nos m\u00e9dias sociaux ne refl\u00e8tent pas toutes les variations de couleur, de patine et de caract\u00e8re. Toutes nos commandes sont pr\u00e9par\u00e9es sur mesure. Afin de nous assurer que nos produits r\u00e9pondent \u00e0 vos besoins, veuillez nous contacter par courriel ou par t\u00e9l\u00e9phone, et n\u2019oubliez-pas de consulter notre onglet \u00ab\u00a0SP\u00c9CIFICATIONS\u00a0\u00bb ci-dessous pour les options standard.\" \/>\n<meta property=\"og:url\" content=\"https:\/\/reclaimedantiquewoods.com\/fr\/produit\/plancher-toscane-en-chene-moderne\/\" \/>\n<meta property=\"og:site_name\" content=\"Bois Antique Veser\" \/>\n<meta property=\"article:modified_time\" content=\"2024-05-09T13:16:02+00:00\" \/>\n<meta property=\"og:image\" content=\"https:\/\/reclaimedantiquewoods.com\/wp-content\/uploads\/2024\/05\/tuscany-1-scaled.jpeg\" \/>\n\t<meta property=\"og:image:width\" content=\"2560\" \/>\n\t<meta property=\"og:image:height\" content=\"2560\" \/>\n\t<meta property=\"og:image:type\" content=\"image\/jpeg\" \/>\n<meta name=\"twitter:card\" content=\"summary_large_image\" \/>\n<meta name=\"twitter:label1\" content=\"Dur\u00e9e de lecture estim\u00e9e\" \/>\n\t<meta name=\"twitter:data1\" content=\"1 minute\" \/>\n<script type=\"application\/ld+json\" class=\"yoast-schema-graph\">{\"@context\":\"https:\/\/schema.org\",\"@graph\":[{\"@type\":\"WebPage\",\"@id\":\"https:\/\/reclaimedantiquewoods.com\/fr\/produit\/plancher-toscane-en-chene-moderne\/\",\"url\":\"https:\/\/reclaimedantiquewoods.com\/fr\/produit\/plancher-toscane-en-chene-moderne\/\",\"name\":\"PLANCHER TOSCANE EN CH\u00caNE MODERNE - Bois Antique Veser\",\"isPartOf\":{\"@id\":\"https:\/\/reclaimedantiquewoods.com\/fr\/#website\"},\"primaryImageOfPage\":{\"@id\":\"https:\/\/reclaimedantiquewoods.com\/fr\/produit\/plancher-toscane-en-chene-moderne\/#primaryimage\"},\"image\":{\"@id\":\"https:\/\/reclaimedantiquewoods.com\/fr\/produit\/plancher-toscane-en-chene-moderne\/#primaryimage\"},\"thumbnailUrl\":\"https:\/\/reclaimedantiquewoods.com\/wp-content\/uploads\/2024\/05\/tuscany-1-scaled.jpeg\",\"datePublished\":\"2020-10-07T13:55:35+00:00\",\"dateModified\":\"2024-05-09T13:16:02+00:00\",\"breadcrumb\":{\"@id\":\"https:\/\/reclaimedantiquewoods.com\/fr\/produit\/plancher-toscane-en-chene-moderne\/#breadcrumb\"},\"inLanguage\":\"fr-FR\",\"potentialAction\":[{\"@type\":\"ReadAction\",\"target\":[\"https:\/\/reclaimedantiquewoods.com\/fr\/produit\/plancher-toscane-en-chene-moderne\/\"]}]},{\"@type\":\"ImageObject\",\"inLanguage\":\"fr-FR\",\"@id\":\"https:\/\/reclaimedantiquewoods.com\/fr\/produit\/plancher-toscane-en-chene-moderne\/#primaryimage\",\"url\":\"https:\/\/reclaimedantiquewoods.com\/wp-content\/uploads\/2024\/05\/tuscany-1-scaled.jpeg\",\"contentUrl\":\"https:\/\/reclaimedantiquewoods.com\/wp-content\/uploads\/2024\/05\/tuscany-1-scaled.jpeg\",\"width\":2560,\"height\":2560},{\"@type\":\"BreadcrumbList\",\"@id\":\"https:\/\/reclaimedantiquewoods.com\/fr\/produit\/plancher-toscane-en-chene-moderne\/#breadcrumb\",\"itemListElement\":[{\"@type\":\"ListItem\",\"position\":1,\"name\":\"Home\",\"item\":\"https:\/\/reclaimedantiquewoods.com\/fr\/\"},{\"@type\":\"ListItem\",\"position\":2,\"name\":\"Nos produits\",\"item\":\"https:\/\/reclaimedantiquewoods.com\/fr\/boutique\/\"},{\"@type\":\"ListItem\",\"position\":3,\"name\":\"PLANCHER TOSCANE EN CH\u00caNE MODERNE\"}]},{\"@type\":\"WebSite\",\"@id\":\"https:\/\/reclaimedantiquewoods.com\/fr\/#website\",\"url\":\"https:\/\/reclaimedantiquewoods.com\/fr\/\",\"name\":\"Bois Antique Veser\",\"description\":\"\",\"potentialAction\":[{\"@type\":\"SearchAction\",\"target\":{\"@type\":\"EntryPoint\",\"urlTemplate\":\"https:\/\/reclaimedantiquewoods.com\/fr\/?s={search_term_string}\"},\"query-input\":{\"@type\":\"PropertyValueSpecification\",\"valueRequired\":true,\"valueName\":\"search_term_string\"}}],\"inLanguage\":\"fr-FR\"}]}<\/script>\n<!-- \/ Yoast SEO plugin. -->","yoast_head_json":{"title":"PLANCHER TOSCANE EN CH\u00caNE MODERNE - Bois Antique Veser","robots":{"index":"index","follow":"follow","max-snippet":"max-snippet:-1","max-image-preview":"max-image-preview:large","max-video-preview":"max-video-preview:-1"},"canonical":"https:\/\/reclaimedantiquewoods.com\/fr\/produit\/plancher-toscane-en-chene-moderne\/","og_locale":"fr_FR","og_type":"article","og_title":"PLANCHER TOSCANE EN CH\u00caNE MODERNE - Bois Antique Veser","og_description":"Nous vous pr\u00e9sentons notre Collection de planchers en ch\u00eane modernes, o\u00f9 l'\u00e9l\u00e9gance intemporelle c\u00f4toie le style contemporain. Fabriqu\u00e9e avec pr\u00e9cision et passion, chaque plancher de bois franc en ch\u00eane Toscane incarne l'harmonie parfaite entre la beaut\u00e9 de la nature et l'esth\u00e9tisme du design moderne. Rehaussez votre espace avec des lignes \u00e9pur\u00e9es, des textures riches et une gamme de finitions variant du gris au brun qui \u00e9voquent la sophistication. De votre salon \u00e0 vos bureaux, notre plancher vintage en bois franc se veut beaucoup plus qu\u2019une surface : c\u2019est une v\u00e9ritable d\u00e9claration de luxe et de durabilit\u00e9. D\u00e9couvrez la chaleur d\u2019un plancher de ch\u00eane moderne sous vos pieds et laissez-vous s\u00e9duire par l'allure intemporelle de ce plancher.  Parce que nos produits en bois sont uniques, les images et les \u00e9chantillons pr\u00e9sent\u00e9s sur notre site Web et dans sur nos m\u00e9dias sociaux ne refl\u00e8tent pas toutes les variations de couleur, de patine et de caract\u00e8re. Toutes nos commandes sont pr\u00e9par\u00e9es sur mesure. Afin de nous assurer que nos produits r\u00e9pondent \u00e0 vos besoins, veuillez nous contacter par courriel ou par t\u00e9l\u00e9phone, et n\u2019oubliez-pas de consulter notre onglet \u00ab\u00a0SP\u00c9CIFICATIONS\u00a0\u00bb ci-dessous pour les options standard.","og_url":"https:\/\/reclaimedantiquewoods.com\/fr\/produit\/plancher-toscane-en-chene-moderne\/","og_site_name":"Bois Antique Veser","article_modified_time":"2024-05-09T13:16:02+00:00","og_image":[{"width":2560,"height":2560,"url":"https:\/\/reclaimedantiquewoods.com\/wp-content\/uploads\/2024\/05\/tuscany-1-scaled.jpeg","type":"image\/jpeg"}],"twitter_card":"summary_large_image","twitter_misc":{"Dur\u00e9e de lecture estim\u00e9e":"1 minute"},"schema":{"@context":"https:\/\/schema.org","@graph":[{"@type":"WebPage","@id":"https:\/\/reclaimedantiquewoods.com\/fr\/produit\/plancher-toscane-en-chene-moderne\/","url":"https:\/\/reclaimedantiquewoods.com\/fr\/produit\/plancher-toscane-en-chene-moderne\/","name":"PLANCHER TOSCANE EN CH\u00caNE MODERNE - Bois Antique Veser","isPartOf":{"@id":"https:\/\/reclaimedantiquewoods.com\/fr\/#website"},"primaryImageOfPage":{"@id":"https:\/\/reclaimedantiquewoods.com\/fr\/produit\/plancher-toscane-en-chene-moderne\/#primaryimage"},"image":{"@id":"https:\/\/reclaimedantiquewoods.com\/fr\/produit\/plancher-toscane-en-chene-moderne\/#primaryimage"},"thumbnailUrl":"https:\/\/reclaimedantiquewoods.com\/wp-content\/uploads\/2024\/05\/tuscany-1-scaled.jpeg","datePublished":"2020-10-07T13:55:35+00:00","dateModified":"2024-05-09T13:16:02+00:00","breadcrumb":{"@id":"https:\/\/reclaimedantiquewoods.com\/fr\/produit\/plancher-toscane-en-chene-moderne\/#breadcrumb"},"inLanguage":"fr-FR","potentialAction":[{"@type":"ReadAction","target":["https:\/\/reclaimedantiquewoods.com\/fr\/produit\/plancher-toscane-en-chene-moderne\/"]}]},{"@type":"ImageObject","inLanguage":"fr-FR","@id":"https:\/\/reclaimedantiquewoods.com\/fr\/produit\/plancher-toscane-en-chene-moderne\/#primaryimage","url":"https:\/\/reclaimedantiquewoods.com\/wp-content\/uploads\/2024\/05\/tuscany-1-scaled.jpeg","contentUrl":"https:\/\/reclaimedantiquewoods.com\/wp-content\/uploads\/2024\/05\/tuscany-1-scaled.jpeg","width":2560,"height":2560},{"@type":"BreadcrumbList","@id":"https:\/\/reclaimedantiquewoods.com\/fr\/produit\/plancher-toscane-en-chene-moderne\/#breadcrumb","itemListElement":[{"@type":"ListItem","position":1,"name":"Home","item":"https:\/\/reclaimedantiquewoods.com\/fr\/"},{"@type":"ListItem","position":2,"name":"Nos produits","item":"https:\/\/reclaimedantiquewoods.com\/fr\/boutique\/"},{"@type":"ListItem","position":3,"name":"PLANCHER TOSCANE EN CH\u00caNE MODERNE"}]},{"@type":"WebSite","@id":"https:\/\/reclaimedantiquewoods.com\/fr\/#website","url":"https:\/\/reclaimedantiquewoods.com\/fr\/","name":"Bois Antique Veser","description":"","potentialAction":[{"@type":"SearchAction","target":{"@type":"EntryPoint","urlTemplate":"https:\/\/reclaimedantiquewoods.com\/fr\/?s={search_term_string}"},"query-input":{"@type":"PropertyValueSpecification","valueRequired":true,"valueName":"search_term_string"}}],"inLanguage":"fr-FR"}]}},"_links":{"self":[{"href":"https:\/\/reclaimedantiquewoods.com\/fr\/wp-json\/wp\/v2\/product\/14590","targetHints":{"allow":["GET"]}}],"collection":[{"href":"https:\/\/reclaimedantiquewoods.com\/fr\/wp-json\/wp\/v2\/product"}],"about":[{"href":"https:\/\/reclaimedantiquewoods.com\/fr\/wp-json\/wp\/v2\/types\/product"}],"replies":[{"embeddable":true,"href":"https:\/\/reclaimedantiquewoods.com\/fr\/wp-json\/wp\/v2\/comments?post=14590"}],"wp:featuredmedia":[{"embeddable":true,"href":"https:\/\/reclaimedantiquewoods.com\/fr\/wp-json\/wp\/v2\/media\/14589"}],"wp:attachment":[{"href":"https:\/\/reclaimedantiquewoods.com\/fr\/wp-json\/wp\/v2\/media?parent=14590"}],"wp:term":[{"taxonomy":"product_brand","embeddable":true,"href":"https:\/\/reclaimedantiquewoods.com\/fr\/wp-json\/wp\/v2\/product_brand?post=14590"},{"taxonomy":"product_cat","embeddable":true,"href":"https:\/\/reclaimedantiquewoods.com\/fr\/wp-json\/wp\/v2\/product_cat?post=14590"},{"taxonomy":"product_tag","embeddable":true,"href":"https:\/\/reclaimedantiquewoods.com\/fr\/wp-json\/wp\/v2\/product_tag?post=14590"}],"curies":[{"name":"wp","href":"https:\/\/api.w.org\/{rel}","templated":true}]}}