{"id":14638,"date":"2024-06-13T01:51:06","date_gmt":"2024-06-13T00:04:06","guid":{"rendered":"https:\/\/reclaimedantiquewoods.com\/product\/royal-douglas-fir-beams\/"},"modified":"2024-06-13T01:55:50","modified_gmt":"2024-06-13T01:55:50","slug":"poutres-pin-douglas-royal","status":"publish","type":"product","link":"https:\/\/reclaimedantiquewoods.com\/fr\/produit\/poutres-pin-douglas-royal\/","title":{"rendered":"Poutres Pin Douglas Royal"},"content":{"rendered":"<p>Nos poutres antiques Pin Douglas Royal taill\u00e9es \u00e0 la hache repr\u00e9sentent l&rsquo;original et le chic authentique en mati\u00e8re de bois recycl\u00e9. Elles proviennent de diverses granges en Am\u00e9rique du Nord. Comme elles \u00e9taient utilis\u00e9es il y a plus de 100 ans comme poutres de soutien dans les granges et les vieilles structures, les poutres taill\u00e9es \u00e0 la hache sont souvent appel\u00e9es \u00ab\u00a0hand adzed\u00a0\u00bb, en r\u00e9f\u00e9rence au nom de la hache utilis\u00e9e par nos anc\u00eatres pour sculpter ces pr\u00e9cieux bijoux. La patine originale de ces poutres pr\u00e9sente des variations de tons de couleurs qui vont d\u2019une patine orange clair \u00e0 une patine orange fonc\u00e9. D&rsquo;aspect rustiques dans un d\u00e9cor souvent contemporain, ces poutres attirent le regard de tous.<\/p>\n<ul>\n<li>Consultez notre section \u00ab Magasinez en ligne \u00bb pour conna\u00eetre tous les d\u00e9tails de la livraison gratuite!<\/li>\n<li>Pour l&rsquo;exp\u00e9dition internationale, veuillez nous appeler! Nous exp\u00e9dions partout dans le monde.<\/li>\n<\/ul>\n","protected":false},"excerpt":{"rendered":"<p>D\u00e9couvrez nos magnifiques Poutres Pin Douglas Royal taill\u00e9es \u00e0 la hache, l&rsquo;essence m\u00eame du charme rustique et de l&rsquo;\u00e9l\u00e9gance durable. Fabriqu\u00e9es \u00e0 partir de bois soigneusement r\u00e9cup\u00e9r\u00e9 de granges en Am\u00e9rique du Nord, chaque poutre raconte une histoire unique, ajoutant du caract\u00e8re et de l&rsquo;authenticit\u00e9 \u00e0 tout espace.<\/p>\n<p>Taill\u00e9es \u00e0 la main par des artisans \u00e0 partir d&rsquo;arbres centenaires, ces poutres portent les marques du temps avec des traces de hache distinctives, des poches de mortaise originales, des encoches, des trous de chevilles, des empreintes d&rsquo;insectes, des n\u0153uds et une patine vieillie par les intemp\u00e9ries. Chaque poutre raconte une histoire de savoir-faire et de r\u00e9silience, \u00e9voquant l&rsquo;h\u00e9ritage des \u00e9poques r\u00e9volues tout en incarnant les principes modernes de durabilit\u00e9.<\/p>\n<p>Parfaites pour les projets r\u00e9sidentiels et commerciaux, nos Poutres Pin Douglas Royal apportent chaleur et texture aux espaces int\u00e9rieurs, qu&rsquo;elles soient utilis\u00e9es comme \u00e9l\u00e9ment structural, fausses poutres, accents d\u00e9coratifs ou manteaux de chemin\u00e9e. Laissez-vous s\u00e9duire par le charme de l&rsquo;histoire et de long\u00e9vit\u00e9 avec nos poutres ancestrales taill\u00e9es \u00e0 la hache, o\u00f9 chaque imperfection est le t\u00e9moignage de son voyage \u00e0 travers le temps.<\/p>\n<p><strong style=\"color: #13763c;\">Parce que nos produits en bois sont uniques, les images et les \u00e9chantillons pr\u00e9sent\u00e9s sur notre site Web et m\u00e9dias sociaux ne refl\u00e8tent pas toutes les variations de couleur, de patine et de caract\u00e8re. Toutes nos commandes sont pr\u00e9par\u00e9es sur mesure.\u00a0Afin de nous assurer que nos produits r\u00e9pondent \u00e0 vos besoins, veuillez nous contacter par courriel ou par t\u00e9l\u00e9phone, et n\u2019oubliez-pas de consulter notre onglet \u00ab\u00a0SP\u00c9CIFICATIONS\u00a0\u00bb ci-dessous pour les options standard.<\/strong><\/p>\n","protected":false},"featured_media":14627,"comment_status":"open","ping_status":"closed","template":"","meta":[],"product_brand":[],"product_cat":[392,393],"product_tag":[312,398,313,337,397,333,330,334,332],"class_list":{"0":"post-14638","1":"product","2":"type-product","3":"status-publish","4":"has-post-thumbnail","6":"product_cat-poutres-taillees-a-la-hache","7":"product_cat-fausses-poutres-en-bois","8":"product_tag-exterieur","9":"product_tag-box-beams-fr","10":"product_tag-interieur","11":"product_tag-manteau-de-foyer-en-bois-de-grange","12":"product_tag-barn-beam-mantel-fr","13":"product_tag-poutres-de-bois","14":"product_tag-poutres-de-grange","15":"product_tag-poutres-en-bois-pour-plafond","16":"product_tag-poutres-en-bois-recycle","18":"first","19":"instock","20":"taxable","21":"shipping-taxable","22":"product-type-simple"},"yoast_head":"<!-- This site is optimized with the Yoast SEO plugin v26.2 - https:\/\/yoast.com\/wordpress\/plugins\/seo\/ -->\n<title>Poutres Pin Douglas Royal - Bois Antique Veser<\/title>\n<meta name=\"robots\" content=\"index, follow, max-snippet:-1, max-image-preview:large, max-video-preview:-1\" \/>\n<link rel=\"canonical\" href=\"https:\/\/reclaimedantiquewoods.com\/fr\/produit\/poutres-pin-douglas-royal\/\" \/>\n<meta property=\"og:locale\" content=\"fr_FR\" \/>\n<meta property=\"og:type\" content=\"article\" \/>\n<meta property=\"og:title\" content=\"Poutres Pin Douglas Royal - Bois Antique Veser\" \/>\n<meta property=\"og:description\" content=\"D\u00e9couvrez nos magnifiques Poutres Pin Douglas Royal taill\u00e9es \u00e0 la hache, l&#039;essence m\u00eame du charme rustique et de l&#039;\u00e9l\u00e9gance durable. Fabriqu\u00e9es \u00e0 partir de bois soigneusement r\u00e9cup\u00e9r\u00e9 de granges en Am\u00e9rique du Nord, chaque poutre raconte une histoire unique, ajoutant du caract\u00e8re et de l&#039;authenticit\u00e9 \u00e0 tout espace.  Taill\u00e9es \u00e0 la main par des artisans \u00e0 partir d&#039;arbres centenaires, ces poutres portent les marques du temps avec des traces de hache distinctives, des poches de mortaise originales, des encoches, des trous de chevilles, des empreintes d&#039;insectes, des n\u0153uds et une patine vieillie par les intemp\u00e9ries. Chaque poutre raconte une histoire de savoir-faire et de r\u00e9silience, \u00e9voquant l&#039;h\u00e9ritage des \u00e9poques r\u00e9volues tout en incarnant les principes modernes de durabilit\u00e9.  Parfaites pour les projets r\u00e9sidentiels et commerciaux, nos Poutres Pin Douglas Royal apportent chaleur et texture aux espaces int\u00e9rieurs, qu&#039;elles soient utilis\u00e9es comme \u00e9l\u00e9ment structural, fausses poutres, accents d\u00e9coratifs ou manteaux de chemin\u00e9e. Laissez-vous s\u00e9duire par le charme de l&#039;histoire et de long\u00e9vit\u00e9 avec nos poutres ancestrales taill\u00e9es \u00e0 la hache, o\u00f9 chaque imperfection est le t\u00e9moignage de son voyage \u00e0 travers le temps.  Parce que nos produits en bois sont uniques, les images et les \u00e9chantillons pr\u00e9sent\u00e9s sur notre site Web et m\u00e9dias sociaux ne refl\u00e8tent pas toutes les variations de couleur, de patine et de caract\u00e8re. Toutes nos commandes sont pr\u00e9par\u00e9es sur mesure.\u00a0Afin de nous assurer que nos produits r\u00e9pondent \u00e0 vos besoins, veuillez nous contacter par courriel ou par t\u00e9l\u00e9phone, et n\u2019oubliez-pas de consulter notre onglet \u00ab\u00a0SP\u00c9CIFICATIONS\u00a0\u00bb ci-dessous pour les options standard.\" \/>\n<meta property=\"og:url\" content=\"https:\/\/reclaimedantiquewoods.com\/fr\/produit\/poutres-pin-douglas-royal\/\" \/>\n<meta property=\"og:site_name\" content=\"Bois Antique Veser\" \/>\n<meta property=\"article:modified_time\" content=\"2024-06-13T01:55:50+00:00\" \/>\n<meta property=\"og:image\" content=\"https:\/\/reclaimedantiquewoods.com\/wp-content\/uploads\/2024\/06\/royal-douglas1-scaled.jpeg\" \/>\n\t<meta property=\"og:image:width\" content=\"2560\" \/>\n\t<meta property=\"og:image:height\" content=\"2560\" \/>\n\t<meta property=\"og:image:type\" content=\"image\/jpeg\" \/>\n<meta name=\"twitter:card\" content=\"summary_large_image\" \/>\n<meta name=\"twitter:label1\" content=\"Dur\u00e9e de lecture estim\u00e9e\" \/>\n\t<meta name=\"twitter:data1\" content=\"1 minute\" \/>\n<script type=\"application\/ld+json\" class=\"yoast-schema-graph\">{\"@context\":\"https:\/\/schema.org\",\"@graph\":[{\"@type\":\"WebPage\",\"@id\":\"https:\/\/reclaimedantiquewoods.com\/fr\/produit\/poutres-pin-douglas-royal\/\",\"url\":\"https:\/\/reclaimedantiquewoods.com\/fr\/produit\/poutres-pin-douglas-royal\/\",\"name\":\"Poutres Pin Douglas Royal - Bois Antique Veser\",\"isPartOf\":{\"@id\":\"https:\/\/reclaimedantiquewoods.com\/fr\/#website\"},\"primaryImageOfPage\":{\"@id\":\"https:\/\/reclaimedantiquewoods.com\/fr\/produit\/poutres-pin-douglas-royal\/#primaryimage\"},\"image\":{\"@id\":\"https:\/\/reclaimedantiquewoods.com\/fr\/produit\/poutres-pin-douglas-royal\/#primaryimage\"},\"thumbnailUrl\":\"https:\/\/reclaimedantiquewoods.com\/wp-content\/uploads\/2024\/06\/royal-douglas1-scaled.jpeg\",\"datePublished\":\"2024-06-13T00:04:06+00:00\",\"dateModified\":\"2024-06-13T01:55:50+00:00\",\"breadcrumb\":{\"@id\":\"https:\/\/reclaimedantiquewoods.com\/fr\/produit\/poutres-pin-douglas-royal\/#breadcrumb\"},\"inLanguage\":\"fr-FR\",\"potentialAction\":[{\"@type\":\"ReadAction\",\"target\":[\"https:\/\/reclaimedantiquewoods.com\/fr\/produit\/poutres-pin-douglas-royal\/\"]}]},{\"@type\":\"ImageObject\",\"inLanguage\":\"fr-FR\",\"@id\":\"https:\/\/reclaimedantiquewoods.com\/fr\/produit\/poutres-pin-douglas-royal\/#primaryimage\",\"url\":\"https:\/\/reclaimedantiquewoods.com\/wp-content\/uploads\/2024\/06\/royal-douglas1-scaled.jpeg\",\"contentUrl\":\"https:\/\/reclaimedantiquewoods.com\/wp-content\/uploads\/2024\/06\/royal-douglas1-scaled.jpeg\",\"width\":2560,\"height\":2560},{\"@type\":\"BreadcrumbList\",\"@id\":\"https:\/\/reclaimedantiquewoods.com\/fr\/produit\/poutres-pin-douglas-royal\/#breadcrumb\",\"itemListElement\":[{\"@type\":\"ListItem\",\"position\":1,\"name\":\"Home\",\"item\":\"https:\/\/reclaimedantiquewoods.com\/fr\/\"},{\"@type\":\"ListItem\",\"position\":2,\"name\":\"Nos produits\",\"item\":\"https:\/\/reclaimedantiquewoods.com\/fr\/boutique\/\"},{\"@type\":\"ListItem\",\"position\":3,\"name\":\"Poutres Pin Douglas Royal\"}]},{\"@type\":\"WebSite\",\"@id\":\"https:\/\/reclaimedantiquewoods.com\/fr\/#website\",\"url\":\"https:\/\/reclaimedantiquewoods.com\/fr\/\",\"name\":\"Bois Antique Veser\",\"description\":\"\",\"potentialAction\":[{\"@type\":\"SearchAction\",\"target\":{\"@type\":\"EntryPoint\",\"urlTemplate\":\"https:\/\/reclaimedantiquewoods.com\/fr\/?s={search_term_string}\"},\"query-input\":{\"@type\":\"PropertyValueSpecification\",\"valueRequired\":true,\"valueName\":\"search_term_string\"}}],\"inLanguage\":\"fr-FR\"}]}<\/script>\n<!-- \/ Yoast SEO plugin. -->","yoast_head_json":{"title":"Poutres Pin Douglas Royal - Bois Antique Veser","robots":{"index":"index","follow":"follow","max-snippet":"max-snippet:-1","max-image-preview":"max-image-preview:large","max-video-preview":"max-video-preview:-1"},"canonical":"https:\/\/reclaimedantiquewoods.com\/fr\/produit\/poutres-pin-douglas-royal\/","og_locale":"fr_FR","og_type":"article","og_title":"Poutres Pin Douglas Royal - Bois Antique Veser","og_description":"D\u00e9couvrez nos magnifiques Poutres Pin Douglas Royal taill\u00e9es \u00e0 la hache, l'essence m\u00eame du charme rustique et de l'\u00e9l\u00e9gance durable. Fabriqu\u00e9es \u00e0 partir de bois soigneusement r\u00e9cup\u00e9r\u00e9 de granges en Am\u00e9rique du Nord, chaque poutre raconte une histoire unique, ajoutant du caract\u00e8re et de l'authenticit\u00e9 \u00e0 tout espace.  Taill\u00e9es \u00e0 la main par des artisans \u00e0 partir d'arbres centenaires, ces poutres portent les marques du temps avec des traces de hache distinctives, des poches de mortaise originales, des encoches, des trous de chevilles, des empreintes d'insectes, des n\u0153uds et une patine vieillie par les intemp\u00e9ries. Chaque poutre raconte une histoire de savoir-faire et de r\u00e9silience, \u00e9voquant l'h\u00e9ritage des \u00e9poques r\u00e9volues tout en incarnant les principes modernes de durabilit\u00e9.  Parfaites pour les projets r\u00e9sidentiels et commerciaux, nos Poutres Pin Douglas Royal apportent chaleur et texture aux espaces int\u00e9rieurs, qu'elles soient utilis\u00e9es comme \u00e9l\u00e9ment structural, fausses poutres, accents d\u00e9coratifs ou manteaux de chemin\u00e9e. Laissez-vous s\u00e9duire par le charme de l'histoire et de long\u00e9vit\u00e9 avec nos poutres ancestrales taill\u00e9es \u00e0 la hache, o\u00f9 chaque imperfection est le t\u00e9moignage de son voyage \u00e0 travers le temps.  Parce que nos produits en bois sont uniques, les images et les \u00e9chantillons pr\u00e9sent\u00e9s sur notre site Web et m\u00e9dias sociaux ne refl\u00e8tent pas toutes les variations de couleur, de patine et de caract\u00e8re. Toutes nos commandes sont pr\u00e9par\u00e9es sur mesure.\u00a0Afin de nous assurer que nos produits r\u00e9pondent \u00e0 vos besoins, veuillez nous contacter par courriel ou par t\u00e9l\u00e9phone, et n\u2019oubliez-pas de consulter notre onglet \u00ab\u00a0SP\u00c9CIFICATIONS\u00a0\u00bb ci-dessous pour les options standard.","og_url":"https:\/\/reclaimedantiquewoods.com\/fr\/produit\/poutres-pin-douglas-royal\/","og_site_name":"Bois Antique Veser","article_modified_time":"2024-06-13T01:55:50+00:00","og_image":[{"width":2560,"height":2560,"url":"https:\/\/reclaimedantiquewoods.com\/wp-content\/uploads\/2024\/06\/royal-douglas1-scaled.jpeg","type":"image\/jpeg"}],"twitter_card":"summary_large_image","twitter_misc":{"Dur\u00e9e de lecture estim\u00e9e":"1 minute"},"schema":{"@context":"https:\/\/schema.org","@graph":[{"@type":"WebPage","@id":"https:\/\/reclaimedantiquewoods.com\/fr\/produit\/poutres-pin-douglas-royal\/","url":"https:\/\/reclaimedantiquewoods.com\/fr\/produit\/poutres-pin-douglas-royal\/","name":"Poutres Pin Douglas Royal - Bois Antique Veser","isPartOf":{"@id":"https:\/\/reclaimedantiquewoods.com\/fr\/#website"},"primaryImageOfPage":{"@id":"https:\/\/reclaimedantiquewoods.com\/fr\/produit\/poutres-pin-douglas-royal\/#primaryimage"},"image":{"@id":"https:\/\/reclaimedantiquewoods.com\/fr\/produit\/poutres-pin-douglas-royal\/#primaryimage"},"thumbnailUrl":"https:\/\/reclaimedantiquewoods.com\/wp-content\/uploads\/2024\/06\/royal-douglas1-scaled.jpeg","datePublished":"2024-06-13T00:04:06+00:00","dateModified":"2024-06-13T01:55:50+00:00","breadcrumb":{"@id":"https:\/\/reclaimedantiquewoods.com\/fr\/produit\/poutres-pin-douglas-royal\/#breadcrumb"},"inLanguage":"fr-FR","potentialAction":[{"@type":"ReadAction","target":["https:\/\/reclaimedantiquewoods.com\/fr\/produit\/poutres-pin-douglas-royal\/"]}]},{"@type":"ImageObject","inLanguage":"fr-FR","@id":"https:\/\/reclaimedantiquewoods.com\/fr\/produit\/poutres-pin-douglas-royal\/#primaryimage","url":"https:\/\/reclaimedantiquewoods.com\/wp-content\/uploads\/2024\/06\/royal-douglas1-scaled.jpeg","contentUrl":"https:\/\/reclaimedantiquewoods.com\/wp-content\/uploads\/2024\/06\/royal-douglas1-scaled.jpeg","width":2560,"height":2560},{"@type":"BreadcrumbList","@id":"https:\/\/reclaimedantiquewoods.com\/fr\/produit\/poutres-pin-douglas-royal\/#breadcrumb","itemListElement":[{"@type":"ListItem","position":1,"name":"Home","item":"https:\/\/reclaimedantiquewoods.com\/fr\/"},{"@type":"ListItem","position":2,"name":"Nos produits","item":"https:\/\/reclaimedantiquewoods.com\/fr\/boutique\/"},{"@type":"ListItem","position":3,"name":"Poutres Pin Douglas Royal"}]},{"@type":"WebSite","@id":"https:\/\/reclaimedantiquewoods.com\/fr\/#website","url":"https:\/\/reclaimedantiquewoods.com\/fr\/","name":"Bois Antique Veser","description":"","potentialAction":[{"@type":"SearchAction","target":{"@type":"EntryPoint","urlTemplate":"https:\/\/reclaimedantiquewoods.com\/fr\/?s={search_term_string}"},"query-input":{"@type":"PropertyValueSpecification","valueRequired":true,"valueName":"search_term_string"}}],"inLanguage":"fr-FR"}]}},"_links":{"self":[{"href":"https:\/\/reclaimedantiquewoods.com\/fr\/wp-json\/wp\/v2\/product\/14638","targetHints":{"allow":["GET"]}}],"collection":[{"href":"https:\/\/reclaimedantiquewoods.com\/fr\/wp-json\/wp\/v2\/product"}],"about":[{"href":"https:\/\/reclaimedantiquewoods.com\/fr\/wp-json\/wp\/v2\/types\/product"}],"replies":[{"embeddable":true,"href":"https:\/\/reclaimedantiquewoods.com\/fr\/wp-json\/wp\/v2\/comments?post=14638"}],"wp:featuredmedia":[{"embeddable":true,"href":"https:\/\/reclaimedantiquewoods.com\/fr\/wp-json\/wp\/v2\/media\/14627"}],"wp:attachment":[{"href":"https:\/\/reclaimedantiquewoods.com\/fr\/wp-json\/wp\/v2\/media?parent=14638"}],"wp:term":[{"taxonomy":"product_brand","embeddable":true,"href":"https:\/\/reclaimedantiquewoods.com\/fr\/wp-json\/wp\/v2\/product_brand?post=14638"},{"taxonomy":"product_cat","embeddable":true,"href":"https:\/\/reclaimedantiquewoods.com\/fr\/wp-json\/wp\/v2\/product_cat?post=14638"},{"taxonomy":"product_tag","embeddable":true,"href":"https:\/\/reclaimedantiquewoods.com\/fr\/wp-json\/wp\/v2\/product_tag?post=14638"}],"curies":[{"name":"wp","href":"https:\/\/api.w.org\/{rel}","templated":true}]}}