{"id":14660,"date":"2024-06-11T18:01:10","date_gmt":"2024-06-11T18:01:10","guid":{"rendered":"https:\/\/reclaimedantiquewoods.com\/product\/tiger-shou-sugi-ban-beams\/"},"modified":"2024-06-18T18:47:08","modified_gmt":"2024-06-18T18:47:08","slug":"poutres-tigre-shou-sugi-ban","status":"publish","type":"product","link":"https:\/\/reclaimedantiquewoods.com\/fr\/produit\/poutres-tigre-shou-sugi-ban\/","title":{"rendered":"Poutres Tigre Shou Sugi Ban"},"content":{"rendered":"<p>Rehaussez vos int\u00e9rieurs avec l&rsquo;allure distinctive de nos poutres Tigre Shou Sugi Ban Textur\u00e9es et Patin\u00e9es. Que vous r\u00e9noviez une maison de campagne authentique, que vous conceviez un loft\u00a0moderne et \u00e9l\u00e9gant ou que vous apportiez une touche rustique \u00e0 un environnement professionnel, nos poutres sont le compl\u00e9ment id\u00e9al. Faites l&rsquo;exp\u00e9rience de la diff\u00e9rence avec nos poutres textur\u00e9es de haute qualit\u00e9 et magnifiquement fabriqu\u00e9es.<\/p>\n<ul>\n<li>Consultez notre section \u00ab Magasinez en ligne \u00bb pour conna\u00eetre tous les d\u00e9tails de la livraison gratuite!<\/li>\n<li>Pour l&rsquo;exp\u00e9dition internationale, veuillez nous appeler! Nous exp\u00e9dions partout dans le monde.<\/li>\n<\/ul>\n","protected":false},"excerpt":{"rendered":"<p>D\u00e9couvrez nos poutres Tigre Shou Sugi Ban Textur\u00e9es et Patin\u00e9es, con\u00e7ues pour infuser une riche \u00e9l\u00e9gance \u00e0 tout d\u00e9cor. En r\u00e9f\u00e9rence \u00e0 l\u2019ancienne tradition japonaise consistant \u00e0 carboniser la surface expos\u00e9e cr\u00e9ant ainsi un bois br\u00fbl\u00e9 ext\u00e9rieur r\u00e9sistant aux intemp\u00e9ries et durable, nous br\u00fblons fortement la surface et brossons la couche molle, le tout offrant une belle combinaison de charbon et un grain profond textur\u00e9 de la couleur du tigre. L\u2019aspect est unique et raffin\u00e9.<\/p>\n<p>Qu&rsquo;elles soient utilis\u00e9es pour d\u00e9corer un plafond ou comme accents d\u00e9coratifs, nos poutres Tigre Shou Sugi Ban offrent un d\u00e9cor \u00e9l\u00e9gant et unique qui rehausse le caract\u00e8re et le charme de votre maison ou de votre propri\u00e9t\u00e9 commerciale. Ce produit peut \u00e9galement \u00eatre jumel\u00e9 \u00e0 nos nombreux Panneaux Muraux Shou Sugi Ban afin de cr\u00e9er un aspect remarquable et distinctif. N&rsquo;attendez plus pour faire l&rsquo;exp\u00e9rience de la complicit\u00e9 entre l&rsquo;artisanat et l&rsquo;esth\u00e9tique naturelle. Transformez votre espace avec nos poutres textur\u00e9es et patin\u00e9es d\u00e8s aujourd&rsquo;hui.<\/p>\n<p><strong style=\"color: #13763c;\">Parce que nos produits en bois sont uniques, les images et les \u00e9chantillons pr\u00e9sent\u00e9s sur notre site Web et m\u00e9dias sociaux ne refl\u00e8tent pas toutes les variations de couleur, de patine et de caract\u00e8re. Toutes nos commandes sont pr\u00e9par\u00e9es sur mesure. Afin de nous assurer que nos produits r\u00e9pondent \u00e0 vos besoins, veuillez nous contacter par courriel ou par t\u00e9l\u00e9phone, et n\u2019oubliez-pas de consulter notre onglet \u00ab SP\u00c9CIFICATIONS \u00bb ci-dessous pour les options standard.<\/strong><\/p>\n","protected":false},"featured_media":14653,"comment_status":"open","ping_status":"closed","template":"","meta":[],"product_brand":[],"product_cat":[393,391],"product_tag":[312,398,313,337,397,333,330,334,332,369,370],"class_list":{"0":"post-14660","1":"product","2":"type-product","3":"status-publish","4":"has-post-thumbnail","6":"product_cat-fausses-poutres-en-bois","7":"product_cat-poutres-texturees-et-patinees","8":"product_tag-exterieur","9":"product_tag-box-beams-fr","10":"product_tag-interieur","11":"product_tag-manteau-de-foyer-en-bois-de-grange","12":"product_tag-barn-beam-mantel-fr","13":"product_tag-poutres-de-bois","14":"product_tag-poutres-de-grange","15":"product_tag-poutres-en-bois-pour-plafond","16":"product_tag-poutres-en-bois-recycle","17":"product_tag-shou-sugi-ban","18":"product_tag-yakisugi","20":"first","21":"instock","22":"taxable","23":"shipping-taxable","24":"product-type-simple"},"yoast_head":"<!-- This site is optimized with the Yoast SEO plugin v26.2 - https:\/\/yoast.com\/wordpress\/plugins\/seo\/ -->\n<title>Poutres Tigre Shou Sugi Ban - Bois Antique Veser<\/title>\n<meta name=\"robots\" content=\"index, follow, max-snippet:-1, max-image-preview:large, max-video-preview:-1\" \/>\n<link rel=\"canonical\" href=\"https:\/\/reclaimedantiquewoods.com\/fr\/produit\/poutres-tigre-shou-sugi-ban\/\" \/>\n<meta property=\"og:locale\" content=\"fr_FR\" \/>\n<meta property=\"og:type\" content=\"article\" \/>\n<meta property=\"og:title\" content=\"Poutres Tigre Shou Sugi Ban - Bois Antique Veser\" \/>\n<meta property=\"og:description\" content=\"D\u00e9couvrez nos poutres Tigre Shou Sugi Ban Textur\u00e9es et Patin\u00e9es, con\u00e7ues pour infuser une riche \u00e9l\u00e9gance \u00e0 tout d\u00e9cor. En r\u00e9f\u00e9rence \u00e0 l\u2019ancienne tradition japonaise consistant \u00e0 carboniser la surface expos\u00e9e cr\u00e9ant ainsi un bois br\u00fbl\u00e9 ext\u00e9rieur r\u00e9sistant aux intemp\u00e9ries et durable, nous br\u00fblons fortement la surface et brossons la couche molle, le tout offrant une belle combinaison de charbon et un grain profond textur\u00e9 de la couleur du tigre. L\u2019aspect est unique et raffin\u00e9.  Qu&#039;elles soient utilis\u00e9es pour d\u00e9corer un plafond ou comme accents d\u00e9coratifs, nos poutres Tigre Shou Sugi Ban offrent un d\u00e9cor \u00e9l\u00e9gant et unique qui rehausse le caract\u00e8re et le charme de votre maison ou de votre propri\u00e9t\u00e9 commerciale. Ce produit peut \u00e9galement \u00eatre jumel\u00e9 \u00e0 nos nombreux Panneaux Muraux Shou Sugi Ban afin de cr\u00e9er un aspect remarquable et distinctif. N&#039;attendez plus pour faire l&#039;exp\u00e9rience de la complicit\u00e9 entre l&#039;artisanat et l&#039;esth\u00e9tique naturelle. Transformez votre espace avec nos poutres textur\u00e9es et patin\u00e9es d\u00e8s aujourd&#039;hui.  Parce que nos produits en bois sont uniques, les images et les \u00e9chantillons pr\u00e9sent\u00e9s sur notre site Web et m\u00e9dias sociaux ne refl\u00e8tent pas toutes les variations de couleur, de patine et de caract\u00e8re. Toutes nos commandes sont pr\u00e9par\u00e9es sur mesure. Afin de nous assurer que nos produits r\u00e9pondent \u00e0 vos besoins, veuillez nous contacter par courriel ou par t\u00e9l\u00e9phone, et n\u2019oubliez-pas de consulter notre onglet \u00ab SP\u00c9CIFICATIONS \u00bb ci-dessous pour les options standard.\" \/>\n<meta property=\"og:url\" content=\"https:\/\/reclaimedantiquewoods.com\/fr\/produit\/poutres-tigre-shou-sugi-ban\/\" \/>\n<meta property=\"og:site_name\" content=\"Bois Antique Veser\" \/>\n<meta property=\"article:modified_time\" content=\"2024-06-18T18:47:08+00:00\" \/>\n<meta property=\"og:image\" content=\"https:\/\/reclaimedantiquewoods.com\/wp-content\/uploads\/2024\/06\/tiger-1-scaled.jpeg\" \/>\n\t<meta property=\"og:image:width\" content=\"2560\" \/>\n\t<meta property=\"og:image:height\" content=\"2560\" \/>\n\t<meta property=\"og:image:type\" content=\"image\/jpeg\" \/>\n<meta name=\"twitter:card\" content=\"summary_large_image\" \/>\n<meta name=\"twitter:label1\" content=\"Dur\u00e9e de lecture estim\u00e9e\" \/>\n\t<meta name=\"twitter:data1\" content=\"1 minute\" \/>\n<script type=\"application\/ld+json\" class=\"yoast-schema-graph\">{\"@context\":\"https:\/\/schema.org\",\"@graph\":[{\"@type\":\"WebPage\",\"@id\":\"https:\/\/reclaimedantiquewoods.com\/fr\/produit\/poutres-tigre-shou-sugi-ban\/\",\"url\":\"https:\/\/reclaimedantiquewoods.com\/fr\/produit\/poutres-tigre-shou-sugi-ban\/\",\"name\":\"Poutres Tigre Shou Sugi Ban - Bois Antique Veser\",\"isPartOf\":{\"@id\":\"https:\/\/reclaimedantiquewoods.com\/fr\/#website\"},\"primaryImageOfPage\":{\"@id\":\"https:\/\/reclaimedantiquewoods.com\/fr\/produit\/poutres-tigre-shou-sugi-ban\/#primaryimage\"},\"image\":{\"@id\":\"https:\/\/reclaimedantiquewoods.com\/fr\/produit\/poutres-tigre-shou-sugi-ban\/#primaryimage\"},\"thumbnailUrl\":\"https:\/\/reclaimedantiquewoods.com\/wp-content\/uploads\/2024\/06\/tiger-1-scaled.jpeg\",\"datePublished\":\"2024-06-11T18:01:10+00:00\",\"dateModified\":\"2024-06-18T18:47:08+00:00\",\"breadcrumb\":{\"@id\":\"https:\/\/reclaimedantiquewoods.com\/fr\/produit\/poutres-tigre-shou-sugi-ban\/#breadcrumb\"},\"inLanguage\":\"fr-FR\",\"potentialAction\":[{\"@type\":\"ReadAction\",\"target\":[\"https:\/\/reclaimedantiquewoods.com\/fr\/produit\/poutres-tigre-shou-sugi-ban\/\"]}]},{\"@type\":\"ImageObject\",\"inLanguage\":\"fr-FR\",\"@id\":\"https:\/\/reclaimedantiquewoods.com\/fr\/produit\/poutres-tigre-shou-sugi-ban\/#primaryimage\",\"url\":\"https:\/\/reclaimedantiquewoods.com\/wp-content\/uploads\/2024\/06\/tiger-1-scaled.jpeg\",\"contentUrl\":\"https:\/\/reclaimedantiquewoods.com\/wp-content\/uploads\/2024\/06\/tiger-1-scaled.jpeg\",\"width\":2560,\"height\":2560},{\"@type\":\"BreadcrumbList\",\"@id\":\"https:\/\/reclaimedantiquewoods.com\/fr\/produit\/poutres-tigre-shou-sugi-ban\/#breadcrumb\",\"itemListElement\":[{\"@type\":\"ListItem\",\"position\":1,\"name\":\"Home\",\"item\":\"https:\/\/reclaimedantiquewoods.com\/fr\/\"},{\"@type\":\"ListItem\",\"position\":2,\"name\":\"Nos produits\",\"item\":\"https:\/\/reclaimedantiquewoods.com\/fr\/boutique\/\"},{\"@type\":\"ListItem\",\"position\":3,\"name\":\"Poutres Tigre Shou Sugi Ban\"}]},{\"@type\":\"WebSite\",\"@id\":\"https:\/\/reclaimedantiquewoods.com\/fr\/#website\",\"url\":\"https:\/\/reclaimedantiquewoods.com\/fr\/\",\"name\":\"Bois Antique Veser\",\"description\":\"\",\"potentialAction\":[{\"@type\":\"SearchAction\",\"target\":{\"@type\":\"EntryPoint\",\"urlTemplate\":\"https:\/\/reclaimedantiquewoods.com\/fr\/?s={search_term_string}\"},\"query-input\":{\"@type\":\"PropertyValueSpecification\",\"valueRequired\":true,\"valueName\":\"search_term_string\"}}],\"inLanguage\":\"fr-FR\"}]}<\/script>\n<!-- \/ Yoast SEO plugin. -->","yoast_head_json":{"title":"Poutres Tigre Shou Sugi Ban - Bois Antique Veser","robots":{"index":"index","follow":"follow","max-snippet":"max-snippet:-1","max-image-preview":"max-image-preview:large","max-video-preview":"max-video-preview:-1"},"canonical":"https:\/\/reclaimedantiquewoods.com\/fr\/produit\/poutres-tigre-shou-sugi-ban\/","og_locale":"fr_FR","og_type":"article","og_title":"Poutres Tigre Shou Sugi Ban - Bois Antique Veser","og_description":"D\u00e9couvrez nos poutres Tigre Shou Sugi Ban Textur\u00e9es et Patin\u00e9es, con\u00e7ues pour infuser une riche \u00e9l\u00e9gance \u00e0 tout d\u00e9cor. En r\u00e9f\u00e9rence \u00e0 l\u2019ancienne tradition japonaise consistant \u00e0 carboniser la surface expos\u00e9e cr\u00e9ant ainsi un bois br\u00fbl\u00e9 ext\u00e9rieur r\u00e9sistant aux intemp\u00e9ries et durable, nous br\u00fblons fortement la surface et brossons la couche molle, le tout offrant une belle combinaison de charbon et un grain profond textur\u00e9 de la couleur du tigre. L\u2019aspect est unique et raffin\u00e9.  Qu'elles soient utilis\u00e9es pour d\u00e9corer un plafond ou comme accents d\u00e9coratifs, nos poutres Tigre Shou Sugi Ban offrent un d\u00e9cor \u00e9l\u00e9gant et unique qui rehausse le caract\u00e8re et le charme de votre maison ou de votre propri\u00e9t\u00e9 commerciale. Ce produit peut \u00e9galement \u00eatre jumel\u00e9 \u00e0 nos nombreux Panneaux Muraux Shou Sugi Ban afin de cr\u00e9er un aspect remarquable et distinctif. N'attendez plus pour faire l'exp\u00e9rience de la complicit\u00e9 entre l'artisanat et l'esth\u00e9tique naturelle. Transformez votre espace avec nos poutres textur\u00e9es et patin\u00e9es d\u00e8s aujourd'hui.  Parce que nos produits en bois sont uniques, les images et les \u00e9chantillons pr\u00e9sent\u00e9s sur notre site Web et m\u00e9dias sociaux ne refl\u00e8tent pas toutes les variations de couleur, de patine et de caract\u00e8re. Toutes nos commandes sont pr\u00e9par\u00e9es sur mesure. Afin de nous assurer que nos produits r\u00e9pondent \u00e0 vos besoins, veuillez nous contacter par courriel ou par t\u00e9l\u00e9phone, et n\u2019oubliez-pas de consulter notre onglet \u00ab SP\u00c9CIFICATIONS \u00bb ci-dessous pour les options standard.","og_url":"https:\/\/reclaimedantiquewoods.com\/fr\/produit\/poutres-tigre-shou-sugi-ban\/","og_site_name":"Bois Antique Veser","article_modified_time":"2024-06-18T18:47:08+00:00","og_image":[{"width":2560,"height":2560,"url":"https:\/\/reclaimedantiquewoods.com\/wp-content\/uploads\/2024\/06\/tiger-1-scaled.jpeg","type":"image\/jpeg"}],"twitter_card":"summary_large_image","twitter_misc":{"Dur\u00e9e de lecture estim\u00e9e":"1 minute"},"schema":{"@context":"https:\/\/schema.org","@graph":[{"@type":"WebPage","@id":"https:\/\/reclaimedantiquewoods.com\/fr\/produit\/poutres-tigre-shou-sugi-ban\/","url":"https:\/\/reclaimedantiquewoods.com\/fr\/produit\/poutres-tigre-shou-sugi-ban\/","name":"Poutres Tigre Shou Sugi Ban - Bois Antique Veser","isPartOf":{"@id":"https:\/\/reclaimedantiquewoods.com\/fr\/#website"},"primaryImageOfPage":{"@id":"https:\/\/reclaimedantiquewoods.com\/fr\/produit\/poutres-tigre-shou-sugi-ban\/#primaryimage"},"image":{"@id":"https:\/\/reclaimedantiquewoods.com\/fr\/produit\/poutres-tigre-shou-sugi-ban\/#primaryimage"},"thumbnailUrl":"https:\/\/reclaimedantiquewoods.com\/wp-content\/uploads\/2024\/06\/tiger-1-scaled.jpeg","datePublished":"2024-06-11T18:01:10+00:00","dateModified":"2024-06-18T18:47:08+00:00","breadcrumb":{"@id":"https:\/\/reclaimedantiquewoods.com\/fr\/produit\/poutres-tigre-shou-sugi-ban\/#breadcrumb"},"inLanguage":"fr-FR","potentialAction":[{"@type":"ReadAction","target":["https:\/\/reclaimedantiquewoods.com\/fr\/produit\/poutres-tigre-shou-sugi-ban\/"]}]},{"@type":"ImageObject","inLanguage":"fr-FR","@id":"https:\/\/reclaimedantiquewoods.com\/fr\/produit\/poutres-tigre-shou-sugi-ban\/#primaryimage","url":"https:\/\/reclaimedantiquewoods.com\/wp-content\/uploads\/2024\/06\/tiger-1-scaled.jpeg","contentUrl":"https:\/\/reclaimedantiquewoods.com\/wp-content\/uploads\/2024\/06\/tiger-1-scaled.jpeg","width":2560,"height":2560},{"@type":"BreadcrumbList","@id":"https:\/\/reclaimedantiquewoods.com\/fr\/produit\/poutres-tigre-shou-sugi-ban\/#breadcrumb","itemListElement":[{"@type":"ListItem","position":1,"name":"Home","item":"https:\/\/reclaimedantiquewoods.com\/fr\/"},{"@type":"ListItem","position":2,"name":"Nos produits","item":"https:\/\/reclaimedantiquewoods.com\/fr\/boutique\/"},{"@type":"ListItem","position":3,"name":"Poutres Tigre Shou Sugi Ban"}]},{"@type":"WebSite","@id":"https:\/\/reclaimedantiquewoods.com\/fr\/#website","url":"https:\/\/reclaimedantiquewoods.com\/fr\/","name":"Bois Antique Veser","description":"","potentialAction":[{"@type":"SearchAction","target":{"@type":"EntryPoint","urlTemplate":"https:\/\/reclaimedantiquewoods.com\/fr\/?s={search_term_string}"},"query-input":{"@type":"PropertyValueSpecification","valueRequired":true,"valueName":"search_term_string"}}],"inLanguage":"fr-FR"}]}},"_links":{"self":[{"href":"https:\/\/reclaimedantiquewoods.com\/fr\/wp-json\/wp\/v2\/product\/14660","targetHints":{"allow":["GET"]}}],"collection":[{"href":"https:\/\/reclaimedantiquewoods.com\/fr\/wp-json\/wp\/v2\/product"}],"about":[{"href":"https:\/\/reclaimedantiquewoods.com\/fr\/wp-json\/wp\/v2\/types\/product"}],"replies":[{"embeddable":true,"href":"https:\/\/reclaimedantiquewoods.com\/fr\/wp-json\/wp\/v2\/comments?post=14660"}],"wp:featuredmedia":[{"embeddable":true,"href":"https:\/\/reclaimedantiquewoods.com\/fr\/wp-json\/wp\/v2\/media\/14653"}],"wp:attachment":[{"href":"https:\/\/reclaimedantiquewoods.com\/fr\/wp-json\/wp\/v2\/media?parent=14660"}],"wp:term":[{"taxonomy":"product_brand","embeddable":true,"href":"https:\/\/reclaimedantiquewoods.com\/fr\/wp-json\/wp\/v2\/product_brand?post=14660"},{"taxonomy":"product_cat","embeddable":true,"href":"https:\/\/reclaimedantiquewoods.com\/fr\/wp-json\/wp\/v2\/product_cat?post=14660"},{"taxonomy":"product_tag","embeddable":true,"href":"https:\/\/reclaimedantiquewoods.com\/fr\/wp-json\/wp\/v2\/product_tag?post=14660"}],"curies":[{"name":"wp","href":"https:\/\/api.w.org\/{rel}","templated":true}]}}