{"id":14714,"date":"2024-06-11T20:02:19","date_gmt":"2024-06-11T20:02:19","guid":{"rendered":"https:\/\/reclaimedantiquewoods.com\/product\/stampede-brown-beams\/"},"modified":"2024-06-11T20:08:27","modified_gmt":"2024-06-11T20:08:27","slug":"poutres-brun-stampede","status":"publish","type":"product","link":"https:\/\/reclaimedantiquewoods.com\/fr\/produit\/poutres-brun-stampede\/","title":{"rendered":"Poutres Brun Stampede"},"content":{"rendered":"<p>Rehaussez vos int\u00e9rieurs avec l&rsquo;allure distinctive de nos poutres Brun Stampede Textur\u00e9es et Patin\u00e9es. Que vous r\u00e9noviez une maison de campagne authentique, que vous conceviez un loft moderne et \u00e9l\u00e9gant ou que vous apportiez une touche rustique \u00e0 un environnement professionnel, nos poutres sont le compl\u00e9ment id\u00e9al. Faites l&rsquo;exp\u00e9rience de la diff\u00e9rence avec nos poutres textur\u00e9es de haute qualit\u00e9 et magnifiquement fabriqu\u00e9es.<\/p>\n<ul>\n<li>Consultez notre section \u00ab Magasinez en ligne \u00bb pour conna\u00eetre tous les d\u00e9tails de la livraison gratuite!<\/li>\n<li>Pour l&rsquo;exp\u00e9dition internationale, veuillez nous appeler! Nous exp\u00e9dions partout dans le monde.<\/li>\n<\/ul>\n","protected":false},"excerpt":{"rendered":"<p>D\u00e9couvrez nos poutres Brun Stampede Textur\u00e9es et Patin\u00e9es, con\u00e7ues pour infuser une riche \u00e9l\u00e9gance rustique \u00e0 tout d\u00e9cor. Nos poutres textur\u00e9es proviennent principalement de fermes de champignons commerciales et vous appr\u00e9cierez les gros n\u0153uds expos\u00e9s, les crevasses profondes et les variations de tons de couleur allant d\u2019une patine vieillie brun moyen \u00e0 brun fonc\u00e9.<\/p>\n<p>Nos poutres textur\u00e9es et patin\u00e9es sont non seulement visuellement remarquables, mais aussi robustes et durables, ce qui leur permet de r\u00e9sister \u00e0 l&rsquo;\u00e9preuve du temps tout en conservant leur attrait unique. La surface alt\u00e9r\u00e9e ajoute un sentiment de profondeur et d&rsquo;histoire cr\u00e9ant un environnement douillet et accueillant.<\/p>\n<p>Qu&rsquo;elles soient utilis\u00e9es pour d\u00e9corer un plafond ou comme accents d\u00e9coratifs, nos poutres Brun Stampede offrent un d\u00e9cor \u00e9l\u00e9gant et unique qui rehausse le caract\u00e8re et le charme de votre maison ou de votre propri\u00e9t\u00e9 commerciale. Ce produit peut \u00e9galement \u00eatre associ\u00e9 \u00e0 notre Panneau Mural Rod\u00e9o pour cr\u00e9er un v\u00e9ritable look vintage. N&rsquo;attendez plus pour faire l&rsquo;exp\u00e9rience de la complicit\u00e9 entre l&rsquo;artisanat et l&rsquo;esth\u00e9tique naturelle. Transformez votre espace avec nos poutres textur\u00e9es et patin\u00e9es d\u00e8s aujourd&rsquo;hui.<\/p>\n<p><strong>Parce que nos produits en bois sont uniques, les images et les \u00e9chantillons pr\u00e9sent\u00e9s sur notre site Web et m\u00e9dias sociaux ne refl\u00e8tent pas toutes les variations de couleur, de patine et de caract\u00e8re. Toutes nos commandes sont pr\u00e9par\u00e9es sur mesure. Afin de nous assurer que nos produits r\u00e9pondent \u00e0 vos besoins, veuillez nous contacter par courriel ou par t\u00e9l\u00e9phone, et n\u2019oubliez-pas de consulter notre onglet \u00ab SP\u00c9CIFICATIONS \u00bb ci-dessous pour les options standard.<\/strong><\/p>\n","protected":false},"featured_media":14703,"comment_status":"open","ping_status":"closed","template":"","meta":[],"product_brand":[],"product_cat":[393,391],"product_tag":[312,398,313,337,397,333,330,334,332],"class_list":{"0":"post-14714","1":"product","2":"type-product","3":"status-publish","4":"has-post-thumbnail","6":"product_cat-fausses-poutres-en-bois","7":"product_cat-poutres-texturees-et-patinees","8":"product_tag-exterieur","9":"product_tag-box-beams-fr","10":"product_tag-interieur","11":"product_tag-manteau-de-foyer-en-bois-de-grange","12":"product_tag-barn-beam-mantel-fr","13":"product_tag-poutres-de-bois","14":"product_tag-poutres-de-grange","15":"product_tag-poutres-en-bois-pour-plafond","16":"product_tag-poutres-en-bois-recycle","18":"first","19":"instock","20":"taxable","21":"shipping-taxable","22":"product-type-simple"},"yoast_head":"<!-- This site is optimized with the Yoast SEO plugin v26.2 - https:\/\/yoast.com\/wordpress\/plugins\/seo\/ -->\n<title>Poutres Brun Stampede - Bois Antique Veser<\/title>\n<meta name=\"robots\" content=\"index, follow, max-snippet:-1, max-image-preview:large, max-video-preview:-1\" \/>\n<link rel=\"canonical\" href=\"https:\/\/reclaimedantiquewoods.com\/fr\/produit\/poutres-brun-stampede\/\" \/>\n<meta property=\"og:locale\" content=\"fr_FR\" \/>\n<meta property=\"og:type\" content=\"article\" \/>\n<meta property=\"og:title\" content=\"Poutres Brun Stampede - Bois Antique Veser\" \/>\n<meta property=\"og:description\" content=\"D\u00e9couvrez nos poutres Brun Stampede Textur\u00e9es et Patin\u00e9es, con\u00e7ues pour infuser une riche \u00e9l\u00e9gance rustique \u00e0 tout d\u00e9cor. Nos poutres textur\u00e9es proviennent principalement de fermes de champignons commerciales et vous appr\u00e9cierez les gros n\u0153uds expos\u00e9s, les crevasses profondes et les variations de tons de couleur allant d\u2019une patine vieillie brun moyen \u00e0 brun fonc\u00e9.  Nos poutres textur\u00e9es et patin\u00e9es sont non seulement visuellement remarquables, mais aussi robustes et durables, ce qui leur permet de r\u00e9sister \u00e0 l&#039;\u00e9preuve du temps tout en conservant leur attrait unique. La surface alt\u00e9r\u00e9e ajoute un sentiment de profondeur et d&#039;histoire cr\u00e9ant un environnement douillet et accueillant.  Qu&#039;elles soient utilis\u00e9es pour d\u00e9corer un plafond ou comme accents d\u00e9coratifs, nos poutres Brun Stampede offrent un d\u00e9cor \u00e9l\u00e9gant et unique qui rehausse le caract\u00e8re et le charme de votre maison ou de votre propri\u00e9t\u00e9 commerciale. Ce produit peut \u00e9galement \u00eatre associ\u00e9 \u00e0 notre Panneau Mural Rod\u00e9o pour cr\u00e9er un v\u00e9ritable look vintage. N&#039;attendez plus pour faire l&#039;exp\u00e9rience de la complicit\u00e9 entre l&#039;artisanat et l&#039;esth\u00e9tique naturelle. Transformez votre espace avec nos poutres textur\u00e9es et patin\u00e9es d\u00e8s aujourd&#039;hui.  Parce que nos produits en bois sont uniques, les images et les \u00e9chantillons pr\u00e9sent\u00e9s sur notre site Web et m\u00e9dias sociaux ne refl\u00e8tent pas toutes les variations de couleur, de patine et de caract\u00e8re. Toutes nos commandes sont pr\u00e9par\u00e9es sur mesure. Afin de nous assurer que nos produits r\u00e9pondent \u00e0 vos besoins, veuillez nous contacter par courriel ou par t\u00e9l\u00e9phone, et n\u2019oubliez-pas de consulter notre onglet \u00ab SP\u00c9CIFICATIONS \u00bb ci-dessous pour les options standard.\" \/>\n<meta property=\"og:url\" content=\"https:\/\/reclaimedantiquewoods.com\/fr\/produit\/poutres-brun-stampede\/\" \/>\n<meta property=\"og:site_name\" content=\"Bois Antique Veser\" \/>\n<meta property=\"article:modified_time\" content=\"2024-06-11T20:08:27+00:00\" \/>\n<meta property=\"og:image\" content=\"https:\/\/reclaimedantiquewoods.com\/wp-content\/uploads\/2024\/06\/stampede-1-1-scaled.jpeg\" \/>\n\t<meta property=\"og:image:width\" content=\"2560\" \/>\n\t<meta property=\"og:image:height\" content=\"2560\" \/>\n\t<meta property=\"og:image:type\" content=\"image\/jpeg\" \/>\n<meta name=\"twitter:card\" content=\"summary_large_image\" \/>\n<meta name=\"twitter:label1\" content=\"Dur\u00e9e de lecture estim\u00e9e\" \/>\n\t<meta name=\"twitter:data1\" content=\"1 minute\" \/>\n<script type=\"application\/ld+json\" class=\"yoast-schema-graph\">{\"@context\":\"https:\/\/schema.org\",\"@graph\":[{\"@type\":\"WebPage\",\"@id\":\"https:\/\/reclaimedantiquewoods.com\/fr\/produit\/poutres-brun-stampede\/\",\"url\":\"https:\/\/reclaimedantiquewoods.com\/fr\/produit\/poutres-brun-stampede\/\",\"name\":\"Poutres Brun Stampede - Bois Antique Veser\",\"isPartOf\":{\"@id\":\"https:\/\/reclaimedantiquewoods.com\/fr\/#website\"},\"primaryImageOfPage\":{\"@id\":\"https:\/\/reclaimedantiquewoods.com\/fr\/produit\/poutres-brun-stampede\/#primaryimage\"},\"image\":{\"@id\":\"https:\/\/reclaimedantiquewoods.com\/fr\/produit\/poutres-brun-stampede\/#primaryimage\"},\"thumbnailUrl\":\"https:\/\/reclaimedantiquewoods.com\/wp-content\/uploads\/2024\/06\/stampede-1-1-scaled.jpeg\",\"datePublished\":\"2024-06-11T20:02:19+00:00\",\"dateModified\":\"2024-06-11T20:08:27+00:00\",\"breadcrumb\":{\"@id\":\"https:\/\/reclaimedantiquewoods.com\/fr\/produit\/poutres-brun-stampede\/#breadcrumb\"},\"inLanguage\":\"fr-FR\",\"potentialAction\":[{\"@type\":\"ReadAction\",\"target\":[\"https:\/\/reclaimedantiquewoods.com\/fr\/produit\/poutres-brun-stampede\/\"]}]},{\"@type\":\"ImageObject\",\"inLanguage\":\"fr-FR\",\"@id\":\"https:\/\/reclaimedantiquewoods.com\/fr\/produit\/poutres-brun-stampede\/#primaryimage\",\"url\":\"https:\/\/reclaimedantiquewoods.com\/wp-content\/uploads\/2024\/06\/stampede-1-1-scaled.jpeg\",\"contentUrl\":\"https:\/\/reclaimedantiquewoods.com\/wp-content\/uploads\/2024\/06\/stampede-1-1-scaled.jpeg\",\"width\":2560,\"height\":2560},{\"@type\":\"BreadcrumbList\",\"@id\":\"https:\/\/reclaimedantiquewoods.com\/fr\/produit\/poutres-brun-stampede\/#breadcrumb\",\"itemListElement\":[{\"@type\":\"ListItem\",\"position\":1,\"name\":\"Home\",\"item\":\"https:\/\/reclaimedantiquewoods.com\/fr\/\"},{\"@type\":\"ListItem\",\"position\":2,\"name\":\"Nos produits\",\"item\":\"https:\/\/reclaimedantiquewoods.com\/fr\/boutique\/\"},{\"@type\":\"ListItem\",\"position\":3,\"name\":\"Poutres Brun Stampede\"}]},{\"@type\":\"WebSite\",\"@id\":\"https:\/\/reclaimedantiquewoods.com\/fr\/#website\",\"url\":\"https:\/\/reclaimedantiquewoods.com\/fr\/\",\"name\":\"Bois Antique Veser\",\"description\":\"\",\"potentialAction\":[{\"@type\":\"SearchAction\",\"target\":{\"@type\":\"EntryPoint\",\"urlTemplate\":\"https:\/\/reclaimedantiquewoods.com\/fr\/?s={search_term_string}\"},\"query-input\":{\"@type\":\"PropertyValueSpecification\",\"valueRequired\":true,\"valueName\":\"search_term_string\"}}],\"inLanguage\":\"fr-FR\"}]}<\/script>\n<!-- \/ Yoast SEO plugin. -->","yoast_head_json":{"title":"Poutres Brun Stampede - Bois Antique Veser","robots":{"index":"index","follow":"follow","max-snippet":"max-snippet:-1","max-image-preview":"max-image-preview:large","max-video-preview":"max-video-preview:-1"},"canonical":"https:\/\/reclaimedantiquewoods.com\/fr\/produit\/poutres-brun-stampede\/","og_locale":"fr_FR","og_type":"article","og_title":"Poutres Brun Stampede - Bois Antique Veser","og_description":"D\u00e9couvrez nos poutres Brun Stampede Textur\u00e9es et Patin\u00e9es, con\u00e7ues pour infuser une riche \u00e9l\u00e9gance rustique \u00e0 tout d\u00e9cor. Nos poutres textur\u00e9es proviennent principalement de fermes de champignons commerciales et vous appr\u00e9cierez les gros n\u0153uds expos\u00e9s, les crevasses profondes et les variations de tons de couleur allant d\u2019une patine vieillie brun moyen \u00e0 brun fonc\u00e9.  Nos poutres textur\u00e9es et patin\u00e9es sont non seulement visuellement remarquables, mais aussi robustes et durables, ce qui leur permet de r\u00e9sister \u00e0 l'\u00e9preuve du temps tout en conservant leur attrait unique. La surface alt\u00e9r\u00e9e ajoute un sentiment de profondeur et d'histoire cr\u00e9ant un environnement douillet et accueillant.  Qu'elles soient utilis\u00e9es pour d\u00e9corer un plafond ou comme accents d\u00e9coratifs, nos poutres Brun Stampede offrent un d\u00e9cor \u00e9l\u00e9gant et unique qui rehausse le caract\u00e8re et le charme de votre maison ou de votre propri\u00e9t\u00e9 commerciale. Ce produit peut \u00e9galement \u00eatre associ\u00e9 \u00e0 notre Panneau Mural Rod\u00e9o pour cr\u00e9er un v\u00e9ritable look vintage. N'attendez plus pour faire l'exp\u00e9rience de la complicit\u00e9 entre l'artisanat et l'esth\u00e9tique naturelle. Transformez votre espace avec nos poutres textur\u00e9es et patin\u00e9es d\u00e8s aujourd'hui.  Parce que nos produits en bois sont uniques, les images et les \u00e9chantillons pr\u00e9sent\u00e9s sur notre site Web et m\u00e9dias sociaux ne refl\u00e8tent pas toutes les variations de couleur, de patine et de caract\u00e8re. Toutes nos commandes sont pr\u00e9par\u00e9es sur mesure. Afin de nous assurer que nos produits r\u00e9pondent \u00e0 vos besoins, veuillez nous contacter par courriel ou par t\u00e9l\u00e9phone, et n\u2019oubliez-pas de consulter notre onglet \u00ab SP\u00c9CIFICATIONS \u00bb ci-dessous pour les options standard.","og_url":"https:\/\/reclaimedantiquewoods.com\/fr\/produit\/poutres-brun-stampede\/","og_site_name":"Bois Antique Veser","article_modified_time":"2024-06-11T20:08:27+00:00","og_image":[{"width":2560,"height":2560,"url":"https:\/\/reclaimedantiquewoods.com\/wp-content\/uploads\/2024\/06\/stampede-1-1-scaled.jpeg","type":"image\/jpeg"}],"twitter_card":"summary_large_image","twitter_misc":{"Dur\u00e9e de lecture estim\u00e9e":"1 minute"},"schema":{"@context":"https:\/\/schema.org","@graph":[{"@type":"WebPage","@id":"https:\/\/reclaimedantiquewoods.com\/fr\/produit\/poutres-brun-stampede\/","url":"https:\/\/reclaimedantiquewoods.com\/fr\/produit\/poutres-brun-stampede\/","name":"Poutres Brun Stampede - Bois Antique Veser","isPartOf":{"@id":"https:\/\/reclaimedantiquewoods.com\/fr\/#website"},"primaryImageOfPage":{"@id":"https:\/\/reclaimedantiquewoods.com\/fr\/produit\/poutres-brun-stampede\/#primaryimage"},"image":{"@id":"https:\/\/reclaimedantiquewoods.com\/fr\/produit\/poutres-brun-stampede\/#primaryimage"},"thumbnailUrl":"https:\/\/reclaimedantiquewoods.com\/wp-content\/uploads\/2024\/06\/stampede-1-1-scaled.jpeg","datePublished":"2024-06-11T20:02:19+00:00","dateModified":"2024-06-11T20:08:27+00:00","breadcrumb":{"@id":"https:\/\/reclaimedantiquewoods.com\/fr\/produit\/poutres-brun-stampede\/#breadcrumb"},"inLanguage":"fr-FR","potentialAction":[{"@type":"ReadAction","target":["https:\/\/reclaimedantiquewoods.com\/fr\/produit\/poutres-brun-stampede\/"]}]},{"@type":"ImageObject","inLanguage":"fr-FR","@id":"https:\/\/reclaimedantiquewoods.com\/fr\/produit\/poutres-brun-stampede\/#primaryimage","url":"https:\/\/reclaimedantiquewoods.com\/wp-content\/uploads\/2024\/06\/stampede-1-1-scaled.jpeg","contentUrl":"https:\/\/reclaimedantiquewoods.com\/wp-content\/uploads\/2024\/06\/stampede-1-1-scaled.jpeg","width":2560,"height":2560},{"@type":"BreadcrumbList","@id":"https:\/\/reclaimedantiquewoods.com\/fr\/produit\/poutres-brun-stampede\/#breadcrumb","itemListElement":[{"@type":"ListItem","position":1,"name":"Home","item":"https:\/\/reclaimedantiquewoods.com\/fr\/"},{"@type":"ListItem","position":2,"name":"Nos produits","item":"https:\/\/reclaimedantiquewoods.com\/fr\/boutique\/"},{"@type":"ListItem","position":3,"name":"Poutres Brun Stampede"}]},{"@type":"WebSite","@id":"https:\/\/reclaimedantiquewoods.com\/fr\/#website","url":"https:\/\/reclaimedantiquewoods.com\/fr\/","name":"Bois Antique Veser","description":"","potentialAction":[{"@type":"SearchAction","target":{"@type":"EntryPoint","urlTemplate":"https:\/\/reclaimedantiquewoods.com\/fr\/?s={search_term_string}"},"query-input":{"@type":"PropertyValueSpecification","valueRequired":true,"valueName":"search_term_string"}}],"inLanguage":"fr-FR"}]}},"_links":{"self":[{"href":"https:\/\/reclaimedantiquewoods.com\/fr\/wp-json\/wp\/v2\/product\/14714","targetHints":{"allow":["GET"]}}],"collection":[{"href":"https:\/\/reclaimedantiquewoods.com\/fr\/wp-json\/wp\/v2\/product"}],"about":[{"href":"https:\/\/reclaimedantiquewoods.com\/fr\/wp-json\/wp\/v2\/types\/product"}],"replies":[{"embeddable":true,"href":"https:\/\/reclaimedantiquewoods.com\/fr\/wp-json\/wp\/v2\/comments?post=14714"}],"wp:featuredmedia":[{"embeddable":true,"href":"https:\/\/reclaimedantiquewoods.com\/fr\/wp-json\/wp\/v2\/media\/14703"}],"wp:attachment":[{"href":"https:\/\/reclaimedantiquewoods.com\/fr\/wp-json\/wp\/v2\/media?parent=14714"}],"wp:term":[{"taxonomy":"product_brand","embeddable":true,"href":"https:\/\/reclaimedantiquewoods.com\/fr\/wp-json\/wp\/v2\/product_brand?post=14714"},{"taxonomy":"product_cat","embeddable":true,"href":"https:\/\/reclaimedantiquewoods.com\/fr\/wp-json\/wp\/v2\/product_cat?post=14714"},{"taxonomy":"product_tag","embeddable":true,"href":"https:\/\/reclaimedantiquewoods.com\/fr\/wp-json\/wp\/v2\/product_tag?post=14714"}],"curies":[{"name":"wp","href":"https:\/\/api.w.org\/{rel}","templated":true}]}}