{"id":14761,"date":"2024-06-12T14:37:50","date_gmt":"2024-06-12T14:37:50","guid":{"rendered":"https:\/\/reclaimedantiquewoods.com\/product\/imperial-douglas-fir-beams\/"},"modified":"2024-06-12T14:45:06","modified_gmt":"2024-06-12T14:45:06","slug":"poutres-pin-douglas-imperial","status":"publish","type":"product","link":"https:\/\/reclaimedantiquewoods.com\/fr\/produit\/poutres-pin-douglas-imperial\/","title":{"rendered":"Poutres Pin Douglas Imp\u00e9rial"},"content":{"rendered":"<p>Nos poutres Pin Douglas Imp\u00e9rial Lisses Contemporaines R\u00e9cup\u00e9r\u00e9es pr\u00e9sentent une texture tr\u00e8s douce et lisse tout en mettant en valeur la v\u00e9ritable beaut\u00e9 et la richesse des poutres recycl\u00e9es. Souvent utilis\u00e9es comme poutres de plafond, poutres structurelles ou poutres\u00a0d\u00e9coratives, elles pr\u00e9sentent les trous de clous d&rsquo;origine, des variations de couleur unifi\u00e9es et un grain riche et dense.<\/p>\n<p>Laissez-vous s\u00e9duire par l&rsquo;art du pass\u00e9 tout en embrassant la promesse de l&rsquo;avenir. \u00c9levez votre espace avec la fusion de l&rsquo;histoire et de la modernit\u00e9 incarn\u00e9e par nos poutres Pin Douglas Imp\u00e9rial, o\u00f9 chaque n\u0153ud et motif de grain racontent une histoire qui ne demande qu&rsquo;\u00e0 \u00eatre entendue.<\/p>\n<ul>\n<li>Consultez notre section \u00ab Magasinez en ligne \u00bb pour conna\u00eetre tous les d\u00e9tails de la livraison gratuite!<\/li>\n<li>Pour l&rsquo;exp\u00e9dition internationale, veuillez nous appeler! Nous exp\u00e9dions partout dans le monde.<\/li>\n<\/ul>\n","protected":false},"excerpt":{"rendered":"<p>Nos poutres Pin Douglas Imp\u00e9rial Lisses Contemporaines R\u00e9cup\u00e9r\u00e9es proviennent de diverses granges, structures et usines pr\u00e9sentes en Am\u00e9rique du Nord. Chaque poutre raconte une histoire, un r\u00e9cit tiss\u00e9 \u00e0 travers le grain et la texture du bois r\u00e9cup\u00e9r\u00e9, portant avec fiert\u00e9 les empreintes de sa vie ant\u00e9rieure.<\/p>\n<p>Gr\u00e2ce \u00e0 un travail artisanal minutieux, nous avons transform\u00e9 ces tr\u00e9sors r\u00e9cup\u00e9r\u00e9s en poutres lisses et \u00e9pur\u00e9es qui s&rsquo;int\u00e8grent parfaitement dans les espaces modernes. Qu&rsquo;elles ornent le plafond d&rsquo;un loft urbain chic ou la chemin\u00e9e d&rsquo;une maison, nos poutres Pin Douglas Imp\u00e9rial Lisses Contemporaines R\u00e9cup\u00e9r\u00e9es ajoutent une touche de sophistication \u00e0 n&rsquo;importe quel d\u00e9cor. Elles inspirent un mode de vie r\u00e9fl\u00e9chi, incarnant les principes de la durabilit\u00e9 et de la conscience \u00e9cologique.<\/p>\n<p>Alors pourquoi se contenter de l&rsquo;ordinaire quand on peut avoir quelque chose d&rsquo;extraordinaire? Rehaussez votre espace avec la beaut\u00e9 et le caract\u00e8re in\u00e9gal\u00e9s de nos poutres Pin Douglas Imp\u00e9rial et faites une d\u00e9claration aussi audacieuse et unique que vous l&rsquo;\u00eates.<\/p>\n<p><strong>Parce que nos produits en bois sont uniques, les images et les \u00e9chantillons pr\u00e9sent\u00e9s sur notre <\/strong><strong>site Web et m\u00e9dias sociaux ne refl\u00e8tent pas toutes les variations de couleur, de patine et de <\/strong><strong>caract\u00e8re. Toutes nos commandes sont pr\u00e9par\u00e9es sur mesure. Afin de nous assurer que nos <\/strong><strong>produits r\u00e9pondent \u00e0 vos besoins, veuillez nous contacter par courriel ou par t\u00e9l\u00e9phone, et <\/strong><strong>n\u2019oubliez-pas de consulter notre onglet \u00ab SP\u00c9CIFICATIONS \u00bb ci-dessous pour les options <\/strong><strong>standard.<\/strong><\/p>\n","protected":false},"featured_media":14760,"comment_status":"open","ping_status":"closed","template":"","meta":[],"product_brand":[],"product_cat":[393,395],"product_tag":[398,313,337,397,333,330,334,332],"class_list":{"0":"post-14761","1":"product","2":"type-product","3":"status-publish","4":"has-post-thumbnail","6":"product_cat-fausses-poutres-en-bois","7":"product_cat-poutres-lisses-contemporaines-recuperees","8":"product_tag-box-beams-fr","9":"product_tag-interieur","10":"product_tag-manteau-de-foyer-en-bois-de-grange","11":"product_tag-barn-beam-mantel-fr","12":"product_tag-poutres-de-bois","13":"product_tag-poutres-de-grange","14":"product_tag-poutres-en-bois-pour-plafond","15":"product_tag-poutres-en-bois-recycle","17":"first","18":"instock","19":"taxable","20":"shipping-taxable","21":"product-type-simple"},"yoast_head":"<!-- This site is optimized with the Yoast SEO plugin v26.2 - https:\/\/yoast.com\/wordpress\/plugins\/seo\/ -->\n<title>Poutres Pin Douglas Imp\u00e9rial - Bois Antique Veser<\/title>\n<meta name=\"robots\" content=\"index, follow, max-snippet:-1, max-image-preview:large, max-video-preview:-1\" \/>\n<link rel=\"canonical\" href=\"https:\/\/reclaimedantiquewoods.com\/fr\/produit\/poutres-pin-douglas-imperial\/\" \/>\n<meta property=\"og:locale\" content=\"fr_FR\" \/>\n<meta property=\"og:type\" content=\"article\" \/>\n<meta property=\"og:title\" content=\"Poutres Pin Douglas Imp\u00e9rial - Bois Antique Veser\" \/>\n<meta property=\"og:description\" content=\"Nos poutres Pin Douglas Imp\u00e9rial Lisses Contemporaines R\u00e9cup\u00e9r\u00e9es proviennent de diverses granges, structures et usines pr\u00e9sentes en Am\u00e9rique du Nord. Chaque poutre raconte une histoire, un r\u00e9cit tiss\u00e9 \u00e0 travers le grain et la texture du bois r\u00e9cup\u00e9r\u00e9, portant avec fiert\u00e9 les empreintes de sa vie ant\u00e9rieure.  Gr\u00e2ce \u00e0 un travail artisanal minutieux, nous avons transform\u00e9 ces tr\u00e9sors r\u00e9cup\u00e9r\u00e9s en poutres lisses et \u00e9pur\u00e9es qui s&#039;int\u00e8grent parfaitement dans les espaces modernes. Qu&#039;elles ornent le plafond d&#039;un loft urbain chic ou la chemin\u00e9e d&#039;une maison, nos poutres Pin Douglas Imp\u00e9rial Lisses Contemporaines R\u00e9cup\u00e9r\u00e9es ajoutent une touche de sophistication \u00e0 n&#039;importe quel d\u00e9cor. Elles inspirent un mode de vie r\u00e9fl\u00e9chi, incarnant les principes de la durabilit\u00e9 et de la conscience \u00e9cologique.  Alors pourquoi se contenter de l&#039;ordinaire quand on peut avoir quelque chose d&#039;extraordinaire? Rehaussez votre espace avec la beaut\u00e9 et le caract\u00e8re in\u00e9gal\u00e9s de nos poutres Pin Douglas Imp\u00e9rial et faites une d\u00e9claration aussi audacieuse et unique que vous l&#039;\u00eates.  Parce que nos produits en bois sont uniques, les images et les \u00e9chantillons pr\u00e9sent\u00e9s sur notre site Web et m\u00e9dias sociaux ne refl\u00e8tent pas toutes les variations de couleur, de patine et de caract\u00e8re. Toutes nos commandes sont pr\u00e9par\u00e9es sur mesure. Afin de nous assurer que nos produits r\u00e9pondent \u00e0 vos besoins, veuillez nous contacter par courriel ou par t\u00e9l\u00e9phone, et n\u2019oubliez-pas de consulter notre onglet \u00ab SP\u00c9CIFICATIONS \u00bb ci-dessous pour les options standard.\" \/>\n<meta property=\"og:url\" content=\"https:\/\/reclaimedantiquewoods.com\/fr\/produit\/poutres-pin-douglas-imperial\/\" \/>\n<meta property=\"og:site_name\" content=\"Bois Antique Veser\" \/>\n<meta property=\"article:modified_time\" content=\"2024-06-12T14:45:06+00:00\" \/>\n<meta property=\"og:image\" content=\"https:\/\/reclaimedantiquewoods.com\/wp-content\/uploads\/2024\/06\/imperial-1.jpeg\" \/>\n\t<meta property=\"og:image:width\" content=\"2448\" \/>\n\t<meta property=\"og:image:height\" content=\"2448\" \/>\n\t<meta property=\"og:image:type\" content=\"image\/jpeg\" \/>\n<meta name=\"twitter:card\" content=\"summary_large_image\" \/>\n<meta name=\"twitter:label1\" content=\"Dur\u00e9e de lecture estim\u00e9e\" \/>\n\t<meta name=\"twitter:data1\" content=\"1 minute\" \/>\n<script type=\"application\/ld+json\" class=\"yoast-schema-graph\">{\"@context\":\"https:\/\/schema.org\",\"@graph\":[{\"@type\":\"WebPage\",\"@id\":\"https:\/\/reclaimedantiquewoods.com\/fr\/produit\/poutres-pin-douglas-imperial\/\",\"url\":\"https:\/\/reclaimedantiquewoods.com\/fr\/produit\/poutres-pin-douglas-imperial\/\",\"name\":\"Poutres Pin Douglas Imp\u00e9rial - Bois Antique Veser\",\"isPartOf\":{\"@id\":\"https:\/\/reclaimedantiquewoods.com\/fr\/#website\"},\"primaryImageOfPage\":{\"@id\":\"https:\/\/reclaimedantiquewoods.com\/fr\/produit\/poutres-pin-douglas-imperial\/#primaryimage\"},\"image\":{\"@id\":\"https:\/\/reclaimedantiquewoods.com\/fr\/produit\/poutres-pin-douglas-imperial\/#primaryimage\"},\"thumbnailUrl\":\"https:\/\/reclaimedantiquewoods.com\/wp-content\/uploads\/2024\/06\/imperial-1.jpeg\",\"datePublished\":\"2024-06-12T14:37:50+00:00\",\"dateModified\":\"2024-06-12T14:45:06+00:00\",\"breadcrumb\":{\"@id\":\"https:\/\/reclaimedantiquewoods.com\/fr\/produit\/poutres-pin-douglas-imperial\/#breadcrumb\"},\"inLanguage\":\"fr-FR\",\"potentialAction\":[{\"@type\":\"ReadAction\",\"target\":[\"https:\/\/reclaimedantiquewoods.com\/fr\/produit\/poutres-pin-douglas-imperial\/\"]}]},{\"@type\":\"ImageObject\",\"inLanguage\":\"fr-FR\",\"@id\":\"https:\/\/reclaimedantiquewoods.com\/fr\/produit\/poutres-pin-douglas-imperial\/#primaryimage\",\"url\":\"https:\/\/reclaimedantiquewoods.com\/wp-content\/uploads\/2024\/06\/imperial-1.jpeg\",\"contentUrl\":\"https:\/\/reclaimedantiquewoods.com\/wp-content\/uploads\/2024\/06\/imperial-1.jpeg\",\"width\":2448,\"height\":2448},{\"@type\":\"BreadcrumbList\",\"@id\":\"https:\/\/reclaimedantiquewoods.com\/fr\/produit\/poutres-pin-douglas-imperial\/#breadcrumb\",\"itemListElement\":[{\"@type\":\"ListItem\",\"position\":1,\"name\":\"Home\",\"item\":\"https:\/\/reclaimedantiquewoods.com\/fr\/\"},{\"@type\":\"ListItem\",\"position\":2,\"name\":\"Nos produits\",\"item\":\"https:\/\/reclaimedantiquewoods.com\/fr\/boutique\/\"},{\"@type\":\"ListItem\",\"position\":3,\"name\":\"Poutres Pin Douglas Imp\u00e9rial\"}]},{\"@type\":\"WebSite\",\"@id\":\"https:\/\/reclaimedantiquewoods.com\/fr\/#website\",\"url\":\"https:\/\/reclaimedantiquewoods.com\/fr\/\",\"name\":\"Bois Antique Veser\",\"description\":\"\",\"potentialAction\":[{\"@type\":\"SearchAction\",\"target\":{\"@type\":\"EntryPoint\",\"urlTemplate\":\"https:\/\/reclaimedantiquewoods.com\/fr\/?s={search_term_string}\"},\"query-input\":{\"@type\":\"PropertyValueSpecification\",\"valueRequired\":true,\"valueName\":\"search_term_string\"}}],\"inLanguage\":\"fr-FR\"}]}<\/script>\n<!-- \/ Yoast SEO plugin. -->","yoast_head_json":{"title":"Poutres Pin Douglas Imp\u00e9rial - Bois Antique Veser","robots":{"index":"index","follow":"follow","max-snippet":"max-snippet:-1","max-image-preview":"max-image-preview:large","max-video-preview":"max-video-preview:-1"},"canonical":"https:\/\/reclaimedantiquewoods.com\/fr\/produit\/poutres-pin-douglas-imperial\/","og_locale":"fr_FR","og_type":"article","og_title":"Poutres Pin Douglas Imp\u00e9rial - Bois Antique Veser","og_description":"Nos poutres Pin Douglas Imp\u00e9rial Lisses Contemporaines R\u00e9cup\u00e9r\u00e9es proviennent de diverses granges, structures et usines pr\u00e9sentes en Am\u00e9rique du Nord. Chaque poutre raconte une histoire, un r\u00e9cit tiss\u00e9 \u00e0 travers le grain et la texture du bois r\u00e9cup\u00e9r\u00e9, portant avec fiert\u00e9 les empreintes de sa vie ant\u00e9rieure.  Gr\u00e2ce \u00e0 un travail artisanal minutieux, nous avons transform\u00e9 ces tr\u00e9sors r\u00e9cup\u00e9r\u00e9s en poutres lisses et \u00e9pur\u00e9es qui s'int\u00e8grent parfaitement dans les espaces modernes. Qu'elles ornent le plafond d'un loft urbain chic ou la chemin\u00e9e d'une maison, nos poutres Pin Douglas Imp\u00e9rial Lisses Contemporaines R\u00e9cup\u00e9r\u00e9es ajoutent une touche de sophistication \u00e0 n'importe quel d\u00e9cor. Elles inspirent un mode de vie r\u00e9fl\u00e9chi, incarnant les principes de la durabilit\u00e9 et de la conscience \u00e9cologique.  Alors pourquoi se contenter de l'ordinaire quand on peut avoir quelque chose d'extraordinaire? Rehaussez votre espace avec la beaut\u00e9 et le caract\u00e8re in\u00e9gal\u00e9s de nos poutres Pin Douglas Imp\u00e9rial et faites une d\u00e9claration aussi audacieuse et unique que vous l'\u00eates.  Parce que nos produits en bois sont uniques, les images et les \u00e9chantillons pr\u00e9sent\u00e9s sur notre site Web et m\u00e9dias sociaux ne refl\u00e8tent pas toutes les variations de couleur, de patine et de caract\u00e8re. Toutes nos commandes sont pr\u00e9par\u00e9es sur mesure. Afin de nous assurer que nos produits r\u00e9pondent \u00e0 vos besoins, veuillez nous contacter par courriel ou par t\u00e9l\u00e9phone, et n\u2019oubliez-pas de consulter notre onglet \u00ab SP\u00c9CIFICATIONS \u00bb ci-dessous pour les options standard.","og_url":"https:\/\/reclaimedantiquewoods.com\/fr\/produit\/poutres-pin-douglas-imperial\/","og_site_name":"Bois Antique Veser","article_modified_time":"2024-06-12T14:45:06+00:00","og_image":[{"width":2448,"height":2448,"url":"https:\/\/reclaimedantiquewoods.com\/wp-content\/uploads\/2024\/06\/imperial-1.jpeg","type":"image\/jpeg"}],"twitter_card":"summary_large_image","twitter_misc":{"Dur\u00e9e de lecture estim\u00e9e":"1 minute"},"schema":{"@context":"https:\/\/schema.org","@graph":[{"@type":"WebPage","@id":"https:\/\/reclaimedantiquewoods.com\/fr\/produit\/poutres-pin-douglas-imperial\/","url":"https:\/\/reclaimedantiquewoods.com\/fr\/produit\/poutres-pin-douglas-imperial\/","name":"Poutres Pin Douglas Imp\u00e9rial - Bois Antique Veser","isPartOf":{"@id":"https:\/\/reclaimedantiquewoods.com\/fr\/#website"},"primaryImageOfPage":{"@id":"https:\/\/reclaimedantiquewoods.com\/fr\/produit\/poutres-pin-douglas-imperial\/#primaryimage"},"image":{"@id":"https:\/\/reclaimedantiquewoods.com\/fr\/produit\/poutres-pin-douglas-imperial\/#primaryimage"},"thumbnailUrl":"https:\/\/reclaimedantiquewoods.com\/wp-content\/uploads\/2024\/06\/imperial-1.jpeg","datePublished":"2024-06-12T14:37:50+00:00","dateModified":"2024-06-12T14:45:06+00:00","breadcrumb":{"@id":"https:\/\/reclaimedantiquewoods.com\/fr\/produit\/poutres-pin-douglas-imperial\/#breadcrumb"},"inLanguage":"fr-FR","potentialAction":[{"@type":"ReadAction","target":["https:\/\/reclaimedantiquewoods.com\/fr\/produit\/poutres-pin-douglas-imperial\/"]}]},{"@type":"ImageObject","inLanguage":"fr-FR","@id":"https:\/\/reclaimedantiquewoods.com\/fr\/produit\/poutres-pin-douglas-imperial\/#primaryimage","url":"https:\/\/reclaimedantiquewoods.com\/wp-content\/uploads\/2024\/06\/imperial-1.jpeg","contentUrl":"https:\/\/reclaimedantiquewoods.com\/wp-content\/uploads\/2024\/06\/imperial-1.jpeg","width":2448,"height":2448},{"@type":"BreadcrumbList","@id":"https:\/\/reclaimedantiquewoods.com\/fr\/produit\/poutres-pin-douglas-imperial\/#breadcrumb","itemListElement":[{"@type":"ListItem","position":1,"name":"Home","item":"https:\/\/reclaimedantiquewoods.com\/fr\/"},{"@type":"ListItem","position":2,"name":"Nos produits","item":"https:\/\/reclaimedantiquewoods.com\/fr\/boutique\/"},{"@type":"ListItem","position":3,"name":"Poutres Pin Douglas Imp\u00e9rial"}]},{"@type":"WebSite","@id":"https:\/\/reclaimedantiquewoods.com\/fr\/#website","url":"https:\/\/reclaimedantiquewoods.com\/fr\/","name":"Bois Antique Veser","description":"","potentialAction":[{"@type":"SearchAction","target":{"@type":"EntryPoint","urlTemplate":"https:\/\/reclaimedantiquewoods.com\/fr\/?s={search_term_string}"},"query-input":{"@type":"PropertyValueSpecification","valueRequired":true,"valueName":"search_term_string"}}],"inLanguage":"fr-FR"}]}},"_links":{"self":[{"href":"https:\/\/reclaimedantiquewoods.com\/fr\/wp-json\/wp\/v2\/product\/14761","targetHints":{"allow":["GET"]}}],"collection":[{"href":"https:\/\/reclaimedantiquewoods.com\/fr\/wp-json\/wp\/v2\/product"}],"about":[{"href":"https:\/\/reclaimedantiquewoods.com\/fr\/wp-json\/wp\/v2\/types\/product"}],"replies":[{"embeddable":true,"href":"https:\/\/reclaimedantiquewoods.com\/fr\/wp-json\/wp\/v2\/comments?post=14761"}],"wp:featuredmedia":[{"embeddable":true,"href":"https:\/\/reclaimedantiquewoods.com\/fr\/wp-json\/wp\/v2\/media\/14760"}],"wp:attachment":[{"href":"https:\/\/reclaimedantiquewoods.com\/fr\/wp-json\/wp\/v2\/media?parent=14761"}],"wp:term":[{"taxonomy":"product_brand","embeddable":true,"href":"https:\/\/reclaimedantiquewoods.com\/fr\/wp-json\/wp\/v2\/product_brand?post=14761"},{"taxonomy":"product_cat","embeddable":true,"href":"https:\/\/reclaimedantiquewoods.com\/fr\/wp-json\/wp\/v2\/product_cat?post=14761"},{"taxonomy":"product_tag","embeddable":true,"href":"https:\/\/reclaimedantiquewoods.com\/fr\/wp-json\/wp\/v2\/product_tag?post=14761"}],"curies":[{"name":"wp","href":"https:\/\/api.w.org\/{rel}","templated":true}]}}