{"id":14800,"date":"2024-06-12T15:24:00","date_gmt":"2024-06-12T15:24:00","guid":{"rendered":"https:\/\/reclaimedantiquewoods.com\/product\/malibu-oak-beams\/"},"modified":"2024-06-12T15:29:05","modified_gmt":"2024-06-12T15:29:05","slug":"poutres-chene-malibu","status":"publish","type":"product","link":"https:\/\/reclaimedantiquewoods.com\/fr\/produit\/poutres-chene-malibu\/","title":{"rendered":"Poutres Ch\u00eane Malibu"},"content":{"rendered":"<p>Nos poutres Ch\u00eane Malibu originales sci\u00e9es sont d&rsquo;une \u00e9l\u00e9gance et d&rsquo;un style exceptionnels. Souvent utilis\u00e9es pour des projets r\u00e9sidentiels et commerciaux, elles ajoutent une touche d&rsquo;histoire et de profondeur dans tous les lieux qu&rsquo;elles habitent. Ces authentiques poutres centenaires r\u00e9cup\u00e9r\u00e9es dans des granges usines sont pr\u00e9par\u00e9es et finies sur mesure pour r\u00e9pondre \u00e0 vos besoins. Ajoutant une touche de rusticit\u00e9 tout en apportant chaleur et cachet, ces poutres durables r\u00e9sisteront \u00e0 l&rsquo;\u00e9preuve du temps.<\/p>\n<p>Explorez notre collection d\u00e8s aujourd&rsquo;hui et trouvez les poutres parfaites pour votre projet. Avec notre engagement envers la qualit\u00e9 et le service client exceptionnel, vous pouvez faire confiance \u00e0 nos poutres pour transformer votre espace de fa\u00e7on remarquable.<\/p>\n<ul>\n<li>Consultez notre section \u00ab Magasinez en ligne \u00bb pour conna\u00eetre tous les d\u00e9tails de la livraison gratuite!<\/li>\n<li>Pour l&rsquo;exp\u00e9dition internationale, veuillez nous appeler! Nous exp\u00e9dions partout dans le monde.<\/li>\n<\/ul>\n","protected":false},"excerpt":{"rendered":"<p>Nos poutres Ch\u00eane Malibu originales sci\u00e9es proviennent de diverses granges, structures et usines pr\u00e9sentes en Am\u00e9rique du Nord. Elles offrent une texture plus lisse que nos poutres taill\u00e9es \u00e0 la hache tout en mettant en valeur la v\u00e9ritable beaut\u00e9 et la richesse des poutres r\u00e9cup\u00e9r\u00e9es. Souvent utilis\u00e9es comme poutres de plafond, poutres structurelles ou poutres d\u00e9coratives, elles pr\u00e9sentent les trous de clous d&rsquo;origine, les variations de couleurs unifi\u00e9es, les traces de scie circulaire d&rsquo;origine, un grain riche et dense et d&rsquo;autres marques authentiques du pass\u00e9.<\/p>\n<p>Que vous recherchiez des poutres pour votre projet de construction ou de d\u00e9coration int\u00e9rieure, nos poutres Ch\u00eane Malibu sont disponibles dans une gamme de tailles, de formes et de finitions, vous permettant de trouver exactement ce dont vous avez besoin pour donner vie \u00e0 votre vision cr\u00e9ative.<\/p>\n<p><strong>Parce que nos produits en bois sont uniques, les images et les \u00e9chantillons pr\u00e9sent\u00e9s sur notre <\/strong><strong>site Web et m\u00e9dias sociaux ne refl\u00e8tent pas toutes les variations de couleur, de patine et de <\/strong><strong>caract\u00e8re. Toutes nos commandes sont pr\u00e9par\u00e9es sur mesure. Afin de nous assurer que nos <\/strong><strong>produits r\u00e9pondent \u00e0 vos besoins, veuillez nous contacter par courriel ou par t\u00e9l\u00e9phone, et <\/strong><strong>n\u2019oubliez-pas de consulter notre onglet \u00ab SP\u00c9CIFICATIONS \u00bb ci-dessous pour les options <\/strong><strong>standard.<\/strong><\/p>\n","protected":false},"featured_media":14793,"comment_status":"open","ping_status":"closed","template":"","meta":[],"product_brand":[],"product_cat":[394,393],"product_tag":[312,398,313,337,397,333,330,334,332,331],"class_list":{"0":"post-14800","1":"product","2":"type-product","3":"status-publish","4":"has-post-thumbnail","6":"product_cat-poutres-originales-sciees","7":"product_cat-fausses-poutres-en-bois","8":"product_tag-exterieur","9":"product_tag-box-beams-fr","10":"product_tag-interieur","11":"product_tag-manteau-de-foyer-en-bois-de-grange","12":"product_tag-barn-beam-mantel-fr","13":"product_tag-poutres-de-bois","14":"product_tag-poutres-de-grange","15":"product_tag-poutres-en-bois-pour-plafond","16":"product_tag-poutres-en-bois-recycle","17":"product_tag-poutres-industrielles","19":"first","20":"instock","21":"taxable","22":"shipping-taxable","23":"product-type-simple"},"yoast_head":"<!-- This site is optimized with the Yoast SEO plugin v26.2 - https:\/\/yoast.com\/wordpress\/plugins\/seo\/ -->\n<title>Poutres Ch\u00eane Malibu - Bois Antique Veser<\/title>\n<meta name=\"robots\" content=\"index, follow, max-snippet:-1, max-image-preview:large, max-video-preview:-1\" \/>\n<link rel=\"canonical\" href=\"https:\/\/reclaimedantiquewoods.com\/fr\/produit\/poutres-chene-malibu\/\" \/>\n<meta property=\"og:locale\" content=\"fr_FR\" \/>\n<meta property=\"og:type\" content=\"article\" \/>\n<meta property=\"og:title\" content=\"Poutres Ch\u00eane Malibu - Bois Antique Veser\" \/>\n<meta property=\"og:description\" content=\"Nos poutres Ch\u00eane Malibu originales sci\u00e9es proviennent de diverses granges, structures et usines pr\u00e9sentes en Am\u00e9rique du Nord. Elles offrent une texture plus lisse que nos poutres taill\u00e9es \u00e0 la hache tout en mettant en valeur la v\u00e9ritable beaut\u00e9 et la richesse des poutres r\u00e9cup\u00e9r\u00e9es. Souvent utilis\u00e9es comme poutres de plafond, poutres structurelles ou poutres d\u00e9coratives, elles pr\u00e9sentent les trous de clous d&#039;origine, les variations de couleurs unifi\u00e9es, les traces de scie circulaire d&#039;origine, un grain riche et dense et d&#039;autres marques authentiques du pass\u00e9.  Que vous recherchiez des poutres pour votre projet de construction ou de d\u00e9coration int\u00e9rieure, nos poutres Ch\u00eane Malibu sont disponibles dans une gamme de tailles, de formes et de finitions, vous permettant de trouver exactement ce dont vous avez besoin pour donner vie \u00e0 votre vision cr\u00e9ative.  Parce que nos produits en bois sont uniques, les images et les \u00e9chantillons pr\u00e9sent\u00e9s sur notre site Web et m\u00e9dias sociaux ne refl\u00e8tent pas toutes les variations de couleur, de patine et de caract\u00e8re. Toutes nos commandes sont pr\u00e9par\u00e9es sur mesure. Afin de nous assurer que nos produits r\u00e9pondent \u00e0 vos besoins, veuillez nous contacter par courriel ou par t\u00e9l\u00e9phone, et n\u2019oubliez-pas de consulter notre onglet \u00ab SP\u00c9CIFICATIONS \u00bb ci-dessous pour les options standard.\" \/>\n<meta property=\"og:url\" content=\"https:\/\/reclaimedantiquewoods.com\/fr\/produit\/poutres-chene-malibu\/\" \/>\n<meta property=\"og:site_name\" content=\"Bois Antique Veser\" \/>\n<meta property=\"article:modified_time\" content=\"2024-06-12T15:29:05+00:00\" \/>\n<meta property=\"og:image\" content=\"https:\/\/reclaimedantiquewoods.com\/wp-content\/uploads\/2024\/06\/malibu-1-scaled.jpeg\" \/>\n\t<meta property=\"og:image:width\" content=\"2560\" \/>\n\t<meta property=\"og:image:height\" content=\"2560\" \/>\n\t<meta property=\"og:image:type\" content=\"image\/jpeg\" \/>\n<meta name=\"twitter:card\" content=\"summary_large_image\" \/>\n<meta name=\"twitter:label1\" content=\"Dur\u00e9e de lecture estim\u00e9e\" \/>\n\t<meta name=\"twitter:data1\" content=\"1 minute\" \/>\n<script type=\"application\/ld+json\" class=\"yoast-schema-graph\">{\"@context\":\"https:\/\/schema.org\",\"@graph\":[{\"@type\":\"WebPage\",\"@id\":\"https:\/\/reclaimedantiquewoods.com\/fr\/produit\/poutres-chene-malibu\/\",\"url\":\"https:\/\/reclaimedantiquewoods.com\/fr\/produit\/poutres-chene-malibu\/\",\"name\":\"Poutres Ch\u00eane Malibu - Bois Antique Veser\",\"isPartOf\":{\"@id\":\"https:\/\/reclaimedantiquewoods.com\/fr\/#website\"},\"primaryImageOfPage\":{\"@id\":\"https:\/\/reclaimedantiquewoods.com\/fr\/produit\/poutres-chene-malibu\/#primaryimage\"},\"image\":{\"@id\":\"https:\/\/reclaimedantiquewoods.com\/fr\/produit\/poutres-chene-malibu\/#primaryimage\"},\"thumbnailUrl\":\"https:\/\/reclaimedantiquewoods.com\/wp-content\/uploads\/2024\/06\/malibu-1-scaled.jpeg\",\"datePublished\":\"2024-06-12T15:24:00+00:00\",\"dateModified\":\"2024-06-12T15:29:05+00:00\",\"breadcrumb\":{\"@id\":\"https:\/\/reclaimedantiquewoods.com\/fr\/produit\/poutres-chene-malibu\/#breadcrumb\"},\"inLanguage\":\"fr-FR\",\"potentialAction\":[{\"@type\":\"ReadAction\",\"target\":[\"https:\/\/reclaimedantiquewoods.com\/fr\/produit\/poutres-chene-malibu\/\"]}]},{\"@type\":\"ImageObject\",\"inLanguage\":\"fr-FR\",\"@id\":\"https:\/\/reclaimedantiquewoods.com\/fr\/produit\/poutres-chene-malibu\/#primaryimage\",\"url\":\"https:\/\/reclaimedantiquewoods.com\/wp-content\/uploads\/2024\/06\/malibu-1-scaled.jpeg\",\"contentUrl\":\"https:\/\/reclaimedantiquewoods.com\/wp-content\/uploads\/2024\/06\/malibu-1-scaled.jpeg\",\"width\":2560,\"height\":2560},{\"@type\":\"BreadcrumbList\",\"@id\":\"https:\/\/reclaimedantiquewoods.com\/fr\/produit\/poutres-chene-malibu\/#breadcrumb\",\"itemListElement\":[{\"@type\":\"ListItem\",\"position\":1,\"name\":\"Home\",\"item\":\"https:\/\/reclaimedantiquewoods.com\/fr\/\"},{\"@type\":\"ListItem\",\"position\":2,\"name\":\"Nos produits\",\"item\":\"https:\/\/reclaimedantiquewoods.com\/fr\/boutique\/\"},{\"@type\":\"ListItem\",\"position\":3,\"name\":\"Poutres Ch\u00eane Malibu\"}]},{\"@type\":\"WebSite\",\"@id\":\"https:\/\/reclaimedantiquewoods.com\/fr\/#website\",\"url\":\"https:\/\/reclaimedantiquewoods.com\/fr\/\",\"name\":\"Bois Antique Veser\",\"description\":\"\",\"potentialAction\":[{\"@type\":\"SearchAction\",\"target\":{\"@type\":\"EntryPoint\",\"urlTemplate\":\"https:\/\/reclaimedantiquewoods.com\/fr\/?s={search_term_string}\"},\"query-input\":{\"@type\":\"PropertyValueSpecification\",\"valueRequired\":true,\"valueName\":\"search_term_string\"}}],\"inLanguage\":\"fr-FR\"}]}<\/script>\n<!-- \/ Yoast SEO plugin. -->","yoast_head_json":{"title":"Poutres Ch\u00eane Malibu - Bois Antique Veser","robots":{"index":"index","follow":"follow","max-snippet":"max-snippet:-1","max-image-preview":"max-image-preview:large","max-video-preview":"max-video-preview:-1"},"canonical":"https:\/\/reclaimedantiquewoods.com\/fr\/produit\/poutres-chene-malibu\/","og_locale":"fr_FR","og_type":"article","og_title":"Poutres Ch\u00eane Malibu - Bois Antique Veser","og_description":"Nos poutres Ch\u00eane Malibu originales sci\u00e9es proviennent de diverses granges, structures et usines pr\u00e9sentes en Am\u00e9rique du Nord. Elles offrent une texture plus lisse que nos poutres taill\u00e9es \u00e0 la hache tout en mettant en valeur la v\u00e9ritable beaut\u00e9 et la richesse des poutres r\u00e9cup\u00e9r\u00e9es. Souvent utilis\u00e9es comme poutres de plafond, poutres structurelles ou poutres d\u00e9coratives, elles pr\u00e9sentent les trous de clous d'origine, les variations de couleurs unifi\u00e9es, les traces de scie circulaire d'origine, un grain riche et dense et d'autres marques authentiques du pass\u00e9.  Que vous recherchiez des poutres pour votre projet de construction ou de d\u00e9coration int\u00e9rieure, nos poutres Ch\u00eane Malibu sont disponibles dans une gamme de tailles, de formes et de finitions, vous permettant de trouver exactement ce dont vous avez besoin pour donner vie \u00e0 votre vision cr\u00e9ative.  Parce que nos produits en bois sont uniques, les images et les \u00e9chantillons pr\u00e9sent\u00e9s sur notre site Web et m\u00e9dias sociaux ne refl\u00e8tent pas toutes les variations de couleur, de patine et de caract\u00e8re. Toutes nos commandes sont pr\u00e9par\u00e9es sur mesure. Afin de nous assurer que nos produits r\u00e9pondent \u00e0 vos besoins, veuillez nous contacter par courriel ou par t\u00e9l\u00e9phone, et n\u2019oubliez-pas de consulter notre onglet \u00ab SP\u00c9CIFICATIONS \u00bb ci-dessous pour les options standard.","og_url":"https:\/\/reclaimedantiquewoods.com\/fr\/produit\/poutres-chene-malibu\/","og_site_name":"Bois Antique Veser","article_modified_time":"2024-06-12T15:29:05+00:00","og_image":[{"width":2560,"height":2560,"url":"https:\/\/reclaimedantiquewoods.com\/wp-content\/uploads\/2024\/06\/malibu-1-scaled.jpeg","type":"image\/jpeg"}],"twitter_card":"summary_large_image","twitter_misc":{"Dur\u00e9e de lecture estim\u00e9e":"1 minute"},"schema":{"@context":"https:\/\/schema.org","@graph":[{"@type":"WebPage","@id":"https:\/\/reclaimedantiquewoods.com\/fr\/produit\/poutres-chene-malibu\/","url":"https:\/\/reclaimedantiquewoods.com\/fr\/produit\/poutres-chene-malibu\/","name":"Poutres Ch\u00eane Malibu - Bois Antique Veser","isPartOf":{"@id":"https:\/\/reclaimedantiquewoods.com\/fr\/#website"},"primaryImageOfPage":{"@id":"https:\/\/reclaimedantiquewoods.com\/fr\/produit\/poutres-chene-malibu\/#primaryimage"},"image":{"@id":"https:\/\/reclaimedantiquewoods.com\/fr\/produit\/poutres-chene-malibu\/#primaryimage"},"thumbnailUrl":"https:\/\/reclaimedantiquewoods.com\/wp-content\/uploads\/2024\/06\/malibu-1-scaled.jpeg","datePublished":"2024-06-12T15:24:00+00:00","dateModified":"2024-06-12T15:29:05+00:00","breadcrumb":{"@id":"https:\/\/reclaimedantiquewoods.com\/fr\/produit\/poutres-chene-malibu\/#breadcrumb"},"inLanguage":"fr-FR","potentialAction":[{"@type":"ReadAction","target":["https:\/\/reclaimedantiquewoods.com\/fr\/produit\/poutres-chene-malibu\/"]}]},{"@type":"ImageObject","inLanguage":"fr-FR","@id":"https:\/\/reclaimedantiquewoods.com\/fr\/produit\/poutres-chene-malibu\/#primaryimage","url":"https:\/\/reclaimedantiquewoods.com\/wp-content\/uploads\/2024\/06\/malibu-1-scaled.jpeg","contentUrl":"https:\/\/reclaimedantiquewoods.com\/wp-content\/uploads\/2024\/06\/malibu-1-scaled.jpeg","width":2560,"height":2560},{"@type":"BreadcrumbList","@id":"https:\/\/reclaimedantiquewoods.com\/fr\/produit\/poutres-chene-malibu\/#breadcrumb","itemListElement":[{"@type":"ListItem","position":1,"name":"Home","item":"https:\/\/reclaimedantiquewoods.com\/fr\/"},{"@type":"ListItem","position":2,"name":"Nos produits","item":"https:\/\/reclaimedantiquewoods.com\/fr\/boutique\/"},{"@type":"ListItem","position":3,"name":"Poutres Ch\u00eane Malibu"}]},{"@type":"WebSite","@id":"https:\/\/reclaimedantiquewoods.com\/fr\/#website","url":"https:\/\/reclaimedantiquewoods.com\/fr\/","name":"Bois Antique Veser","description":"","potentialAction":[{"@type":"SearchAction","target":{"@type":"EntryPoint","urlTemplate":"https:\/\/reclaimedantiquewoods.com\/fr\/?s={search_term_string}"},"query-input":{"@type":"PropertyValueSpecification","valueRequired":true,"valueName":"search_term_string"}}],"inLanguage":"fr-FR"}]}},"_links":{"self":[{"href":"https:\/\/reclaimedantiquewoods.com\/fr\/wp-json\/wp\/v2\/product\/14800","targetHints":{"allow":["GET"]}}],"collection":[{"href":"https:\/\/reclaimedantiquewoods.com\/fr\/wp-json\/wp\/v2\/product"}],"about":[{"href":"https:\/\/reclaimedantiquewoods.com\/fr\/wp-json\/wp\/v2\/types\/product"}],"replies":[{"embeddable":true,"href":"https:\/\/reclaimedantiquewoods.com\/fr\/wp-json\/wp\/v2\/comments?post=14800"}],"wp:featuredmedia":[{"embeddable":true,"href":"https:\/\/reclaimedantiquewoods.com\/fr\/wp-json\/wp\/v2\/media\/14793"}],"wp:attachment":[{"href":"https:\/\/reclaimedantiquewoods.com\/fr\/wp-json\/wp\/v2\/media?parent=14800"}],"wp:term":[{"taxonomy":"product_brand","embeddable":true,"href":"https:\/\/reclaimedantiquewoods.com\/fr\/wp-json\/wp\/v2\/product_brand?post=14800"},{"taxonomy":"product_cat","embeddable":true,"href":"https:\/\/reclaimedantiquewoods.com\/fr\/wp-json\/wp\/v2\/product_cat?post=14800"},{"taxonomy":"product_tag","embeddable":true,"href":"https:\/\/reclaimedantiquewoods.com\/fr\/wp-json\/wp\/v2\/product_tag?post=14800"}],"curies":[{"name":"wp","href":"https:\/\/api.w.org\/{rel}","templated":true}]}}